{"id":1381,"date":"2017-06-12T14:14:11","date_gmt":"2017-06-12T20:14:11","guid":{"rendered":"http:\/\/www.sevitra.oaxaca.gob.mx\/?page_id=1381"},"modified":"2017-06-12T14:14:11","modified_gmt":"2017-06-12T20:14:11","slug":"cambio-de-propietario-del-servicio-particular-y-publico-personas-fisicas-2","status":"publish","type":"page","link":"https:\/\/www.oaxaca.gob.mx\/semovi\/cambio-de-propietario-del-servicio-particular-y-publico-personas-fisicas-2\/","title":{"rendered":"Cambio de Propietario del Servicio P\u00fablico &#8211; Personas F\u00edsicas"},"content":{"rendered":"<p>\t\t\t\t<span style=\"color: #ff0000\"><strong>Descripci\u00f3n de Tr\u00e1mite:<\/strong><\/span><\/p>\n<p>&nbsp;<\/p>\n<p><span style=\"color: #ff0000\"><strong>Requisitos para el Tr\u00e1mite:<\/strong><\/span><\/p>\n<div class=\"col-md-12\"><a href=\"https:\/\/www.oaxaca.gob.mx\/semovi\/wp-content\/uploads\/sites\/34\/2017\/06\/CAMBIO_ser-PART-PRIV_PF1.png\"><img loading=\"lazy\" decoding=\"async\" class=\"img-responsive aligncenter\" src=\"https:\/\/www.oaxaca.gob.mx\/semovi\/wp-content\/uploads\/sites\/34\/2017\/06\/CAMBIO_ser-PART-PRIV_PF1.png\" alt=\"altadevehiculo\" width=\"792\" height=\"612\" \/><\/a><\/div>\n<p><strong>\u00a0<\/strong><\/p>\n<p><span style=\"color: #ff0000\"><strong>D\u00edas y horario de atenci\u00f3n<\/strong><\/span><\/p>\n<p>Lunes a Viernes de 9:00hrs. a 17:00hrs.<\/p>\n<p><strong>\u00a0<\/strong><\/p>\n<p><strong>\u00a0<\/strong><span style=\"color: #ff0000\"><strong>\u00bfEn d\u00f3nde llevo acabo mi tr\u00e1mite?<\/strong><\/span><\/p>\n<table width=\"100%\">\n<tbody>\n<tr>\n<td><span style=\"color: #ff0000\">Ubica t\u00fa m\u00f3dulo<\/span><\/td>\n<\/tr>\n<\/tbody>\n<\/table>\n<p>Av. Carlos Gracida No. 9 San Antonio de la Cal, Oaxaca. (OFICINA CENTRAL)<\/p>\n<p>Acude a al M\u00f3dulo m\u00e1s cercano a tu localidad.<\/p>\n<p><strong>\u00a0<\/strong><\/p>\n<p><span style=\"color: #ff0000\"><strong>\u00c1rea donde se proporciona el servicio<\/strong><\/span><\/p>\n<p>Departamento de Emplacamiento, Permisos y Tarjetas de Circulaci\u00f3n<\/p>\n<p>&nbsp;<\/p>\n<p><span style=\"color: #ff0000\"><strong>Nombre del responsable del \u00e1rea\u00a0donde se proporciona el tr\u00e1mite<\/strong><\/span><\/p>\n<p><strong>Ing. Cruz Rivera L\u00f3pez<\/strong><\/p>\n<p>Director de Licencias y Emplacamiento Vehicular<\/p>\n<p>&nbsp;<\/p>\n<p><span style=\"color: #ff0000\"><strong>Nombre y puesto del responsable del tr\u00e1mite<\/strong><\/span><\/p>\n<p><strong>Norma Alicia Moreno<\/strong><\/p>\n<p>Jefe del Depto. de Emplacamiento, Permisos y Tarjetas de Circulaci\u00f3n<\/p>\n<p><strong>\u00a0<\/strong><\/p>\n<p><span style=\"color: #ff0000\"><strong>Duda y sugerencias<\/strong><\/span><\/p>\n<p>Jefe del Departamento de Emplacamiento, Permisos y Tarjetas de Circulaci\u00f3n<\/p>\n<p>Av. Carlos Gracida No. 9 San Antonio de la Cal, Oaxaca.<\/p>\n<p>Tel: 01 (951) 5016691 Ext. 1103 \u2013 Depto. de Informaci\u00f3n, Atenci\u00f3n Ciudadana y Vinculaci\u00f3n, Ext. 1636 \u2013 Depto. de Licencias, Ext. 1637 \u2013 Depto. de Emplacamiento, Permisos y Tarjetas de Circulaci\u00f3n.<\/p>\n<p>Usted podr\u00e1 presentar su Queja o Denuncia en el Departamento de Atenci\u00f3n a Quejas y Denuncias de la Secretar\u00eda de la Contralor\u00eda y Transparencia Gubernamental, ubicado en Ciudad Administrativa, Edificio 3, nivel 3, Carretera Internacional Oaxaca Istmo Km. 11.5, Tlalixtac de Cabrera, Oaxaca, de lunes a viernes de 09:00 hrs. &#8211; 17:00 hrs.<\/p>\n<p>Para recibir orientaci\u00f3n sobre el procedimiento de Quejas y Denuncias puede enviar un correo electr\u00f3nico a quejas.contraloria@oaxaca.gob.mx o marcar a los siguientes tel\u00e9fonos:<br \/>\n01 (951) 501 5000 Ext. 10475, 10474, 10479, 10480, 10491, 11819, 11820, o a los n\u00fameros 01800 71 275 79, 0180071 275 80 y 01800 HONESTO<\/p>\n<p><strong>\u00a0<\/strong><\/p>\n<p>&nbsp;\t\t<\/p>\n","protected":false},"excerpt":{"rendered":"<p>Descripci\u00f3n de Tr\u00e1mite: &nbsp; Requisitos para el Tr\u00e1mite: \u00a0 D\u00edas y horario de atenci\u00f3n Lunes a Viernes de 9:00hrs. a 17:00hrs. \u00a0 \u00a0\u00bfEn d\u00f3nde llevo acabo mi tr\u00e1mite? Ubica t\u00fa m\u00f3dulo Av. Carlos Gracida No. 9 San Antonio de la Cal, Oaxaca. (OFICINA CENTRAL) Acude a al M\u00f3dulo m\u00e1s cercano a tu localidad. \u00a0 \u00c1rea [&hellip;]<\/p>\n","protected":false},"author":1,"featured_media":0,"parent":0,"menu_order":0,"comment_status":"closed","ping_status":"closed","template":"","meta":{"episode_type":"","audio_file":"","podmotor_file_id":"","podmotor_episode_id":"","cover_image":"","cover_image_id":"","duration":"","filesize":"","filesize_raw":"","date_recorded":"","explicit":"","block":"","itunes_episode_number":"","itunes_title":"","itunes_season_number":"","itunes_episode_type":"","footnotes":""},"categories":[],"tags":[],"class_list":["post-1381","page","type-page","status-publish","hentry"],"acf":[],"publishpress_future_action":{"enabled":false,"date":"2026-05-23 22:32:02","action":"change-status","newStatus":"draft","terms":[],"taxonomy":"category","extraData":[]},"publishpress_future_workflow_manual_trigger":{"enabledWorkflows":[]},"_links":{"self":[{"href":"https:\/\/www.oaxaca.gob.mx\/semovi\/wp-json\/wp\/v2\/pages\/1381","targetHints":{"allow":["GET"]}}],"collection":[{"href":"https:\/\/www.oaxaca.gob.mx\/semovi\/wp-json\/wp\/v2\/pages"}],"about":[{"href":"https:\/\/www.oaxaca.gob.mx\/semovi\/wp-json\/wp\/v2\/types\/page"}],"author":[{"embeddable":true,"href":"https:\/\/www.oaxaca.gob.mx\/semovi\/wp-json\/wp\/v2\/users\/1"}],"replies":[{"embeddable":true,"href":"https:\/\/www.oaxaca.gob.mx\/semovi\/wp-json\/wp\/v2\/comments?post=1381"}],"version-history":[{"count":0,"href":"https:\/\/www.oaxaca.gob.mx\/semovi\/wp-json\/wp\/v2\/pages\/1381\/revisions"}],"wp:attachment":[{"href":"https:\/\/www.oaxaca.gob.mx\/semovi\/wp-json\/wp\/v2\/media?parent=1381"}],"wp:term":[{"taxonomy":"category","embeddable":true,"href":"https:\/\/www.oaxaca.gob.mx\/semovi\/wp-json\/wp\/v2\/categories?post=1381"},{"taxonomy":"post_tag","embeddable":true,"href":"https:\/\/www.oaxaca.gob.mx\/semovi\/wp-json\/wp\/v2\/tags?post=1381"}],"curies":[{"name":"wp","href":"https:\/\/api.w.org\/{rel}","templated":true}]}}