{"id":13224,"date":"2024-08-14T12:42:39","date_gmt":"2024-08-14T18:42:39","guid":{"rendered":"https:\/\/www.oaxaca.gob.mx\/semovi\/?page_id=13224"},"modified":"2024-09-04T11:55:09","modified_gmt":"2024-09-04T17:55:09","slug":"portal-de-tramites","status":"publish","type":"page","link":"https:\/\/www.oaxaca.gob.mx\/semovi\/portal-de-tramites\/","title":{"rendered":"Portal de Tramites"},"content":{"rendered":"<div id=\"portal\">\r\n<div id=\"buscadorContainer\" class=\"searchContainer\">\r\n\r\n    <div class=\"imagewrapper image1\"><\/div>\r\n    <div class=\"imagewrapper image2\"><\/div>\r\n    <div class=\"imagewrapper image3\"><\/div>\r\n    <div class=\"imagewrapper image4\"><\/div>\r\n\r\n    <div class=\"degradado\">\r\n      <!--<div class=\"custom-shape-divider-top\">\r\n            <svg data-name=\"Layer 1\" xmlns=\"http:\/\/www.w3.org\/2000\/svg\"\r\n                viewBox=\"0 0 1200 120\" preserveAspectRatio=\"none\">\r\n                <path\r\n                    d=\"M321.39,56.44c58-10.79,114.16-30.13,172-41.86,82.39-16.72,168.19-17.73,250.45-.39C823.78,31,906.67,72,985.66,92.83c70.05,18.48,146.53,26.09,214.34,3V0H0V27.35A600.21,600.21,0,0,0,321.39,56.44Z\"\r\n                    class=\"shape-fill\"><\/path>\r\n            <\/svg><\/div> -->\r\n\r\n      <div class=\"container\">\r\n        <div class=\"row align-items-end\">\r\n          <div class=\"col\">\r\n            <!-- <p class=\"subtitulo mt-3\">Cat\u00e1logo Estatal de Regulaciones, Tr\u00e1mites y Servicios<\/p> -->\r\n            <h1 class=\"tituloTramites mt-0\">\r\n              Portal de Tr\u00e1mites y Servicios\r\n            <\/h1>\r\n            <!-- <p class=\"subTramites\">del estado de Aguascalientes<\/p> -->\r\n          <\/div>\r\n        <\/div>\r\n        <div class=\"row mt-2\">\r\n          <div class=\"col\">\r\n            <div class=\"t-navContainer\">\r\n              <a class=\"active\" href=\"#\">Categor\u00edas<\/a>\r\n              <!-- <a href=\"#\">En l\u00ednea<\/a> -->\r\n              <a href=\"#\">Presencial<\/a>\r\n              <!-- <a href=\"#\">Municipios De Aguascalientes<\/a>\r\n                            <a href=\"#\">Tr\u00e1mites con Expediente Digital<\/a> -->\r\n            <\/div>\r\n          <\/div>\r\n        <\/div>\r\n        <!-- <div class=\"row\">\r\n          <div class=\"col\">\r\n\r\n            <div id=\"tgea\">\r\n              <div class=\"buscadorInt\">\r\n                <p class=\"titulo\">Buscar Tr\u00e1mites<\/p>\r\n                <input id=\"txtgeatramite\" class=\"inputBlanco wIcono\" type=\"text\"\r\n                  style=\"width: 90%; margin-right: 5px; padding-left: 20px\" placeholder=\"Buscar...\" value=\"\"\r\n                  onkeypress=\"if(event.key === 'Enter') searchTramites()\" \/>\r\n              oninput=\"searchTramites()\"-->\r\n\r\n        <!-- <span class=\"icono\" style=\"left: auto; padding: 2px\" onclick=\"searchTramites()\">\r\n                  <svg viewBox=\"0 0 12 13\" fill=\"none\" xmlns=\"http:\/\/www.w3.org\/2000\/svg\">\r\n                    <path\r\n                      d=\"M11.8368 10.9317L9.49991 8.61166C9.39444 8.50694 9.25146 8.44876 9.10145 8.44876H8.71939C9.36631 7.62732 9.75071 6.59411 9.75071 5.47014C9.75071 2.79636 7.56852 0.629883 4.87536 0.629883C2.18219 0.629883 0 2.79636 0 5.47014C0 8.14392 2.18219 10.3104 4.87536 10.3104C6.00747 10.3104 7.04817 9.92877 7.87558 9.2865V9.66581C7.87558 9.81474 7.93417 9.95669 8.03965 10.0614L10.3765 12.3815C10.5969 12.6002 10.9531 12.6002 11.1711 12.3815L11.8345 11.7229C12.0548 11.5042 12.0548 11.1505 11.8368 10.9317ZM4.87536 8.44876C3.2182 8.44876 1.87514 7.11769 1.87514 5.47014C1.87514 3.82492 3.21586 2.49152 4.87536 2.49152C6.53251 2.49152 7.87558 3.82259 7.87558 5.47014C7.87558 7.11537 6.53485 8.44876 4.87536 8.44876Z\"\r\n                      fill=\"white\"><\/path>\r\n                  <\/svg>\r\n                <\/span>\r\n              <\/div>\r\n            <\/div>\r\n          <\/div>\r\n        <\/div> -->\r\n        <div class=\"row\">\r\n          <div class=\"col\">\r\n            <p id=\"buscadorInt\" class=\"titulo\">Buscar Tr\u00e1mites<\/p>\r\n            <div class=\"input-group mb-3\">\r\n\r\n              <input id=\"autoComplete\" type=\"search\" dir=\"ltr\" spellcheck=false autocorrect=\"off\" autocomplete=\"off\"\r\n                autocapitalize=\"off\">\r\n              <button type=\"submit\" id=\"button-addon2\" class=\"btn btn-primary\">\r\n                <svg xmlns=\"http:\/\/www.w3.org\/2000\/svg\" width=\"16\" height=\"16\" viewBox=\"0 0 16 16\">\r\n                  <path fill=\"white\"\r\n                    d=\"M10.68 11.74a6 6 0 0 1-7.922-8.982a6 6 0 0 1 8.982 7.922l3.04 3.04a.749.749 0 0 1-.326 1.275a.749.749 0 0 1-.734-.215ZM11.5 7a4.499 4.499 0 1 0-8.997 0A4.499 4.499 0 0 0 11.5 7\">\r\n                  <\/path>\r\n                <\/svg>\r\n              <\/button>\r\n            <\/div>\r\n\r\n          <\/div>\r\n        <\/div>\r\n        <div class=\"row\">\r\n          <div class=\"col\">\r\n            <p id=\"totalTramites\" class=\"subtitulo c_blanco numeroTra\">\r\n\r\n            <\/p>\r\n          <\/div>\r\n        <\/div>\r\n\r\n      <\/div>\r\n      <div class=\"custom-shape-divider-bottom-1668294228\">\r\n        <svg data-name=\"Layer 1\" xmlns=\"http:\/\/www.w3.org\/2000\/svg\" viewBox=\"0 0 1200 120\" preserveAspectRatio=\"none\">\r\n          <path\r\n            d=\"M321.39,56.44c58-10.79,114.16-30.13,172-41.86,82.39-16.72,168.19-17.73,250.45-.39C823.78,31,906.67,72,985.66,92.83c70.05,18.48,146.53,26.09,214.34,3V0H0V27.35A600.21,600.21,0,0,0,321.39,56.44Z\"\r\n            class=\"shape-fill\"><\/path>\r\n        <\/svg>\r\n      <\/div>\r\n    <\/div>\r\n  <\/div>\r\n\r\n  <section class=\"container\">\r\n    <div class=\"row\">\r\n      <h1 class=\"titulo\">Categor\u00edas<\/h1>\r\n    <\/div>\r\n    <div class=\"row gy-3\">\r\n      <div class=\"col-lg-2 col-md-3 col-sm-4 col-6\">\r\n        <a onclick=\"filterTramites('Todos',this)\" class=\"t-catCard p-3 h-100 active\" id=\"container-todos\">\r\n          <div class=\"imgIcon\">\r\n            <img decoding=\"async\" src=\"https:\/\/www.oaxaca.gob.mx\/semovi\/wp-content\/uploads\/sites\/34\/2024\/08\/tasks-all-svgrepo-com.svg\" alt=\"\" \/>\r\n          <\/div>\r\n          Todos\r\n        <\/a>\r\n      <\/div>\r\n      <div class=\"col-lg-2 col-md-3 col-sm-4 col-6\">\r\n        <a onclick=\"filterTramites('Direcci\u00f3n de Sistemas de Movilidad y Seguridad Vial',this)\"\r\n          class=\"t-catCard p-3 h-100\" id=\"dirsismovilidad\">\r\n          <div class=\"imgIcon\">\r\n            <img decoding=\"async\" src=\"https:\/\/www.oaxaca.gob.mx\/semovi\/wp-content\/uploads\/sites\/34\/2024\/08\/teacher-lecture-in-front-an-auditory-svgrepo-com.svg\" alt=\"\" \/>\r\n          <\/div>\r\n          Direcci\u00f3n de Sistemas de Movilidad y Seguridad Vial\r\n        <\/a>\r\n      <\/div>\r\n      <div class=\"col-lg-2 col-md-3 col-sm-4 col-6\">\r\n        <a onclick=\"filterTramites('Direcci\u00f3n de Concesiones',this)\" class=\"t-catCard p-3 h-100\">\r\n          <div class=\"imgIcon\">\r\n            <img decoding=\"async\" src=\"https:\/\/www.oaxaca.gob.mx\/semovi\/wp-content\/uploads\/sites\/34\/2024\/08\/bus-stop-ride-transit-transport-svgrepo-com.svg\" alt=\"\" \/>\r\n          <\/div>\r\n          Direcci\u00f3n de Concesiones\r\n        <\/a>\r\n      <\/div>\r\n      <div class=\"col-lg-2 col-md-3 col-sm-4 col-6\">\r\n        <a onclick=\"filterTramites('Direcci\u00f3n de Operaci\u00f3n del Transporte P\u00fablico',this)\" class=\"t-catCard p-3 h-100\">\r\n          <div class=\"imgIcon\">\r\n            <img decoding=\"async\" src=\"https:\/\/www.oaxaca.gob.mx\/semovi\/wp-content\/uploads\/sites\/34\/2024\/08\/public-transport-bus-svgrepo-com.svg\" alt=\"\" \/>\r\n          <\/div>\r\n          Direcci\u00f3n de Operaci\u00f3n del Transporte P\u00fablico\r\n        <\/a>\r\n      <\/div>\r\n      <div class=\"col-lg-2 col-md-3 col-sm-4 col-6\">\r\n        <a onclick=\"filterTramites('Direcci\u00f3n de Licencias y Emplacamiento Vehicular',this)\"\r\n          class=\"t-catCard p-3 h-100\">\r\n          <div class=\"imgIcon\">\r\n            <img decoding=\"async\" src=\"https:\/\/www.oaxaca.gob.mx\/semovi\/wp-content\/uploads\/sites\/34\/2024\/08\/driver-license-car-svgrepo-com.svg\" alt=\"\" \/>\r\n          <\/div>\r\n          Direcci\u00f3n de Licencias y Emplacamiento Vehicular\r\n        <\/a>\r\n      <\/div>\r\n      <div class=\"col-lg-2 col-md-3 col-sm-4 col-6\">\r\n        <a onclick=\"filterTramites('Direcci\u00f3n Jur\u00eddica',this)\" class=\"t-catCard p-3 h-100\">\r\n          <div class=\"imgIcon\">\r\n            <img decoding=\"async\" src=\"https:\/\/www.oaxaca.gob.mx\/semovi\/wp-content\/uploads\/sites\/34\/2024\/08\/law-building-solid-svgrepo-com.svg\" alt=\"\" \/>\r\n          <\/div>\r\n          Direcci\u00f3n Jur\u00eddica\r\n        <\/a>\r\n      <\/div>\r\n      <div class=\"col-lg-2 col-md-3 col-sm-4 col-6 mx-auto\">\r\n        <a onclick=\"filterTramites('Direcci\u00f3n de Planeaci\u00f3n y Pol\u00edticas',this)\" class=\"t-catCard p-3 h-100\">\r\n          <div class=\"imgIcon\">\r\n            <img decoding=\"async\" src=\"https:\/\/www.oaxaca.gob.mx\/semovi\/wp-content\/uploads\/sites\/34\/2024\/08\/planning-svgrepo-com.svg\" alt=\"\" \/>\r\n          <\/div>\r\n          Direcci\u00f3n de Planeaci\u00f3n y Pol\u00edticas\r\n        <\/a>\r\n      <\/div>\r\n    <\/div>\r\n  <\/section>\r\n  <div class=\"container mt-5\">\r\n    <h1 class=\"titulo\">Tr\u00e1mites <\/h1>\r\n\t<div class=\"input-group mb-3\" style=\"height: 50px; position: relative;\">\r\n      <span class=\"input-group-text\" id=\"basic-addon2\">B\u00fasqueda<\/span>\r\n      <input type=\"text\" class=\"form-control\" style=\"height: 100%; \" placeholder=\"Buscar tramite...\"\r\n        id=\"searchInput\" aria-label=\"Username\" aria-describedby=\"basic-addon1\">\r\n      <button type=\"button\" id=\"clearButton\" style=\"display: none;\" class=\"clear-btn\">\u2715<\/button>\r\n      \r\n    <\/div>\r\n \r\n    <section id=\"tramites-container-section\" class=\"container\">\r\n      <div class=\"row\" id=\"tramites-container\">\r\n    <\/section>\r\n    <!-- Tr\u00e1mites ser\u00e1n insertados aqu\u00ed -->\r\n  <\/div>\r\n  <div class=\"row mt-3\">\r\n    <div class=\"col text-center\">\r\n      <nav aria-label=\"Page navigation\">\r\n        <ul class=\"pagination justify-content-center\" id=\"pagination\">\r\n          <!-- Paginaci\u00f3n ser\u00e1 insertada aqu\u00ed -->\r\n          <!-- Contenedor de Tr\u00e1mites -->\r\n\r\n\r\n\r\n        <\/ul>\r\n      <\/nav>\r\n    <\/div>\r\n  <\/div>\r\n<\/div>\t  \n\n<link rel='stylesheet' id='13229-css'  href='https:\/\/www.oaxaca.gob.mx\/semovi\/wp-content\/uploads\/sites\/34\/winp-css-js\/13229.css?ver=1725477527' type='text\/css' media='all' \/>\n\n<script type='text\/javascript'>\nvar id = \"13250\";<\/script>\n<script type='text\/javascript' src='https:\/\/www.oaxaca.gob.mx\/semovi\/wp-content\/uploads\/sites\/34\/winp-css-js\/13250.js?ver=1732729067'><\/script>\n\n","protected":false},"excerpt":{"rendered":"","protected":false},"author":42,"featured_media":0,"parent":0,"menu_order":0,"comment_status":"closed","ping_status":"closed","template":"","meta":{"episode_type":"","audio_file":"","podmotor_file_id":"","podmotor_episode_id":"","cover_image":"","cover_image_id":"","duration":"","filesize":"","filesize_raw":"","date_recorded":"","explicit":"","block":"","itunes_episode_number":"","itunes_title":"","itunes_season_number":"","itunes_episode_type":"","footnotes":""},"categories":[],"tags":[],"class_list":["post-13224","page","type-page","status-publish","hentry"],"acf":[],"publishpress_future_action":{"enabled":false,"date":"2026-05-20 10:06:06","action":"change-status","newStatus":"draft","terms":[],"taxonomy":"category","extraData":[]},"publishpress_future_workflow_manual_trigger":{"enabledWorkflows":[]},"_links":{"self":[{"href":"https:\/\/www.oaxaca.gob.mx\/semovi\/wp-json\/wp\/v2\/pages\/13224","targetHints":{"allow":["GET"]}}],"collection":[{"href":"https:\/\/www.oaxaca.gob.mx\/semovi\/wp-json\/wp\/v2\/pages"}],"about":[{"href":"https:\/\/www.oaxaca.gob.mx\/semovi\/wp-json\/wp\/v2\/types\/page"}],"author":[{"embeddable":true,"href":"https:\/\/www.oaxaca.gob.mx\/semovi\/wp-json\/wp\/v2\/users\/42"}],"replies":[{"embeddable":true,"href":"https:\/\/www.oaxaca.gob.mx\/semovi\/wp-json\/wp\/v2\/comments?post=13224"}],"version-history":[{"count":2,"href":"https:\/\/www.oaxaca.gob.mx\/semovi\/wp-json\/wp\/v2\/pages\/13224\/revisions"}],"predecessor-version":[{"id":13413,"href":"https:\/\/www.oaxaca.gob.mx\/semovi\/wp-json\/wp\/v2\/pages\/13224\/revisions\/13413"}],"wp:attachment":[{"href":"https:\/\/www.oaxaca.gob.mx\/semovi\/wp-json\/wp\/v2\/media?parent=13224"}],"wp:term":[{"taxonomy":"category","embeddable":true,"href":"https:\/\/www.oaxaca.gob.mx\/semovi\/wp-json\/wp\/v2\/categories?post=13224"},{"taxonomy":"post_tag","embeddable":true,"href":"https:\/\/www.oaxaca.gob.mx\/semovi\/wp-json\/wp\/v2\/tags?post=13224"}],"curies":[{"name":"wp","href":"https:\/\/api.w.org\/{rel}","templated":true}]}}