{"id":11410,"date":"2024-02-19T10:59:25","date_gmt":"2024-02-19T16:59:25","guid":{"rendered":"https:\/\/www.oaxaca.gob.mx\/semovi\/?page_id=11410"},"modified":"2024-10-07T17:17:48","modified_gmt":"2024-10-07T23:17:48","slug":"11410-2","status":"publish","type":"page","link":"https:\/\/www.oaxaca.gob.mx\/semovi\/datasets\/","title":{"rendered":"Datos Abiertos"},"content":{"rendered":"<script type='text\/javascript'>\nvar id = \"12777\";<\/script>\n<script type='text\/javascript' src='https:\/\/www.oaxaca.gob.mx\/semovi\/wp-content\/uploads\/sites\/34\/winp-css-js\/12777.js?ver=1717621346'><\/script>\n\n\n<link rel='stylesheet' id='12794-css'  href='https:\/\/www.oaxaca.gob.mx\/semovi\/wp-content\/uploads\/sites\/34\/winp-css-js\/12794.css?ver=1717621189' type='text\/css' media='all' \/>\n\n\n<link rel='stylesheet' id='11557-css'  href='https:\/\/www.oaxaca.gob.mx\/semovi\/wp-content\/uploads\/sites\/34\/winp-css-js\/11557.css?ver=1720037056' type='text\/css' media='all' \/>\n\n\r\n<div class=\"container\">\r\n        <div class=\"row\">\r\n            <div class=\"col-md-3\">\r\n                <!--<h1 class=\"display-4\">Datasets<\/h1>-->\r\n                <div class=\"module context-info\">\r\n                    <section class=\"module-content\">\r\n                        <div class=\"image-container d-flex\">\r\n                            <a href=\"\">\r\n                                <img loading=\"lazy\" decoding=\"async\" class=\"img-fluid\"\r\n                                    src=\"https:\/\/www.oaxaca.gob.mx\/semovi\/wp-content\/uploads\/sites\/34\/2024\/03\/PARADA.png\"\r\n                                    width=\"285\" height=\"177\" alt=\"movilidad\">\r\n                            <\/a>\r\n                        <\/div>\r\n\t\t\t\t\t\t<h1 class=\"text-base font-weight-bold\">\r\n              Secretar\u00eda de Movilidad (SEMOVI)\r\n            <\/h1>\r\n\r\n            <p class=\"description text-sm\" style=\"text-align: justify;\">\r\n              En el marco del D\u00eda de Datos abiertos 2024 la Secretar\u00eda de Movilidad lanz\u00f3 su secci\u00f3n de Datos Abiertos con la finalidad de que  la ciudadan\u00eda y plataformas de movilidad puedan consultar informaci\u00f3n actualizada sobre Infraestructura ciclistas, Rutas de transporte de Oaxaca, Salina Cruz, la  estrategia Oaxaca Camina, M\u00f3dulos de atenci\u00f3n ciudadana y el GTFS\u00a0actualizado.\r\n            <\/p>\r\n                    <\/section>\r\n                <\/div>\r\n\t\t\t\t<div id=\"sidebar\">\r\n\t\t\t\t\t<h4>Buz\u00f3n de Sugerencias <\/h4>\r\n\t\t\t\t\t<ul >\r\n\t\t\t\t\t\t\r\n\t\t\t\t\t\t<li>\r\n\t\t\t\t\t\t\t<\/br>\t\r\n\t\t\t\t\t\t\t\n<div class=\"wpcf7 no-js\" id=\"wpcf7-f12748-o1\" lang=\"es-ES\" dir=\"ltr\" data-wpcf7-id=\"12748\">\n<div class=\"screen-reader-response\"><p role=\"status\" aria-live=\"polite\" aria-atomic=\"true\"><\/p> <ul><\/ul><\/div>\n<form action=\"\/semovi\/wp-json\/wp\/v2\/pages\/11410#wpcf7-f12748-o1\" method=\"post\" class=\"wpcf7-form init\" aria-label=\"Formulario de contacto\" novalidate=\"novalidate\" data-status=\"init\">\n<fieldset class=\"hidden-fields-container\"><input type=\"hidden\" name=\"_wpcf7\" value=\"12748\" \/><input type=\"hidden\" name=\"_wpcf7_version\" value=\"6.1.5\" \/><input type=\"hidden\" name=\"_wpcf7_locale\" value=\"es_ES\" \/><input type=\"hidden\" name=\"_wpcf7_unit_tag\" value=\"wpcf7-f12748-o1\" \/><input type=\"hidden\" name=\"_wpcf7_container_post\" value=\"0\" \/><input type=\"hidden\" name=\"_wpcf7_posted_data_hash\" value=\"\" \/><input type=\"hidden\" name=\"_wpcf7cf_hidden_group_fields\" value=\"[]\" \/><input type=\"hidden\" name=\"_wpcf7cf_hidden_groups\" value=\"[]\" \/><input type=\"hidden\" name=\"_wpcf7cf_visible_groups\" value=\"[]\" \/><input type=\"hidden\" name=\"_wpcf7cf_repeaters\" value=\"[]\" \/><input type=\"hidden\" name=\"_wpcf7cf_steps\" value=\"{}\" \/><input type=\"hidden\" name=\"_wpcf7cf_options\" value=\"{&quot;form_id&quot;:12748,&quot;conditions&quot;:[],&quot;settings&quot;:{&quot;animation&quot;:&quot;yes&quot;,&quot;animation_intime&quot;:200,&quot;animation_outtime&quot;:200,&quot;conditions_ui&quot;:&quot;normal&quot;,&quot;notice_dismissed&quot;:false,&quot;notice_dismissed_update-cf7-5.6.3&quot;:true,&quot;notice_dismissed_update-cf7-5.6.4&quot;:true,&quot;notice_dismissed_rollback-cf7-5.8.3&quot;:true,&quot;notice_dismissed_rollback-cf7-5.8.6&quot;:true}}\" \/>\n<\/fieldset>\n<div class=\"col-lg-12\">\n\t<div class=\"col-md-12\">\n\t\t<div class=\"form-group\">\n\t\t\t<p><label class=\"control-label requiredField\" for=\"fldemail\"><br \/>\nCorreo electr\u00f3nico: (Obligatorio)*<br \/>\n<\/label><br \/>\n<span class=\"wpcf7-form-control-wrap\" data-name=\"email-contacto\"><input size=\"40\" maxlength=\"400\" class=\"wpcf7-form-control wpcf7-email wpcf7-validates-as-required wpcf7-text wpcf7-validates-as-email form-control\" aria-required=\"true\" aria-invalid=\"false\" value=\"\" type=\"email\" name=\"email-contacto\" \/><\/span>\n\t\t\t<\/p>\n\t\t<\/div>\n\t<\/div>\n\t<div class=\"col-md-12\">\n\t\t<div class=\"form-group\">\n\t\t\t<p><label class=\"control-label requiredField\" for=\"fldhechos\"><br \/>\n<\/label>\n\t\t\t<\/p>\n\t\t\t<p>Descripci\u00f3n de la sugerencia.\n\t\t\t<\/p>\n\t\t\t<p><span class=\"wpcf7-form-control-wrap\" data-name=\"narracion\"><textarea cols=\"40\" rows=\"10\" maxlength=\"2000\" class=\"wpcf7-form-control wpcf7-textarea wpcf7-validates-as-required form-control\" aria-required=\"true\" aria-invalid=\"false\" name=\"narracion\"><\/textarea><\/span>\n\t\t\t<\/p>\n\t\t<\/div>\n\t<\/div>\n<\/div>\n<div class=\"col-md-12 mt-3\">\n\t<div class=\"form-group\">\n\t\t<p style=\"text-align: center !important\">AVISO DE PRIVACIDAD\n\t\t<\/p>\n\t\t<p style=\"margin-top: -10px !important;text-align: justify !important;font-size: 10px\"><br \/>\nSe le hace saber que el trato que se le dar\u00e1 a la informaci\u00f3n que se le solicita, tendr\u00e1 el car\u00e1cter de confidencial y reservada, por lo tanto, deber\u00e1 ser tratada con las reservas que ameritan, de conformidad con lo dispuesto en los art\u00edculos 1, 7 fracci\u00f3n I, 10 fracci\u00f3n III, 54 fracciones XI, XII, XIII, XIV, 61 y 62 fracciones I y IV y 63 de la Ley de Transparencia, Acceso a la Informaci\u00f3n P\u00fablica y Buen Gobierno del Estado de Oaxaca publicada el d\u00eda cuatro de septiembre de dos mil veintiuno en el Peri\u00f3dico Oficial del Estado de Oaxaca y en los art\u00edculos 1, 2 fracci\u00f3n I y 3 fracci\u00f3n II de la Ley de Protecci\u00f3n de Datos Personales en Posesi\u00f3n de Sujetos Obligados del Estado de Oaxaca.\n\t\t<\/p>\n\t<\/div>\n<\/div>\n<h2 style=\"font-size: 14px;margin-top: 20px\">\n<\/h2>\n<div class=\"row\">\n\t<div class=\"col-md-12\">\n\t\t<div class=\"form-group\">\n\t\t\t<div>\n\t\t\t\t<p><input class=\"wpcf7-form-control wpcf7-submit has-spinner form-control\" type=\"submit\" value=\"Enviar\" \/>\n\t\t\t\t<\/p>\n\t\t\t<\/div>\n\t\t<\/div>\n\t<\/div>\n<\/div><div class=\"wpcf7-response-output\" aria-hidden=\"true\"><\/div>\n<\/form>\n<\/div>\n\r\n\t\t\t\t\t\t\t\t<\/b>\r\n\t\t\t\t\t\t\t\r\n\t\t\t\t\t\t<\/li>\r\n\t\t\t\t\t<\/ul>\r\n\t\t\t\t<\/div>\r\n\t\t\t\t\r\n            <\/div>\r\n            <div class=\"col-md-9\">\r\n                <div class=\"jumbotron jumbotron-fluid\">\r\n                    <div class=\"container\">\r\n                        <div class=\"input-group mb-3\">\r\n                            <span class=\"input-group-text\" id=\"basic-addon2\">B\u00fasqueda<\/span>\r\n                            <input type=\"text\" class=\"form-control\" placeholder=\"Buscar conjuntos de datos...\"\r\n                                id=\"searchInput\">\r\n                        <\/div>\r\n                        <div class=\"bd-example m-0 border-0\" id=\"cardsContainer\">\r\n                            <!-- Aqu\u00ed se insertar\u00e1n las tarjetas din\u00e1micamente -->\r\n                        <\/div>\r\n                        <nav aria-label=\"Page navigation example\">\r\n                            <ul class=\"pagination justify-content-center\" id=\"pagination\">\r\n                                <!-- Aqu\u00ed se insertar\u00e1 la paginaci\u00f3n -->\r\n                            <\/ul>\r\n                        <\/nav>\r\n                    <\/div>\r\n                <\/div>\r\n            <\/div>\r\n        <\/div>\r\n\t\t<\/div>\r\n\n<script type='text\/javascript'>\nvar id = \"11413\";<\/script>\n<script type='text\/javascript' src='https:\/\/www.oaxaca.gob.mx\/semovi\/wp-content\/uploads\/sites\/34\/winp-css-js\/11413.js?ver=1732734975'><\/script>\n\n","protected":false},"excerpt":{"rendered":"","protected":false},"author":42,"featured_media":0,"parent":0,"menu_order":0,"comment_status":"closed","ping_status":"closed","template":"","meta":{"episode_type":"","audio_file":"","podmotor_file_id":"","podmotor_episode_id":"","cover_image":"","cover_image_id":"","duration":"","filesize":"","filesize_raw":"","date_recorded":"","explicit":"","block":"","itunes_episode_number":"","itunes_title":"","itunes_season_number":"","itunes_episode_type":"","footnotes":""},"categories":[],"tags":[],"class_list":["post-11410","page","type-page","status-publish","hentry"],"acf":[],"publishpress_future_action":{"enabled":false,"date":"2026-04-15 17:42:14","action":"change-status","newStatus":"draft","terms":[],"taxonomy":"category","extraData":[]},"publishpress_future_workflow_manual_trigger":{"enabledWorkflows":[]},"_links":{"self":[{"href":"https:\/\/www.oaxaca.gob.mx\/semovi\/wp-json\/wp\/v2\/pages\/11410","targetHints":{"allow":["GET"]}}],"collection":[{"href":"https:\/\/www.oaxaca.gob.mx\/semovi\/wp-json\/wp\/v2\/pages"}],"about":[{"href":"https:\/\/www.oaxaca.gob.mx\/semovi\/wp-json\/wp\/v2\/types\/page"}],"author":[{"embeddable":true,"href":"https:\/\/www.oaxaca.gob.mx\/semovi\/wp-json\/wp\/v2\/users\/42"}],"replies":[{"embeddable":true,"href":"https:\/\/www.oaxaca.gob.mx\/semovi\/wp-json\/wp\/v2\/comments?post=11410"}],"version-history":[{"count":2,"href":"https:\/\/www.oaxaca.gob.mx\/semovi\/wp-json\/wp\/v2\/pages\/11410\/revisions"}],"predecessor-version":[{"id":13485,"href":"https:\/\/www.oaxaca.gob.mx\/semovi\/wp-json\/wp\/v2\/pages\/11410\/revisions\/13485"}],"wp:attachment":[{"href":"https:\/\/www.oaxaca.gob.mx\/semovi\/wp-json\/wp\/v2\/media?parent=11410"}],"wp:term":[{"taxonomy":"category","embeddable":true,"href":"https:\/\/www.oaxaca.gob.mx\/semovi\/wp-json\/wp\/v2\/categories?post=11410"},{"taxonomy":"post_tag","embeddable":true,"href":"https:\/\/www.oaxaca.gob.mx\/semovi\/wp-json\/wp\/v2\/tags?post=11410"}],"curies":[{"name":"wp","href":"https:\/\/api.w.org\/{rel}","templated":true}]}}