{"id":1026,"date":"2017-05-12T11:23:41","date_gmt":"2017-05-12T17:23:41","guid":{"rendered":"http:\/\/www.sevitra.oaxaca.gob.mx\/?page_id=1026"},"modified":"2017-05-12T11:23:41","modified_gmt":"2017-05-12T17:23:41","slug":"facultades","status":"publish","type":"page","link":"https:\/\/www.oaxaca.gob.mx\/semovi\/facultades\/","title":{"rendered":"Facultades"},"content":{"rendered":"<nav>\n<div class=\"nav nav-tabs\" id=\"nav-tab\" role=\"tablist\">\n    <a class=\"nav-item nav-link active\" id=\"nav-one-tab\" href=\"#nav-one\" data-toggle=\"tab\" role=\"tab\">DIRECCI\u00d3N JUR\u00cdDICA<\/a><br \/>\n    <a class=\"nav-item nav-link\" id=\"nav-two-tab\" href=\"#nav-two\" data-toggle=\"tab\" role=\"tab\">DEPARTAMENTOS<\/a>\n  <\/div>\n<\/nav>\n<div class=\"tab-content\" id=\"nav-tabContent\">\n<div class=\"tab-pane fade show active\" id=\"nav-one\" role=\"tabpanel\">\n<div class=\"card\" style=\"border-top-style: hidden\">\n<div class=\"card-body\">\n<div class=\"btn-toolbar\" role=\"toolbar\">\n<div class=\"btn-group btn-group-sm mr-2\" role=\"group\">\n            <a href=\"\/semovi\/direccion-juridica\" class=\"btn btn-info\">Descripci\u00f3n<\/a>\n          <\/div>\n<div class=\"btn-group btn-group-sm mr-2\" role=\"group\">\n            <a href=\"\/semovi\/mision\" class=\"btn btn-info\">Misi\u00f3n y Visi\u00f3n<\/a>\n          <\/div>\n<div class=\"btn-group btn-group-sm mr-2\" role=\"group\">\n            <a href=\"\/semovi\/organigrama-2-2\" class=\"btn btn-info\">Organigrama<\/a>\n          <\/div>\n<div class=\"btn-group btn-group-sm mr-2\" role=\"group\">\n            <a href=\"\/semovi\/facultades\" class=\"btn btn-info active\">Facultades<\/a>\n          <\/div>\n<div class=\"btn-group btn-group-sm mr-2\" role=\"group\">\n            <a href=\"\/semovi\/procedimientos-operativos\" class=\"btn btn-info\">Procesos Operativos<\/a>\n          <\/div>\n<div class=\"btn-group btn-group-sm mr-2\" role=\"group\">\n            <a href=\"\/semovi\/ordenamientos-juridicos\" class=\"btn btn-info\">Ordenamientos Jur\u00eddicos<\/a>\n          <\/div>\n<\/p><\/div>\n<div class=\"btn-toolbar\" role=\"toolbar\" style=\"margin-top: 10px\">\n<div class=\"btn-group btn-group-sm mr-2\" role=\"group\">\n            <a href=\"\/semovi\/asuntos-atendidos-2017\" class=\"btn btn-info\">Asuntos Atendidos 2017<\/a>\n          <\/div>\n<div class=\"btn-group btn-group-sm mr-2\" role=\"group\">\n            <a href=\"\/semovi\/objetivos-2018\" class=\"btn btn-info\">Objetivos 2018<\/a>\n          <\/div>\n<div class=\"btn-group btn-group-sm mr-2\" role=\"group\">\n            <a href=\"\/semovi\/metas-2\" class=\"btn btn-info\">Metas<\/a>\n          <\/div>\n<\/p><\/div>\n<\/p><\/div>\n<\/p><\/div>\n<\/p><\/div>\n<div class=\"tab-pane fade\" id=\"nav-two\" role=\"tabpanel\">\n<div class=\"card\" style=\"border-top-style: hidden\">\n<div class=\"card-body\">\n<div class=\"btn-toolbar\" role=\"toolbar\">\n<div class=\"btn-group btn-group-sm mr-2\" role=\"group\">\n            <a href=\"\/semovi\/depto-asuntos-juridicos-y-derechos-humanos\" class=\"btn btn-info\">Depto. Asuntos Jur\u00eddicos y Derechos Humanos<\/a>\n          <\/div>\n<div class=\"btn-group btn-group-sm mr-2\" role=\"group\">\n            <a href=\"\/semovi\/depto-contencioso-administrativo-y-de-amparos\" class=\"btn btn-info\">Depto. Contencioso Administrativo y de Amparos<\/a>\n          <\/div>\n<div class=\"btn-group btn-group-sm mr-2\" role=\"group\">\n            <a href=\"\/semovi\/mision-3\" class=\"btn btn-info\">Unidad de Transparencia<\/a>\n          <\/div>\n<\/p><\/div>\n<\/p><\/div>\n<\/p><\/div>\n<\/p><\/div>\n<\/div>\n<div style=\"margin-top: 20px\">\n<h5 class=\"entry-title\"><\/h5>\n<ul class=\"listas-geo\">\n<li>Analizar, formular y proponer al Secretario los Proyectos de iniciativas de ley, decretos, acuerdos, reglamentos y dem\u00e1s instrumentos en materia de Vialidad y Transporte.<\/li>\n<li>Emitir opiniones respecto de la interpretaci\u00f3n o aplicaci\u00f3n de este Reglamento, as\u00ed como, los casos no previstos en el mismo.<\/li>\n<li>Compilar y difundir las disposiciones legales y lineamientos que norman las facultades de la Secretar\u00eda.<\/li>\n<li>Asesorar a las \u00c1reas Administrativas en todas las acciones inherentes a su \u00e1mbito de responsabilidad y que tengan vinculaci\u00f3n directa a los Actos Administrativos de la Secretar\u00eda, cuando se le solicite<\/li>\n<li>Representa legalmente a la Secretar\u00eda, a su Titular y a los titulares de las \u00c1reas Administrativas que la integran, ante cualquier Autoridad Civil, Administrativa, del trabajo o jurisdiccional federal, local y municipal en donde tenga inter\u00e9s e injerencia a la Secretar\u00eda y las \u00c1reas Administrativas que la integran.<\/li>\n<li>Formular a nombre de la Secretar\u00eda las denuncias, querellas y quejas ante el Ministerio P\u00fablico y Secretar\u00eda de la Contralor\u00eda y Transparencia Gubernamental, respectivamente, que legalmente procedan, as\u00ed como desistirse y otorgar el perd\u00f3n en aquellos delitos que se persigan a petici\u00f3n de parte.<\/li>\n<li>Integrar los expedientes e instruir los procedimientos legales que tengan por objeto revocar, cancelar, suspender, modificar, o dar por terminadas las concesiones para la explotaci\u00f3n del servicio p\u00fablico de transporte en el Estado de conformidad con las leyes aplicables.<\/li>\n<li>Realizar los actos inherentes para la celebraci\u00f3n los acuerdos, convenios y contratos en los que la Secretar\u00eda sea parte.<\/li>\n<li>Expedir certificaciones de los documentos que obren en los archivos de la Secretar\u00eda.<\/li>\n<li>Validar la emisi\u00f3n de los tramites generados por la Direcci\u00f3n de Concesiones que deban ser autorizados por el Secretario; as\u00ed como de los tr\u00e1mites inherentes a la operaci\u00f3n de las concesiones que realiza la referida Direcci\u00f3n.<\/li>\n<li>Intervenir en los procedimientos que inicie la Defensor\u00eda de los Derechos Humanos del pueblo de Oaxaca, con motivo de quejas presentadas; proveer respecto de los acuerdos que dicte para su cumplimiento, elaborar los informes correspondientes y proponer al Secretario o no de las recomendaciones y propuestas que esta instituci\u00f3n emita.<\/li>\n<li>Las que se\u00f1alen las dem\u00e1s disposiciones normativas aplicables y le confiere el Secretario.<\/li>\n<\/ul>\n<\/div>\n","protected":false},"excerpt":{"rendered":"<p>DIRECCI\u00d3N JUR\u00cdDICA DEPARTAMENTOS Descripci\u00f3n Misi\u00f3n y Visi\u00f3n Organigrama Facultades Procesos Operativos Ordenamientos Jur\u00eddicos Asuntos Atendidos 2017 Objetivos 2018 Metas Depto. Asuntos Jur\u00eddicos y Derechos Humanos Depto. Contencioso Administrativo y de Amparos Unidad de Transparencia Analizar, formular y proponer al Secretario los Proyectos de iniciativas de ley, decretos, acuerdos, reglamentos y dem\u00e1s instrumentos en materia de [&hellip;]<\/p>\n","protected":false},"author":1,"featured_media":0,"parent":0,"menu_order":0,"comment_status":"closed","ping_status":"closed","template":"","meta":{"episode_type":"","audio_file":"","podmotor_file_id":"","podmotor_episode_id":"","cover_image":"","cover_image_id":"","duration":"","filesize":"","filesize_raw":"","date_recorded":"","explicit":"","block":"","itunes_episode_number":"","itunes_title":"","itunes_season_number":"","itunes_episode_type":"","footnotes":""},"categories":[],"tags":[],"class_list":["post-1026","page","type-page","status-publish","hentry"],"acf":[],"publishpress_future_action":{"enabled":false,"date":"2026-05-20 10:44:26","action":"change-status","newStatus":"draft","terms":[],"taxonomy":"category","extraData":[]},"publishpress_future_workflow_manual_trigger":{"enabledWorkflows":[]},"_links":{"self":[{"href":"https:\/\/www.oaxaca.gob.mx\/semovi\/wp-json\/wp\/v2\/pages\/1026","targetHints":{"allow":["GET"]}}],"collection":[{"href":"https:\/\/www.oaxaca.gob.mx\/semovi\/wp-json\/wp\/v2\/pages"}],"about":[{"href":"https:\/\/www.oaxaca.gob.mx\/semovi\/wp-json\/wp\/v2\/types\/page"}],"author":[{"embeddable":true,"href":"https:\/\/www.oaxaca.gob.mx\/semovi\/wp-json\/wp\/v2\/users\/1"}],"replies":[{"embeddable":true,"href":"https:\/\/www.oaxaca.gob.mx\/semovi\/wp-json\/wp\/v2\/comments?post=1026"}],"version-history":[{"count":0,"href":"https:\/\/www.oaxaca.gob.mx\/semovi\/wp-json\/wp\/v2\/pages\/1026\/revisions"}],"wp:attachment":[{"href":"https:\/\/www.oaxaca.gob.mx\/semovi\/wp-json\/wp\/v2\/media?parent=1026"}],"wp:term":[{"taxonomy":"category","embeddable":true,"href":"https:\/\/www.oaxaca.gob.mx\/semovi\/wp-json\/wp\/v2\/categories?post=1026"},{"taxonomy":"post_tag","embeddable":true,"href":"https:\/\/www.oaxaca.gob.mx\/semovi\/wp-json\/wp\/v2\/tags?post=1026"}],"curies":[{"name":"wp","href":"https:\/\/api.w.org\/{rel}","templated":true}]}}