{"id":6089,"date":"2019-06-14T19:47:38","date_gmt":"2019-06-14T17:47:38","guid":{"rendered":"https:\/\/www.oaxaca.gob.mx\/segego\/?page_id=6089"},"modified":"2023-01-19T12:57:16","modified_gmt":"2023-01-19T18:57:16","slug":"titular-de-la-dependencia","status":"publish","type":"page","link":"https:\/\/www.oaxaca.gob.mx\/sego\/titular-de-la-dependencia\/","title":{"rendered":"Titular de la Dependencia"},"content":{"rendered":"<p>&nbsp;<\/p>\n<h2 style=\"text-align: center\">Lic. Jos\u00e9 de Jes\u00fas Romero L\u00f3pez<\/h2>\n<h3 style=\"text-align: center\">Secretario de Gobierno.<\/h3>\n<p>&nbsp;<\/p>\n<p style=\"text-align: center\">\n<p style=\"text-align: center\">\n","protected":false},"excerpt":{"rendered":"<p>&nbsp; Lic. Jos\u00e9 de Jes\u00fas Romero L\u00f3pez Secretario de Gobierno. &nbsp;<\/p>\n","protected":false},"author":1,"featured_media":0,"parent":0,"menu_order":0,"comment_status":"closed","ping_status":"closed","template":"","meta":{"episode_type":"","audio_file":"","podmotor_file_id":"","podmotor_episode_id":"","cover_image":"","cover_image_id":"","duration":"","filesize":"","filesize_raw":"","date_recorded":"","explicit":"","block":"","itunes_episode_number":"","itunes_title":"","itunes_season_number":"","itunes_episode_type":"","footnotes":""},"categories":[],"tags":[],"class_list":["post-6089","page","type-page","status-publish","hentry"],"acf":[],"publishpress_future_action":{"enabled":false,"date":"2026-04-15 05:38:08","action":"change-status","newStatus":"draft","terms":[],"taxonomy":"category","extraData":[]},"publishpress_future_workflow_manual_trigger":{"enabledWorkflows":[]},"_links":{"self":[{"href":"https:\/\/www.oaxaca.gob.mx\/sego\/wp-json\/wp\/v2\/pages\/6089","targetHints":{"allow":["GET"]}}],"collection":[{"href":"https:\/\/www.oaxaca.gob.mx\/sego\/wp-json\/wp\/v2\/pages"}],"about":[{"href":"https:\/\/www.oaxaca.gob.mx\/sego\/wp-json\/wp\/v2\/types\/page"}],"author":[{"embeddable":true,"href":"https:\/\/www.oaxaca.gob.mx\/sego\/wp-json\/wp\/v2\/users\/1"}],"replies":[{"embeddable":true,"href":"https:\/\/www.oaxaca.gob.mx\/sego\/wp-json\/wp\/v2\/comments?post=6089"}],"version-history":[{"count":15,"href":"https:\/\/www.oaxaca.gob.mx\/sego\/wp-json\/wp\/v2\/pages\/6089\/revisions"}],"predecessor-version":[{"id":13890,"href":"https:\/\/www.oaxaca.gob.mx\/sego\/wp-json\/wp\/v2\/pages\/6089\/revisions\/13890"}],"wp:attachment":[{"href":"https:\/\/www.oaxaca.gob.mx\/sego\/wp-json\/wp\/v2\/media?parent=6089"}],"wp:term":[{"taxonomy":"category","embeddable":true,"href":"https:\/\/www.oaxaca.gob.mx\/sego\/wp-json\/wp\/v2\/categories?post=6089"},{"taxonomy":"post_tag","embeddable":true,"href":"https:\/\/www.oaxaca.gob.mx\/sego\/wp-json\/wp\/v2\/tags?post=6089"}],"curies":[{"name":"wp","href":"https:\/\/api.w.org\/{rel}","templated":true}]}}