{"id":559,"date":"2017-05-30T19:06:22","date_gmt":"2017-05-31T01:06:22","guid":{"rendered":"http:\/\/www.segego.oaxaca.gob.mx\/?page_id=559"},"modified":"2023-08-18T12:16:37","modified_gmt":"2023-08-18T18:16:37","slug":"titular","status":"publish","type":"page","link":"https:\/\/www.oaxaca.gob.mx\/sego\/titular\/","title":{"rendered":"Titular"},"content":{"rendered":"<p>&nbsp;<\/p>\n<p><img loading=\"lazy\" decoding=\"async\" class=\"wp-image-15407 size-large aligncenter\" src=\"https:\/\/www.oaxaca.gob.mx\/sego\/wp-content\/uploads\/sites\/74\/2023\/08\/DSC04998-683x1024.jpg\" alt=\"\" width=\"683\" height=\"1024\" srcset=\"https:\/\/www.oaxaca.gob.mx\/sego\/wp-content\/uploads\/sites\/74\/2023\/08\/DSC04998-683x1024.jpg 683w, https:\/\/www.oaxaca.gob.mx\/sego\/wp-content\/uploads\/sites\/74\/2023\/08\/DSC04998-200x300.jpg 200w, https:\/\/www.oaxaca.gob.mx\/sego\/wp-content\/uploads\/sites\/74\/2023\/08\/DSC04998-768x1152.jpg 768w, https:\/\/www.oaxaca.gob.mx\/sego\/wp-content\/uploads\/sites\/74\/2023\/08\/DSC04998-1024x1536.jpg 1024w, https:\/\/www.oaxaca.gob.mx\/sego\/wp-content\/uploads\/sites\/74\/2023\/08\/DSC04998-1365x2048.jpg 1365w, https:\/\/www.oaxaca.gob.mx\/sego\/wp-content\/uploads\/sites\/74\/2023\/08\/DSC04998-scaled.jpg 1707w\" sizes=\"auto, (max-width: 683px) 100vw, 683px\" \/><\/p>\n<p>&nbsp;<\/p>\n<h2><strong>Jos\u00e9 de Jes\u00fas Romero L\u00f3pez<\/strong><\/h2>\n<p>&nbsp;<\/p>\n<p>Jes\u00fas Romero es abogado por la Universidad del Valle de M\u00e9xico, desde joven particip\u00f3 activamente en organizaciones sociales como la Coalici\u00f3n Obrera Campesina y Estudiantil del Istmo (COCEI) y como l\u00edder de la Uni\u00f3n Campesina Oaxaque\u00f1a (UCO).<\/p>\n<p>Derivado de su labor y experiencia pol\u00edtica, fund\u00f3 y dirigi\u00f3 el Frente de Organizaciones Sociales, Campesinas, Urbanas, Pesqueras y de Transporte (FOSCUPT) y la organizaci\u00f3n civil JUNTOS RESOLVAMOS.<\/p>\n<p>Su activismo en la pol\u00edtica desde joven le permiti\u00f3 ser candidato a concejal en el municipio de Oaxaca de Ju\u00e1rez en el 2001, posteriormente fue Secretario General del Partido de la Revoluci\u00f3n Democr\u00e1tica en el estado de Oaxaca en el 2006, partido pol\u00edtico del que tambi\u00e9n fue presidente interino en el 2007, a nivel estatal.<\/p>\n<p>Durante los procesos electorales siguientes, gracias a su capacidad de di\u00e1logo y organizaci\u00f3n, fue coordinador de campa\u00f1a al senado de la Rep\u00fablica de la coalici\u00f3n Movimiento Progresista del senador Benjam\u00edn Robles en 2012.<\/p>\n<p>Desde el a\u00f1o 2016 es militante de Morena, lo que le permiti\u00f3 ser coordinador de campa\u00f1a al senado de la Rep\u00fablica de la coalici\u00f3n JUNTOS HAREMOS HISTORIA, que impuls\u00f3 a Salom\u00f3n Jara Cruz en 2018.<\/p>\n<p>Como miembro del PRD, Jes\u00fas Romero L\u00f3pez fue diputado local en la LX Legislatura del Honorable Congreso del Estado de Oaxaca y repiti\u00f3 el cargo en la LXIII Legislatura durante el periodo 2016-2018, dentro de las cuales se desempe\u00f1\u00f3 como coordinador de su grupo parlamentario y presidente de la Mesa Directiva.<\/p>\n<p>Jes\u00fas Romero L\u00f3pez ha sido dos veces diputado local en el estado de Oaxaca, la primera en la LX Legislatura del H. Congreso del Estado de Oaxaca (2007-2010) por el Partido de la Revoluci\u00f3n Democr\u00e1tica, en la cual fue Presidente de la Comisi\u00f3n Permanente de Fortalecimiento Municipal y posteriormente en la LXIII Legislatura (2016-2018), en ambas legislaturas fungi\u00f3 como coordinador de sus respectivos grupos parlamentarios y presidente de la mesa directiva.<\/p>\n<p>Del a\u00f1o 2009 al a\u00f1o 2010 fue representante del poder legislativo ante el \u00f3rgano electoral para la gubernatura del estado y en 2022 fue coordinador general de campa\u00f1a del Ing. Salom\u00f3n Jara Cruz rumbo a\u00a0la\u00a0gubernatura.<\/p>\n<p>&nbsp;<\/p>\n","protected":false},"excerpt":{"rendered":"<p>&nbsp; &nbsp; Jos\u00e9 de Jes\u00fas Romero L\u00f3pez &nbsp; Jes\u00fas Romero es abogado por la Universidad del Valle de M\u00e9xico, desde joven particip\u00f3 activamente en organizaciones sociales como la Coalici\u00f3n Obrera Campesina y Estudiantil del Istmo (COCEI) y como l\u00edder de la Uni\u00f3n Campesina Oaxaque\u00f1a (UCO). Derivado de su labor y experiencia pol\u00edtica, fund\u00f3 y dirigi\u00f3 [&hellip;]<\/p>\n","protected":false},"author":1,"featured_media":0,"parent":0,"menu_order":0,"comment_status":"closed","ping_status":"closed","template":"","meta":{"episode_type":"","audio_file":"","podmotor_file_id":"","podmotor_episode_id":"","cover_image":"","cover_image_id":"","duration":"","filesize":"","filesize_raw":"","date_recorded":"","explicit":"","block":"","itunes_episode_number":"","itunes_title":"","itunes_season_number":"","itunes_episode_type":"","footnotes":""},"categories":[],"tags":[],"class_list":["post-559","page","type-page","status-publish","hentry"],"acf":[],"publishpress_future_action":{"enabled":false,"date":"2026-05-18 11:30:27","action":"change-status","newStatus":"draft","terms":[],"taxonomy":"category","extraData":[]},"publishpress_future_workflow_manual_trigger":{"enabledWorkflows":[]},"_links":{"self":[{"href":"https:\/\/www.oaxaca.gob.mx\/sego\/wp-json\/wp\/v2\/pages\/559","targetHints":{"allow":["GET"]}}],"collection":[{"href":"https:\/\/www.oaxaca.gob.mx\/sego\/wp-json\/wp\/v2\/pages"}],"about":[{"href":"https:\/\/www.oaxaca.gob.mx\/sego\/wp-json\/wp\/v2\/types\/page"}],"author":[{"embeddable":true,"href":"https:\/\/www.oaxaca.gob.mx\/sego\/wp-json\/wp\/v2\/users\/1"}],"replies":[{"embeddable":true,"href":"https:\/\/www.oaxaca.gob.mx\/sego\/wp-json\/wp\/v2\/comments?post=559"}],"version-history":[{"count":6,"href":"https:\/\/www.oaxaca.gob.mx\/sego\/wp-json\/wp\/v2\/pages\/559\/revisions"}],"predecessor-version":[{"id":15427,"href":"https:\/\/www.oaxaca.gob.mx\/sego\/wp-json\/wp\/v2\/pages\/559\/revisions\/15427"}],"wp:attachment":[{"href":"https:\/\/www.oaxaca.gob.mx\/sego\/wp-json\/wp\/v2\/media?parent=559"}],"wp:term":[{"taxonomy":"category","embeddable":true,"href":"https:\/\/www.oaxaca.gob.mx\/sego\/wp-json\/wp\/v2\/categories?post=559"},{"taxonomy":"post_tag","embeddable":true,"href":"https:\/\/www.oaxaca.gob.mx\/sego\/wp-json\/wp\/v2\/tags?post=559"}],"curies":[{"name":"wp","href":"https:\/\/api.w.org\/{rel}","templated":true}]}}