{"id":432,"date":"2017-05-12T19:34:07","date_gmt":"2017-05-13T01:34:07","guid":{"rendered":"http:\/\/www.segego.oaxaca.gob.mx\/?page_id=432"},"modified":"2017-05-12T19:34:07","modified_gmt":"2017-05-13T01:34:07","slug":"segego-informa","status":"publish","type":"page","link":"https:\/\/www.oaxaca.gob.mx\/sego\/segego-informa\/","title":{"rendered":"SEGEGO Minuto a Minuto"},"content":{"rendered":"<table bgcolor=\"red\" style=\"height: 3px;text-align: center\" border=\"0\" width=\"100%\">\n<tr>\n<td bgcolor=\"#7D2D1C\" style=\"text-align: center\" width=\"40%\"><\/td>\n<\/tr>\n<\/table>\n<table style=\"height: 32px;text-align: center\" border=\"0\" width=\"100%\">\n<tbody>\n<tr>\n<td style=\"text-align: center\" width=\"35%\"><a href=\"https:\/\/www.oaxaca.gob.mx\/segego\/wp-content\/uploads\/sites\/74\/2017\/10\/segego.png\"><img loading=\"lazy\" decoding=\"async\" class=\"size-medium wp-image-550 aligncenter\" src=\"https:\/\/www.oaxaca.gob.mx\/segego\/wp-content\/uploads\/sites\/74\/2017\/10\/segego.jng\" alt=\"\" width=\"250\" height=\"58\" align=\"middle\" \/><\/a><\/td>\n<td style=\"text-align: justify\" width=\"65%\"><strong style=\"text-align: center\"><\/p>\n<p>Viernes 13 de abril del 2018, 15:00 horas<\/strong><\/p>\n<p>Este contenido ser\u00e1 modificado temporalmente en atenci\u00f3n a las disposiciones legales y normativas en materia electoral, con motivo del inicio del periodo de campa\u00f1as.<\/p>\n<p>En espera a la actualizaci\u00f3n se les estar\u00e1 informando.<\/td>\n<\/tr>\n<\/tbody>\n<\/table>\n","protected":false},"excerpt":{"rendered":"<p>Viernes 13 de abril del 2018, 15:00 horas Este contenido ser\u00e1 modificado temporalmente en atenci\u00f3n a las disposiciones legales y normativas en materia electoral, con motivo del inicio del periodo de campa\u00f1as. En espera a la actualizaci\u00f3n se les estar\u00e1 informando.<\/p>\n","protected":false},"author":1,"featured_media":0,"parent":0,"menu_order":0,"comment_status":"closed","ping_status":"closed","template":"","meta":{"episode_type":"","audio_file":"","podmotor_file_id":"","podmotor_episode_id":"","cover_image":"","cover_image_id":"","duration":"","filesize":"","filesize_raw":"","date_recorded":"","explicit":"","block":"","itunes_episode_number":"","itunes_title":"","itunes_season_number":"","itunes_episode_type":"","footnotes":""},"categories":[],"tags":[],"class_list":["post-432","page","type-page","status-publish","hentry"],"acf":[],"publishpress_future_action":{"enabled":false,"date":"2026-05-03 13:34:57","action":"change-status","newStatus":"draft","terms":[],"taxonomy":"category","extraData":[]},"publishpress_future_workflow_manual_trigger":{"enabledWorkflows":[]},"_links":{"self":[{"href":"https:\/\/www.oaxaca.gob.mx\/sego\/wp-json\/wp\/v2\/pages\/432","targetHints":{"allow":["GET"]}}],"collection":[{"href":"https:\/\/www.oaxaca.gob.mx\/sego\/wp-json\/wp\/v2\/pages"}],"about":[{"href":"https:\/\/www.oaxaca.gob.mx\/sego\/wp-json\/wp\/v2\/types\/page"}],"author":[{"embeddable":true,"href":"https:\/\/www.oaxaca.gob.mx\/sego\/wp-json\/wp\/v2\/users\/1"}],"replies":[{"embeddable":true,"href":"https:\/\/www.oaxaca.gob.mx\/sego\/wp-json\/wp\/v2\/comments?post=432"}],"version-history":[{"count":0,"href":"https:\/\/www.oaxaca.gob.mx\/sego\/wp-json\/wp\/v2\/pages\/432\/revisions"}],"wp:attachment":[{"href":"https:\/\/www.oaxaca.gob.mx\/sego\/wp-json\/wp\/v2\/media?parent=432"}],"wp:term":[{"taxonomy":"category","embeddable":true,"href":"https:\/\/www.oaxaca.gob.mx\/sego\/wp-json\/wp\/v2\/categories?post=432"},{"taxonomy":"post_tag","embeddable":true,"href":"https:\/\/www.oaxaca.gob.mx\/sego\/wp-json\/wp\/v2\/tags?post=432"}],"curies":[{"name":"wp","href":"https:\/\/api.w.org\/{rel}","templated":true}]}}