{"id":3293,"date":"2018-09-05T11:20:26","date_gmt":"2018-09-05T17:20:26","guid":{"rendered":"http:\/\/www.segego.oaxaca.gob.mx\/?page_id=3293"},"modified":"2018-09-05T11:20:26","modified_gmt":"2018-09-05T17:20:26","slug":"aviso-de-pub","status":"publish","type":"page","link":"https:\/\/www.oaxaca.gob.mx\/sego\/aviso-de-pub\/","title":{"rendered":"Aviso de Privacidad Integral"},"content":{"rendered":"<p>\t\t\t\t&nbsp;<\/p>\n<h4 align=\"justify\">La Secretar\u00eda General de Gobierno del Estado de Oaxaca, con domicilio en Ciudad Administrativa, edificio 8, Carretera Internacional Oaxaca-Istmo km. 11.5, Tlalixtac de Cabrera Oaxaca, C.P. 68270, es responsable del tratamiento de los datos personales que proporcione toda persona que preste sus servicios como servidor p\u00fablico, los cuales ser\u00e1n protegidos conforme a lo dispuesto por la Ley de Protecci\u00f3n de Datos Personales en Posesi\u00f3n de Sujetos Obligados del Estado de Oaxaca, y dem\u00e1s normatividad que resulte aplicable.<\/h4>\n<p>&nbsp;<\/p>\n<p style=\"text-align: center\"><a class=\"fasc-button fasc-size-medium fasc-type-popout fasc-rounded-medium fasc-ico-before dashicons-welcome-view-site fasc-style-bold\" style=\"background-color: #97339e;color: #ffffff\" href=\"https:\/\/www.oaxaca.gob.mx\/segego\/wp-content\/uploads\/sites\/74\/2018\/06\/Aviso-de-Privacidad-Integral-SEGEGO.pdf\">Aviso de Privacidad Integral SEGEGO<\/a><\/p>\n<p>&nbsp;<\/p>\n<p>&nbsp;<\/p>\n<p><img loading=\"lazy\" decoding=\"async\" class=\"wp-image-3152 aligncenter\" src=\"https:\/\/www.oaxaca.gob.mx\/segego\/wp-content\/uploads\/sites\/74\/2018\/09\/lflor-294x300.png\" alt=\"\" width=\"155\" height=\"158\">\t\t<\/p>\n","protected":false},"excerpt":{"rendered":"<p>&nbsp; La Secretar\u00eda General de Gobierno del Estado de Oaxaca, con domicilio en Ciudad Administrativa, edificio 8, Carretera Internacional Oaxaca-Istmo km. 11.5, Tlalixtac de Cabrera Oaxaca, C.P. 68270, es responsable del tratamiento de los datos personales que proporcione toda persona que preste sus servicios como servidor p\u00fablico, los cuales ser\u00e1n protegidos conforme a lo dispuesto [&hellip;]<\/p>\n","protected":false},"author":1,"featured_media":0,"parent":0,"menu_order":0,"comment_status":"closed","ping_status":"closed","template":"","meta":{"episode_type":"","audio_file":"","podmotor_file_id":"","podmotor_episode_id":"","cover_image":"","cover_image_id":"","duration":"","filesize":"","filesize_raw":"","date_recorded":"","explicit":"","block":"","itunes_episode_number":"","itunes_title":"","itunes_season_number":"","itunes_episode_type":"","footnotes":""},"categories":[],"tags":[],"class_list":["post-3293","page","type-page","status-publish","hentry"],"acf":[],"publishpress_future_action":{"enabled":false,"date":"2026-05-03 13:20:26","action":"change-status","newStatus":"draft","terms":[],"taxonomy":"category","extraData":[]},"publishpress_future_workflow_manual_trigger":{"enabledWorkflows":[]},"_links":{"self":[{"href":"https:\/\/www.oaxaca.gob.mx\/sego\/wp-json\/wp\/v2\/pages\/3293","targetHints":{"allow":["GET"]}}],"collection":[{"href":"https:\/\/www.oaxaca.gob.mx\/sego\/wp-json\/wp\/v2\/pages"}],"about":[{"href":"https:\/\/www.oaxaca.gob.mx\/sego\/wp-json\/wp\/v2\/types\/page"}],"author":[{"embeddable":true,"href":"https:\/\/www.oaxaca.gob.mx\/sego\/wp-json\/wp\/v2\/users\/1"}],"replies":[{"embeddable":true,"href":"https:\/\/www.oaxaca.gob.mx\/sego\/wp-json\/wp\/v2\/comments?post=3293"}],"version-history":[{"count":1,"href":"https:\/\/www.oaxaca.gob.mx\/sego\/wp-json\/wp\/v2\/pages\/3293\/revisions"}],"predecessor-version":[{"id":8196,"href":"https:\/\/www.oaxaca.gob.mx\/sego\/wp-json\/wp\/v2\/pages\/3293\/revisions\/8196"}],"wp:attachment":[{"href":"https:\/\/www.oaxaca.gob.mx\/sego\/wp-json\/wp\/v2\/media?parent=3293"}],"wp:term":[{"taxonomy":"category","embeddable":true,"href":"https:\/\/www.oaxaca.gob.mx\/sego\/wp-json\/wp\/v2\/categories?post=3293"},{"taxonomy":"post_tag","embeddable":true,"href":"https:\/\/www.oaxaca.gob.mx\/sego\/wp-json\/wp\/v2\/tags?post=3293"}],"curies":[{"name":"wp","href":"https:\/\/api.w.org\/{rel}","templated":true}]}}