{"id":3154,"date":"2018-08-14T10:44:44","date_gmt":"2018-08-14T16:44:44","guid":{"rendered":"http:\/\/www.segego.oaxaca.gob.mx\/?page_id=3154"},"modified":"2018-08-14T10:44:44","modified_gmt":"2018-08-14T16:44:44","slug":"transparencia-municipal-2","status":"publish","type":"page","link":"https:\/\/www.oaxaca.gob.mx\/sego\/transparencia-municipal-2\/","title":{"rendered":"Transparencia Municipal (PNT)"},"content":{"rendered":"<div class=\"row text-center\">\n<div class=\"col-lg-12\">\n<table border=\"1\" width=\"680\" cellspacing=\"0\" cellpadding=\"1\">\n<tbody>\n<tr align=\"center\" bgcolor=\"#8D3B88\">\n<td><b><span style=\"color: #ffffff\"><b>MUNICIPIO: HEROICA CIUDAD DE JUCHIT\u00c1N DE ZARAGOZA<\/b> <\/span><\/b><\/td>\n<\/tr>\n<tr>\n<td>\n<table border=\"0\" width=\"100%\" cellspacing=\"0\" cellpadding=\"4\">\n<tbody>\n<tr bgcolor=\"#FFFFFF\">\n<td><b>Sitio de Internet:<\/b> https:\/\/www.juchitandezaragoza.gob.mx<\/td>\n<\/tr>\n<\/tbody>\n<\/table>\n<table border=\"0\" width=\"100%\" cellspacing=\"0\" cellpadding=\"4\">\n<tbody>\n<tr bgcolor=\"#FFFFFF\">\n<td><b>Responsable de Transparencia:<\/b> LIC. BARTOLO EPIFANIO MART\u00cdNEZ REYES<\/td>\n<\/tr>\n<\/tbody>\n<\/table>\n<table border=\"0\" width=\"100%\" cellspacing=\"0\" cellpadding=\"4\">\n<tbody>\n<tr bgcolor=\"#FFFFFF\">\n<td><b>Correo electr\u00f3nico:<\/b> transparenciajuchitan@gmail.com<\/td>\n<\/tr>\n<\/tbody>\n<\/table>\n<table border=\"0\" width=\"100%\" cellspacing=\"0\" cellpadding=\"4\">\n<tbody>\n<tr bgcolor=\"#FFFFFF\">\n<td><b>Tel\u00e9fono:<\/b> (971) 712 08 87<\/td>\n<\/tr>\n<\/tbody>\n<\/table>\n<table border=\"0\" width=\"100%\" cellspacing=\"0\" cellpadding=\"4\">\n<tbody>\n<tr bgcolor=\"#FFFFFF\">\n<td><b>Domicilio:<\/b> AV. 16 DE SEPTIEMBRE N. 1, COLONIA CENTRO, JUCHIT\u00c1N DE ZARAGOZA, OAX, C.P. 70000<\/td>\n<\/tr>\n<\/tbody>\n<\/table>\n<\/td>\n<\/tr>\n<\/tbody>\n<\/table>\n<p>    &nbsp;<\/p>\n<table border=\"1\" width=\"680\" cellspacing=\"0\" cellpadding=\"1\">\n<tbody>\n<tr align=\"center\" bgcolor=\"#8D3B88\">\n<td><b><span style=\"color: #ffffff\"><b>MUNICIPIO: OAXACA DE J\u00daAREZ<\/b> <\/span><\/b><\/td>\n<\/tr>\n<tr>\n<td>\n<table border=\"0\" width=\"100%\" cellspacing=\"0\" cellpadding=\"4\">\n<tbody>\n<tr bgcolor=\"#FFFFFF\">\n<td><b>Sitio de Internet:<\/b> https:\/\/www.municipiodeoaxaca.gob.mx<\/td>\n<\/tr>\n<\/tbody>\n<\/table>\n<table border=\"0\" width=\"100%\" cellspacing=\"0\" cellpadding=\"4\">\n<tbody>\n<tr bgcolor=\"#FFFFFF\">\n<td><b>Responsable de Transparencia:<\/b> LIC. FERNANDO JOS\u00c9 V\u00c1SQUEZ QUINTAS<\/td>\n<\/tr>\n<\/tbody>\n<\/table>\n<table border=\"0\" width=\"100%\" cellspacing=\"0\" cellpadding=\"4\">\n<tbody>\n<tr bgcolor=\"#FFFFFF\">\n<td><b>Correo electr\u00f3nico:<\/b> ayuntamiento.oaxaca@gmail.com, transparenciamunicipiodeoaxaca@gmail.com<\/td>\n<\/tr>\n<\/tbody>\n<\/table>\n<table border=\"0\" width=\"100%\" cellspacing=\"0\" cellpadding=\"4\">\n<tbody>\n<tr bgcolor=\"#FFFFFF\">\n<td><b>Tel\u00e9fono:<\/b> (958) 581 44 78<\/td>\n<\/tr>\n<\/tbody>\n<\/table>\n<table border=\"0\" width=\"100%\" cellspacing=\"0\" cellpadding=\"4\">\n<tbody>\n<tr bgcolor=\"#FFFFFF\">\n<td><b>Domicilio:<\/b> PLAZA DE LA DANZA S\/N CENTRO HIST\u00d3RICO, OAXACA DE JU\u00c1REZ, OAX,C.P. 68000<\/td>\n<\/tr>\n<\/tbody>\n<\/table>\n<\/td>\n<\/tr>\n<\/tbody>\n<\/table>\n<p>    &nbsp;<\/p>\n<table border=\"1\" width=\"680\" cellspacing=\"0\" cellpadding=\"1\">\n<tbody>\n<tr align=\"center\" bgcolor=\"#8D3B88\">\n<td><b><span style=\"color: #ffffff\"><b>MUNICIPIO: SALINA CRUZ<\/b> <\/span><\/b><\/td>\n<\/tr>\n<tr>\n<td>\n<table border=\"0\" width=\"100%\" cellspacing=\"0\" cellpadding=\"4\">\n<tbody>\n<tr bgcolor=\"#FFFFFF\">\n<td><b>Sitio de Internet:<\/b> https:\/\/municipiosalinacruz.gob.mx<\/td>\n<\/tr>\n<\/tbody>\n<\/table>\n<table border=\"0\" width=\"100%\" cellspacing=\"0\" cellpadding=\"4\">\n<tbody>\n<tr bgcolor=\"#FFFFFF\">\n<td><b>Responsable de Transparencia:<\/b> LIC. KARINA MARQUEZ GARRIDO<\/td>\n<\/tr>\n<\/tbody>\n<\/table>\n<table border=\"0\" width=\"100%\" cellspacing=\"0\" cellpadding=\"4\">\n<tbody>\n<tr bgcolor=\"#FFFFFF\">\n<td><b>Correo electr\u00f3nico:<\/b> unidad.transparencia@municipiosalinacruz.gob.mx<\/td>\n<\/tr>\n<\/tbody>\n<\/table>\n<table border=\"0\" width=\"100%\" cellspacing=\"0\" cellpadding=\"4\">\n<tbody>\n<tr bgcolor=\"#FFFFFF\">\n<td><b>Correo electr\u00f3nico:<\/b> unidad.de.enlace@municipiosalinacruz.gob.mx<\/td>\n<\/tr>\n<\/tbody>\n<\/table>\n<table border=\"0\" width=\"100%\" cellspacing=\"0\" cellpadding=\"4\">\n<tbody>\n<tr bgcolor=\"#FFFFFF\">\n<td><b>Correo electr\u00f3nico:<\/b> webmaster@municipiosalinacruz.gob.mx<\/td>\n<\/tr>\n<\/tbody>\n<\/table>\n<table border=\"0\" width=\"100%\" cellspacing=\"0\" cellpadding=\"4\">\n<tbody>\n<tr bgcolor=\"#FFFFFF\">\n<td><b>Correo electr\u00f3nico:<\/b> municipiodesalinacruz2014.2016@gmail.com<\/td>\n<\/tr>\n<\/tbody>\n<\/table>\n<table border=\"0\" width=\"100%\" cellspacing=\"0\" cellpadding=\"4\">\n<tbody>\n<tr bgcolor=\"#FFFFFF\">\n<td><b>Tel\u00e9fono:<\/b> (971) 714 07 35 Ext. 122<\/td>\n<\/tr>\n<\/tbody>\n<\/table>\n<table border=\"0\" width=\"100%\" cellspacing=\"0\" cellpadding=\"4\">\n<tbody>\n<tr bgcolor=\"#FFFFFF\">\n<td><b>Domicilio:<\/b> ACAPULCO S\/N, COL. CENTRO, C.P. 70600, SALINA CRUZ, OAXACA<\/td>\n<\/tr>\n<\/tbody>\n<\/table>\n<\/td>\n<\/tr>\n<\/tbody>\n<\/table>\n<p>    &nbsp;<\/p>\n<table border=\"1\" width=\"680\" cellspacing=\"0\" cellpadding=\"1\">\n<tbody>\n<tr align=\"center\" bgcolor=\"#8D3B88\">\n<td><b><span style=\"color: #ffffff\"><b>MUNICIPIO: SAN JUAN BAUTISTA TUXTEPEC<\/b> <\/span><\/b><\/td>\n<\/tr>\n<tr>\n<td>\n<table border=\"0\" width=\"100%\" cellspacing=\"0\" cellpadding=\"4\">\n<tbody>\n<tr bgcolor=\"#FFFFFF\">\n<td><b>Sitio de Internet:<\/b> https:\/\/www.tuxtepec.gob.mx<\/td>\n<\/tr>\n<\/tbody>\n<\/table>\n<table border=\"0\" width=\"100%\" cellspacing=\"0\" cellpadding=\"4\">\n<tbody>\n<tr bgcolor=\"#FFFFFF\">\n<td><b>Responsable de Transparencia:<\/b> LIC. FILIBERTO ROLDAN LORENZO<\/td>\n<\/tr>\n<\/tbody>\n<\/table>\n<table border=\"0\" width=\"100%\" cellspacing=\"0\" cellpadding=\"4\">\n<tbody>\n<tr bgcolor=\"#FFFFFF\">\n<td><b>Correo electr\u00f3nico:<\/b> unidadenlacemunicipal@gmail.com<\/td>\n<\/tr>\n<\/tbody>\n<\/table>\n<table border=\"0\" width=\"100%\" cellspacing=\"0\" cellpadding=\"4\">\n<tbody>\n<tr bgcolor=\"#FFFFFF\">\n<td><b>Tel\u00e9fono:<\/b> (287) 116 44 06<\/td>\n<\/tr>\n<\/tbody>\n<\/table>\n<table border=\"0\" width=\"100%\" cellspacing=\"0\" cellpadding=\"4\">\n<tbody>\n<tr bgcolor=\"#FFFFFF\">\n<td><b>Domicilio:<\/b> PALACIO MUNICIPAL S\/N, COLONIA CENTRO, TUXTEPEC, OAX, C.P. 68300<\/td>\n<\/tr>\n<\/tbody>\n<\/table>\n<\/td>\n<\/tr>\n<\/tbody>\n<\/table>\n<p>    &nbsp;<\/p>\n<table border=\"1\" width=\"680\" cellspacing=\"0\" cellpadding=\"1\">\n<tbody>\n<tr align=\"center\" bgcolor=\"#8D3B88\">\n<td><b><span style=\"color: #ffffff\"><b>MUNICIPIO: SANTA CRUZ XOXOCOTL\u00c1N<\/b> <\/span><\/b><\/td>\n<\/tr>\n<tr>\n<td>\n<table border=\"0\" width=\"100%\" cellspacing=\"0\" cellpadding=\"4\">\n<tbody>\n<tr bgcolor=\"#FFFFFF\">\n<td><b>Sitio de Internet:<\/b> https:\/\/xoxocotlan.gob.mx<\/td>\n<\/tr>\n<\/tbody>\n<\/table>\n<table border=\"0\" width=\"100%\" cellspacing=\"0\" cellpadding=\"4\">\n<tbody>\n<tr bgcolor=\"#FFFFFF\">\n<td><b>Responsable de Transparencia:<\/b> C. BENITO BARRIOS SANTIAGO<\/td>\n<\/tr>\n<\/tbody>\n<\/table>\n<table border=\"0\" width=\"100%\" cellspacing=\"0\" cellpadding=\"4\">\n<tbody>\n<tr bgcolor=\"#FFFFFF\">\n<td><b>Correo electr\u00f3nico:<\/b> transparencia@xoxocotlan.gob.mx<\/td>\n<\/tr>\n<\/tbody>\n<\/table>\n<table border=\"0\" width=\"100%\" cellspacing=\"0\" cellpadding=\"4\">\n<tbody>\n<tr bgcolor=\"#FFFFFF\">\n<td><b>Tel\u00e9fono:<\/b> (951) 517 27 16, (951) 206 26 47 EXT.10<\/td>\n<\/tr>\n<\/tbody>\n<\/table>\n<table border=\"0\" width=\"100%\" cellspacing=\"0\" cellpadding=\"4\">\n<tbody>\n<tr bgcolor=\"#FFFFFF\">\n<td><b>Domicilio:<\/b> MORELOS S\/N, COLONIA CENTRO, XOXOCOTL\u00c1N, OAX, C.P. 7123<\/td>\n<\/tr>\n<\/tbody>\n<\/table>\n<\/td>\n<\/tr>\n<\/tbody>\n<\/table>\n<p>    &nbsp;<\/p>\n<table border=\"1\" width=\"680\" cellspacing=\"0\" cellpadding=\"1\">\n<tbody>\n<tr align=\"center\" bgcolor=\"#8D3B88\">\n<td><b><span style=\"color: #ffffff\"><b>MUNICIPIO: SANTA MAR\u00cdA HUATULCO<\/b> <\/span><\/b><\/td>\n<\/tr>\n<tr>\n<td>\n<table border=\"0\" width=\"100%\" cellspacing=\"0\" cellpadding=\"4\">\n<tbody>\n<tr bgcolor=\"#FFFFFF\">\n<td><b>Sitio de Internet:<\/b> https:\/\/huatulco.gob.mx<\/td>\n<\/tr>\n<\/tbody>\n<\/table>\n<table border=\"0\" width=\"100%\" cellspacing=\"0\" cellpadding=\"4\">\n<tbody>\n<tr bgcolor=\"#FFFFFF\">\n<td><b>Responsable de Transparencia:<\/b> LIC. VICTOR REN\u00c9 SOL\u00cdS ZURITA<\/td>\n<\/tr>\n<\/tbody>\n<\/table>\n<table border=\"0\" width=\"100%\" cellspacing=\"0\" cellpadding=\"4\">\n<tbody>\n<tr bgcolor=\"#FFFFFF\">\n<td><b>Correo electr\u00f3nico:<\/b> unidadenlacemunicipal@gmail.com<\/td>\n<\/tr>\n<\/tbody>\n<\/table>\n<table border=\"0\" width=\"100%\" cellspacing=\"0\" cellpadding=\"4\">\n<tbody>\n<tr bgcolor=\"#FFFFFF\">\n<td><b>Tel\u00e9fono:<\/b> (958) 581 44 78<\/td>\n<\/tr>\n<\/tbody>\n<\/table>\n<table border=\"0\" width=\"100%\" cellspacing=\"0\" cellpadding=\"4\">\n<tbody>\n<tr bgcolor=\"#FFFFFF\">\n<td><b>Domicilio:<\/b> PLAZA CONSTITUCI\u00d3N S\/N, COLONIA CENTRO, SANTA MAR\u00cdA HUATULCO, OAX, C.P. 70980<\/td>\n<\/tr>\n<\/tbody>\n<\/table>\n<\/td>\n<\/tr>\n<\/tbody>\n<\/table><\/div>\n<\/div>\n","protected":false},"excerpt":{"rendered":"<p>MUNICIPIO: HEROICA CIUDAD DE JUCHIT\u00c1N DE ZARAGOZA Sitio de Internet: https:\/\/www.juchitandezaragoza.gob.mx Responsable de Transparencia: LIC. BARTOLO EPIFANIO MART\u00cdNEZ REYES Correo electr\u00f3nico: transparenciajuchitan@gmail.com Tel\u00e9fono: (971) 712 08 87 Domicilio: AV. 16 DE SEPTIEMBRE N. 1, COLONIA CENTRO, JUCHIT\u00c1N DE ZARAGOZA, OAX, C.P. 70000 &nbsp; MUNICIPIO: OAXACA DE J\u00daAREZ Sitio de Internet: https:\/\/www.municipiodeoaxaca.gob.mx Responsable de Transparencia: LIC. [&hellip;]<\/p>\n","protected":false},"author":1,"featured_media":0,"parent":0,"menu_order":0,"comment_status":"closed","ping_status":"closed","template":"","meta":{"episode_type":"","audio_file":"","podmotor_file_id":"","podmotor_episode_id":"","cover_image":"","cover_image_id":"","duration":"","filesize":"","filesize_raw":"","date_recorded":"","explicit":"","block":"","itunes_episode_number":"","itunes_title":"","itunes_season_number":"","itunes_episode_type":"","footnotes":""},"categories":[],"tags":[],"class_list":["post-3154","page","type-page","status-publish","hentry"],"acf":[],"publishpress_future_action":{"enabled":false,"date":"2026-04-30 08:55:42","action":"change-status","newStatus":"draft","terms":[],"taxonomy":"category","extraData":[]},"publishpress_future_workflow_manual_trigger":{"enabledWorkflows":[]},"_links":{"self":[{"href":"https:\/\/www.oaxaca.gob.mx\/sego\/wp-json\/wp\/v2\/pages\/3154","targetHints":{"allow":["GET"]}}],"collection":[{"href":"https:\/\/www.oaxaca.gob.mx\/sego\/wp-json\/wp\/v2\/pages"}],"about":[{"href":"https:\/\/www.oaxaca.gob.mx\/sego\/wp-json\/wp\/v2\/types\/page"}],"author":[{"embeddable":true,"href":"https:\/\/www.oaxaca.gob.mx\/sego\/wp-json\/wp\/v2\/users\/1"}],"replies":[{"embeddable":true,"href":"https:\/\/www.oaxaca.gob.mx\/sego\/wp-json\/wp\/v2\/comments?post=3154"}],"version-history":[{"count":0,"href":"https:\/\/www.oaxaca.gob.mx\/sego\/wp-json\/wp\/v2\/pages\/3154\/revisions"}],"wp:attachment":[{"href":"https:\/\/www.oaxaca.gob.mx\/sego\/wp-json\/wp\/v2\/media?parent=3154"}],"wp:term":[{"taxonomy":"category","embeddable":true,"href":"https:\/\/www.oaxaca.gob.mx\/sego\/wp-json\/wp\/v2\/categories?post=3154"},{"taxonomy":"post_tag","embeddable":true,"href":"https:\/\/www.oaxaca.gob.mx\/sego\/wp-json\/wp\/v2\/tags?post=3154"}],"curies":[{"name":"wp","href":"https:\/\/api.w.org\/{rel}","templated":true}]}}