{"id":3099,"date":"2018-08-10T15:59:24","date_gmt":"2018-08-10T21:59:24","guid":{"rendered":"http:\/\/www.segego.oaxaca.gob.mx\/?page_id=3099"},"modified":"2025-11-14T17:14:49","modified_gmt":"2025-11-14T23:14:49","slug":"mision-y-vision-2","status":"publish","type":"page","link":"https:\/\/www.oaxaca.gob.mx\/sego\/mision-y-vision-2\/","title":{"rendered":"Misi\u00f3n , Visi\u00f3n y Atribuciones"},"content":{"rendered":"<h2 style=\"text-align: center\"><strong>Misi\u00f3n<\/strong><\/h2>\n<p class=\"p2\">Fortalecer la pol\u00edtica interior y la gobernabilidad en el Estado, mediante la coordinaci\u00f3n entre las Dependencias y Entidades de la Administraci\u00f3n P\u00fablica y los tres niveles de gobierno; que conduzcan a generar espacios de di\u00e1logo permanente, a fin de respetar la pluriculturalidad, la autonom\u00eda de las comunidades y pueblos originarios y la igualdad de oportunidades para las y los oaxaque\u00f1os.<\/p>\n<p>&nbsp;<\/p>\n<h2><img loading=\"lazy\" decoding=\"async\" class=\"aligncenter wp-image-15416 size-full\" src=\"https:\/\/www.oaxaca.gob.mx\/sego\/wp-content\/uploads\/sites\/74\/2023\/08\/separador-13.png\" alt=\"\" width=\"1264\" height=\"81\" srcset=\"https:\/\/www.oaxaca.gob.mx\/sego\/wp-content\/uploads\/sites\/74\/2023\/08\/separador-13.png 1264w, https:\/\/www.oaxaca.gob.mx\/sego\/wp-content\/uploads\/sites\/74\/2023\/08\/separador-13-300x19.png 300w, https:\/\/www.oaxaca.gob.mx\/sego\/wp-content\/uploads\/sites\/74\/2023\/08\/separador-13-1024x66.png 1024w, https:\/\/www.oaxaca.gob.mx\/sego\/wp-content\/uploads\/sites\/74\/2023\/08\/separador-13-768x49.png 768w\" sizes=\"auto, (max-width: 1264px) 100vw, 1264px\" \/><\/h2>\n<h2><\/h2>\n<h2 style=\"text-align: center\"><strong>Visi\u00f3n<\/strong><\/h2>\n<p class=\"p2\">Garantizar la estabilidad pol\u00edtica y social en el Estado, como base para el desarrollo sostenible, con mecanismos de participaci\u00f3n pol\u00edtica que tengan como sustento la construcci\u00f3n del di\u00e1logo respetuoso propiciando la concertaci\u00f3n entre el Gobierno y la sociedad dentro de un Estado de Derecho, y as\u00ed lograr una cultura de paz y justicia.<\/p>\n<p>&nbsp;<\/p>\n<h2><img loading=\"lazy\" decoding=\"async\" class=\"aligncenter wp-image-15416 size-full\" src=\"https:\/\/www.oaxaca.gob.mx\/sego\/wp-content\/uploads\/sites\/74\/2023\/08\/separador-13.png\" alt=\"\" width=\"1264\" height=\"81\" srcset=\"https:\/\/www.oaxaca.gob.mx\/sego\/wp-content\/uploads\/sites\/74\/2023\/08\/separador-13.png 1264w, https:\/\/www.oaxaca.gob.mx\/sego\/wp-content\/uploads\/sites\/74\/2023\/08\/separador-13-300x19.png 300w, https:\/\/www.oaxaca.gob.mx\/sego\/wp-content\/uploads\/sites\/74\/2023\/08\/separador-13-1024x66.png 1024w, https:\/\/www.oaxaca.gob.mx\/sego\/wp-content\/uploads\/sites\/74\/2023\/08\/separador-13-768x49.png 768w\" sizes=\"auto, (max-width: 1264px) 100vw, 1264px\" \/><\/h2>\n<p>&nbsp;<\/p>\n<h2 style=\"text-align: center\"><strong>Objetivo general<\/strong><\/h2>\n<p class=\"p2\">Garantizar estabilidad pol\u00edtica en el Estado de Oaxaca, mediante la pronta y efectiva resoluci\u00f3n de conflictos pol\u00edticos y\/o sociales, fomentando una cultura de paz y bienestar, para la gobernabilidad duradera en la sociedad oaxaque\u00f1a.<\/p>\n<h2><img loading=\"lazy\" decoding=\"async\" class=\"aligncenter wp-image-15416 size-full\" src=\"https:\/\/www.oaxaca.gob.mx\/sego\/wp-content\/uploads\/sites\/74\/2023\/08\/separador-13.png\" alt=\"\" width=\"1264\" height=\"81\" srcset=\"https:\/\/www.oaxaca.gob.mx\/sego\/wp-content\/uploads\/sites\/74\/2023\/08\/separador-13.png 1264w, https:\/\/www.oaxaca.gob.mx\/sego\/wp-content\/uploads\/sites\/74\/2023\/08\/separador-13-300x19.png 300w, https:\/\/www.oaxaca.gob.mx\/sego\/wp-content\/uploads\/sites\/74\/2023\/08\/separador-13-1024x66.png 1024w, https:\/\/www.oaxaca.gob.mx\/sego\/wp-content\/uploads\/sites\/74\/2023\/08\/separador-13-768x49.png 768w\" sizes=\"auto, (max-width: 1264px) 100vw, 1264px\" \/><\/h2>\n<h2 style=\"text-align: center\"><strong>Atribuciones<\/strong><\/h2>\n<p class=\"p2\">Las atribuciones de la Secretar\u00eda de Gobierno se encuentran establecidas en el art\u00edculo 34 de la Ley Org\u00e1nica del Poder Ejecutivo del Estado de Oaxaca, ce\u00f1ido a lo establecido en la Constituci\u00f3n Pol\u00edtica del Estado Libre y Soberano de Oaxaca.<\/p>\n<p>&nbsp;<\/p>\n<p>&nbsp;<\/p>\n<p>&nbsp;<\/p>\n<h2><img loading=\"lazy\" decoding=\"async\" class=\"aligncenter wp-image-15417 size-full\" src=\"https:\/\/www.oaxaca.gob.mx\/sego\/wp-content\/uploads\/sites\/74\/2023\/08\/Cintillo-14.png\" alt=\"\" width=\"1682\" height=\"107\" srcset=\"https:\/\/www.oaxaca.gob.mx\/sego\/wp-content\/uploads\/sites\/74\/2023\/08\/Cintillo-14.png 1682w, https:\/\/www.oaxaca.gob.mx\/sego\/wp-content\/uploads\/sites\/74\/2023\/08\/Cintillo-14-300x19.png 300w, https:\/\/www.oaxaca.gob.mx\/sego\/wp-content\/uploads\/sites\/74\/2023\/08\/Cintillo-14-1024x65.png 1024w, https:\/\/www.oaxaca.gob.mx\/sego\/wp-content\/uploads\/sites\/74\/2023\/08\/Cintillo-14-768x49.png 768w, https:\/\/www.oaxaca.gob.mx\/sego\/wp-content\/uploads\/sites\/74\/2023\/08\/Cintillo-14-1536x98.png 1536w\" sizes=\"auto, (max-width: 1682px) 100vw, 1682px\" \/><\/h2>\n","protected":false},"excerpt":{"rendered":"<p>Misi\u00f3n Fortalecer la pol\u00edtica interior y la gobernabilidad en el Estado, mediante la coordinaci\u00f3n entre las Dependencias y Entidades de la Administraci\u00f3n P\u00fablica y los tres niveles de gobierno; que conduzcan a generar espacios de di\u00e1logo permanente, a fin de respetar la pluriculturalidad, la autonom\u00eda de las comunidades y pueblos originarios y la igualdad de [&hellip;]<\/p>\n","protected":false},"author":1,"featured_media":0,"parent":0,"menu_order":0,"comment_status":"closed","ping_status":"closed","template":"","meta":{"episode_type":"","audio_file":"","podmotor_file_id":"","podmotor_episode_id":"","cover_image":"","cover_image_id":"","duration":"","filesize":"","filesize_raw":"","date_recorded":"","explicit":"","block":"","itunes_episode_number":"","itunes_title":"","itunes_season_number":"","itunes_episode_type":"","footnotes":""},"categories":[],"tags":[],"class_list":["post-3099","page","type-page","status-publish","hentry"],"acf":[],"publishpress_future_action":{"enabled":false,"date":"2026-05-19 11:33:51","action":"change-status","newStatus":"draft","terms":[],"taxonomy":"category","extraData":[]},"publishpress_future_workflow_manual_trigger":{"enabledWorkflows":[]},"_links":{"self":[{"href":"https:\/\/www.oaxaca.gob.mx\/sego\/wp-json\/wp\/v2\/pages\/3099","targetHints":{"allow":["GET"]}}],"collection":[{"href":"https:\/\/www.oaxaca.gob.mx\/sego\/wp-json\/wp\/v2\/pages"}],"about":[{"href":"https:\/\/www.oaxaca.gob.mx\/sego\/wp-json\/wp\/v2\/types\/page"}],"author":[{"embeddable":true,"href":"https:\/\/www.oaxaca.gob.mx\/sego\/wp-json\/wp\/v2\/users\/1"}],"replies":[{"embeddable":true,"href":"https:\/\/www.oaxaca.gob.mx\/sego\/wp-json\/wp\/v2\/comments?post=3099"}],"version-history":[{"count":2,"href":"https:\/\/www.oaxaca.gob.mx\/sego\/wp-json\/wp\/v2\/pages\/3099\/revisions"}],"predecessor-version":[{"id":15415,"href":"https:\/\/www.oaxaca.gob.mx\/sego\/wp-json\/wp\/v2\/pages\/3099\/revisions\/15415"}],"wp:attachment":[{"href":"https:\/\/www.oaxaca.gob.mx\/sego\/wp-json\/wp\/v2\/media?parent=3099"}],"wp:term":[{"taxonomy":"category","embeddable":true,"href":"https:\/\/www.oaxaca.gob.mx\/sego\/wp-json\/wp\/v2\/categories?post=3099"},{"taxonomy":"post_tag","embeddable":true,"href":"https:\/\/www.oaxaca.gob.mx\/sego\/wp-json\/wp\/v2\/tags?post=3099"}],"curies":[{"name":"wp","href":"https:\/\/api.w.org\/{rel}","templated":true}]}}