{"id":2061,"date":"2018-05-22T14:54:22","date_gmt":"2018-05-22T20:54:22","guid":{"rendered":"http:\/\/www.segego.oaxaca.gob.mx\/?page_id=2061"},"modified":"2018-05-22T14:54:22","modified_gmt":"2018-05-22T20:54:22","slug":"articulo-71-primer-trimestre-2018","status":"publish","type":"page","link":"https:\/\/www.oaxaca.gob.mx\/sego\/articulo-71-primer-trimestre-2018\/","title":{"rendered":"Art\u00edculo 71, Primer Trimestre 2018."},"content":{"rendered":"<p>\t\t\t\t&nbsp;<\/p>\n<table class=\"aligncenter\" style=\"width: 837px;border-color: #000000;background-color: #ffffff\" border=\"5\">\n<tbody>\n<tr style=\"height: 25px\">\n<td style=\"width: 102.567px;text-align: center;height: 25px\"><span style=\"font-size: 14pt\"><em><strong>Fracci\u00f3n<\/strong><\/em><\/span><\/td>\n<td style=\"width: 584.433px;height: 25px;text-align: center\"><span style=\"font-size: 14pt\"><em><strong>Descripci\u00f3n<\/strong><\/em><\/span><\/td>\n<td style=\"width: 127px;text-align: center;height: 25px\"><span style=\"font-size: 14pt\"><em><strong>Formato<\/strong><\/em><\/span><\/td>\n<\/tr>\n<tr style=\"height: 25px\">\n<td style=\"text-align: center;width: 102.567px;height: 25px\"><span style=\"font-family: tahoma,arial,helvetica,sans-serif\"><strong>A1<\/strong><\/span><\/td>\n<td style=\"width: 584.433px;height: 25px;padding-left: 30px\"><span style=\"font-family: courier new,courier,monospace\">Hipevinculo al Plan Nacional de Desarollo.<\/span><\/td>\n<td style=\"width: 127px;height: 25px;text-align: center\"><a href=\"https:\/\/www.oaxaca.gob.mx\/segego\/wp-content\/uploads\/sites\/74\/2018\/05\/1T18_A71A1.xlsx\"><img loading=\"lazy\" decoding=\"async\" class=\"aligncenter wp-image-307\" src=\"https:\/\/www.oaxaca.gob.mx\/segego\/wp-content\/uploads\/sites\/74\/2018\/05\/d.file_32.png\" alt=\"\" width=\"40\" height=\"33\" \/><\/a><\/td>\n<\/tr>\n<tr style=\"height: 25px\">\n<td style=\"text-align: center;width: 102.567px;height: 25px\"><span style=\"font-family: tahoma,arial,helvetica,sans-serif\"><strong>B1<\/strong><\/span><\/td>\n<td style=\"width: 584.433px;height: 25px;padding-left: 30px\"><span style=\"font-family: courier new,courier,monospace\">Presupuesto de Egresos.<\/span><\/td>\n<td style=\"width: 127px;height: 25px;text-align: center\"><a href=\"https:\/\/www.oaxaca.gob.mx\/segego\/wp-content\/uploads\/sites\/74\/2018\/05\/1T18_A71B1.xlsx\"><img loading=\"lazy\" decoding=\"async\" class=\"aligncenter wp-image-307\" src=\"https:\/\/www.oaxaca.gob.mx\/segego\/wp-content\/uploads\/sites\/74\/2018\/05\/d.file_32.png\" alt=\"\" width=\"40\" height=\"33\" \/><\/a><\/td>\n<\/tr>\n<tr style=\"height: 25px\">\n<td style=\"text-align: center;width: 102.567px;height: 25px\"><span style=\"font-family: tahoma,arial,helvetica,sans-serif\"><strong>B2<\/strong><\/span><\/td>\n<td style=\"width: 584.433px;height: 25px;padding-left: 30px\"><span style=\"font-family: courier new,courier,monospace\">Egresos y formulas de distribuci\u00f3n de los recursos.<\/span><\/td>\n<td style=\"width: 127px;height: 25px;text-align: center\"><a href=\"https:\/\/www.oaxaca.gob.mx\/segego\/wp-content\/uploads\/sites\/74\/2018\/05\/1T18_A71B2.xlsx\"><img loading=\"lazy\" decoding=\"async\" class=\"aligncenter wp-image-307\" src=\"https:\/\/www.oaxaca.gob.mx\/segego\/wp-content\/uploads\/sites\/74\/2018\/05\/d.file_32.png\" alt=\"\" width=\"40\" height=\"33\" \/><\/a><\/td>\n<\/tr>\n<tr style=\"height: 25px\">\n<td style=\"text-align: center;width: 102.567px;height: 25px\"><span style=\"font-family: tahoma,arial,helvetica,sans-serif\"><strong>C1<\/strong><\/span><\/td>\n<td style=\"width: 584.433px;height: 25px;padding-left: 30px\"><span style=\"font-family: courier new,courier,monospace\">Hiperv\u00ednculo a los estados de expropiaciones.<\/span><\/td>\n<td style=\"width: 127px;height: 25px;text-align: center\"><a href=\"https:\/\/www.oaxaca.gob.mx\/segego\/wp-content\/uploads\/sites\/74\/2018\/05\/1T18_A71C1.xlsx\"><img loading=\"lazy\" decoding=\"async\" class=\"aligncenter wp-image-307\" src=\"https:\/\/www.oaxaca.gob.mx\/segego\/wp-content\/uploads\/sites\/74\/2018\/05\/d.file_32.png\" alt=\"\" width=\"40\" height=\"33\" \/><\/a><\/td>\n<\/tr>\n<tr style=\"height: 25px\">\n<td style=\"text-align: center;width: 102.567px;height: 25px\"><span style=\"font-family: tahoma,arial,helvetica,sans-serif\"><strong>D1<\/strong><\/span><\/td>\n<td style=\"width: 584.433px;height: 25px;padding-left: 30px\"><span style=\"font-family: courier new,courier,monospace\">Hiperv\u00ednculo a las Cancelaciones y condonaciones fiscales.<\/span><\/td>\n<td style=\"width: 127px;height: 25px;text-align: center\"><a href=\"https:\/\/www.oaxaca.gob.mx\/segego\/wp-content\/uploads\/sites\/74\/2018\/05\/1T18_A71D1.xlsx\"><img loading=\"lazy\" decoding=\"async\" class=\"aligncenter wp-image-307\" src=\"https:\/\/www.oaxaca.gob.mx\/segego\/wp-content\/uploads\/sites\/74\/2018\/05\/d.file_32.png\" alt=\"\" width=\"40\" height=\"33\" \/><\/a><\/td>\n<\/tr>\n<tr style=\"height: 25px\">\n<td style=\"text-align: center;width: 102.567px;height: 25px\"><span style=\"font-family: tahoma,arial,helvetica,sans-serif\"><strong>E1<\/strong><\/span><\/td>\n<td style=\"width: 584.433px;height: 25px;padding-left: 30px\"><span style=\"font-family: courier new,courier,monospace\">Hiperv\u00ednculo a la informaci\u00f3n de corredores y Notarias P\u00fablicas.<\/span><\/td>\n<td style=\"width: 127px;height: 25px;text-align: center\"><a href=\"https:\/\/www.oaxaca.gob.mx\/segego\/wp-content\/uploads\/sites\/74\/2018\/05\/1T18_A71E1.xlsx\"><img loading=\"lazy\" decoding=\"async\" class=\"aligncenter wp-image-307\" src=\"https:\/\/www.oaxaca.gob.mx\/segego\/wp-content\/uploads\/sites\/74\/2018\/05\/d.file_32.png\" alt=\"\" width=\"40\" height=\"33\" \/><\/a><\/td>\n<\/tr>\n<tr style=\"height: 25px\">\n<td style=\"text-align: center;width: 102.567px;height: 25px\"><span style=\"font-family: tahoma,arial,helvetica,sans-serif\"><strong>F1<\/strong><\/span><\/td>\n<td style=\"width: 584.433px;height: 25px;padding-left: 30px\"><span style=\"font-family: courier new,courier,monospace\">Hiperv\u00ednculo a planes de Desarrollo Humano.<\/span><\/td>\n<td style=\"width: 127px;height: 25px;text-align: center\"><a href=\"http:\/\/www.segego.oaxaca.gob.mx\/wp-content\/uploads\/2018\/05\/1T18_A71F1.xlsx\"><img loading=\"lazy\" decoding=\"async\" class=\"aligncenter wp-image-307\" src=\"https:\/\/www.oaxaca.gob.mx\/segego\/wp-content\/uploads\/sites\/74\/2018\/05\/d.file_32.png\" alt=\"\" width=\"40\" height=\"33\" \/><\/a><\/td>\n<\/tr>\n<tr style=\"height: 25px\">\n<td style=\"text-align: center;width: 102.567px;height: 25px\"><span style=\"font-family: tahoma,arial,helvetica,sans-serif\"><strong>G1<\/strong><\/span><\/td>\n<td style=\"width: 584.433px;height: 25px;padding-left: 30px\"><span style=\"font-family: courier new,courier,monospace\">Dispociciones administrativas<\/span><\/td>\n<td style=\"width: 127px;height: 25px;text-align: center\"><a href=\"https:\/\/www.oaxaca.gob.mx\/segego\/wp-content\/uploads\/sites\/74\/2018\/05\/1T18_A71G1.xlsx\"><img loading=\"lazy\" decoding=\"async\" class=\"aligncenter wp-image-307\" src=\"https:\/\/www.oaxaca.gob.mx\/segego\/wp-content\/uploads\/sites\/74\/2018\/05\/d.file_32.png\" alt=\"\" width=\"40\" height=\"33\" \/><\/a><\/td>\n<\/tr>\n<\/tbody>\n<\/table>\n<p>&nbsp;<\/p>\n<div class=\"col-md-3 column sidebar\"><\/div>\n","protected":false},"excerpt":{"rendered":"<p>&nbsp; Fracci\u00f3n Descripci\u00f3n Formato A1 Hipevinculo al Plan Nacional de Desarollo. B1 Presupuesto de Egresos. B2 Egresos y formulas de distribuci\u00f3n de los recursos. C1 Hiperv\u00ednculo a los estados de expropiaciones. D1 Hiperv\u00ednculo a las Cancelaciones y condonaciones fiscales. E1 Hiperv\u00ednculo a la informaci\u00f3n de corredores y Notarias P\u00fablicas. F1 Hiperv\u00ednculo a planes de Desarrollo [&hellip;]<\/p>\n","protected":false},"author":1,"featured_media":0,"parent":0,"menu_order":0,"comment_status":"closed","ping_status":"closed","template":"","meta":{"episode_type":"","audio_file":"","podmotor_file_id":"","podmotor_episode_id":"","cover_image":"","cover_image_id":"","duration":"","filesize":"","filesize_raw":"","date_recorded":"","explicit":"","block":"","itunes_episode_number":"","itunes_title":"","itunes_season_number":"","itunes_episode_type":"","footnotes":""},"categories":[],"tags":[],"class_list":["post-2061","page","type-page","status-publish","hentry"],"acf":[],"publishpress_future_action":{"enabled":false,"date":"2026-05-03 13:35:49","action":"change-status","newStatus":"draft","terms":[],"taxonomy":"category","extraData":[]},"publishpress_future_workflow_manual_trigger":{"enabledWorkflows":[]},"_links":{"self":[{"href":"https:\/\/www.oaxaca.gob.mx\/sego\/wp-json\/wp\/v2\/pages\/2061","targetHints":{"allow":["GET"]}}],"collection":[{"href":"https:\/\/www.oaxaca.gob.mx\/sego\/wp-json\/wp\/v2\/pages"}],"about":[{"href":"https:\/\/www.oaxaca.gob.mx\/sego\/wp-json\/wp\/v2\/types\/page"}],"author":[{"embeddable":true,"href":"https:\/\/www.oaxaca.gob.mx\/sego\/wp-json\/wp\/v2\/users\/1"}],"replies":[{"embeddable":true,"href":"https:\/\/www.oaxaca.gob.mx\/sego\/wp-json\/wp\/v2\/comments?post=2061"}],"version-history":[{"count":0,"href":"https:\/\/www.oaxaca.gob.mx\/sego\/wp-json\/wp\/v2\/pages\/2061\/revisions"}],"wp:attachment":[{"href":"https:\/\/www.oaxaca.gob.mx\/sego\/wp-json\/wp\/v2\/media?parent=2061"}],"wp:term":[{"taxonomy":"category","embeddable":true,"href":"https:\/\/www.oaxaca.gob.mx\/sego\/wp-json\/wp\/v2\/categories?post=2061"},{"taxonomy":"post_tag","embeddable":true,"href":"https:\/\/www.oaxaca.gob.mx\/sego\/wp-json\/wp\/v2\/tags?post=2061"}],"curies":[{"name":"wp","href":"https:\/\/api.w.org\/{rel}","templated":true}]}}