{"id":18712,"date":"2025-01-31T19:59:22","date_gmt":"2025-02-01T01:59:22","guid":{"rendered":"https:\/\/www.oaxaca.gob.mx\/sego\/?page_id=18712"},"modified":"2025-02-06T18:20:34","modified_gmt":"2025-02-07T00:20:34","slug":"viviendo-la-paz-3","status":"publish","type":"page","link":"https:\/\/www.oaxaca.gob.mx\/sego\/viviendo-la-paz-3\/","title":{"rendered":"Viviendo la Paz"},"content":{"rendered":"<p><span style=\"color: #323076\"><b>OBJETIVO<\/b><\/span><\/p>\n<hr \/>\n<p>Educar en la paz a ni\u00f1os, adolescentes y j\u00f3venes creando as\u00ed juventudes l\u00edderes para encontrar a su propio H\u00e9roe sin Capa.<\/p>\n<ul>\n<li><span style=\"color: #323076\"><strong>ACCIONES CLAVE:<\/strong><\/span><\/li>\n<\/ul>\n<ol>\n<li>Semilleros de Juventud (Desde Cecytes, Cobaos Hasta Media y Superior)<\/li>\n<li>Jornadas Sin Droga Salvas tu Vida<\/li>\n<li>Loteria de la Paz<\/li>\n<li>Fomento a La Lectura<\/li>\n<li>Conversatorios Juveniles<\/li>\n<li>Encuentra a tu Heroe Sin Capa ( Impulsa J\u00f3venes Lideres)<\/li>\n<li>Divertirutas<\/li>\n<\/ol>\n<p><img loading=\"lazy\" decoding=\"async\" class=\"aligncenter size-full wp-image-18768\" src=\"https:\/\/www.oaxaca.gob.mx\/sego\/wp-content\/uploads\/sites\/74\/2025\/02\/MAPEO-WEB-SEGO-09.png\" alt=\"\" width=\"945\" height=\"532\" srcset=\"https:\/\/www.oaxaca.gob.mx\/sego\/wp-content\/uploads\/sites\/74\/2025\/02\/MAPEO-WEB-SEGO-09.png 945w, https:\/\/www.oaxaca.gob.mx\/sego\/wp-content\/uploads\/sites\/74\/2025\/02\/MAPEO-WEB-SEGO-09-300x169.png 300w, https:\/\/www.oaxaca.gob.mx\/sego\/wp-content\/uploads\/sites\/74\/2025\/02\/MAPEO-WEB-SEGO-09-768x432.png 768w\" sizes=\"auto, (max-width: 945px) 100vw, 945px\" \/><\/p>\n","protected":false},"excerpt":{"rendered":"<p>OBJETIVO Educar en la paz a ni\u00f1os, adolescentes y j\u00f3venes creando as\u00ed juventudes l\u00edderes para encontrar a su propio H\u00e9roe sin Capa. ACCIONES CLAVE: Semilleros de Juventud (Desde Cecytes, Cobaos Hasta Media y Superior) Jornadas Sin Droga Salvas tu Vida Loteria de la Paz Fomento a La Lectura Conversatorios Juveniles Encuentra a tu Heroe Sin [&hellip;]<\/p>\n","protected":false},"author":1,"featured_media":18720,"parent":0,"menu_order":0,"comment_status":"closed","ping_status":"closed","template":"","meta":{"episode_type":"","audio_file":"","podmotor_file_id":"","podmotor_episode_id":"","cover_image":"","cover_image_id":"","duration":"","filesize":"","filesize_raw":"","date_recorded":"","explicit":"","block":"","itunes_episode_number":"","itunes_title":"","itunes_season_number":"","itunes_episode_type":"","footnotes":""},"categories":[42],"tags":[],"class_list":["post-18712","page","type-page","status-publish","has-post-thumbnail","hentry","category-ejes"],"acf":[],"publishpress_future_action":{"enabled":false,"date":"2026-05-03 13:55:29","action":"change-status","newStatus":"draft","terms":[],"taxonomy":"category","extraData":[]},"publishpress_future_workflow_manual_trigger":{"enabledWorkflows":[]},"_links":{"self":[{"href":"https:\/\/www.oaxaca.gob.mx\/sego\/wp-json\/wp\/v2\/pages\/18712","targetHints":{"allow":["GET"]}}],"collection":[{"href":"https:\/\/www.oaxaca.gob.mx\/sego\/wp-json\/wp\/v2\/pages"}],"about":[{"href":"https:\/\/www.oaxaca.gob.mx\/sego\/wp-json\/wp\/v2\/types\/page"}],"author":[{"embeddable":true,"href":"https:\/\/www.oaxaca.gob.mx\/sego\/wp-json\/wp\/v2\/users\/1"}],"replies":[{"embeddable":true,"href":"https:\/\/www.oaxaca.gob.mx\/sego\/wp-json\/wp\/v2\/comments?post=18712"}],"version-history":[{"count":2,"href":"https:\/\/www.oaxaca.gob.mx\/sego\/wp-json\/wp\/v2\/pages\/18712\/revisions"}],"predecessor-version":[{"id":18778,"href":"https:\/\/www.oaxaca.gob.mx\/sego\/wp-json\/wp\/v2\/pages\/18712\/revisions\/18778"}],"wp:featuredmedia":[{"embeddable":true,"href":"https:\/\/www.oaxaca.gob.mx\/sego\/wp-json\/wp\/v2\/media\/18720"}],"wp:attachment":[{"href":"https:\/\/www.oaxaca.gob.mx\/sego\/wp-json\/wp\/v2\/media?parent=18712"}],"wp:term":[{"taxonomy":"category","embeddable":true,"href":"https:\/\/www.oaxaca.gob.mx\/sego\/wp-json\/wp\/v2\/categories?post=18712"},{"taxonomy":"post_tag","embeddable":true,"href":"https:\/\/www.oaxaca.gob.mx\/sego\/wp-json\/wp\/v2\/tags?post=18712"}],"curies":[{"name":"wp","href":"https:\/\/api.w.org\/{rel}","templated":true}]}}