{"id":18384,"date":"2025-01-14T14:52:04","date_gmt":"2025-01-14T20:52:04","guid":{"rendered":"https:\/\/www.oaxaca.gob.mx\/sego\/?page_id=18384"},"modified":"2025-01-14T14:52:04","modified_gmt":"2025-01-14T20:52:04","slug":"viviendo-la-paz-2","status":"publish","type":"page","link":"https:\/\/www.oaxaca.gob.mx\/sego\/viviendo-la-paz-2\/","title":{"rendered":"Viviendo la Paz"},"content":{"rendered":"<ul>\n<li><b>Objetivo:<\/b> Educar en la paz a ni\u00f1os, adolescentes y j\u00f3venes creando as\u00ed juventudes l\u00edderes para encontrar a su propio H\u00e9roe sin Capa.<\/li>\n<li><b>Acciones Clave:<\/b><\/li>\n<ol>\n<li>Semilleros de Juventud (Desde Cecytes, Cobaos Hasta Media y Superior).<\/li>\n<li>Jornadas Sin Droga Salvas tu Vida.<\/li>\n<li>Loteria de la Paz.<\/li>\n<li>Fomento a La Lectura.<\/li>\n<li>Conversatorios Juveniles.<\/li>\n<li>Encuentra a tu Heroe Sin Capa ( Impulsa J\u00f3venes Lideres).<\/li>\n<li>Divertirutas.<\/li>\n<\/ol>\n<\/ul>\n","protected":false},"excerpt":{"rendered":"<p>Objetivo: Educar en la paz a ni\u00f1os, adolescentes y j\u00f3venes creando as\u00ed juventudes l\u00edderes para encontrar a su propio H\u00e9roe sin Capa. Acciones Clave: Semilleros de Juventud (Desde Cecytes, Cobaos Hasta Media y Superior). Jornadas Sin Droga Salvas tu Vida. Loteria de la Paz. Fomento a La Lectura. Conversatorios Juveniles. Encuentra a tu Heroe Sin [&hellip;]<\/p>\n","protected":false},"author":1,"featured_media":0,"parent":0,"menu_order":0,"comment_status":"closed","ping_status":"closed","template":"","meta":{"episode_type":"","audio_file":"","podmotor_file_id":"","podmotor_episode_id":"","cover_image":"","cover_image_id":"","duration":"","filesize":"","filesize_raw":"","date_recorded":"","explicit":"","block":"","itunes_episode_number":"","itunes_title":"","itunes_season_number":"","itunes_episode_type":"","footnotes":""},"categories":[],"tags":[],"class_list":["post-18384","page","type-page","status-publish","hentry"],"acf":[],"publishpress_future_action":{"enabled":false,"date":"2026-05-03 13:34:58","action":"change-status","newStatus":"draft","terms":[],"taxonomy":"category","extraData":[]},"publishpress_future_workflow_manual_trigger":{"enabledWorkflows":[]},"_links":{"self":[{"href":"https:\/\/www.oaxaca.gob.mx\/sego\/wp-json\/wp\/v2\/pages\/18384","targetHints":{"allow":["GET"]}}],"collection":[{"href":"https:\/\/www.oaxaca.gob.mx\/sego\/wp-json\/wp\/v2\/pages"}],"about":[{"href":"https:\/\/www.oaxaca.gob.mx\/sego\/wp-json\/wp\/v2\/types\/page"}],"author":[{"embeddable":true,"href":"https:\/\/www.oaxaca.gob.mx\/sego\/wp-json\/wp\/v2\/users\/1"}],"replies":[{"embeddable":true,"href":"https:\/\/www.oaxaca.gob.mx\/sego\/wp-json\/wp\/v2\/comments?post=18384"}],"version-history":[{"count":1,"href":"https:\/\/www.oaxaca.gob.mx\/sego\/wp-json\/wp\/v2\/pages\/18384\/revisions"}],"predecessor-version":[{"id":18385,"href":"https:\/\/www.oaxaca.gob.mx\/sego\/wp-json\/wp\/v2\/pages\/18384\/revisions\/18385"}],"wp:attachment":[{"href":"https:\/\/www.oaxaca.gob.mx\/sego\/wp-json\/wp\/v2\/media?parent=18384"}],"wp:term":[{"taxonomy":"category","embeddable":true,"href":"https:\/\/www.oaxaca.gob.mx\/sego\/wp-json\/wp\/v2\/categories?post=18384"},{"taxonomy":"post_tag","embeddable":true,"href":"https:\/\/www.oaxaca.gob.mx\/sego\/wp-json\/wp\/v2\/tags?post=18384"}],"curies":[{"name":"wp","href":"https:\/\/api.w.org\/{rel}","templated":true}]}}