{"id":18381,"date":"2025-01-14T14:48:56","date_gmt":"2025-01-14T20:48:56","guid":{"rendered":"https:\/\/www.oaxaca.gob.mx\/sego\/?page_id=18381"},"modified":"2025-02-06T18:16:44","modified_gmt":"2025-02-07T00:16:44","slug":"pa-las-oaxaquenas","status":"publish","type":"page","link":"https:\/\/www.oaxaca.gob.mx\/sego\/pa-las-oaxaquenas\/","title":{"rendered":"Pa\u2019 las Oaxaque\u00f1as"},"content":{"rendered":"<p><span style=\"color: #8d2f6e\"><b>OBJETIVO<\/b><\/span><\/p>\n<hr \/>\n<p>Fomenta la autonom\u00eda, liderazgo y participaci\u00f3n de las mujeres mediante acciones alineadas con la Esfera de Beijing, como Pa&#8217; las Oaxaque\u00f1as Libres, Municipios Seguros, Autocuidado desde la Gobernabilidad y Foros de Participaci\u00f3n Decidida, generando espacios de voz y decisi\u00f3n para ellas.<\/p>\n<ul>\n<li><span style=\"color: #8d2f6e\"><b>ACCIONES CLAVE:<\/b><\/span>\n<ol>\n<li>Construcci\u00f3n de una Agenda De Gobernabilidad por y para las Mujeres del Estado de Oaxaca.<\/li>\n<li>Foros de Participaci\u00f3n Decidida para las Mujeres.<\/li>\n<li>Herramientas de Autocuidado y Gobernabilidad.<\/li>\n<li>Pa Las Oaxaque\u00f1as Libres, Municipios Seguros.<\/li>\n<li>Prevenci\u00f3n de las Violencias de G\u00e9nero desde el Enfoque de Cultura de Paz.<\/li>\n<\/ol>\n<\/li>\n<\/ul>\n<p><img loading=\"lazy\" decoding=\"async\" class=\"aligncenter size-full wp-image-18767\" src=\"https:\/\/www.oaxaca.gob.mx\/sego\/wp-content\/uploads\/sites\/74\/2025\/02\/MAPEO-WEB-SEGO-08.png\" alt=\"\" width=\"945\" height=\"532\" srcset=\"https:\/\/www.oaxaca.gob.mx\/sego\/wp-content\/uploads\/sites\/74\/2025\/02\/MAPEO-WEB-SEGO-08.png 945w, https:\/\/www.oaxaca.gob.mx\/sego\/wp-content\/uploads\/sites\/74\/2025\/02\/MAPEO-WEB-SEGO-08-300x169.png 300w, https:\/\/www.oaxaca.gob.mx\/sego\/wp-content\/uploads\/sites\/74\/2025\/02\/MAPEO-WEB-SEGO-08-768x432.png 768w\" sizes=\"auto, (max-width: 945px) 100vw, 945px\" \/><\/p>\n","protected":false},"excerpt":{"rendered":"<p>OBJETIVO Fomenta la autonom\u00eda, liderazgo y participaci\u00f3n de las mujeres mediante acciones alineadas con la Esfera de Beijing, como Pa&#8217; las Oaxaque\u00f1as Libres, Municipios Seguros, Autocuidado desde la Gobernabilidad y Foros de Participaci\u00f3n Decidida, generando espacios de voz y decisi\u00f3n para ellas. ACCIONES CLAVE: Construcci\u00f3n de una Agenda De Gobernabilidad por y para las Mujeres [&hellip;]<\/p>\n","protected":false},"author":1,"featured_media":18718,"parent":0,"menu_order":0,"comment_status":"closed","ping_status":"closed","template":"","meta":{"episode_type":"","audio_file":"","podmotor_file_id":"","podmotor_episode_id":"","cover_image":"","cover_image_id":"","duration":"","filesize":"","filesize_raw":"","date_recorded":"","explicit":"","block":"","itunes_episode_number":"","itunes_title":"","itunes_season_number":"","itunes_episode_type":"","footnotes":""},"categories":[42],"tags":[],"class_list":["post-18381","page","type-page","status-publish","has-post-thumbnail","hentry","category-ejes"],"acf":[],"publishpress_future_action":{"enabled":false,"date":"2026-05-03 13:56:12","action":"change-status","newStatus":"draft","terms":[],"taxonomy":"category","extraData":[]},"publishpress_future_workflow_manual_trigger":{"enabledWorkflows":[]},"_links":{"self":[{"href":"https:\/\/www.oaxaca.gob.mx\/sego\/wp-json\/wp\/v2\/pages\/18381","targetHints":{"allow":["GET"]}}],"collection":[{"href":"https:\/\/www.oaxaca.gob.mx\/sego\/wp-json\/wp\/v2\/pages"}],"about":[{"href":"https:\/\/www.oaxaca.gob.mx\/sego\/wp-json\/wp\/v2\/types\/page"}],"author":[{"embeddable":true,"href":"https:\/\/www.oaxaca.gob.mx\/sego\/wp-json\/wp\/v2\/users\/1"}],"replies":[{"embeddable":true,"href":"https:\/\/www.oaxaca.gob.mx\/sego\/wp-json\/wp\/v2\/comments?post=18381"}],"version-history":[{"count":2,"href":"https:\/\/www.oaxaca.gob.mx\/sego\/wp-json\/wp\/v2\/pages\/18381\/revisions"}],"predecessor-version":[{"id":18774,"href":"https:\/\/www.oaxaca.gob.mx\/sego\/wp-json\/wp\/v2\/pages\/18381\/revisions\/18774"}],"wp:featuredmedia":[{"embeddable":true,"href":"https:\/\/www.oaxaca.gob.mx\/sego\/wp-json\/wp\/v2\/media\/18718"}],"wp:attachment":[{"href":"https:\/\/www.oaxaca.gob.mx\/sego\/wp-json\/wp\/v2\/media?parent=18381"}],"wp:term":[{"taxonomy":"category","embeddable":true,"href":"https:\/\/www.oaxaca.gob.mx\/sego\/wp-json\/wp\/v2\/categories?post=18381"},{"taxonomy":"post_tag","embeddable":true,"href":"https:\/\/www.oaxaca.gob.mx\/sego\/wp-json\/wp\/v2\/tags?post=18381"}],"curies":[{"name":"wp","href":"https:\/\/api.w.org\/{rel}","templated":true}]}}