{"id":18091,"date":"2024-10-23T15:16:26","date_gmt":"2024-10-23T21:16:26","guid":{"rendered":"https:\/\/www.oaxaca.gob.mx\/sego\/?page_id=18091"},"modified":"2024-11-11T16:54:44","modified_gmt":"2024-11-11T22:54:44","slug":"31-concurso-nacional-de-dibujo-y-pintura-infantil-y-juvenil-2024","status":"publish","type":"page","link":"https:\/\/www.oaxaca.gob.mx\/sego\/31-concurso-nacional-de-dibujo-y-pintura-infantil-y-juvenil-2024\/","title":{"rendered":"31\u00b0 Concurso Nacional de Dibujo y Pintura Infantil y Juvenil 2024"},"content":{"rendered":"<h2><img loading=\"lazy\" decoding=\"async\" class=\"aligncenter size-full wp-image-18133\" src=\"https:\/\/www.oaxaca.gob.mx\/sego\/wp-content\/uploads\/sites\/74\/2024\/11\/Baner-Forms-1.png\" alt=\"\" width=\"1600\" height=\"400\" srcset=\"https:\/\/www.oaxaca.gob.mx\/sego\/wp-content\/uploads\/sites\/74\/2024\/11\/Baner-Forms-1.png 1600w, https:\/\/www.oaxaca.gob.mx\/sego\/wp-content\/uploads\/sites\/74\/2024\/11\/Baner-Forms-1-300x75.png 300w, https:\/\/www.oaxaca.gob.mx\/sego\/wp-content\/uploads\/sites\/74\/2024\/11\/Baner-Forms-1-1024x256.png 1024w, https:\/\/www.oaxaca.gob.mx\/sego\/wp-content\/uploads\/sites\/74\/2024\/11\/Baner-Forms-1-768x192.png 768w, https:\/\/www.oaxaca.gob.mx\/sego\/wp-content\/uploads\/sites\/74\/2024\/11\/Baner-Forms-1-1536x384.png 1536w\" sizes=\"auto, (max-width: 1600px) 100vw, 1600px\" \/><\/h2>\n<h1><\/h1>\n<h1 style=\"text-align: center\"><span style=\"color: #993300\">Resultados del Concurso<\/span><\/h1>\n<p style=\"text-align: center\">Tras una exhaustiva evaluaci\u00f3n por parte de nuestro panel de jueces, compuesto por expertos en arte y cultura, se han seleccionado a los ganadores de las distintas categor\u00edas. A continuaci\u00f3n, presentamos a los artistas premiados que destacaron por su creatividad, t\u00e9cnica y mensaje:<\/p>\n<p>&nbsp;<\/p>\n<div class=\"su-row\"><div class=\"su-column su-column-size-1-2\"><div class=\"su-column-inner su-u-clearfix su-u-trim\">\n<p>&nbsp;<\/p>\n<p><img loading=\"lazy\" decoding=\"async\" class=\"aligncenter size-full wp-image-18128\" src=\"https:\/\/www.oaxaca.gob.mx\/sego\/wp-content\/uploads\/sites\/74\/2024\/11\/6-a-9.png\" alt=\"\" width=\"1080\" height=\"1080\" srcset=\"https:\/\/www.oaxaca.gob.mx\/sego\/wp-content\/uploads\/sites\/74\/2024\/11\/6-a-9.png 1080w, https:\/\/www.oaxaca.gob.mx\/sego\/wp-content\/uploads\/sites\/74\/2024\/11\/6-a-9-300x300.png 300w, https:\/\/www.oaxaca.gob.mx\/sego\/wp-content\/uploads\/sites\/74\/2024\/11\/6-a-9-1024x1024.png 1024w, https:\/\/www.oaxaca.gob.mx\/sego\/wp-content\/uploads\/sites\/74\/2024\/11\/6-a-9-150x150.png 150w, https:\/\/www.oaxaca.gob.mx\/sego\/wp-content\/uploads\/sites\/74\/2024\/11\/6-a-9-768x768.png 768w\" sizes=\"auto, (max-width: 1080px) 100vw, 1080px\" \/><\/p>\n<p>&nbsp;<\/p>\n<\/div><\/div> <div class=\"su-column su-column-size-1-2\"><div class=\"su-column-inner su-u-clearfix su-u-trim\">\n<p>&nbsp;<\/p>\n<p><img loading=\"lazy\" decoding=\"async\" class=\"aligncenter size-full wp-image-18130\" src=\"https:\/\/www.oaxaca.gob.mx\/sego\/wp-content\/uploads\/sites\/74\/2024\/11\/10-a-12.png\" alt=\"\" width=\"1080\" height=\"1080\" srcset=\"https:\/\/www.oaxaca.gob.mx\/sego\/wp-content\/uploads\/sites\/74\/2024\/11\/10-a-12.png 1080w, https:\/\/www.oaxaca.gob.mx\/sego\/wp-content\/uploads\/sites\/74\/2024\/11\/10-a-12-300x300.png 300w, https:\/\/www.oaxaca.gob.mx\/sego\/wp-content\/uploads\/sites\/74\/2024\/11\/10-a-12-1024x1024.png 1024w, https:\/\/www.oaxaca.gob.mx\/sego\/wp-content\/uploads\/sites\/74\/2024\/11\/10-a-12-150x150.png 150w, https:\/\/www.oaxaca.gob.mx\/sego\/wp-content\/uploads\/sites\/74\/2024\/11\/10-a-12-768x768.png 768w\" sizes=\"auto, (max-width: 1080px) 100vw, 1080px\" \/><\/p>\n<p>&nbsp;<\/p>\n<\/div><\/div><\/div>\n<p>&nbsp;<\/p>\n<div class=\"su-row\"><div class=\"su-column su-column-size-1-2\"><div class=\"su-column-inner su-u-clearfix su-u-trim\">\n<p>&nbsp;<\/p>\n<p><img loading=\"lazy\" decoding=\"async\" class=\"aligncenter size-full wp-image-18131\" src=\"https:\/\/www.oaxaca.gob.mx\/sego\/wp-content\/uploads\/sites\/74\/2024\/11\/13-a-15.png\" alt=\"\" width=\"1080\" height=\"1080\" srcset=\"https:\/\/www.oaxaca.gob.mx\/sego\/wp-content\/uploads\/sites\/74\/2024\/11\/13-a-15.png 1080w, https:\/\/www.oaxaca.gob.mx\/sego\/wp-content\/uploads\/sites\/74\/2024\/11\/13-a-15-300x300.png 300w, https:\/\/www.oaxaca.gob.mx\/sego\/wp-content\/uploads\/sites\/74\/2024\/11\/13-a-15-1024x1024.png 1024w, https:\/\/www.oaxaca.gob.mx\/sego\/wp-content\/uploads\/sites\/74\/2024\/11\/13-a-15-150x150.png 150w, https:\/\/www.oaxaca.gob.mx\/sego\/wp-content\/uploads\/sites\/74\/2024\/11\/13-a-15-768x768.png 768w\" sizes=\"auto, (max-width: 1080px) 100vw, 1080px\" \/><\/p>\n<\/div><\/div> <div class=\"su-column su-column-size-1-2\"><div class=\"su-column-inner su-u-clearfix su-u-trim\">\n<p>&nbsp;<\/p>\n<p><img loading=\"lazy\" decoding=\"async\" class=\"aligncenter size-full wp-image-18132\" src=\"https:\/\/www.oaxaca.gob.mx\/sego\/wp-content\/uploads\/sites\/74\/2024\/11\/16-a-19.png\" alt=\"\" width=\"1080\" height=\"1080\" srcset=\"https:\/\/www.oaxaca.gob.mx\/sego\/wp-content\/uploads\/sites\/74\/2024\/11\/16-a-19.png 1080w, https:\/\/www.oaxaca.gob.mx\/sego\/wp-content\/uploads\/sites\/74\/2024\/11\/16-a-19-300x300.png 300w, https:\/\/www.oaxaca.gob.mx\/sego\/wp-content\/uploads\/sites\/74\/2024\/11\/16-a-19-1024x1024.png 1024w, https:\/\/www.oaxaca.gob.mx\/sego\/wp-content\/uploads\/sites\/74\/2024\/11\/16-a-19-150x150.png 150w, https:\/\/www.oaxaca.gob.mx\/sego\/wp-content\/uploads\/sites\/74\/2024\/11\/16-a-19-768x768.png 768w\" sizes=\"auto, (max-width: 1080px) 100vw, 1080px\" \/><\/p>\n<p>&nbsp;<\/p>\n<\/div><\/div><\/div>\n<p>&nbsp;<\/p>\n<p>&nbsp;<\/p>\n","protected":false},"excerpt":{"rendered":"<p>Resultados del Concurso Tras una exhaustiva evaluaci\u00f3n por parte de nuestro panel de jueces, compuesto por expertos en arte y cultura, se han seleccionado a los ganadores de las distintas categor\u00edas. A continuaci\u00f3n, presentamos a los artistas premiados que destacaron por su creatividad, t\u00e9cnica y mensaje: &nbsp; &nbsp; &nbsp; &nbsp;<\/p>\n","protected":false},"author":82,"featured_media":18127,"parent":0,"menu_order":0,"comment_status":"closed","ping_status":"closed","template":"","meta":{"episode_type":"","audio_file":"","podmotor_file_id":"","podmotor_episode_id":"","cover_image":"","cover_image_id":"","duration":"","filesize":"","filesize_raw":"","date_recorded":"","explicit":"","block":"","itunes_episode_number":"","itunes_title":"","itunes_season_number":"","itunes_episode_type":"","footnotes":""},"categories":[29],"tags":[],"class_list":["post-18091","page","type-page","status-publish","has-post-thumbnail","hentry","category-slider-principal"],"acf":[],"publishpress_future_action":{"enabled":false,"date":"2026-05-21 10:16:36","action":"change-status","newStatus":"draft","terms":[],"taxonomy":"category","extraData":[]},"publishpress_future_workflow_manual_trigger":{"enabledWorkflows":[]},"_links":{"self":[{"href":"https:\/\/www.oaxaca.gob.mx\/sego\/wp-json\/wp\/v2\/pages\/18091","targetHints":{"allow":["GET"]}}],"collection":[{"href":"https:\/\/www.oaxaca.gob.mx\/sego\/wp-json\/wp\/v2\/pages"}],"about":[{"href":"https:\/\/www.oaxaca.gob.mx\/sego\/wp-json\/wp\/v2\/types\/page"}],"author":[{"embeddable":true,"href":"https:\/\/www.oaxaca.gob.mx\/sego\/wp-json\/wp\/v2\/users\/82"}],"replies":[{"embeddable":true,"href":"https:\/\/www.oaxaca.gob.mx\/sego\/wp-json\/wp\/v2\/comments?post=18091"}],"version-history":[{"count":2,"href":"https:\/\/www.oaxaca.gob.mx\/sego\/wp-json\/wp\/v2\/pages\/18091\/revisions"}],"predecessor-version":[{"id":18134,"href":"https:\/\/www.oaxaca.gob.mx\/sego\/wp-json\/wp\/v2\/pages\/18091\/revisions\/18134"}],"wp:featuredmedia":[{"embeddable":true,"href":"https:\/\/www.oaxaca.gob.mx\/sego\/wp-json\/wp\/v2\/media\/18127"}],"wp:attachment":[{"href":"https:\/\/www.oaxaca.gob.mx\/sego\/wp-json\/wp\/v2\/media?parent=18091"}],"wp:term":[{"taxonomy":"category","embeddable":true,"href":"https:\/\/www.oaxaca.gob.mx\/sego\/wp-json\/wp\/v2\/categories?post=18091"},{"taxonomy":"post_tag","embeddable":true,"href":"https:\/\/www.oaxaca.gob.mx\/sego\/wp-json\/wp\/v2\/tags?post=18091"}],"curies":[{"name":"wp","href":"https:\/\/api.w.org\/{rel}","templated":true}]}}