{"id":18053,"date":"2024-10-11T13:02:34","date_gmt":"2024-10-11T19:02:34","guid":{"rendered":"https:\/\/www.oaxaca.gob.mx\/sego\/?page_id=18053"},"modified":"2026-04-13T16:55:31","modified_gmt":"2026-04-13T22:55:31","slug":"comite-de-etica","status":"publish","type":"page","link":"https:\/\/www.oaxaca.gob.mx\/sego\/comite-de-etica\/","title":{"rendered":"Comit\u00e9 de \u00c9tica"},"content":{"rendered":"<h2 style=\"text-align: center\"><strong>Documentos del Comit\u00e9 de \u00c9tica<\/strong><\/h2>\r\n<p>&nbsp;<\/p>\r\n<p>&nbsp;<\/p>\r\n<div class=\"su-button-center\"><a href=\"https:\/\/www.oaxaca.gob.mx\/sego\/wp-content\/uploads\/sites\/74\/2024\/02\/1-Codigo-de-Conducta-SEGO-Corregido-Final-revisado-por-SHTFP.pdf\" class=\"su-button su-button-style-glass\" style=\"color:#FFFFFF;background-color:#ab032d;border-color:#890324;border-radius:6px\" target=\"_blank\" rel=\"Lightbox\"><span style=\"color:#FFFFFF;padding:0px 18px;font-size:14px;line-height:28px;border-color:#c54f6c;border-radius:6px;text-shadow:0px 0px 0px #ffffff\"> C\u00f3digo de Conducta<\/span><\/a><\/div>\r\n<p>&nbsp;<\/p>\r\n<div class=\"su-button-center\"><a href=\"https:\/\/www.oaxaca.gob.mx\/sego\/wp-content\/uploads\/sites\/74\/2024\/05\/Formato-de-denuncia.docx\" class=\"su-button su-button-style-glass\" style=\"color:#FFFFFF;background-color:#ab032d;border-color:#890324;border-radius:6px\" target=\"_blank\" rel=\"Lightbox\"><span style=\"color:#FFFFFF;padding:0px 18px;font-size:14px;line-height:28px;border-color:#c54f6c;border-radius:6px;text-shadow:0px 0px 0px #ffffff\"> Formato de Denuncia<\/span><\/a><\/div>\r\n<p>&nbsp;<\/p>\r\n<div class=\"su-button-center\"><a href=\"https:\/\/www.oaxaca.gob.mx\/sego\/wp-content\/uploads\/sites\/74\/2023\/03\/INTEGRANTES-CEPCI.pdf\" class=\"su-button su-button-style-glass\" style=\"color:#FFFFFF;background-color:#ab032d;border-color:#890324;border-radius:6px\" target=\"_blank\" rel=\"Lightbox\"><span style=\"color:#FFFFFF;padding:0px 18px;font-size:14px;line-height:28px;border-color:#c54f6c;border-radius:6px;text-shadow:0px 0px 0px #ffffff\"> Integrantes del CEPCI<\/span><\/a><\/div>\r\n<p>&nbsp;<\/p>\r\n<!-- \/wp:post-content -->\r\n\r\n<!-- wp:heading \/-->\r\n<div class=\"su-button-center\"><a href=\"https:\/\/www.oaxaca.gob.mx\/sego\/wp-content\/uploads\/sites\/74\/2023\/05\/4-Plan-anual-Trab.2023-CEPCI-SEGO-Firmado.pdf\" class=\"su-button su-button-style-glass\" style=\"color:#FFFFFF;background-color:#ab032d;border-color:#890324;border-radius:6px\" target=\"_self\" rel=\"Lightbox\"><span style=\"color:#FFFFFF;padding:0px 18px;font-size:14px;line-height:28px;border-color:#c54f6c;border-radius:6px;text-shadow:0px 0px 0px #ffffff\"> Plan Anual de Trabajo 2023 del Comit\u00e9 de \u00c9tica y de Prevenci\u00f3n de Conflicto de Inter\u00e9s<\/span><\/a><\/div>\r\n<p>&nbsp;<\/p>\r\n<div class=\"su-button-center\"><a href=\"https:\/\/www.oaxaca.gob.mx\/sego\/wp-content\/uploads\/sites\/74\/2024\/09\/PAT-2024-CEPCI-SEGO-Fimado-por-todos.pdf\" class=\"su-button su-button-style-glass\" style=\"color:#FFFFFF;background-color:#ab032d;border-color:#890324;border-radius:6px\" target=\"_self\" rel=\"Lightbox\"><span style=\"color:#FFFFFF;padding:0px 18px;font-size:14px;line-height:28px;border-color:#c54f6c;border-radius:6px;text-shadow:0px 0px 0px #ffffff\"> Plan Anual de Trabajo 2024 del Comit\u00e9 de \u00c9tica y de Prevenci\u00f3n de Conflicto de Inter\u00e9s<\/span><\/a><\/div>\r\n<p>&nbsp;<\/p>\r\n<div class=\"su-button-center\"><a href=\"https:\/\/www.oaxaca.gob.mx\/sego\/wp-content\/uploads\/sites\/74\/2025\/04\/Plan-2025-CEPCI-SEGO-Fimado.pdf\" class=\"su-button su-button-style-glass\" style=\"color:#FFFFFF;background-color:#ab032d;border-color:#890324;border-radius:6px\" target=\"_self\" rel=\"Lightbox\"><span style=\"color:#FFFFFF;padding:0px 18px;font-size:14px;line-height:28px;border-color:#c54f6c;border-radius:6px;text-shadow:0px 0px 0px #ffffff\"> Plan Anual de Trabajo 2025 del Comit\u00e9 de \u00c9tica y de Prevenci\u00f3n de Conflicto de Inter\u00e9s<\/span><\/a><\/div>\r\n<p>&nbsp;<\/p>\r\n<div class=\"su-button-center\"><a href=\"https:\/\/www.oaxaca.gob.mx\/sego\/wp-content\/uploads\/sites\/74\/2026\/04\/PAT-2026-CEPCI-SEGO-Firmado.pdf\" class=\"su-button su-button-style-glass\" style=\"color:#FFFFFF;background-color:#ab032d;border-color:#890324;border-radius:6px\" target=\"_self\" rel=\"Lightbox\"><span style=\"color:#FFFFFF;padding:0px 18px;font-size:14px;line-height:28px;border-color:#c54f6c;border-radius:6px;text-shadow:0px 0px 0px #ffffff\"> Plan Anual de Trabajo 2026 del Comit\u00e9 de \u00c9tica y de Prevenci\u00f3n de Conflicto de Inter\u00e9s<\/span><\/a><\/div>\r\n<p>&nbsp;<\/p>\r\n<div class=\"su-button-center\"><a href=\"https:\/\/www.oaxaca.gob.mx\/sego\/wp-content\/uploads\/sites\/74\/2023\/02\/ACTA-DE-INSTALACION-DEL-CEPCI-7-FEB-2023.pdf\" class=\"su-button su-button-style-glass\" style=\"color:#FFFFFF;background-color:#ab032d;border-color:#890324;border-radius:6px\" target=\"_blank\" rel=\"Lightbox\"><span style=\"color:#FFFFFF;padding:0px 18px;font-size:14px;line-height:28px;border-color:#c54f6c;border-radius:6px;text-shadow:0px 0px 0px #ffffff\"> Acta de Instalaci\u00f3n del CEPCI 7 de febrero 2023<\/span><\/a><\/div>\r\n<p>&nbsp;<\/p>\r\n<div class=\"su-button-center\"><a href=\"https:\/\/www.oaxaca.gob.mx\/sego\/wp-content\/uploads\/sites\/74\/2023\/05\/3-Acta-1\u00b0SO-CEPCI-SEGO-21-abril-2023-Firmada.pdf\" class=\"su-button su-button-style-glass\" style=\"color:#FFFFFF;background-color:#ab032d;border-color:#890324;border-radius:6px\" target=\"_self\" rel=\"Lightbox\"><span style=\"color:#FFFFFF;padding:0px 18px;font-size:14px;line-height:28px;border-color:#c54f6c;border-radius:6px;text-shadow:0px 0px 0px #ffffff\"> Acta de la Primera Sesi\u00f3n Ordinaria 2023 (21\/04\/2023)<\/span><\/a><\/div>\r\n<p>&nbsp;<\/p>\r\n<div class=\"su-button-center\"><a href=\"https:\/\/www.oaxaca.gob.mx\/sego\/wp-content\/uploads\/sites\/74\/2024\/02\/6-Acta-2da.-CEPCI-18-Agosto-2023-Firmada.pdf\" class=\"su-button su-button-style-glass\" style=\"color:#FFFFFF;background-color:#ab032d;border-color:#890324;border-radius:6px\" target=\"_blank\" rel=\"Lightbox\"><span style=\"color:#FFFFFF;padding:0px 18px;font-size:14px;line-height:28px;border-color:#c54f6c;border-radius:6px;text-shadow:0px 0px 0px #ffffff\"> Acta de la Segunda Sesi\u00f3n Ordinaria 2023 (18\/08\/2023)<\/span><\/a><\/div>\r\n<p>&nbsp;<\/p>\r\n<div class=\"su-button-center\"><a href=\"https:\/\/www.oaxaca.gob.mx\/sego\/wp-content\/uploads\/sites\/74\/2024\/02\/7-Acta-3a-SO-CEPCI-SEGO-14-Nov-2023-Firmada.pdf\" class=\"su-button su-button-style-glass\" style=\"color:#FFFFFF;background-color:#ab032d;border-color:#890324;border-radius:6px\" target=\"_blank\" rel=\"Lightbox\"><span style=\"color:#FFFFFF;padding:0px 18px;font-size:14px;line-height:28px;border-color:#c54f6c;border-radius:6px;text-shadow:0px 0px 0px #ffffff\"> Acta de la Tercera Sesi\u00f3n Ordinaria 2023 (14\/11\/2023)<\/span><\/a><\/div>\r\n<p>&nbsp;<\/p>\r\n<div class=\"su-button-center\"><a href=\"https:\/\/www.oaxaca.gob.mx\/sego\/wp-content\/uploads\/sites\/74\/2024\/02\/8-Acta-2a.-Extraord.-CEPCI-SEGO-7-Dic-2023-Firmada.pdf\" class=\"su-button su-button-style-glass\" style=\"color:#FFFFFF;background-color:#ab032d;border-color:#890324;border-radius:6px\" target=\"_blank\" rel=\"Lightbox\"><span style=\"color:#FFFFFF;padding:0px 18px;font-size:14px;line-height:28px;border-color:#c54f6c;border-radius:6px;text-shadow:0px 0px 0px #ffffff\"> Acta de la Segunda Sesi\u00f3n Extraordinaria 2023 (07\/12\/2023)<\/span><\/a><\/div>\r\n<p>&nbsp;<\/p>\r\n<div class=\"su-button-center\"><a href=\"https:\/\/www.oaxaca.gob.mx\/sego\/wp-content\/uploads\/sites\/74\/2024\/09\/Acta-1ra.SO-CEPCI-19-Abril-2024-Firmada.pdf\" class=\"su-button su-button-style-glass\" style=\"color:#FFFFFF;background-color:#ab032d;border-color:#890324;border-radius:6px\" target=\"_blank\" rel=\"Lightbox\"><span style=\"color:#FFFFFF;padding:0px 18px;font-size:14px;line-height:28px;border-color:#c54f6c;border-radius:6px;text-shadow:0px 0px 0px #ffffff\"> Acta de la Primera Sesi\u00f3n Ordinaria 2024 (19\/04\/2024)<\/span><\/a><\/div>\r\n<p>&nbsp;<\/p>\r\n<div class=\"su-button-center\"><a href=\"https:\/\/www.oaxaca.gob.mx\/sego\/wp-content\/uploads\/sites\/74\/2024\/09\/Acta-2a.SO-CEPCI-16-Ago.-2024.pdf\" class=\"su-button su-button-style-glass\" style=\"color:#FFFFFF;background-color:#ab032d;border-color:#890324;border-radius:6px\" target=\"_blank\" rel=\"Lightbox\"><span style=\"color:#FFFFFF;padding:0px 18px;font-size:14px;line-height:28px;border-color:#c54f6c;border-radius:6px;text-shadow:0px 0px 0px #ffffff\"> Acta de la Segunda Sesi\u00f3n Ordinaria 2024 (16\/08\/2024)<\/span><\/a><\/div>\r\n<p>&nbsp;<\/p>\r\n<div class=\"su-button-center\"><a href=\"https:\/\/www.oaxaca.gob.mx\/sego\/wp-content\/uploads\/sites\/74\/2024\/11\/3ra-SESION-CEPCI-2024.pdf\" class=\"su-button su-button-style-glass\" style=\"color:#FFFFFF;background-color:#ab032d;border-color:#890324;border-radius:6px\" target=\"_blank\" rel=\"Lightbox\"><span style=\"color:#FFFFFF;padding:0px 18px;font-size:14px;line-height:28px;border-color:#c54f6c;border-radius:6px;text-shadow:0px 0px 0px #ffffff\"> Acta de la Tercera Sesi\u00f3n Ordinaria 2024 (13\/11\/2024)<\/span><\/a><\/div>\r\n<p>&nbsp;<\/p>\r\n<div class=\"su-button-center\"><a href=\"https:\/\/www.oaxaca.gob.mx\/sego\/wp-content\/uploads\/sites\/74\/2025\/04\/Acta-1ra.-CEPCI-31-Marzo-2025-Firmada.pdf\" class=\"su-button su-button-style-glass\" style=\"color:#FFFFFF;background-color:#ab032d;border-color:#890324;border-radius:6px\" target=\"_blank\" rel=\"Lightbox\"><span style=\"color:#FFFFFF;padding:0px 18px;font-size:14px;line-height:28px;border-color:#c54f6c;border-radius:6px;text-shadow:0px 0px 0px #ffffff\"> Acta de la Primera\u00a0 Sesi\u00f3n Ordinaria 2025 (31\/03\/25)<\/span><\/a><\/div>\r\n<p>&nbsp;<\/p>\r\n<div class=\"su-button-center\"><a href=\"https:\/\/www.oaxaca.gob.mx\/sego\/wp-content\/uploads\/sites\/74\/2025\/08\/Acta-2a.-CEPCI-25-Julio-2025.pdf\" class=\"su-button su-button-style-glass\" style=\"color:#FFFFFF;background-color:#ab032d;border-color:#890324;border-radius:6px\" target=\"_blank\" rel=\"Lightbox\"><span style=\"color:#FFFFFF;padding:0px 18px;font-size:14px;line-height:28px;border-color:#c54f6c;border-radius:6px;text-shadow:0px 0px 0px #ffffff\"> Acta de la Segunda\u00a0 Sesi\u00f3n Ordinaria 2025 (25\/07\/25)<\/span><\/a><\/div>\r\n<p>&nbsp;<\/p>\r\n<div class=\"su-button-center\"><a href=\"https:\/\/www.oaxaca.gob.mx\/sego\/wp-content\/uploads\/sites\/74\/2025\/11\/Acta-3a.CEPI-14-Nov-2025-Firmada.pdf\" class=\"su-button su-button-style-glass\" style=\"color:#FFFFFF;background-color:#ab032d;border-color:#890324;border-radius:6px\" target=\"_blank\" rel=\"Lightbox\"><span style=\"color:#FFFFFF;padding:0px 18px;font-size:14px;line-height:28px;border-color:#c54f6c;border-radius:6px;text-shadow:0px 0px 0px #ffffff\"> Acta de la Tercera\u00a0 Sesi\u00f3n Ordinaria 2025 (14\/11\/25)<\/span><\/a><\/div>\r\n<p>&nbsp;<\/p>\r\n<div class=\"su-button-center\"><a href=\"https:\/\/www.oaxaca.gob.mx\/sego\/wp-content\/uploads\/sites\/74\/2026\/04\/Acta-1a.-Sesion-2026-CEPCI-SEGO-Firmada.pdf\" class=\"su-button su-button-style-glass\" style=\"color:#FFFFFF;background-color:#ab032d;border-color:#890324;border-radius:6px\" target=\"_blank\" rel=\"Lightbox\"><span style=\"color:#FFFFFF;padding:0px 18px;font-size:14px;line-height:28px;border-color:#c54f6c;border-radius:6px;text-shadow:0px 0px 0px #ffffff\"> Acta de la Primera\u00a0 Sesi\u00f3n Ordinaria 2026 (25\/03\/26)<\/span><\/a><\/div>\r\n<p>&nbsp;<\/p>\r\n<div class=\"su-button-center\"><a href=\"https:\/\/www.oaxaca.gob.mx\/sego\/wp-content\/uploads\/sites\/74\/2024\/12\/Informe-2024-CEPCI-SEGO-Firmado.pdf\" class=\"su-button su-button-style-glass\" style=\"color:#FFFFFF;background-color:#ab032d;border-color:#890324;border-radius:6px\" target=\"_self\" rel=\"Lightbox\"><span style=\"color:#FFFFFF;padding:0px 18px;font-size:14px;line-height:28px;border-color:#c54f6c;border-radius:6px;text-shadow:0px 0px 0px #ffffff\"> Informe Anual de Actividades 2024<\/span><\/a><\/div>\r\n<p>&nbsp;<\/p>\r\n<div class=\"su-button-center\"><a href=\"https:\/\/www.oaxaca.gob.mx\/sego\/wp-content\/uploads\/sites\/74\/2026\/01\/Informe-Anual-de-Actividades-2025-CEPCI-SEGO-Firmado.pdf\" class=\"su-button su-button-style-glass\" style=\"color:#FFFFFF;background-color:#ab032d;border-color:#890324;border-radius:6px\" target=\"_self\" rel=\"Lightbox\"><span style=\"color:#FFFFFF;padding:0px 18px;font-size:14px;line-height:28px;border-color:#c54f6c;border-radius:6px;text-shadow:0px 0px 0px #ffffff\"> Informe Anual de Actividades 2025<\/span><\/a><\/div>\r\n<p><!-- \/wp:heading -->\r\n\r\n<!-- wp:heading {\"align\":\"center\"} --><\/p>\r\n<h2 style=\"text-align: center\">\u00a0<\/h2>\r\n<!-- \/wp:heading -->\r\n\r\n<!-- wp:heading {\"align\":\"center\"} -->\r\n<h2 style=\"text-align: center\">\u00a0<\/h2>\r\n<h2 style=\"text-align: center\"><strong>Denuncia ante el Comit\u00e9 de \u00c9tica<\/strong><\/h2>\r\n<p>&nbsp;<\/p>\r\n<p>&nbsp;<\/p>\r\n<p><img loading=\"lazy\" decoding=\"async\" class=\"aligncenter size-full wp-image-17055\" src=\"https:\/\/www.oaxaca.gob.mx\/sego\/wp-content\/uploads\/sites\/74\/2024\/04\/WhatsApp-Image-2024-04-29-at-09.42.08.jpeg\" alt=\"\" width=\"1130\" height=\"1600\" srcset=\"https:\/\/www.oaxaca.gob.mx\/sego\/wp-content\/uploads\/sites\/74\/2024\/04\/WhatsApp-Image-2024-04-29-at-09.42.08.jpeg 1130w, https:\/\/www.oaxaca.gob.mx\/sego\/wp-content\/uploads\/sites\/74\/2024\/04\/WhatsApp-Image-2024-04-29-at-09.42.08-212x300.jpeg 212w, https:\/\/www.oaxaca.gob.mx\/sego\/wp-content\/uploads\/sites\/74\/2024\/04\/WhatsApp-Image-2024-04-29-at-09.42.08-723x1024.jpeg 723w, https:\/\/www.oaxaca.gob.mx\/sego\/wp-content\/uploads\/sites\/74\/2024\/04\/WhatsApp-Image-2024-04-29-at-09.42.08-768x1087.jpeg 768w, https:\/\/www.oaxaca.gob.mx\/sego\/wp-content\/uploads\/sites\/74\/2024\/04\/WhatsApp-Image-2024-04-29-at-09.42.08-1085x1536.jpeg 1085w\" sizes=\"auto, (max-width: 1130px) 100vw, 1130px\" \/> \u00a0 \u00a0<\/p>\r\n<!-- \/wp:heading -->\r\n\r\n<!-- wp:heading -->\r\n<h2>\u00a0<\/h2>\r\n<h2 style=\"text-align: center\">Integridad P\u00fablica<\/h2>\r\n<p>&nbsp;<\/p>\r\n<!-- \/wp:heading -->\r\n\r\n<!-- wp:paragraph -->\r\n<p style=\"text-align: center\">C\u00f3digo de \u00c9tica del Poder Ejecutivo del Estado de Oaxaca; Reglas de Integridad y Lineamientos Generales, publicados en P\u00e9riodico Oficial.<\/p>\r\n<div class=\"su-button-center\"><a href=\"https:\/\/www.oaxaca.gob.mx\/sego\/wp-content\/uploads\/sites\/74\/2024\/02\/2-y-3-POGEO-Ext.-6-Julio-2023-CEPCI.pdf\" class=\"su-button su-button-style-glass\" style=\"color:#FFFFFF;background-color:#ab032d;border-color:#890324;border-radius:6px\" target=\"_self\" rel=\"Lightbox\"><span style=\"color:#FFFFFF;padding:0px 18px;font-size:14px;line-height:28px;border-color:#c54f6c;border-radius:6px;text-shadow:0px 0px 0px #ffffff\"> Descargar Peri\u00f3dico Oficial (06 de julio 2023)<\/span><\/a><\/div>\r\n<!-- \/wp:paragraph -->\r\n\r\n<!-- wp:paragraph {\"align\":\"center\",\"customFontSize\":40} -->\r\n<p style=\"text-align: center\">\u00a0<\/p>\r\n<p style=\"text-align: center\">\u00a0<\/p>\r\n<p style=\"text-align: center\">\u00a0<\/p>","protected":false},"excerpt":{"rendered":"<p>Documentos del Comit\u00e9 de \u00c9tica &nbsp; &nbsp; \u00a0 \u00a0 &nbsp; \u00a0 &nbsp; \u00a0 &nbsp; \u00a0 &nbsp; &nbsp; \u00a0 &nbsp; \u00a0 &nbsp; \u00a0 &nbsp; \u00a0 &nbsp; \u00a0 &nbsp; \u00a0 &nbsp; \u00a0 &nbsp; \u00a0 &nbsp; &nbsp; \u00a0\u00a0 &nbsp; \u00a0\u00a0 &nbsp; \u00a0 &nbsp; \u00a0 &nbsp; \u00a0 &nbsp; &nbsp; \u00a0 \u00a0 Denuncia ante el Comit\u00e9 de \u00c9tica &nbsp; &nbsp; [&hellip;]<\/p>\n","protected":false},"author":82,"featured_media":0,"parent":0,"menu_order":0,"comment_status":"closed","ping_status":"closed","template":"","meta":{"episode_type":"","audio_file":"","podmotor_file_id":"","podmotor_episode_id":"","cover_image":"","cover_image_id":"","duration":"","filesize":"","filesize_raw":"","date_recorded":"","explicit":"","block":"","itunes_episode_number":"","itunes_title":"","itunes_season_number":"","itunes_episode_type":"","footnotes":""},"categories":[],"tags":[],"class_list":["post-18053","page","type-page","status-publish","hentry"],"acf":[],"publishpress_future_action":{"enabled":false,"date":"2026-05-21 11:42:09","action":"change-status","newStatus":"draft","terms":[],"taxonomy":"category","extraData":[]},"publishpress_future_workflow_manual_trigger":{"enabledWorkflows":[]},"_links":{"self":[{"href":"https:\/\/www.oaxaca.gob.mx\/sego\/wp-json\/wp\/v2\/pages\/18053","targetHints":{"allow":["GET"]}}],"collection":[{"href":"https:\/\/www.oaxaca.gob.mx\/sego\/wp-json\/wp\/v2\/pages"}],"about":[{"href":"https:\/\/www.oaxaca.gob.mx\/sego\/wp-json\/wp\/v2\/types\/page"}],"author":[{"embeddable":true,"href":"https:\/\/www.oaxaca.gob.mx\/sego\/wp-json\/wp\/v2\/users\/82"}],"replies":[{"embeddable":true,"href":"https:\/\/www.oaxaca.gob.mx\/sego\/wp-json\/wp\/v2\/comments?post=18053"}],"version-history":[{"count":3,"href":"https:\/\/www.oaxaca.gob.mx\/sego\/wp-json\/wp\/v2\/pages\/18053\/revisions"}],"predecessor-version":[{"id":19962,"href":"https:\/\/www.oaxaca.gob.mx\/sego\/wp-json\/wp\/v2\/pages\/18053\/revisions\/19962"}],"wp:attachment":[{"href":"https:\/\/www.oaxaca.gob.mx\/sego\/wp-json\/wp\/v2\/media?parent=18053"}],"wp:term":[{"taxonomy":"category","embeddable":true,"href":"https:\/\/www.oaxaca.gob.mx\/sego\/wp-json\/wp\/v2\/categories?post=18053"},{"taxonomy":"post_tag","embeddable":true,"href":"https:\/\/www.oaxaca.gob.mx\/sego\/wp-json\/wp\/v2\/tags?post=18053"}],"curies":[{"name":"wp","href":"https:\/\/api.w.org\/{rel}","templated":true}]}}