{"id":16124,"date":"2023-11-16T13:09:49","date_gmt":"2023-11-16T19:09:49","guid":{"rendered":"https:\/\/www.oaxaca.gob.mx\/sego\/?page_id=16124"},"modified":"2024-01-05T08:53:44","modified_gmt":"2024-01-05T14:53:44","slug":"direccion-de-gobierno","status":"publish","type":"page","link":"https:\/\/www.oaxaca.gob.mx\/sego\/direccion-de-gobierno\/","title":{"rendered":"Direcci\u00f3n de Gobierno"},"content":{"rendered":"<h2><\/h2>\n<h1 style=\"text-align: center\"><strong>Tr\u00e1mites de acreditaciones\u00a0<\/strong><\/h1>\n<div class=\"su-spacer\" style=\"height:30px\"><\/div>\n<p style=\"text-align: center\">C\u00e9dula de Registro de Autoridad Municipal (F1)<\/p>\n<div class=\"su-button-center\"><a href=\"https:\/\/www.oaxaca.gob.mx\/sego\/wp-content\/uploads\/sites\/74\/2023\/11\/cdlRCAM.F1.pdf\" class=\"su-button su-button-style-glass\" style=\"color:#FFFFFF;background-color:#ab032d;border-color:#890324;border-radius:8px\" target=\"_blank\" rel=\"Lightbox\"><span style=\"color:#FFFFFF;padding:0px 22px;font-size:17px;line-height:34px;border-color:#c54f6c;border-radius:8px;text-shadow:0px 0px 0px #ffffff\"> Descargar<\/span><\/a><\/div>\n<div class=\"su-spacer\" style=\"height:20px\"><\/div>\n<p>&nbsp;<\/p>\n<p style=\"text-align: center\">C\u00e9dula de Registro de Agentes Municipales y de Polic\u00eda (F2)<\/p>\n<div class=\"su-button-center\"><a href=\"https:\/\/www.oaxaca.gob.mx\/sego\/wp-content\/uploads\/sites\/74\/2023\/11\/cdlRCAM.F2.pdf\" class=\"su-button su-button-style-glass\" style=\"color:#FFFFFF;background-color:#ab032d;border-color:#890324;border-radius:8px\" target=\"_blank\" rel=\"Lightbox\"><span style=\"color:#FFFFFF;padding:0px 22px;font-size:17px;line-height:34px;border-color:#c54f6c;border-radius:8px;text-shadow:0px 0px 0px #ffffff\"> Descargar<\/span><\/a><\/div>\n<div class=\"su-spacer\" style=\"height:20px\"><\/div>\n<p>&nbsp;<\/p>\n<p style=\"text-align: center\">C\u00e9dula de Registro de Comisionados Municipales Provisionales (F3)<\/p>\n<div class=\"su-button-center\"><a href=\"https:\/\/www.oaxaca.gob.mx\/sego\/wp-content\/uploads\/sites\/74\/2023\/11\/cdlRCAM.F3.pdf\" class=\"su-button su-button-style-glass\" style=\"color:#FFFFFF;background-color:#ab032d;border-color:#890324;border-radius:8px\" target=\"_blank\" rel=\"Lightbox\"><span style=\"color:#FFFFFF;padding:0px 22px;font-size:17px;line-height:34px;border-color:#c54f6c;border-radius:8px;text-shadow:0px 0px 0px #ffffff\"> Descargar<\/span><\/a><\/div>\n<div class=\"su-spacer\" style=\"height:20px\"><\/div>\n<p>&nbsp;<\/p>\n<p style=\"text-align: center\">C\u00e9dula de Registro de Consejo Municipal\u00a0 (F4)<\/p>\n<div class=\"su-button-center\"><a href=\"https:\/\/www.oaxaca.gob.mx\/sego\/wp-content\/uploads\/sites\/74\/2023\/11\/cdlRCAM.F4.pdf\" class=\"su-button su-button-style-glass\" style=\"color:#FFFFFF;background-color:#ab032d;border-color:#890324;border-radius:8px\" target=\"_blank\" rel=\"Lightbox\"><span style=\"color:#FFFFFF;padding:0px 22px;font-size:17px;line-height:34px;border-color:#c54f6c;border-radius:8px;text-shadow:0px 0px 0px #ffffff\"> Descargar<\/span><\/a><\/div>\n<div class=\"su-spacer\" style=\"height:30px\"><\/div>\n<p><img loading=\"lazy\" decoding=\"async\" class=\"alignnone size-full wp-image-15416\" src=\"https:\/\/www.oaxaca.gob.mx\/sego\/wp-content\/uploads\/sites\/74\/2023\/08\/separador-13.png\" alt=\"\" width=\"1264\" height=\"81\" srcset=\"https:\/\/www.oaxaca.gob.mx\/sego\/wp-content\/uploads\/sites\/74\/2023\/08\/separador-13.png 1264w, https:\/\/www.oaxaca.gob.mx\/sego\/wp-content\/uploads\/sites\/74\/2023\/08\/separador-13-300x19.png 300w, https:\/\/www.oaxaca.gob.mx\/sego\/wp-content\/uploads\/sites\/74\/2023\/08\/separador-13-1024x66.png 1024w, https:\/\/www.oaxaca.gob.mx\/sego\/wp-content\/uploads\/sites\/74\/2023\/08\/separador-13-768x49.png 768w\" sizes=\"auto, (max-width: 1264px) 100vw, 1264px\" \/><\/p>\n<div class=\"su-spacer\" style=\"height:30px\"><\/div>\n<h1 style=\"text-align: center\"><strong>Requisitos de Acreditaciones<\/strong><\/h1>\n<p style=\"text-align: center\">Requisitos que debe presentar la autoridad municipal que se rige por partidos pol\u00edticos para su acreditaci\u00f3n<\/p>\n<div class=\"su-button-center\"><a href=\"https:\/\/www.oaxaca.gob.mx\/sego\/wp-content\/uploads\/sites\/74\/2023\/11\/1.0.1rqs.RgAc_.AYT_.PP_.pdf\" class=\"su-button su-button-style-glass\" style=\"color:#FFFFFF;background-color:#ab032d;border-color:#890324;border-radius:8px\" target=\"_blank\" rel=\"Lightbox\"><span style=\"color:#FFFFFF;padding:0px 22px;font-size:17px;line-height:34px;border-color:#c54f6c;border-radius:8px;text-shadow:0px 0px 0px #ffffff\"> Descargar<\/span><\/a><\/div>\n<div class=\"su-spacer\" style=\"height:20px\"><\/div>\n<p>&nbsp;<\/p>\n<p style=\"text-align: center\">Requisitos que debe presentar la autoridad municipal que fue elegida por Sistemas Normativos Ind\u00edgenas (Usos y costumbres) para su acreditaci\u00f3n<\/p>\n<div class=\"su-button-center\"><a href=\"https:\/\/www.oaxaca.gob.mx\/sego\/wp-content\/uploads\/sites\/74\/2023\/11\/1.1.1.rqs_.RgAc_.AYT_.SNI_.pdf\" class=\"su-button su-button-style-glass\" style=\"color:#FFFFFF;background-color:#ab032d;border-color:#890324;border-radius:8px\" target=\"_blank\" rel=\"Lightbox\"><span style=\"color:#FFFFFF;padding:0px 22px;font-size:17px;line-height:34px;border-color:#c54f6c;border-radius:8px;text-shadow:0px 0px 0px #ffffff\"> Descargar<\/span><\/a><\/div>\n<div class=\"su-spacer\" style=\"height:20px\"><\/div>\n<p>&nbsp;<\/p>\n<p style=\"text-align: center\">Requisitos que deben presentar Secretario y Tesorero para su acreditaci\u00f3n<\/p>\n<div class=\"su-button-center\"><a href=\"https:\/\/www.oaxaca.gob.mx\/sego\/wp-content\/uploads\/sites\/74\/2023\/11\/1.2.1.rqs_.RgAc_.AYT_.ST_.pdf\" class=\"su-button su-button-style-glass\" style=\"color:#FFFFFF;background-color:#ab032d;border-color:#890324;border-radius:8px\" target=\"_blank\" rel=\"Lightbox\"><span style=\"color:#FFFFFF;padding:0px 22px;font-size:17px;line-height:34px;border-color:#c54f6c;border-radius:8px;text-shadow:0px 0px 0px #ffffff\"> Descargar<\/span><\/a><\/div>\n<div class=\"su-spacer\" style=\"height:20px\"><\/div>\n<p>&nbsp;<\/p>\n<p style=\"text-align: center\">Requisitos que deben presentar el Agente Municipal y\/o Agente de Polic\u00eda para su acreditaci\u00f3n<\/p>\n<div class=\"su-button-center\"><a href=\"https:\/\/www.oaxaca.gob.mx\/sego\/wp-content\/uploads\/sites\/74\/2023\/11\/1.3.1.rqs_.RgAc_.AGM_.MP_.pdf\" class=\"su-button su-button-style-glass\" style=\"color:#FFFFFF;background-color:#ab032d;border-color:#890324;border-radius:8px\" target=\"_blank\" rel=\"Lightbox\"><span style=\"color:#FFFFFF;padding:0px 22px;font-size:17px;line-height:34px;border-color:#c54f6c;border-radius:8px;text-shadow:0px 0px 0px #ffffff\"> Descargar<\/span><\/a><\/div>\n<div class=\"su-spacer\" style=\"height:20px\"><\/div>\n<p>&nbsp;<\/p>\n<p style=\"text-align: center\">Requisitos que deben presentar los Comisionados Municipales Provisionales para su acreditaci\u00f3n<\/p>\n<div class=\"su-button-center\"><a href=\"https:\/\/www.oaxaca.gob.mx\/sego\/wp-content\/uploads\/sites\/74\/2023\/11\/1.4.1.rqs_.RgAc_.CMS_.pdf\" class=\"su-button su-button-style-glass\" style=\"color:#FFFFFF;background-color:#ab032d;border-color:#890324;border-radius:8px\" target=\"_blank\" rel=\"Lightbox\"><span style=\"color:#FFFFFF;padding:0px 22px;font-size:17px;line-height:34px;border-color:#c54f6c;border-radius:8px;text-shadow:0px 0px 0px #ffffff\"> Descargar<\/span><\/a><\/div>\n<div class=\"su-spacer\" style=\"height:30px\"><\/div>\n<p><img loading=\"lazy\" decoding=\"async\" class=\"alignnone size-full wp-image-15416\" src=\"https:\/\/www.oaxaca.gob.mx\/sego\/wp-content\/uploads\/sites\/74\/2023\/08\/separador-13.png\" alt=\"\" width=\"1264\" height=\"81\" srcset=\"https:\/\/www.oaxaca.gob.mx\/sego\/wp-content\/uploads\/sites\/74\/2023\/08\/separador-13.png 1264w, https:\/\/www.oaxaca.gob.mx\/sego\/wp-content\/uploads\/sites\/74\/2023\/08\/separador-13-300x19.png 300w, https:\/\/www.oaxaca.gob.mx\/sego\/wp-content\/uploads\/sites\/74\/2023\/08\/separador-13-1024x66.png 1024w, https:\/\/www.oaxaca.gob.mx\/sego\/wp-content\/uploads\/sites\/74\/2023\/08\/separador-13-768x49.png 768w\" sizes=\"auto, (max-width: 1264px) 100vw, 1264px\" \/><\/p>\n<div class=\"su-spacer\" style=\"height:30px\"><\/div>\n<p style=\"text-align: center\">Requisitos que se deben presentar por desgaste, p\u00e9rdida o robo de acreditaci\u00f3n o sello oficial<\/p>\n<div class=\"su-button-center\"><a href=\"https:\/\/www.oaxaca.gob.mx\/sego\/wp-content\/uploads\/sites\/74\/2023\/11\/1.5.1.rqs_.RgAc_.DPR_.pdf\" class=\"su-button su-button-style-glass\" style=\"color:#FFFFFF;background-color:#ab032d;border-color:#890324;border-radius:8px\" target=\"_blank\" rel=\"Lightbox\"><span style=\"color:#FFFFFF;padding:0px 22px;font-size:17px;line-height:34px;border-color:#c54f6c;border-radius:8px;text-shadow:0px 0px 0px #ffffff\"> Descargar<\/span><\/a><\/div>\n<div class=\"su-spacer\" style=\"height:20px\"><\/div>\n<p>&nbsp;<\/p>\n<p style=\"text-align: center\">Requisitos que debe presentar la autoridad municipal que se rige por Partidos Pol\u00edticos para su acreditaci\u00f3n en caso de fallecimiento<\/p>\n<div class=\"su-button-center\"><a href=\"https:\/\/www.oaxaca.gob.mx\/sego\/wp-content\/uploads\/sites\/74\/2023\/11\/2.1.1.rqs_.CmbAc_.AYT_.FLL_.pdf\" class=\"su-button su-button-style-glass\" style=\"color:#FFFFFF;background-color:#ab032d;border-color:#890324;border-radius:8px\" target=\"_blank\" rel=\"Lightbox\"><span style=\"color:#FFFFFF;padding:0px 22px;font-size:17px;line-height:34px;border-color:#c54f6c;border-radius:8px;text-shadow:0px 0px 0px #ffffff\"> Descargar<\/span><\/a><\/div>\n<div class=\"su-spacer\" style=\"height:20px\"><\/div>\n<p>&nbsp;<\/p>\n<p style=\"text-align: center\">Requisitos que deben presentar el Agente Municipal y\/ Agente de Polic\u00eda para su acreditaci\u00f3n en caso de fallecimiento<\/p>\n<div class=\"su-button-center\"><a href=\"https:\/\/www.oaxaca.gob.mx\/sego\/wp-content\/uploads\/sites\/74\/2023\/11\/2.2.1.rqs_.CmbAc_.AMP_.FLL_.pdf\" class=\"su-button su-button-style-glass\" style=\"color:#FFFFFF;background-color:#ab032d;border-color:#890324;border-radius:8px\" target=\"_blank\" rel=\"Lightbox\"><span style=\"color:#FFFFFF;padding:0px 22px;font-size:17px;line-height:34px;border-color:#c54f6c;border-radius:8px;text-shadow:0px 0px 0px #ffffff\"> Descargar<\/span><\/a><\/div>\n<div class=\"su-spacer\" style=\"height:20px\"><\/div>\n<p>&nbsp;<\/p>\n<p style=\"text-align: center\">Requisitos que deben presentar Secretario y Tesorero para su acreditaci\u00f3n en caso de cambio<\/p>\n<div class=\"su-button-center\"><a href=\"https:\/\/www.oaxaca.gob.mx\/sego\/wp-content\/uploads\/sites\/74\/2023\/11\/2.3.1.rqs_.CmbAc_.ST_.FLL_.pdf\" class=\"su-button su-button-style-glass\" style=\"color:#FFFFFF;background-color:#ab032d;border-color:#890324;border-radius:8px\" target=\"_blank\" rel=\"Lightbox\"><span style=\"color:#FFFFFF;padding:0px 22px;font-size:17px;line-height:34px;border-color:#c54f6c;border-radius:8px;text-shadow:0px 0px 0px #ffffff\"> Descargar<\/span><\/a><\/div>\n<div class=\"su-spacer\" style=\"height:20px\"><\/div>\n<p>&nbsp;<\/p>\n<p style=\"text-align: center\">Requisitos que debe presentar la Autoridad Municipal que fue elegida por Sistemas Normativos Ind\u00edgenas (Usos y costumbres) para su acreditaci\u00f3n en caso de fallecimiento de los regidores para su acreditaci\u00f3n<\/p>\n<div class=\"su-button-center\"><a href=\"https:\/\/www.oaxaca.gob.mx\/sego\/wp-content\/uploads\/sites\/74\/2023\/11\/2.4.1.rqs_.CmbAc_.SNI_.FLL_.pdf\" class=\"su-button su-button-style-glass\" style=\"color:#FFFFFF;background-color:#ab032d;border-color:#890324;border-radius:8px\" target=\"_blank\" rel=\"Lightbox\"><span style=\"color:#FFFFFF;padding:0px 22px;font-size:17px;line-height:34px;border-color:#c54f6c;border-radius:8px;text-shadow:0px 0px 0px #ffffff\"> Descargar<\/span><\/a><\/div>\n<div class=\"su-spacer\" style=\"height:20px\"><\/div>\n<p>&nbsp;<\/p>\n<p style=\"text-align: center\">Requisitos que debe presentar la Autoridad Municipal que fue elegida por Sistemas Normativos Ind\u00edgenas (Usos y costumbres) para su acreditaci\u00f3n en caso de renuncia o remosi\u00f3n de los regidores para su acreditaci\u00f3n<\/p>\n<div class=\"su-button-center\"><a href=\"https:\/\/www.oaxaca.gob.mx\/sego\/wp-content\/uploads\/sites\/74\/2023\/11\/2.5.1.rqs_.CmbAc_.SNI_.RNC_.pdf\" class=\"su-button su-button-style-glass\" style=\"color:#FFFFFF;background-color:#ab032d;border-color:#890324;border-radius:8px\" target=\"_blank\" rel=\"Lightbox\"><span style=\"color:#FFFFFF;padding:0px 22px;font-size:17px;line-height:34px;border-color:#c54f6c;border-radius:8px;text-shadow:0px 0px 0px #ffffff\"> Descargar<\/span><\/a><\/div>\n<div class=\"su-spacer\" style=\"height:20px\"><\/div>\n<p>&nbsp;<\/p>\n<p><img loading=\"lazy\" decoding=\"async\" class=\"alignnone size-full wp-image-15417\" src=\"https:\/\/www.oaxaca.gob.mx\/sego\/wp-content\/uploads\/sites\/74\/2023\/08\/Cintillo-14.png\" alt=\"\" width=\"1682\" height=\"107\" srcset=\"https:\/\/www.oaxaca.gob.mx\/sego\/wp-content\/uploads\/sites\/74\/2023\/08\/Cintillo-14.png 1682w, https:\/\/www.oaxaca.gob.mx\/sego\/wp-content\/uploads\/sites\/74\/2023\/08\/Cintillo-14-300x19.png 300w, https:\/\/www.oaxaca.gob.mx\/sego\/wp-content\/uploads\/sites\/74\/2023\/08\/Cintillo-14-1024x65.png 1024w, https:\/\/www.oaxaca.gob.mx\/sego\/wp-content\/uploads\/sites\/74\/2023\/08\/Cintillo-14-768x49.png 768w, https:\/\/www.oaxaca.gob.mx\/sego\/wp-content\/uploads\/sites\/74\/2023\/08\/Cintillo-14-1536x98.png 1536w\" sizes=\"auto, (max-width: 1682px) 100vw, 1682px\" \/><\/p>\n","protected":false},"excerpt":{"rendered":"<p>Tr\u00e1mites de acreditaciones\u00a0 C\u00e9dula de Registro de Autoridad Municipal (F1) &nbsp; C\u00e9dula de Registro de Agentes Municipales y de Polic\u00eda (F2) &nbsp; C\u00e9dula de Registro de Comisionados Municipales Provisionales (F3) &nbsp; C\u00e9dula de Registro de Consejo Municipal\u00a0 (F4) Requisitos de Acreditaciones Requisitos que debe presentar la autoridad municipal que se rige por partidos pol\u00edticos para [&hellip;]<\/p>\n","protected":false},"author":82,"featured_media":0,"parent":0,"menu_order":0,"comment_status":"closed","ping_status":"closed","template":"","meta":{"episode_type":"","audio_file":"","podmotor_file_id":"","podmotor_episode_id":"","cover_image":"","cover_image_id":"","duration":"","filesize":"","filesize_raw":"","date_recorded":"","explicit":"","block":"","itunes_episode_number":"","itunes_title":"","itunes_season_number":"","itunes_episode_type":"","footnotes":""},"categories":[],"tags":[],"class_list":["post-16124","page","type-page","status-publish","hentry"],"acf":[],"publishpress_future_action":{"enabled":false,"date":"2026-05-03 11:52:09","action":"change-status","newStatus":"draft","terms":[],"taxonomy":"category","extraData":[]},"publishpress_future_workflow_manual_trigger":{"enabledWorkflows":[]},"_links":{"self":[{"href":"https:\/\/www.oaxaca.gob.mx\/sego\/wp-json\/wp\/v2\/pages\/16124","targetHints":{"allow":["GET"]}}],"collection":[{"href":"https:\/\/www.oaxaca.gob.mx\/sego\/wp-json\/wp\/v2\/pages"}],"about":[{"href":"https:\/\/www.oaxaca.gob.mx\/sego\/wp-json\/wp\/v2\/types\/page"}],"author":[{"embeddable":true,"href":"https:\/\/www.oaxaca.gob.mx\/sego\/wp-json\/wp\/v2\/users\/82"}],"replies":[{"embeddable":true,"href":"https:\/\/www.oaxaca.gob.mx\/sego\/wp-json\/wp\/v2\/comments?post=16124"}],"version-history":[{"count":2,"href":"https:\/\/www.oaxaca.gob.mx\/sego\/wp-json\/wp\/v2\/pages\/16124\/revisions"}],"predecessor-version":[{"id":16222,"href":"https:\/\/www.oaxaca.gob.mx\/sego\/wp-json\/wp\/v2\/pages\/16124\/revisions\/16222"}],"wp:attachment":[{"href":"https:\/\/www.oaxaca.gob.mx\/sego\/wp-json\/wp\/v2\/media?parent=16124"}],"wp:term":[{"taxonomy":"category","embeddable":true,"href":"https:\/\/www.oaxaca.gob.mx\/sego\/wp-json\/wp\/v2\/categories?post=16124"},{"taxonomy":"post_tag","embeddable":true,"href":"https:\/\/www.oaxaca.gob.mx\/sego\/wp-json\/wp\/v2\/tags?post=16124"}],"curies":[{"name":"wp","href":"https:\/\/api.w.org\/{rel}","templated":true}]}}