{"id":15392,"date":"2023-08-18T12:57:10","date_gmt":"2023-08-18T18:57:10","guid":{"rendered":"https:\/\/www.oaxaca.gob.mx\/sego\/?page_id=15392"},"modified":"2025-06-05T15:21:01","modified_gmt":"2025-06-05T21:21:01","slug":"paz-con-justicia-para-el-pueblo-de-oaxaca","status":"publish","type":"page","link":"https:\/\/www.oaxaca.gob.mx\/sego\/paz-con-justicia-para-el-pueblo-de-oaxaca\/","title":{"rendered":"Paz con Justicia y Bienestar para el Pueblo de Oaxaca"},"content":{"rendered":"<p><img loading=\"lazy\" decoding=\"async\" class=\"aligncenter wp-image-15428 size-full\" src=\"https:\/\/www.oaxaca.gob.mx\/sego\/wp-content\/uploads\/sites\/74\/2023\/08\/logo-paz-png-08.png\" alt=\"\" width=\"629\" height=\"192\" srcset=\"https:\/\/www.oaxaca.gob.mx\/sego\/wp-content\/uploads\/sites\/74\/2023\/08\/logo-paz-png-08.png 629w, https:\/\/www.oaxaca.gob.mx\/sego\/wp-content\/uploads\/sites\/74\/2023\/08\/logo-paz-png-08-300x92.png 300w\" sizes=\"auto, (max-width: 629px) 100vw, 629px\" \/><\/p>\n<p style=\"text-align: left\">Sabemos que, en M\u00e9xico y todo Oaxaca, siempre han existido conflictos sociales de todo tipo, pero estamos convencidos que, con este gobierno transformador encabezado por el gobernador el<strong> Ing. Salom\u00f3n Jara Cruz<\/strong> se debe establecer un <strong>nuevo pacto social<\/strong> para la convivencia pac\u00edfica y segura, que permita volver a la senda del di\u00e1logo y b\u00fasqueda de acuerdos, para lograr la transformaci\u00f3n de un <strong>Oaxaca con paz, progreso y bienestar<\/strong> que anhelan y merecen nuestros pueblos y comunidades.<\/p>\n<p>&nbsp;<\/p>\n<div class=\"su-row\"><div class=\"su-column su-column-size-1-2\"><div class=\"su-column-inner su-u-clearfix su-u-trim\">\n<p><img loading=\"lazy\" decoding=\"async\" class=\"aligncenter wp-image-17588 \" src=\"https:\/\/www.oaxaca.gob.mx\/sego\/wp-content\/uploads\/sites\/74\/2024\/08\/cambio-de-vision-1024x577.png\" alt=\"\" width=\"505\" height=\"285\" srcset=\"https:\/\/www.oaxaca.gob.mx\/sego\/wp-content\/uploads\/sites\/74\/2024\/08\/cambio-de-vision-1024x577.png 1024w, https:\/\/www.oaxaca.gob.mx\/sego\/wp-content\/uploads\/sites\/74\/2024\/08\/cambio-de-vision-300x169.png 300w, https:\/\/www.oaxaca.gob.mx\/sego\/wp-content\/uploads\/sites\/74\/2024\/08\/cambio-de-vision-768x433.png 768w, https:\/\/www.oaxaca.gob.mx\/sego\/wp-content\/uploads\/sites\/74\/2024\/08\/cambio-de-vision.png 1238w\" sizes=\"auto, (max-width: 505px) 100vw, 505px\" \/><\/p>\n<\/div><\/div> <div class=\"su-column su-column-size-1-2\"><div class=\"su-column-inner su-u-clearfix su-u-trim\">\n<p><img loading=\"lazy\" decoding=\"async\" class=\"aligncenter wp-image-17589 \" src=\"https:\/\/www.oaxaca.gob.mx\/sego\/wp-content\/uploads\/sites\/74\/2024\/08\/cultura-de-paz-1024x396.png\" alt=\"\" width=\"779\" height=\"301\" srcset=\"https:\/\/www.oaxaca.gob.mx\/sego\/wp-content\/uploads\/sites\/74\/2024\/08\/cultura-de-paz-1024x396.png 1024w, https:\/\/www.oaxaca.gob.mx\/sego\/wp-content\/uploads\/sites\/74\/2024\/08\/cultura-de-paz-300x116.png 300w, https:\/\/www.oaxaca.gob.mx\/sego\/wp-content\/uploads\/sites\/74\/2024\/08\/cultura-de-paz-768x297.png 768w, https:\/\/www.oaxaca.gob.mx\/sego\/wp-content\/uploads\/sites\/74\/2024\/08\/cultura-de-paz-1536x595.png 1536w, https:\/\/www.oaxaca.gob.mx\/sego\/wp-content\/uploads\/sites\/74\/2024\/08\/cultura-de-paz.png 1648w\" sizes=\"auto, (max-width: 779px) 100vw, 779px\" \/><\/p>\n<\/div><\/div><\/div>\n<p>&nbsp;<\/p>\n<h1><span style=\"color: #800000\">Ejes del Programa<\/span><\/h1>\n<p><strong>Conoce las acciones y resultados por cada eje del programa<\/strong><\/p>\n<div class=\"su-row\"><div class=\"su-column su-column-size-1-4\"><div class=\"su-column-inner su-u-clearfix su-u-trim\">\n<p><a href=\"https:\/\/www.oaxaca.gob.mx\/sego\/hablamos-no-bloqueamos\/\"><img loading=\"lazy\" decoding=\"async\" class=\"aligncenter wp-image-17616 size-medium\" src=\"https:\/\/www.oaxaca.gob.mx\/sego\/wp-content\/uploads\/sites\/74\/2024\/08\/MODELO-DE-GOBIERNO-CAPACITACIONES-MUNICIPALES-2-15-1-300x300.png\" alt=\"\" width=\"300\" height=\"300\" srcset=\"https:\/\/www.oaxaca.gob.mx\/sego\/wp-content\/uploads\/sites\/74\/2024\/08\/MODELO-DE-GOBIERNO-CAPACITACIONES-MUNICIPALES-2-15-1-300x300.png 300w, https:\/\/www.oaxaca.gob.mx\/sego\/wp-content\/uploads\/sites\/74\/2024\/08\/MODELO-DE-GOBIERNO-CAPACITACIONES-MUNICIPALES-2-15-1-150x150.png 150w, https:\/\/www.oaxaca.gob.mx\/sego\/wp-content\/uploads\/sites\/74\/2024\/08\/MODELO-DE-GOBIERNO-CAPACITACIONES-MUNICIPALES-2-15-1.png 322w\" sizes=\"auto, (max-width: 300px) 100vw, 300px\" \/><\/a><\/p>\n<\/div><\/div>\n<div class=\"su-column su-column-size-1-4\"><div class=\"su-column-inner su-u-clearfix su-u-trim\">\n<p><img loading=\"lazy\" decoding=\"async\" class=\"aligncenter wp-image-17615 size-medium\" src=\"https:\/\/www.oaxaca.gob.mx\/sego\/wp-content\/uploads\/sites\/74\/2024\/08\/MODELO-DE-GOBIERNO-CAPACITACIONES-MUNICIPALES-2-16-1-300x300.png\" alt=\"\" width=\"300\" height=\"300\" srcset=\"https:\/\/www.oaxaca.gob.mx\/sego\/wp-content\/uploads\/sites\/74\/2024\/08\/MODELO-DE-GOBIERNO-CAPACITACIONES-MUNICIPALES-2-16-1-300x300.png 300w, https:\/\/www.oaxaca.gob.mx\/sego\/wp-content\/uploads\/sites\/74\/2024\/08\/MODELO-DE-GOBIERNO-CAPACITACIONES-MUNICIPALES-2-16-1-150x150.png 150w, https:\/\/www.oaxaca.gob.mx\/sego\/wp-content\/uploads\/sites\/74\/2024\/08\/MODELO-DE-GOBIERNO-CAPACITACIONES-MUNICIPALES-2-16-1.png 322w\" sizes=\"auto, (max-width: 300px) 100vw, 300px\" \/><\/p>\n<\/div><\/div>\n<div class=\"su-column su-column-size-1-4\"><div class=\"su-column-inner su-u-clearfix su-u-trim\">\n<p><img loading=\"lazy\" decoding=\"async\" class=\"aligncenter wp-image-17614 size-medium\" src=\"https:\/\/www.oaxaca.gob.mx\/sego\/wp-content\/uploads\/sites\/74\/2024\/08\/MODELO-DE-GOBIERNO-CAPACITACIONES-MUNICIPALES-2-17-1-300x300.png\" alt=\"\" width=\"300\" height=\"300\" srcset=\"https:\/\/www.oaxaca.gob.mx\/sego\/wp-content\/uploads\/sites\/74\/2024\/08\/MODELO-DE-GOBIERNO-CAPACITACIONES-MUNICIPALES-2-17-1-300x300.png 300w, https:\/\/www.oaxaca.gob.mx\/sego\/wp-content\/uploads\/sites\/74\/2024\/08\/MODELO-DE-GOBIERNO-CAPACITACIONES-MUNICIPALES-2-17-1-150x150.png 150w, https:\/\/www.oaxaca.gob.mx\/sego\/wp-content\/uploads\/sites\/74\/2024\/08\/MODELO-DE-GOBIERNO-CAPACITACIONES-MUNICIPALES-2-17-1.png 322w\" sizes=\"auto, (max-width: 300px) 100vw, 300px\" \/><\/p>\n<\/div><\/div>\n<div class=\"su-column su-column-size-1-4\"><div class=\"su-column-inner su-u-clearfix su-u-trim\">\n<p><a href=\"https:\/\/www.oaxaca.gob.mx\/sego\/viviendo-la-paz\/\" target=\"_blank\" rel=\"noopener\"><img loading=\"lazy\" decoding=\"async\" class=\"aligncenter wp-image-17613 size-full\" src=\"https:\/\/www.oaxaca.gob.mx\/sego\/wp-content\/uploads\/sites\/74\/2024\/08\/MODELO-DE-GOBIERNO-CAPACITACIONES-MUNICIPALES-2-18-1.png\" alt=\"\" width=\"322\" height=\"322\" srcset=\"https:\/\/www.oaxaca.gob.mx\/sego\/wp-content\/uploads\/sites\/74\/2024\/08\/MODELO-DE-GOBIERNO-CAPACITACIONES-MUNICIPALES-2-18-1.png 322w, https:\/\/www.oaxaca.gob.mx\/sego\/wp-content\/uploads\/sites\/74\/2024\/08\/MODELO-DE-GOBIERNO-CAPACITACIONES-MUNICIPALES-2-18-1-300x300.png 300w, https:\/\/www.oaxaca.gob.mx\/sego\/wp-content\/uploads\/sites\/74\/2024\/08\/MODELO-DE-GOBIERNO-CAPACITACIONES-MUNICIPALES-2-18-1-150x150.png 150w\" sizes=\"auto, (max-width: 322px) 100vw, 322px\" \/><\/a><\/p>\n<\/div><\/div><\/div>\n<p>&nbsp;<\/p>\n<h1><\/h1>\n<h1><span style=\"color: #800000\">Nuestro Objetivo<\/span><\/h1>\n<div class=\"su-row\"><div class=\"su-column su-column-size-1-2\"><div class=\"su-column-inner su-u-clearfix su-u-trim\">\n<p><img loading=\"lazy\" decoding=\"async\" class=\"aligncenter wp-image-17594 size-medium\" src=\"https:\/\/www.oaxaca.gob.mx\/sego\/wp-content\/uploads\/sites\/74\/2024\/08\/Captura-de-pantalla-2024-08-27-a-las-1.17.08\u202fp.m-300x280.png\" alt=\"\" width=\"300\" height=\"280\" srcset=\"https:\/\/www.oaxaca.gob.mx\/sego\/wp-content\/uploads\/sites\/74\/2024\/08\/Captura-de-pantalla-2024-08-27-a-las-1.17.08\u202fp.m-300x280.png 300w, https:\/\/www.oaxaca.gob.mx\/sego\/wp-content\/uploads\/sites\/74\/2024\/08\/Captura-de-pantalla-2024-08-27-a-las-1.17.08\u202fp.m.png 612w\" sizes=\"auto, (max-width: 300px) 100vw, 300px\" \/><\/p>\n<\/div><\/div> <div class=\"su-column su-column-size-1-2\"><div class=\"su-column-inner su-u-clearfix su-u-trim\">\n<a href=\"https:\/\/www.oaxaca.gob.mx\/sego\" class=\"su-button su-button-style-glass\" style=\"color:#FFFFFF;background-color:#ab8103;border-color:#896803;border-radius:8px\" target=\"_blank\" rel=\"Lightbox\"><span style=\"color:#FFFFFF;padding:0px 22px;font-size:17px;line-height:34px;border-color:#c5a74f;border-radius:8px;text-shadow:0px 0px 0px #ffffff\"> Sensibilizaci\u00f3n<\/span><\/a>\n<p>&nbsp;<\/p>\n<a href=\"https:\/\/www.oaxaca.gob.mx\/sego\" class=\"su-button su-button-style-glass\" style=\"color:#FFFFFF;background-color:#ab8103;border-color:#896803;border-radius:8px\" target=\"_blank\" rel=\"Lightbox\"><span style=\"color:#FFFFFF;padding:0px 22px;font-size:17px;line-height:34px;border-color:#c5a74f;border-radius:8px;text-shadow:0px 0px 0px #ffffff\"> Prevenci\u00f3n<\/span><\/a>\n<p>&nbsp;<\/p>\n<a href=\"https:\/\/www.oaxaca.gob.mx\/sego\" class=\"su-button su-button-style-glass\" style=\"color:#FFFFFF;background-color:#ab8103;border-color:#896803;border-radius:8px\" target=\"_blank\" rel=\"Lightbox\"><span style=\"color:#FFFFFF;padding:0px 22px;font-size:17px;line-height:34px;border-color:#c5a74f;border-radius:8px;text-shadow:0px 0px 0px #ffffff\"> Detenci\u00f3n de violencias<\/span><\/a>\n<p>&nbsp;<\/p>\n<a href=\"https:\/\/www.oaxaca.gob.mx\/sego\" class=\"su-button su-button-style-glass\" style=\"color:#FFFFFF;background-color:#ab8103;border-color:#896803;border-radius:8px\" target=\"_blank\" rel=\"Lightbox\"><span style=\"color:#FFFFFF;padding:0px 22px;font-size:17px;line-height:34px;border-color:#c5a74f;border-radius:8px;text-shadow:0px 0px 0px #ffffff\"> Atenci\u00f3n a las causas de la conflictividad<\/span><\/a>\n<\/div><\/div><\/div>\n<p>&nbsp;<\/p>\n<h1><\/h1>\n<h1><span style=\"color: #800000\">Protocolo de atenci\u00f3n<\/span><\/h1>\n<p><img loading=\"lazy\" decoding=\"async\" class=\"aligncenter wp-image-17595 size-large\" src=\"https:\/\/www.oaxaca.gob.mx\/sego\/wp-content\/uploads\/sites\/74\/2024\/08\/Captura-de-pantalla-2024-08-27-a-las-1.35.04\u202fp.m-1024x452.png\" alt=\"\" width=\"1024\" height=\"452\" srcset=\"https:\/\/www.oaxaca.gob.mx\/sego\/wp-content\/uploads\/sites\/74\/2024\/08\/Captura-de-pantalla-2024-08-27-a-las-1.35.04\u202fp.m-1024x452.png 1024w, https:\/\/www.oaxaca.gob.mx\/sego\/wp-content\/uploads\/sites\/74\/2024\/08\/Captura-de-pantalla-2024-08-27-a-las-1.35.04\u202fp.m-300x133.png 300w, https:\/\/www.oaxaca.gob.mx\/sego\/wp-content\/uploads\/sites\/74\/2024\/08\/Captura-de-pantalla-2024-08-27-a-las-1.35.04\u202fp.m-768x339.png 768w, https:\/\/www.oaxaca.gob.mx\/sego\/wp-content\/uploads\/sites\/74\/2024\/08\/Captura-de-pantalla-2024-08-27-a-las-1.35.04\u202fp.m-1536x679.png 1536w, https:\/\/www.oaxaca.gob.mx\/sego\/wp-content\/uploads\/sites\/74\/2024\/08\/Captura-de-pantalla-2024-08-27-a-las-1.35.04\u202fp.m.png 1770w\" sizes=\"auto, (max-width: 1024px) 100vw, 1024px\" \/><\/p>\n<p>&nbsp;<\/p>\n<h1><\/h1>\n<div class=\"su-row\"><div class=\"su-column su-column-size-1-3\"><div class=\"su-column-inner su-u-clearfix su-u-trim\">\n<p><img loading=\"lazy\" decoding=\"async\" class=\"aligncenter size-full wp-image-18104\" src=\"https:\/\/www.oaxaca.gob.mx\/sego\/wp-content\/uploads\/sites\/74\/2024\/10\/Captura-de-pantalla-2024-10-24-a-las-2.34.06\u202fp.m.png\" alt=\"\" width=\"1358\" height=\"1286\" srcset=\"https:\/\/www.oaxaca.gob.mx\/sego\/wp-content\/uploads\/sites\/74\/2024\/10\/Captura-de-pantalla-2024-10-24-a-las-2.34.06\u202fp.m.png 1358w, https:\/\/www.oaxaca.gob.mx\/sego\/wp-content\/uploads\/sites\/74\/2024\/10\/Captura-de-pantalla-2024-10-24-a-las-2.34.06\u202fp.m-300x284.png 300w, https:\/\/www.oaxaca.gob.mx\/sego\/wp-content\/uploads\/sites\/74\/2024\/10\/Captura-de-pantalla-2024-10-24-a-las-2.34.06\u202fp.m-1024x970.png 1024w, https:\/\/www.oaxaca.gob.mx\/sego\/wp-content\/uploads\/sites\/74\/2024\/10\/Captura-de-pantalla-2024-10-24-a-las-2.34.06\u202fp.m-768x727.png 768w\" sizes=\"auto, (max-width: 1358px) 100vw, 1358px\" \/><\/p>\n<p>&nbsp;<\/p>\n<\/div><\/div> <div class=\"su-column su-column-size-1-3\"><div class=\"su-column-inner su-u-clearfix su-u-trim\">\n<p><img loading=\"lazy\" decoding=\"async\" class=\"aligncenter size-full wp-image-18105\" src=\"https:\/\/www.oaxaca.gob.mx\/sego\/wp-content\/uploads\/sites\/74\/2024\/10\/Captura-de-pantalla-2024-10-24-a-las-2.34.33\u202fp.m.png\" alt=\"\" width=\"1356\" height=\"1286\" srcset=\"https:\/\/www.oaxaca.gob.mx\/sego\/wp-content\/uploads\/sites\/74\/2024\/10\/Captura-de-pantalla-2024-10-24-a-las-2.34.33\u202fp.m.png 1356w, https:\/\/www.oaxaca.gob.mx\/sego\/wp-content\/uploads\/sites\/74\/2024\/10\/Captura-de-pantalla-2024-10-24-a-las-2.34.33\u202fp.m-300x285.png 300w, https:\/\/www.oaxaca.gob.mx\/sego\/wp-content\/uploads\/sites\/74\/2024\/10\/Captura-de-pantalla-2024-10-24-a-las-2.34.33\u202fp.m-1024x971.png 1024w, https:\/\/www.oaxaca.gob.mx\/sego\/wp-content\/uploads\/sites\/74\/2024\/10\/Captura-de-pantalla-2024-10-24-a-las-2.34.33\u202fp.m-768x728.png 768w\" sizes=\"auto, (max-width: 1356px) 100vw, 1356px\" \/><\/p>\n<p>&nbsp;<\/p>\n<\/div><\/div> <div class=\"su-column su-column-size-1-3\"><div class=\"su-column-inner su-u-clearfix su-u-trim\">\n<p><img loading=\"lazy\" decoding=\"async\" class=\"aligncenter size-full wp-image-18106\" src=\"https:\/\/www.oaxaca.gob.mx\/sego\/wp-content\/uploads\/sites\/74\/2024\/10\/Captura-de-pantalla-2024-10-24-a-las-2.35.34\u202fp.m.png\" alt=\"\" width=\"1350\" height=\"1284\" srcset=\"https:\/\/www.oaxaca.gob.mx\/sego\/wp-content\/uploads\/sites\/74\/2024\/10\/Captura-de-pantalla-2024-10-24-a-las-2.35.34\u202fp.m.png 1350w, https:\/\/www.oaxaca.gob.mx\/sego\/wp-content\/uploads\/sites\/74\/2024\/10\/Captura-de-pantalla-2024-10-24-a-las-2.35.34\u202fp.m-300x285.png 300w, https:\/\/www.oaxaca.gob.mx\/sego\/wp-content\/uploads\/sites\/74\/2024\/10\/Captura-de-pantalla-2024-10-24-a-las-2.35.34\u202fp.m-1024x974.png 1024w, https:\/\/www.oaxaca.gob.mx\/sego\/wp-content\/uploads\/sites\/74\/2024\/10\/Captura-de-pantalla-2024-10-24-a-las-2.35.34\u202fp.m-768x730.png 768w\" sizes=\"auto, (max-width: 1350px) 100vw, 1350px\" \/><\/p>\n<p>&nbsp;<\/p>\n<\/div><\/div><\/div>\n<h1 style=\"text-align: left\"><span style=\"color: #800000\">Delegados de Paz en las regiones<\/span><\/h1>\n<h4 style=\"text-align: left\"><span style=\"color: #000000\">El primer enlace del Gobierno del Estado con la sociedad<\/span><\/h4>\n<p>&nbsp;<\/p>\n<p><img loading=\"lazy\" decoding=\"async\" class=\"wp-image-15404 size-large aligncenter\" src=\"https:\/\/www.oaxaca.gob.mx\/sego\/wp-content\/uploads\/sites\/74\/2023\/08\/Imagen-de-WhatsApp-2023-08-17-a-las-15.02.00-1024x741.jpg\" alt=\"\" width=\"1024\" height=\"741\" srcset=\"https:\/\/www.oaxaca.gob.mx\/sego\/wp-content\/uploads\/sites\/74\/2023\/08\/Imagen-de-WhatsApp-2023-08-17-a-las-15.02.00-1024x741.jpg 1024w, https:\/\/www.oaxaca.gob.mx\/sego\/wp-content\/uploads\/sites\/74\/2023\/08\/Imagen-de-WhatsApp-2023-08-17-a-las-15.02.00-300x217.jpg 300w, https:\/\/www.oaxaca.gob.mx\/sego\/wp-content\/uploads\/sites\/74\/2023\/08\/Imagen-de-WhatsApp-2023-08-17-a-las-15.02.00-768x556.jpg 768w, https:\/\/www.oaxaca.gob.mx\/sego\/wp-content\/uploads\/sites\/74\/2023\/08\/Imagen-de-WhatsApp-2023-08-17-a-las-15.02.00.jpg 1280w\" sizes=\"auto, (max-width: 1024px) 100vw, 1024px\" \/><\/p>\n<div class=\"x11i5rnm xat24cr x1mh8g0r x1vvkbs xtlvy1s x126k92a\">\n<div dir=\"auto\"><\/div>\n<div dir=\"auto\"><\/div>\n<div dir=\"auto\" style=\"text-align: left\">Con el fin de seguir brindando una atenci\u00f3n oportuna a las situaciones que se presenten en entidad, la Secretar\u00eda de Gobierno capacita a quienes fungen como Delegadas y Delegados de Paz en las regiones, al ser el primer enlace del Gobierno del Estado con la sociedad.<\/div>\n<\/div>\n<div dir=\"auto\"><\/div>\n<div dir=\"auto\"><\/div>\n<div dir=\"auto\">\n<h3><div class=\"su-spacer\" style=\"height:20px\"><\/div><\/h3>\n<h3><div class=\"su-spacer\" style=\"height:20px\"><\/div><\/h3>\n<\/div>\n<div dir=\"auto\"><\/div>\n<div dir=\"auto\"><div class=\"su-button-center\"><a href=\"https:\/\/www.oaxaca.gob.mx\/sego\/directorio-de-delegados-de-paz-social\/\" class=\"su-button su-button-style-glass\" style=\"color:#FFFFFF;background-color:#ab032d;border-color:#890324;border-radius:9px\" target=\"_blank\" rel=\"Lightbox\"><span style=\"color:#FFFFFF;padding:0px 24px;font-size:18px;line-height:36px;border-color:#c54f6c;border-radius:9px;text-shadow:0px 0px 0px #ffffff\">  Consulta aqu\u00ed tu Delegado de Paz m\u00e1s cercano<\/span><\/a><\/div><\/div>\n<div dir=\"auto\">\n<p>&nbsp;<\/p>\n<h1 style=\"text-align: left\"><span style=\"color: #800000\">Oaxaca es tu Tierra<\/span><\/h1>\n<\/div>\n<div dir=\"auto\"><\/div>\n<div dir=\"auto\"><\/div>\n<div dir=\"auto\"><img loading=\"lazy\" decoding=\"async\" class=\"aligncenter size-full wp-image-18831\" src=\"https:\/\/www.oaxaca.gob.mx\/sego\/wp-content\/uploads\/sites\/74\/2025\/03\/OAXACA-ES-TU-TIERRA-WEB_Mesa-de-trabajo-1_Mesa-de-trabajo-1.png\" alt=\"\" width=\"4500\" height=\"2250\" srcset=\"https:\/\/www.oaxaca.gob.mx\/sego\/wp-content\/uploads\/sites\/74\/2025\/03\/OAXACA-ES-TU-TIERRA-WEB_Mesa-de-trabajo-1_Mesa-de-trabajo-1.png 4500w, https:\/\/www.oaxaca.gob.mx\/sego\/wp-content\/uploads\/sites\/74\/2025\/03\/OAXACA-ES-TU-TIERRA-WEB_Mesa-de-trabajo-1_Mesa-de-trabajo-1-300x150.png 300w, https:\/\/www.oaxaca.gob.mx\/sego\/wp-content\/uploads\/sites\/74\/2025\/03\/OAXACA-ES-TU-TIERRA-WEB_Mesa-de-trabajo-1_Mesa-de-trabajo-1-1024x512.png 1024w, https:\/\/www.oaxaca.gob.mx\/sego\/wp-content\/uploads\/sites\/74\/2025\/03\/OAXACA-ES-TU-TIERRA-WEB_Mesa-de-trabajo-1_Mesa-de-trabajo-1-768x384.png 768w, https:\/\/www.oaxaca.gob.mx\/sego\/wp-content\/uploads\/sites\/74\/2025\/03\/OAXACA-ES-TU-TIERRA-WEB_Mesa-de-trabajo-1_Mesa-de-trabajo-1-1536x768.png 1536w, https:\/\/www.oaxaca.gob.mx\/sego\/wp-content\/uploads\/sites\/74\/2025\/03\/OAXACA-ES-TU-TIERRA-WEB_Mesa-de-trabajo-1_Mesa-de-trabajo-1-2048x1024.png 2048w\" sizes=\"auto, (max-width: 4500px) 100vw, 4500px\" \/><\/div>\n<div dir=\"auto\"><\/div>\n<div dir=\"auto\"><\/div>\n<div dir=\"auto\">\n<h3><div class=\"su-spacer\" style=\"height:20px\"><\/div><\/h3>\n<\/div>\n<div dir=\"auto\"><\/div>\n<div dir=\"auto\">\n<h1 style=\"text-align: left\"><span style=\"color: #800000\">Educar para la Paz<\/span><img loading=\"lazy\" decoding=\"async\" class=\"aligncenter size-full wp-image-19239\" src=\"https:\/\/www.oaxaca.gob.mx\/sego\/wp-content\/uploads\/sites\/74\/2025\/06\/EDUCAR-PARA-LA-PAZ-12.png\" alt=\"\" width=\"4000\" height=\"2250\" srcset=\"https:\/\/www.oaxaca.gob.mx\/sego\/wp-content\/uploads\/sites\/74\/2025\/06\/EDUCAR-PARA-LA-PAZ-12.png 4000w, https:\/\/www.oaxaca.gob.mx\/sego\/wp-content\/uploads\/sites\/74\/2025\/06\/EDUCAR-PARA-LA-PAZ-12-300x169.png 300w, https:\/\/www.oaxaca.gob.mx\/sego\/wp-content\/uploads\/sites\/74\/2025\/06\/EDUCAR-PARA-LA-PAZ-12-1024x576.png 1024w, https:\/\/www.oaxaca.gob.mx\/sego\/wp-content\/uploads\/sites\/74\/2025\/06\/EDUCAR-PARA-LA-PAZ-12-768x432.png 768w, https:\/\/www.oaxaca.gob.mx\/sego\/wp-content\/uploads\/sites\/74\/2025\/06\/EDUCAR-PARA-LA-PAZ-12-1536x864.png 1536w, https:\/\/www.oaxaca.gob.mx\/sego\/wp-content\/uploads\/sites\/74\/2025\/06\/EDUCAR-PARA-LA-PAZ-12-2048x1152.png 2048w\" sizes=\"auto, (max-width: 4000px) 100vw, 4000px\" \/><\/h1>\n<\/div>\n<div dir=\"auto\"><\/div>\n<div dir=\"auto\"><\/div>\n<div dir=\"auto\"><\/div>\n<div dir=\"auto\"><\/div>\n<div dir=\"auto\"><\/div>\n","protected":false},"excerpt":{"rendered":"<p>Sabemos que, en M\u00e9xico y todo Oaxaca, siempre han existido conflictos sociales de todo tipo, pero estamos convencidos que, con este gobierno transformador encabezado por el gobernador el Ing. Salom\u00f3n Jara Cruz se debe establecer un nuevo pacto social para la convivencia pac\u00edfica y segura, que permita volver a la senda del di\u00e1logo y b\u00fasqueda [&hellip;]<\/p>\n","protected":false},"author":82,"featured_media":17517,"parent":0,"menu_order":0,"comment_status":"closed","ping_status":"closed","template":"","meta":{"episode_type":"","audio_file":"","podmotor_file_id":"","podmotor_episode_id":"","cover_image":"","cover_image_id":"","duration":"","filesize":"","filesize_raw":"","date_recorded":"","explicit":"","block":"","itunes_episode_number":"","itunes_title":"","itunes_season_number":"","itunes_episode_type":"","footnotes":""},"categories":[29],"tags":[],"class_list":["post-15392","page","type-page","status-publish","has-post-thumbnail","hentry","category-slider-principal"],"acf":[],"publishpress_future_action":{"enabled":false,"date":"2026-04-25 22:41:41","action":"change-status","newStatus":"draft","terms":[],"taxonomy":"category","extraData":[]},"publishpress_future_workflow_manual_trigger":{"enabledWorkflows":[]},"_links":{"self":[{"href":"https:\/\/www.oaxaca.gob.mx\/sego\/wp-json\/wp\/v2\/pages\/15392","targetHints":{"allow":["GET"]}}],"collection":[{"href":"https:\/\/www.oaxaca.gob.mx\/sego\/wp-json\/wp\/v2\/pages"}],"about":[{"href":"https:\/\/www.oaxaca.gob.mx\/sego\/wp-json\/wp\/v2\/types\/page"}],"author":[{"embeddable":true,"href":"https:\/\/www.oaxaca.gob.mx\/sego\/wp-json\/wp\/v2\/users\/82"}],"replies":[{"embeddable":true,"href":"https:\/\/www.oaxaca.gob.mx\/sego\/wp-json\/wp\/v2\/comments?post=15392"}],"version-history":[{"count":2,"href":"https:\/\/www.oaxaca.gob.mx\/sego\/wp-json\/wp\/v2\/pages\/15392\/revisions"}],"predecessor-version":[{"id":19243,"href":"https:\/\/www.oaxaca.gob.mx\/sego\/wp-json\/wp\/v2\/pages\/15392\/revisions\/19243"}],"wp:featuredmedia":[{"embeddable":true,"href":"https:\/\/www.oaxaca.gob.mx\/sego\/wp-json\/wp\/v2\/media\/17517"}],"wp:attachment":[{"href":"https:\/\/www.oaxaca.gob.mx\/sego\/wp-json\/wp\/v2\/media?parent=15392"}],"wp:term":[{"taxonomy":"category","embeddable":true,"href":"https:\/\/www.oaxaca.gob.mx\/sego\/wp-json\/wp\/v2\/categories?post=15392"},{"taxonomy":"post_tag","embeddable":true,"href":"https:\/\/www.oaxaca.gob.mx\/sego\/wp-json\/wp\/v2\/tags?post=15392"}],"curies":[{"name":"wp","href":"https:\/\/api.w.org\/{rel}","templated":true}]}}