{"id":9454,"date":"2025-01-31T13:32:52","date_gmt":"2025-01-31T19:32:52","guid":{"rendered":"https:\/\/www.oaxaca.gob.mx\/sefader\/?page_id=9454"},"modified":"2025-02-17T09:28:33","modified_gmt":"2025-02-17T15:28:33","slug":"museo-del-maiz","status":"publish","type":"page","link":"https:\/\/www.oaxaca.gob.mx\/sefader\/museo-del-maiz\/","title":{"rendered":"Museo del Ma\u00edz"},"content":{"rendered":"<h2><strong>Te invitamos a unirte a nuestro taller de collage en el Museo de la Milpa, especialmente dise\u00f1ado para adolescentes de 12 a 19 a\u00f1os.<\/strong><\/h2>\n<h3>Explora tus ideas y sentimientos a trav\u00e9s del arte y descubre nuevas formas de expresarte.<\/h3>\n<h4>Fecha de inicio: 5 de Febrero.<br \/>\nDuraci\u00f3n: 3 meses.<br \/>\nLugar: Museo de la Milpa<br \/>\nHorarios:<br \/>\n&#8211; Mi\u00e9rcoles y viernes: 11:00 am &#8211; 1:00 pm<br \/>\n&#8211; Domingos: 1:00 pm &#8211; 3:00 pm<\/h4>\n<h3><strong>\u00a1No necesitas experiencia previa! Solo trae tus ideas y tu creatividad. \u00a1Inscr\u00edbete ahora y \u00fanete a nuestra comunidad de artistas j\u00f3venes!<\/strong><\/h3>\n<p><strong>Nota: El taller es gratuito, pero es necesario inscribirse con anticipaci\u00f3n para asegurar tu lugar. (Cupo limitado)<\/strong><\/p>\n<p><a href=\"https:\/\/docs.google.com\/forms\/d\/1nTvjNjM7ZsNv-4zNtdIHZ_pSTN8X97IZzHZ9E0tqxH8\/edit\" target=\"_blank\" rel=\"noopener\">https:\/\/docs.google.com\/forms\/d\/1nTvjNjM7ZsNv-4zNtdIHZ_pSTN8X97IZzHZ9E0tqxH8\/edit<\/a><\/p>\n<p>&nbsp;<\/p>\n<div style=\"width: 720px;\" class=\"wp-video\"><video class=\"wp-video-shortcode\" id=\"video-9454-1\" width=\"720\" height=\"1280\" preload=\"metadata\" controls=\"controls\"><source type=\"video\/mp4\" src=\"https:\/\/www.oaxaca.gob.mx\/sefader\/wp-content\/uploads\/sites\/35\/2025\/01\/WhatsApp-Video-2025-01-31-at-13.14.01.mp4?_=1\" \/><a href=\"https:\/\/www.oaxaca.gob.mx\/sefader\/wp-content\/uploads\/sites\/35\/2025\/01\/WhatsApp-Video-2025-01-31-at-13.14.01.mp4\">https:\/\/www.oaxaca.gob.mx\/sefader\/wp-content\/uploads\/sites\/35\/2025\/01\/WhatsApp-Video-2025-01-31-at-13.14.01.mp4<\/a><\/video><\/div>\n<div style=\"width: 720px;\" class=\"wp-video\"><video class=\"wp-video-shortcode\" id=\"video-9454-2\" width=\"720\" height=\"1280\" preload=\"metadata\" controls=\"controls\"><source type=\"video\/mp4\" src=\"https:\/\/www.oaxaca.gob.mx\/sefader\/wp-content\/uploads\/sites\/35\/2025\/01\/WhatsApp-Video-2025-01-31-at-13.14.01-1.mp4?_=2\" \/><a href=\"https:\/\/www.oaxaca.gob.mx\/sefader\/wp-content\/uploads\/sites\/35\/2025\/01\/WhatsApp-Video-2025-01-31-at-13.14.01-1.mp4\">https:\/\/www.oaxaca.gob.mx\/sefader\/wp-content\/uploads\/sites\/35\/2025\/01\/WhatsApp-Video-2025-01-31-at-13.14.01-1.mp4<\/a><\/video><\/div>\n<p>&nbsp;<\/p>\n<p>&nbsp;<\/p>\n<hr \/>\n<h2>Te invitamos a unirte a nuestro taller de pintura al \u00f3leo en el Museo de la Milpa, especialmente dise\u00f1ado para personas de 40 a 60 a\u00f1os.<\/h2>\n<h3>\ud83d\udd8c\ufe0fAprende t\u00e9cnicas b\u00e1sicas y avanzadas, como mezcla de colores, textura y composici\u00f3n.<\/h3>\n<h3>\u00a1Y es completamente gratuito! Solo trae tus propios materiales.<\/h3>\n<h4>Fecha de inicio: 5 de febrero<br \/>\nDuraci\u00f3n: Tres meses<br \/>\nLugar: Museo de la Milpa<br \/>\nHorario:<br \/>\n* Mi\u00e9rcoles y sabado de 13:00 a 15:00 hrs.<br \/>\n* \u2060Domingo de 15:00 a 17:00 hrs.<\/h4>\n<p>Inscr\u00edbete en el siguiente enlace: <a href=\"https:\/\/docs.google.com\/forms\/d\/12-ZDAJgjcWx1-TTLqSontTJ2mqMdjyX0ejrk9sETrD4\/edit\" target=\"_blank\" rel=\"noopener\">https:\/\/docs.google.com\/forms\/d\/12-ZDAJgjcWx1-TTLqSontTJ2mqMdjyX0ejrk9sETrD4\/edit<\/a><\/p>\n<div style=\"width: 480px;\" class=\"wp-video\"><video class=\"wp-video-shortcode\" id=\"video-9454-3\" width=\"480\" height=\"848\" preload=\"metadata\" controls=\"controls\"><source type=\"video\/mp4\" src=\"https:\/\/www.oaxaca.gob.mx\/sefader\/wp-content\/uploads\/sites\/35\/2025\/01\/WhatsApp-Video-2025-01-31-at-13.14.02-1.mp4?_=3\" \/><a href=\"https:\/\/www.oaxaca.gob.mx\/sefader\/wp-content\/uploads\/sites\/35\/2025\/01\/WhatsApp-Video-2025-01-31-at-13.14.02-1.mp4\">https:\/\/www.oaxaca.gob.mx\/sefader\/wp-content\/uploads\/sites\/35\/2025\/01\/WhatsApp-Video-2025-01-31-at-13.14.02-1.mp4<\/a><\/video><\/div>\n<p>&nbsp;<\/p>\n<p>&nbsp;<\/p>\n<hr \/>\n<h2>\u00a1Inscr\u00edbe a tus hijos en nuestro taller de introducci\u00f3n al gis pastel en el Museo de la Milpa!<\/h2>\n<h3>Durante tres meses, nuestros peque\u00f1os artistas aprender\u00e1n las t\u00e9cnicas b\u00e1sicas de dibujo con gis pastel, y crear\u00e1n sus propias obras de arte.<\/h3>\n<h4>Detalles del taller:<br \/>\n&#8211; Fecha de inicio: 5 de febrero<br \/>\n&#8211; Duraci\u00f3n: 3 meses<br \/>\n&#8211; Horarios: Mi\u00e9rcoles, Viernes y Domingos de 4:30 a 6:30 pm.<br \/>\n&#8211; Lugar: Museo de la Milpa<\/h4>\n<h3>\u00a1Y lo mejor de todo? \u00a1Es completamente gratuito! Solo necesitas traer tus propios materiales y inscribir a tus peque\u00f1os en el siguiente formulario:<\/h3>\n<h5><a href=\"https:\/\/docs.google.com\/forms\/d\/1eckL4cWWxQ576x0ZhjLES14x-ng8-ugDHZ6SpTN-nHs\/edit\" target=\"_blank\" rel=\"noopener\">https:\/\/docs.google.com\/forms\/d\/1eckL4cWWxQ576x0ZhjLES14x-ng8-ugDHZ6SpTN-nHs\/edit<\/a><\/h5>\n<h4>\ud83d\udcccMateriales:<br \/>\n* Caja con gises pastel<br \/>\n* Block de dibujo marquilla<br \/>\n* L\u00e1pices<br \/>\n* Borrador<br \/>\n* Cotonetes<br \/>\n* Brocha peque\u00f1a<br \/>\n* L\u00e1pices difuminadores<br \/>\n* Fijador de cabello<\/h4>\n","protected":false},"excerpt":{"rendered":"<p>Te invitamos a unirte a nuestro taller de collage en el Museo de la Milpa, especialmente dise\u00f1ado para adolescentes de 12 a 19 a\u00f1os. Explora tus ideas y sentimientos a trav\u00e9s del arte y descubre nuevas formas de expresarte. Fecha de inicio: 5 de Febrero. Duraci\u00f3n: 3 meses. Lugar: Museo de la Milpa Horarios: &#8211; [&hellip;]<\/p>\n","protected":false},"author":44,"featured_media":9471,"parent":0,"menu_order":0,"comment_status":"closed","ping_status":"closed","template":"","meta":{"episode_type":"","audio_file":"","podmotor_file_id":"","podmotor_episode_id":"","cover_image":"","cover_image_id":"","duration":"","filesize":"","filesize_raw":"","date_recorded":"","explicit":"","block":"","footnotes":""},"categories":[],"tags":[],"class_list":["post-9454","page","type-page","status-publish","has-post-thumbnail","hentry"],"acf":[],"publishpress_future_action":{"enabled":false,"date":"2026-04-25 21:53:51","action":"change-status","newStatus":"draft","terms":[],"taxonomy":"category","extraData":[]},"publishpress_future_workflow_manual_trigger":{"enabledWorkflows":[]},"_links":{"self":[{"href":"https:\/\/www.oaxaca.gob.mx\/sefader\/wp-json\/wp\/v2\/pages\/9454","targetHints":{"allow":["GET"]}}],"collection":[{"href":"https:\/\/www.oaxaca.gob.mx\/sefader\/wp-json\/wp\/v2\/pages"}],"about":[{"href":"https:\/\/www.oaxaca.gob.mx\/sefader\/wp-json\/wp\/v2\/types\/page"}],"author":[{"embeddable":true,"href":"https:\/\/www.oaxaca.gob.mx\/sefader\/wp-json\/wp\/v2\/users\/44"}],"replies":[{"embeddable":true,"href":"https:\/\/www.oaxaca.gob.mx\/sefader\/wp-json\/wp\/v2\/comments?post=9454"}],"version-history":[{"count":3,"href":"https:\/\/www.oaxaca.gob.mx\/sefader\/wp-json\/wp\/v2\/pages\/9454\/revisions"}],"predecessor-version":[{"id":9484,"href":"https:\/\/www.oaxaca.gob.mx\/sefader\/wp-json\/wp\/v2\/pages\/9454\/revisions\/9484"}],"wp:featuredmedia":[{"embeddable":true,"href":"https:\/\/www.oaxaca.gob.mx\/sefader\/wp-json\/wp\/v2\/media\/9471"}],"wp:attachment":[{"href":"https:\/\/www.oaxaca.gob.mx\/sefader\/wp-json\/wp\/v2\/media?parent=9454"}],"wp:term":[{"taxonomy":"category","embeddable":true,"href":"https:\/\/www.oaxaca.gob.mx\/sefader\/wp-json\/wp\/v2\/categories?post=9454"},{"taxonomy":"post_tag","embeddable":true,"href":"https:\/\/www.oaxaca.gob.mx\/sefader\/wp-json\/wp\/v2\/tags?post=9454"}],"curies":[{"name":"wp","href":"https:\/\/api.w.org\/{rel}","templated":true}]}}