{"id":7530,"date":"2022-01-04T15:25:40","date_gmt":"2022-01-04T21:25:40","guid":{"rendered":"https:\/\/www.oaxaca.gob.mx\/sedapa\/?page_id=7530"},"modified":"2024-12-23T12:49:27","modified_gmt":"2024-12-23T18:49:27","slug":"reglas-de-operacion-de-la-secretaria-de-desarrollo-agropecuario-pesca-y-acuacultura","status":"publish","type":"page","link":"https:\/\/www.oaxaca.gob.mx\/sefader\/reglas-de-operacion-reglas-de-operacion-de-la-secretaria-de-fomento-agroalimentario-y-desarrollo-rural","title":{"rendered":"Reglas de Operaci\u00f3n de la Secretar\u00eda de Fomento Agroalimentario y Desarrollo Rural"},"content":{"rendered":"<ul>\n<li><a href=\"https:\/\/www.oaxaca.gob.mx\/sefader\/wp-content\/uploads\/sites\/35\/2024\/12\/EXT-SEFADER-2024-01-30.pdf\" target=\"_blank\" rel=\"noopener\">Reglas de Operaci\u00f3n de los Programas que ejecuta la Secretar\u00eda de Fomento Agroalimentario y Desarrollo Rural (SEFADER) para el Ejercicio Fiscal 2024.<\/a><\/li>\n<\/ul>\n<ul>\n<li><a href=\"https:\/\/www.oaxaca.gob.mx\/sefader\/wp-content\/uploads\/sites\/35\/2023\/05\/EXT-SECDESARROLLO-2023-01-30-1.pdf\" target=\"_blank\" rel=\"noopener\">Reglas de Operaci\u00f3n de los Programas que ejecuta la Secretar\u00eda de Fomento Agroalimentario y Desarrollo Rural (SEFADER) para el Ejercicio Fiscal 2023.<\/a><\/li>\n<li><a href=\"https:\/\/www.oaxaca.gob.mx\/sefader\/wp-content\/uploads\/sites\/35\/2023\/09\/EXT-RURA-2023-08-10-MODIFICACION-RO-AGRONEGOCIOS.pdf\" target=\"_blank\" rel=\"noopener\">Modificaci\u00f3n a las Reglas de Operaci\u00f3n de los Programas que ejecuta la Secretar\u00eda de Fomento Agroalimentario y Desarrollo Rural (SEFADER) 2023<\/a><\/li>\n<\/ul>\n<p>&nbsp;<\/p>\n<ul>\n<li><a href=\"https:\/\/www.oaxaca.gob.mx\/sedapa\/wp-content\/uploads\/sites\/35\/2022\/10\/EXT-REGSEDAPA-2022-01-11.pdf\" target=\"_blank\" rel=\"noopener\">Reglas de Operaci\u00f3n del Programa que ejecuta la Secretar\u00eda de Desarrollo Agropecuario, Pesca y Acuacultura (SEDAPA), con recursos Estatales, para el Ejercicio Fiscal 2022.<\/a><\/li>\n<li><a href=\"https:\/\/www.oaxaca.gob.mx\/sedapa\/reglas-de-operacion-2021\/\">Reglas de Operaci\u00f3n de la Secretar\u00eda de Desarrollo Agropecuario, Pesca y Acuacultura para la Aplicaci\u00f3n de Recursos del Programa Normal Estatal del Ejercicio Fiscal 2021.<\/a><\/li>\n<li><a href=\"https:\/\/www.oaxaca.gob.mx\/sedapa\/wp-content\/uploads\/sites\/35\/2020\/12\/EXT-SEDAPA-2020-04-15.pdf\">Reglas de Operaci\u00f3n de la Secretar\u00eda de Desarrollo Agropecuario, Pesca y Acuacultura para la Aplicaci\u00f3n de Recursos del Programa Normal Estatal del Ejercicio Fiscal 2020.<\/a><\/li>\n<li><a href=\"https:\/\/www.oaxaca.gob.mx\/sedapa\/wp-content\/uploads\/sites\/35\/2019\/09\/REGLAS-DE-OPERACIO\u0301N-SEDAPA-PNE-2019.pdf\" target=\"_blank\" rel=\"noopener noreferrer\">Reglas de Operaci\u00f3n de la Secretar\u00eda de Desarrollo Agropecuario, Pesca y Acuacultura para la Aplicaci\u00f3n de Recursos del Programa Normal Estatal del Ejercicio Fiscal 2019<\/a><\/li>\n<li><a href=\"https:\/\/www.oaxaca.gob.mx\/sedapa\/wp-content\/uploads\/sites\/35\/2019\/09\/REGLAS-DE-OPERACIO\u0301N-SEDAPA-PNE-2018.pdf\" target=\"_blank\" rel=\"noopener noreferrer\">Reglas de Operaci\u00f3n de la Secretar\u00eda de Desarrollo Agropecuario, Pesca y Acuacultura para la Aplicaci\u00f3n de Recursos del Programa Normal Estatal del Ejercicio Fiscal 2018<\/a><\/li>\n<li><a href=\"https:\/\/www.oaxaca.gob.mx\/sedapa\/wp-content\/uploads\/sites\/35\/2019\/09\/REGLAS-DE-OPERACIO\u0301N-SEDAPA-PNE-2017.pdf\" target=\"_blank\" rel=\"noopener noreferrer\">Reglas de Operaci\u00f3n de la Secretar\u00eda de Desarrollo Agropecuario, Pesca y Acuacultura para la Aplicaci\u00f3n de Recursos del Programa Normal Estatal del Ejercicio Fiscal 2017<\/a><\/li>\n<\/ul>\n<p>&nbsp;<\/p>\n","protected":false},"excerpt":{"rendered":"<p>Reglas de Operaci\u00f3n de los Programas que ejecuta la Secretar\u00eda de Fomento Agroalimentario y Desarrollo Rural (SEFADER) para el Ejercicio Fiscal 2024. Reglas de Operaci\u00f3n de los Programas que ejecuta la Secretar\u00eda de Fomento Agroalimentario y Desarrollo Rural (SEFADER) para el Ejercicio Fiscal 2023. Modificaci\u00f3n a las Reglas de Operaci\u00f3n de los Programas que ejecuta [&hellip;]<\/p>\n","protected":false},"author":44,"featured_media":0,"parent":0,"menu_order":0,"comment_status":"closed","ping_status":"closed","template":"","meta":{"episode_type":"","audio_file":"","podmotor_file_id":"","podmotor_episode_id":"","cover_image":"","cover_image_id":"","duration":"","filesize":"","filesize_raw":"","date_recorded":"","explicit":"","block":"","footnotes":""},"categories":[],"tags":[],"class_list":["post-7530","page","type-page","status-publish","hentry"],"acf":[],"publishpress_future_action":{"enabled":false,"date":"2026-04-25 21:49:48","action":"change-status","newStatus":"draft","terms":[],"taxonomy":"category","extraData":[]},"publishpress_future_workflow_manual_trigger":{"enabledWorkflows":[]},"_links":{"self":[{"href":"https:\/\/www.oaxaca.gob.mx\/sefader\/wp-json\/wp\/v2\/pages\/7530","targetHints":{"allow":["GET"]}}],"collection":[{"href":"https:\/\/www.oaxaca.gob.mx\/sefader\/wp-json\/wp\/v2\/pages"}],"about":[{"href":"https:\/\/www.oaxaca.gob.mx\/sefader\/wp-json\/wp\/v2\/types\/page"}],"author":[{"embeddable":true,"href":"https:\/\/www.oaxaca.gob.mx\/sefader\/wp-json\/wp\/v2\/users\/44"}],"replies":[{"embeddable":true,"href":"https:\/\/www.oaxaca.gob.mx\/sefader\/wp-json\/wp\/v2\/comments?post=7530"}],"version-history":[{"count":2,"href":"https:\/\/www.oaxaca.gob.mx\/sefader\/wp-json\/wp\/v2\/pages\/7530\/revisions"}],"predecessor-version":[{"id":9449,"href":"https:\/\/www.oaxaca.gob.mx\/sefader\/wp-json\/wp\/v2\/pages\/7530\/revisions\/9449"}],"wp:attachment":[{"href":"https:\/\/www.oaxaca.gob.mx\/sefader\/wp-json\/wp\/v2\/media?parent=7530"}],"wp:term":[{"taxonomy":"category","embeddable":true,"href":"https:\/\/www.oaxaca.gob.mx\/sefader\/wp-json\/wp\/v2\/categories?post=7530"},{"taxonomy":"post_tag","embeddable":true,"href":"https:\/\/www.oaxaca.gob.mx\/sefader\/wp-json\/wp\/v2\/tags?post=7530"}],"curies":[{"name":"wp","href":"https:\/\/api.w.org\/{rel}","templated":true}]}}