{"id":6699,"date":"2020-12-17T13:38:40","date_gmt":"2020-12-17T19:38:40","guid":{"rendered":"https:\/\/www.oaxaca.gob.mx\/sedapa\/?page_id=6699"},"modified":"2020-12-17T13:39:11","modified_gmt":"2020-12-17T19:39:11","slug":"firman-convenio-de-colaboracion-sedapa-y-universidades-de-oaxaca","status":"publish","type":"page","link":"https:\/\/www.oaxaca.gob.mx\/sefader\/firman-convenio-de-colaboracion-sedapa-y-universidades-de-oaxaca\/","title":{"rendered":"Firman convenio de colaboraci\u00f3n Sedapa y Universidades de Oaxaca"},"content":{"rendered":"<p><b>Firman convenio de colaboraci\u00f3n Sedapa y Universidades de Oaxaca<\/b><\/p>\n<ul>\n<li>Se brindar\u00e1 asesor\u00eda, capacitaci\u00f3n y transferencia tecnol\u00f3gica a productores, y se impulsar\u00e1n proyectos estrat\u00e9gicos en \u00e1reas acad\u00e9mica, comercial y productiva<\/li>\n<\/ul>\n<p>&nbsp;<\/p>\n<div>\n<p>Reyes Mantec\u00f3n, Oax. 28 de octubre de 2020.- Con el objetivo de fortalecer las acciones de Gobierno en favor del campo oaxaque\u00f1o, la Secretar\u00eda de Desarrollo Agropecuario, Pesca y Acuacultura (Sedapa), sign\u00f3 un convenio de colaboraci\u00f3n con Instituciones acad\u00e9micas de nivel superior de la entidad.<\/p>\n<p>El convenio de colaboraci\u00f3n signado entre la dependencia y la Universidad Tecnol\u00f3gica de la Sierra Sur de Oaxaca (UTSSO), la Universidad Tecnol\u00f3gica de los Valles Centrales de Oaxaca (UTVCO), y el Instituto Tecnol\u00f3gico Superior de Teposcolula (ITSTE), permitir\u00e1 desarrollar programas y proyectos en conjunto en beneficio de la comunidad estudiantil y de productores.<\/p>\n<p>\u201cEsta colaboraci\u00f3n busca conjuntar acciones y recursos para que se brinden servicios de transferencia tecnol\u00f3gica, capacitaci\u00f3n agroalimentaria y agroindustrial a productores y cadenas productivas de Oaxaca\u201d, puntualiz\u00f3 el titular de la Sedapa, Gabriel Cu\u00e9 Navarro.<\/p>\n<p>Destac\u00f3 que el Gobierno del Estado establece alianzas con diferentes sectores con la finalidad de impulsar proyectos estrat\u00e9gicos en \u00e1reas acad\u00e9micas, de capacitaci\u00f3n t\u00e9cnica, comercial y productiva.<\/p>\n<p>Asimismo, Cu\u00e9 Navarro detall\u00f3 que algunas de las acciones que se implementar\u00e1n a trav\u00e9s del convenio de colaboraci\u00f3n, son la impartici\u00f3n de cursos, talleres de capacitaci\u00f3n, asesor\u00edas, conferencias y seminarios.<\/p>\n<p>El convenio fue signado por el titular de la Sedapa, Gabriel Cu\u00e9 Navarro; el rector de la UTSSO, Jorge Franco Caravantes Hern\u00e1ndez; la rectora de la UTVCO, Nydia Delh\u00ed Mata S\u00e1nchez; el director general del ITSTE, Jaime Ch\u00e1vez Flores y como testigo de honor, el coordinador general de Educaci\u00f3n Media Superior y Superior, Ciencia y Tecnolog\u00eda, Manuel Francisco M\u00e1rquez M\u00e9ndez; as\u00ed como los directores de operaci\u00f3n y administrativo de la Sedapa, Rafael Arcos Flores y Arturo Pacheco Contreras, respectivamente.<\/p>\n<div><img loading=\"lazy\" decoding=\"async\" class=\"alignnone wp-image-6700\" src=\"https:\/\/www.oaxaca.gob.mx\/sedapa\/wp-content\/uploads\/sites\/35\/2020\/12\/Foto-Sedapa-01-300x225.jpg\" alt=\"\" width=\"247\" height=\"185\" srcset=\"https:\/\/www.oaxaca.gob.mx\/sefader\/wp-content\/uploads\/sites\/35\/2020\/12\/Foto-Sedapa-01-300x225.jpg 300w, https:\/\/www.oaxaca.gob.mx\/sefader\/wp-content\/uploads\/sites\/35\/2020\/12\/Foto-Sedapa-01-1024x768.jpg 1024w, https:\/\/www.oaxaca.gob.mx\/sefader\/wp-content\/uploads\/sites\/35\/2020\/12\/Foto-Sedapa-01-768x576.jpg 768w, https:\/\/www.oaxaca.gob.mx\/sefader\/wp-content\/uploads\/sites\/35\/2020\/12\/Foto-Sedapa-01.jpg 1134w\" sizes=\"auto, (max-width: 247px) 100vw, 247px\" \/> <img loading=\"lazy\" decoding=\"async\" class=\"wp-image-6701 alignleft\" src=\"https:\/\/www.oaxaca.gob.mx\/sedapa\/wp-content\/uploads\/sites\/35\/2020\/12\/Foto-Sedapa-02-300x211.jpg\" alt=\"\" width=\"240\" height=\"169\" srcset=\"https:\/\/www.oaxaca.gob.mx\/sefader\/wp-content\/uploads\/sites\/35\/2020\/12\/Foto-Sedapa-02-300x211.jpg 300w, https:\/\/www.oaxaca.gob.mx\/sefader\/wp-content\/uploads\/sites\/35\/2020\/12\/Foto-Sedapa-02-1024x721.jpg 1024w, https:\/\/www.oaxaca.gob.mx\/sefader\/wp-content\/uploads\/sites\/35\/2020\/12\/Foto-Sedapa-02-768x541.jpg 768w, https:\/\/www.oaxaca.gob.mx\/sefader\/wp-content\/uploads\/sites\/35\/2020\/12\/Foto-Sedapa-02.jpg 1106w\" sizes=\"auto, (max-width: 240px) 100vw, 240px\" \/> <img loading=\"lazy\" decoding=\"async\" class=\"alignnone wp-image-6702\" src=\"https:\/\/www.oaxaca.gob.mx\/sedapa\/wp-content\/uploads\/sites\/35\/2020\/12\/Foto-Sedapa-03-300x207.jpg\" alt=\"\" width=\"248\" height=\"171\" srcset=\"https:\/\/www.oaxaca.gob.mx\/sefader\/wp-content\/uploads\/sites\/35\/2020\/12\/Foto-Sedapa-03-300x207.jpg 300w, https:\/\/www.oaxaca.gob.mx\/sefader\/wp-content\/uploads\/sites\/35\/2020\/12\/Foto-Sedapa-03-1024x706.jpg 1024w, https:\/\/www.oaxaca.gob.mx\/sefader\/wp-content\/uploads\/sites\/35\/2020\/12\/Foto-Sedapa-03-768x530.jpg 768w, https:\/\/www.oaxaca.gob.mx\/sefader\/wp-content\/uploads\/sites\/35\/2020\/12\/Foto-Sedapa-03.jpg 1102w\" sizes=\"auto, (max-width: 248px) 100vw, 248px\" \/><\/div>\n<\/div>\n","protected":false},"excerpt":{"rendered":"<p>Firman convenio de colaboraci\u00f3n Sedapa y Universidades de Oaxaca Se brindar\u00e1 asesor\u00eda, capacitaci\u00f3n y transferencia tecnol\u00f3gica a productores, y se impulsar\u00e1n proyectos estrat\u00e9gicos en \u00e1reas acad\u00e9mica, comercial y productiva &nbsp; Reyes Mantec\u00f3n, Oax. 28 de octubre de 2020.- Con el objetivo de fortalecer las acciones de Gobierno en favor del campo oaxaque\u00f1o, la Secretar\u00eda de [&hellip;]<\/p>\n","protected":false},"author":44,"featured_media":0,"parent":0,"menu_order":0,"comment_status":"closed","ping_status":"closed","template":"","meta":{"episode_type":"","audio_file":"","podmotor_file_id":"","podmotor_episode_id":"","cover_image":"","cover_image_id":"","duration":"","filesize":"","filesize_raw":"","date_recorded":"","explicit":"","block":"","footnotes":""},"categories":[],"tags":[],"class_list":["post-6699","page","type-page","status-publish","hentry"],"acf":[],"publishpress_future_action":{"enabled":false,"date":"2026-04-25 23:55:12","action":"change-status","newStatus":"draft","terms":[],"taxonomy":"category","extraData":[]},"publishpress_future_workflow_manual_trigger":{"enabledWorkflows":[]},"_links":{"self":[{"href":"https:\/\/www.oaxaca.gob.mx\/sefader\/wp-json\/wp\/v2\/pages\/6699","targetHints":{"allow":["GET"]}}],"collection":[{"href":"https:\/\/www.oaxaca.gob.mx\/sefader\/wp-json\/wp\/v2\/pages"}],"about":[{"href":"https:\/\/www.oaxaca.gob.mx\/sefader\/wp-json\/wp\/v2\/types\/page"}],"author":[{"embeddable":true,"href":"https:\/\/www.oaxaca.gob.mx\/sefader\/wp-json\/wp\/v2\/users\/44"}],"replies":[{"embeddable":true,"href":"https:\/\/www.oaxaca.gob.mx\/sefader\/wp-json\/wp\/v2\/comments?post=6699"}],"version-history":[{"count":3,"href":"https:\/\/www.oaxaca.gob.mx\/sefader\/wp-json\/wp\/v2\/pages\/6699\/revisions"}],"predecessor-version":[{"id":6705,"href":"https:\/\/www.oaxaca.gob.mx\/sefader\/wp-json\/wp\/v2\/pages\/6699\/revisions\/6705"}],"wp:attachment":[{"href":"https:\/\/www.oaxaca.gob.mx\/sefader\/wp-json\/wp\/v2\/media?parent=6699"}],"wp:term":[{"taxonomy":"category","embeddable":true,"href":"https:\/\/www.oaxaca.gob.mx\/sefader\/wp-json\/wp\/v2\/categories?post=6699"},{"taxonomy":"post_tag","embeddable":true,"href":"https:\/\/www.oaxaca.gob.mx\/sefader\/wp-json\/wp\/v2\/tags?post=6699"}],"curies":[{"name":"wp","href":"https:\/\/api.w.org\/{rel}","templated":true}]}}