{"id":6332,"date":"2020-06-16T18:18:57","date_gmt":"2020-06-16T23:18:57","guid":{"rendered":"https:\/\/www.oaxaca.gob.mx\/sedapa\/?page_id=6332"},"modified":"2022-01-26T10:23:37","modified_gmt":"2022-01-26T16:23:37","slug":"padron-de-beneficiarios","status":"publish","type":"page","link":"https:\/\/www.oaxaca.gob.mx\/sefader\/impulso-fira\/padron-beneficiarios-pipa","title":{"rendered":"Padr\u00f3n de Beneficiarios"},"content":{"rendered":"<p>De conformidad a lo establecido en los lineamientos del Programa de Impulso a Proyectos del sector Agroalimentario el listado de beneficiarios se actualizar\u00e1 mensualmente y la \u00faltima actualizaci\u00f3n se dar\u00e1 a conocer el \u00faltimo d\u00eda h\u00e1bil del mes de diciembre del a\u00f1o 2020.<\/p>\n<p>https:\/\/www.oaxaca.gob.mx\/sedapa\/wp-content\/uploads\/sites\/35\/2022\/01\/FORTALECIMIENTO-AL-SISTEMA-NAL-DE-IDENTIFICACION-BOVINA-2020.pdf<\/p>\n","protected":false},"excerpt":{"rendered":"<p>De conformidad a lo establecido en los lineamientos del Programa de Impulso a Proyectos del sector Agroalimentario el listado de beneficiarios se actualizar\u00e1 mensualmente y la \u00faltima actualizaci\u00f3n se dar\u00e1 a conocer el \u00faltimo d\u00eda h\u00e1bil del mes de diciembre del a\u00f1o 2020. https:\/\/www.oaxaca.gob.mx\/sedapa\/wp-content\/uploads\/sites\/35\/2022\/01\/FORTALECIMIENTO-AL-SISTEMA-NAL-DE-IDENTIFICACION-BOVINA-2020.pdf<\/p>\n","protected":false},"author":44,"featured_media":0,"parent":0,"menu_order":0,"comment_status":"closed","ping_status":"closed","template":"","meta":{"episode_type":"","audio_file":"","podmotor_file_id":"","podmotor_episode_id":"","cover_image":"","cover_image_id":"","duration":"","filesize":"","filesize_raw":"","date_recorded":"","explicit":"","block":"","footnotes":""},"categories":[],"tags":[],"class_list":["post-6332","page","type-page","status-publish","hentry"],"acf":[],"publishpress_future_action":{"enabled":false,"date":"2026-04-25 23:36:49","action":"change-status","newStatus":"draft","terms":[],"taxonomy":"category","extraData":[]},"publishpress_future_workflow_manual_trigger":{"enabledWorkflows":[]},"_links":{"self":[{"href":"https:\/\/www.oaxaca.gob.mx\/sefader\/wp-json\/wp\/v2\/pages\/6332","targetHints":{"allow":["GET"]}}],"collection":[{"href":"https:\/\/www.oaxaca.gob.mx\/sefader\/wp-json\/wp\/v2\/pages"}],"about":[{"href":"https:\/\/www.oaxaca.gob.mx\/sefader\/wp-json\/wp\/v2\/types\/page"}],"author":[{"embeddable":true,"href":"https:\/\/www.oaxaca.gob.mx\/sefader\/wp-json\/wp\/v2\/users\/44"}],"replies":[{"embeddable":true,"href":"https:\/\/www.oaxaca.gob.mx\/sefader\/wp-json\/wp\/v2\/comments?post=6332"}],"version-history":[{"count":6,"href":"https:\/\/www.oaxaca.gob.mx\/sefader\/wp-json\/wp\/v2\/pages\/6332\/revisions"}],"predecessor-version":[{"id":7550,"href":"https:\/\/www.oaxaca.gob.mx\/sefader\/wp-json\/wp\/v2\/pages\/6332\/revisions\/7550"}],"wp:attachment":[{"href":"https:\/\/www.oaxaca.gob.mx\/sefader\/wp-json\/wp\/v2\/media?parent=6332"}],"wp:term":[{"taxonomy":"category","embeddable":true,"href":"https:\/\/www.oaxaca.gob.mx\/sefader\/wp-json\/wp\/v2\/categories?post=6332"},{"taxonomy":"post_tag","embeddable":true,"href":"https:\/\/www.oaxaca.gob.mx\/sefader\/wp-json\/wp\/v2\/tags?post=6332"}],"curies":[{"name":"wp","href":"https:\/\/api.w.org\/{rel}","templated":true}]}}