{"id":4317,"date":"2019-07-03T22:22:08","date_gmt":"2019-07-03T20:22:08","guid":{"rendered":"https:\/\/www.oaxaca.gob.mx\/sedapa\/?page_id=4317"},"modified":"2019-07-03T22:22:08","modified_gmt":"2019-07-03T20:22:08","slug":"registro-de-ganado-para-corrales-de-engorda-centro-de-acopio-y-centro-de-sacrificio-o-rastro-en-el-sipeoax","status":"publish","type":"page","link":"https:\/\/www.oaxaca.gob.mx\/sefader\/registro-de-ganado-para-corrales-de-engorda-centro-de-acopio-y-centro-de-sacrificio-o-rastro-en-el-sipeoax\/","title":{"rendered":"Registro de ganado para corrales de engorda, centro de acopio y centro de sacrificio o rastro en el SIPEOAX"},"content":{"rendered":"<h4>Descripci\u00f3n del objetivo del servicio<\/h4>\n<p>PERSONAS F\u00cdSICAS O MORALES QUE SE DEDICAN A ACOPIAR Y ENGORDAR GANADO, ACOPIAR MIEL, AL SACRIFICIO DE ANIMALES EN RASTROS.<\/p>\n<h4>Requisitos para obtener el servicio<\/h4>\n<p>&#8211;<\/p>\n<h4>Documentos requeridos, en su caso<\/h4>\n<p>Copia de la U.P.P. actualizada, copia de la identificaci\u00f3n oficial, copia de la inscripci\u00f3n al SAT con R.F.C.<\/p>\n<h4>Hiperv\u00ednculo a los formatos respectivo(s) publicado(s) en medio oficial<\/h4>\n<p>&#8211;<\/p>\n<h4>Tiempo de respuesta<\/h4>\n<p>De 5 a 10 d\u00edas h\u00e1biles.<\/p>\n<h4>\u00c1rea en la que se proporciona el servicio y los datos de contacto Tabla_375406<\/h4>\n<p>4802125<\/p>\n<h4>Costo, en su caso especificar que es gratuito<\/h4>\n<p>0\t\t<\/p>\n","protected":false},"excerpt":{"rendered":"<p>Descripci\u00f3n del objetivo del servicio PERSONAS F\u00cdSICAS O MORALES QUE SE DEDICAN A ACOPIAR Y ENGORDAR GANADO, ACOPIAR MIEL, AL SACRIFICIO DE ANIMALES EN RASTROS. Requisitos para obtener el servicio &#8211; Documentos requeridos, en su caso Copia de la U.P.P. actualizada, copia de la identificaci\u00f3n oficial, copia de la inscripci\u00f3n al SAT con R.F.C. Hiperv\u00ednculo [&hellip;]<\/p>\n","protected":false},"author":1,"featured_media":0,"parent":0,"menu_order":0,"comment_status":"closed","ping_status":"closed","template":"","meta":{"episode_type":"","audio_file":"","podmotor_file_id":"","podmotor_episode_id":"","cover_image":"","cover_image_id":"","duration":"","filesize":"","filesize_raw":"","date_recorded":"","explicit":"","block":"","footnotes":""},"categories":[],"tags":[],"class_list":["post-4317","page","type-page","status-publish","hentry"],"acf":[],"publishpress_future_action":{"enabled":false,"date":"2026-04-25 23:54:38","action":"change-status","newStatus":"draft","terms":[],"taxonomy":"category","extraData":[]},"publishpress_future_workflow_manual_trigger":{"enabledWorkflows":[]},"_links":{"self":[{"href":"https:\/\/www.oaxaca.gob.mx\/sefader\/wp-json\/wp\/v2\/pages\/4317","targetHints":{"allow":["GET"]}}],"collection":[{"href":"https:\/\/www.oaxaca.gob.mx\/sefader\/wp-json\/wp\/v2\/pages"}],"about":[{"href":"https:\/\/www.oaxaca.gob.mx\/sefader\/wp-json\/wp\/v2\/types\/page"}],"author":[{"embeddable":true,"href":"https:\/\/www.oaxaca.gob.mx\/sefader\/wp-json\/wp\/v2\/users\/1"}],"replies":[{"embeddable":true,"href":"https:\/\/www.oaxaca.gob.mx\/sefader\/wp-json\/wp\/v2\/comments?post=4317"}],"version-history":[{"count":0,"href":"https:\/\/www.oaxaca.gob.mx\/sefader\/wp-json\/wp\/v2\/pages\/4317\/revisions"}],"wp:attachment":[{"href":"https:\/\/www.oaxaca.gob.mx\/sefader\/wp-json\/wp\/v2\/media?parent=4317"}],"wp:term":[{"taxonomy":"category","embeddable":true,"href":"https:\/\/www.oaxaca.gob.mx\/sefader\/wp-json\/wp\/v2\/categories?post=4317"},{"taxonomy":"post_tag","embeddable":true,"href":"https:\/\/www.oaxaca.gob.mx\/sefader\/wp-json\/wp\/v2\/tags?post=4317"}],"curies":[{"name":"wp","href":"https:\/\/api.w.org\/{rel}","templated":true}]}}