{"id":4307,"date":"2019-07-03T22:12:11","date_gmt":"2019-07-03T20:12:11","guid":{"rendered":"https:\/\/www.oaxaca.gob.mx\/sedapa\/?page_id=4307"},"modified":"2019-07-03T22:12:11","modified_gmt":"2019-07-03T20:12:11","slug":"contratacion-del-seguro-agropecuario-catastrofico-parametrico-para-atender-a-pequenos-productores-que-sean-afectados-por-contingencias-climatologicas","status":"publish","type":"page","link":"https:\/\/www.oaxaca.gob.mx\/sefader\/contratacion-del-seguro-agropecuario-catastrofico-parametrico-para-atender-a-pequenos-productores-que-sean-afectados-por-contingencias-climatologicas\/","title":{"rendered":"Contrataci\u00f3n del seguro agropecuario catastr\u00f3fico (Param\u00e9trico) para atender a peque\u00f1os productores que sean afectados por contingencias climatol\u00f3gicas."},"content":{"rendered":"<h4>Descripci\u00f3n del objetivo del servicio<\/h4>\n<p>Apoyo econ\u00f3mico a productores afectados por contingencias climatol\u00f3gicas.<\/p>\n<h4>Requisitos para obtener el servicio<\/h4>\n<p>&#8211;<\/p>\n<h4>Documentos requeridos, en su caso<\/h4>\n<p>Copias de INE copia de CURP Y copia de NOMBRAMIENTO del titular de la Secretar\u00eda (SEDAPA).\/ Solicitud y plan de aseguramiento.<\/p>\n<h4>Hiperv\u00ednculo a los formatos respectivo(s) publicado(s) en medio oficial<\/h4>\n<p>&#8211;<\/p>\n<h4>Tiempo de respuesta<\/h4>\n<p>30 d\u00edas h\u00e1biles<\/p>\n<h4>\u00c1rea en la que se proporciona el servicio y los datos de contacto Tabla_375406<\/h4>\n<p>4910176<\/p>\n<h4>Costo, en su caso especificar que es gratuito<\/h4>\n<p>0\t\t<\/p>\n","protected":false},"excerpt":{"rendered":"<p>Descripci\u00f3n del objetivo del servicio Apoyo econ\u00f3mico a productores afectados por contingencias climatol\u00f3gicas. Requisitos para obtener el servicio &#8211; Documentos requeridos, en su caso Copias de INE copia de CURP Y copia de NOMBRAMIENTO del titular de la Secretar\u00eda (SEDAPA).\/ Solicitud y plan de aseguramiento. Hiperv\u00ednculo a los formatos respectivo(s) publicado(s) en medio oficial &#8211; [&hellip;]<\/p>\n","protected":false},"author":1,"featured_media":0,"parent":0,"menu_order":0,"comment_status":"closed","ping_status":"closed","template":"","meta":{"episode_type":"","audio_file":"","podmotor_file_id":"","podmotor_episode_id":"","cover_image":"","cover_image_id":"","duration":"","filesize":"","filesize_raw":"","date_recorded":"","explicit":"","block":"","footnotes":""},"categories":[],"tags":[],"class_list":["post-4307","page","type-page","status-publish","hentry"],"acf":[],"publishpress_future_action":{"enabled":false,"date":"2026-04-25 21:48:07","action":"change-status","newStatus":"draft","terms":[],"taxonomy":"category","extraData":[]},"publishpress_future_workflow_manual_trigger":{"enabledWorkflows":[]},"_links":{"self":[{"href":"https:\/\/www.oaxaca.gob.mx\/sefader\/wp-json\/wp\/v2\/pages\/4307","targetHints":{"allow":["GET"]}}],"collection":[{"href":"https:\/\/www.oaxaca.gob.mx\/sefader\/wp-json\/wp\/v2\/pages"}],"about":[{"href":"https:\/\/www.oaxaca.gob.mx\/sefader\/wp-json\/wp\/v2\/types\/page"}],"author":[{"embeddable":true,"href":"https:\/\/www.oaxaca.gob.mx\/sefader\/wp-json\/wp\/v2\/users\/1"}],"replies":[{"embeddable":true,"href":"https:\/\/www.oaxaca.gob.mx\/sefader\/wp-json\/wp\/v2\/comments?post=4307"}],"version-history":[{"count":0,"href":"https:\/\/www.oaxaca.gob.mx\/sefader\/wp-json\/wp\/v2\/pages\/4307\/revisions"}],"wp:attachment":[{"href":"https:\/\/www.oaxaca.gob.mx\/sefader\/wp-json\/wp\/v2\/media?parent=4307"}],"wp:term":[{"taxonomy":"category","embeddable":true,"href":"https:\/\/www.oaxaca.gob.mx\/sefader\/wp-json\/wp\/v2\/categories?post=4307"},{"taxonomy":"post_tag","embeddable":true,"href":"https:\/\/www.oaxaca.gob.mx\/sefader\/wp-json\/wp\/v2\/tags?post=4307"}],"curies":[{"name":"wp","href":"https:\/\/api.w.org\/{rel}","templated":true}]}}