{"id":4303,"date":"2019-07-03T22:08:29","date_gmt":"2019-07-03T20:08:29","guid":{"rendered":"https:\/\/www.oaxaca.gob.mx\/sedapa\/?page_id=4303"},"modified":"2019-07-03T22:08:29","modified_gmt":"2019-07-03T20:08:29","slug":"asesoria-tecnica-para-el-desarrollo-de-capacidades","status":"publish","type":"page","link":"https:\/\/www.oaxaca.gob.mx\/sefader\/asesoria-tecnica-para-el-desarrollo-de-capacidades\/","title":{"rendered":"Asesor\u00eda t\u00e9cnica para el desarrollo de capacidades"},"content":{"rendered":"<h4>Descripci\u00f3n del objetivo del servicio<\/h4>\n<p>ASESOR\u00cdA T\u00c9CNICA A LOS PRODUCTORES Y SUS UNIDADES DE PRODUCCI\u00d2N PRIMARIA.<\/p>\n<h4>Requisitos para obtener el servicio<\/h4>\n<p>PERTENECER A UN ESLAB\u00d3N DE LA CADENA DE VALOR, ESTAR REGISTRADO EN EL PADR\u00d3N DE BENEFICIARIOS DE LA SADER, SER PRODUCTOR DE LOS ESTRATOS E2, E3, E4 O E5.<\/p>\n<h4>Documentos requeridos, en su caso<\/h4>\n<p>Constituirse en grupo de trabajo, acuse de Registro del padr\u00f3n SADER, carta compromiso de recibir y otorgar la Asesor\u00eda para el Desarrollo de capacidades,fotocopia de identificaci\u00f3n oficial, fotocopia de CURP, fotocopia de acta de nacimiento y fotocopia de comprobante de domicilio.<\/p>\n<h4>Hiperv\u00ednculo a los formatos respectivo(s) publicado(s) en medio oficial<\/h4>\n<p>&#8211;<\/p>\n<h4>Tiempo de respuesta<\/h4>\n<p>SUJETO A CONVOCATORIA DEL INCENTIVO<\/p>\n<h4>\u00c1rea en la que se proporciona el servicio y los datos de contacto Tabla_375406<\/h4>\n<p>1695752<\/p>\n<h4>Costo, en su caso especificar que es gratuito<\/h4>\n<p>Gratuito\t\t<\/p>\n","protected":false},"excerpt":{"rendered":"<p>Descripci\u00f3n del objetivo del servicio ASESOR\u00cdA T\u00c9CNICA A LOS PRODUCTORES Y SUS UNIDADES DE PRODUCCI\u00d2N PRIMARIA. Requisitos para obtener el servicio PERTENECER A UN ESLAB\u00d3N DE LA CADENA DE VALOR, ESTAR REGISTRADO EN EL PADR\u00d3N DE BENEFICIARIOS DE LA SADER, SER PRODUCTOR DE LOS ESTRATOS E2, E3, E4 O E5. Documentos requeridos, en su caso [&hellip;]<\/p>\n","protected":false},"author":1,"featured_media":0,"parent":0,"menu_order":0,"comment_status":"closed","ping_status":"closed","template":"","meta":{"episode_type":"","audio_file":"","podmotor_file_id":"","podmotor_episode_id":"","cover_image":"","cover_image_id":"","duration":"","filesize":"","filesize_raw":"","date_recorded":"","explicit":"","block":"","footnotes":""},"categories":[],"tags":[],"class_list":["post-4303","page","type-page","status-publish","hentry"],"acf":[],"publishpress_future_action":{"enabled":false,"date":"2026-04-25 23:53:57","action":"change-status","newStatus":"draft","terms":[],"taxonomy":"category","extraData":[]},"publishpress_future_workflow_manual_trigger":{"enabledWorkflows":[]},"_links":{"self":[{"href":"https:\/\/www.oaxaca.gob.mx\/sefader\/wp-json\/wp\/v2\/pages\/4303","targetHints":{"allow":["GET"]}}],"collection":[{"href":"https:\/\/www.oaxaca.gob.mx\/sefader\/wp-json\/wp\/v2\/pages"}],"about":[{"href":"https:\/\/www.oaxaca.gob.mx\/sefader\/wp-json\/wp\/v2\/types\/page"}],"author":[{"embeddable":true,"href":"https:\/\/www.oaxaca.gob.mx\/sefader\/wp-json\/wp\/v2\/users\/1"}],"replies":[{"embeddable":true,"href":"https:\/\/www.oaxaca.gob.mx\/sefader\/wp-json\/wp\/v2\/comments?post=4303"}],"version-history":[{"count":0,"href":"https:\/\/www.oaxaca.gob.mx\/sefader\/wp-json\/wp\/v2\/pages\/4303\/revisions"}],"wp:attachment":[{"href":"https:\/\/www.oaxaca.gob.mx\/sefader\/wp-json\/wp\/v2\/media?parent=4303"}],"wp:term":[{"taxonomy":"category","embeddable":true,"href":"https:\/\/www.oaxaca.gob.mx\/sefader\/wp-json\/wp\/v2\/categories?post=4303"},{"taxonomy":"post_tag","embeddable":true,"href":"https:\/\/www.oaxaca.gob.mx\/sefader\/wp-json\/wp\/v2\/tags?post=4303"}],"curies":[{"name":"wp","href":"https:\/\/api.w.org\/{rel}","templated":true}]}}