{"id":4301,"date":"2019-07-03T22:06:09","date_gmt":"2019-07-03T20:06:09","guid":{"rendered":"https:\/\/www.oaxaca.gob.mx\/sedapa\/?page_id=4301"},"modified":"2019-07-03T22:06:09","modified_gmt":"2019-07-03T20:06:09","slug":"capacitacion-y-transferencia-de-tecnologia-a-productores-y-sus-unidades-de-produccion","status":"publish","type":"page","link":"https:\/\/www.oaxaca.gob.mx\/sefader\/capacitacion-y-transferencia-de-tecnologia-a-productores-y-sus-unidades-de-produccion\/","title":{"rendered":"Capacitaci\u00f3n y transferencia de tecnolog\u00eda a productores y sus unidades de producci\u00f3n"},"content":{"rendered":"<h4>Descripci\u00f3n del objetivo del servicio<\/h4>\n<p>CAPACITACI\u00d3N Y TRANSFERENCIA DE TECNOLOG\u00cdA.<\/p>\n<h4>Requisitos para obtener el servicio<\/h4>\n<p>PERTENECER A UN ESLAB\u00d3N DE LA CADENA DE VALOR, ESTAR REGISTRADO EN EL PADR\u00d3N DE BENEFICIARIOS DE LA SADER, SER PRODUCTOR DE LOS ESTRATOS E2, E3, E4 O E5.<\/p>\n<h4>Documentos requeridos, en su caso<\/h4>\n<p>Constituirse en grupo de trabajo, acuse de Registro del padr\u00f3n SADER, carta compromiso de recibir y otorgar la capacitaci\u00f2n y la transferencia de tecnolog\u00eda,fotocopia de identificaci\u00f3n oficial, fotocopia de CURP, fotocopia de acta de nacimiento y fotocopia de comprobante de domicilio.<\/p>\n<h4>Hiperv\u00ednculo a los formatos respectivo(s) publicado(s) en medio oficial<\/h4>\n<p>&#8211;<\/p>\n<h4>Tiempo de respuesta<\/h4>\n<p>SUJETO A CONVOCATORIA DEL INCENTIVO.<\/p>\n<h4>\u00c1rea en la que se proporciona el servicio y los datos de contacto Tabla_375406<\/h4>\n<p>1695753<\/p>\n<h4>Costo, en su caso especificar que es gratuito<\/h4>\n<p>Gratuito<\/p>\n","protected":false},"excerpt":{"rendered":"<p>Descripci\u00f3n del objetivo del servicio CAPACITACI\u00d3N Y TRANSFERENCIA DE TECNOLOG\u00cdA. Requisitos para obtener el servicio PERTENECER A UN ESLAB\u00d3N DE LA CADENA DE VALOR, ESTAR REGISTRADO EN EL PADR\u00d3N DE BENEFICIARIOS DE LA SADER, SER PRODUCTOR DE LOS ESTRATOS E2, E3, E4 O E5. Documentos requeridos, en su caso Constituirse en grupo de trabajo, acuse [&hellip;]<\/p>\n","protected":false},"author":1,"featured_media":0,"parent":0,"menu_order":0,"comment_status":"closed","ping_status":"closed","template":"","meta":{"episode_type":"","audio_file":"","podmotor_file_id":"","podmotor_episode_id":"","cover_image":"","cover_image_id":"","duration":"","filesize":"","filesize_raw":"","date_recorded":"","explicit":"","block":"","footnotes":""},"categories":[],"tags":[],"class_list":["post-4301","page","type-page","status-publish","hentry"],"acf":[],"publishpress_future_action":{"enabled":false,"date":"2026-04-25 21:49:48","action":"change-status","newStatus":"draft","terms":[],"taxonomy":"category","extraData":[]},"publishpress_future_workflow_manual_trigger":{"enabledWorkflows":[]},"_links":{"self":[{"href":"https:\/\/www.oaxaca.gob.mx\/sefader\/wp-json\/wp\/v2\/pages\/4301","targetHints":{"allow":["GET"]}}],"collection":[{"href":"https:\/\/www.oaxaca.gob.mx\/sefader\/wp-json\/wp\/v2\/pages"}],"about":[{"href":"https:\/\/www.oaxaca.gob.mx\/sefader\/wp-json\/wp\/v2\/types\/page"}],"author":[{"embeddable":true,"href":"https:\/\/www.oaxaca.gob.mx\/sefader\/wp-json\/wp\/v2\/users\/1"}],"replies":[{"embeddable":true,"href":"https:\/\/www.oaxaca.gob.mx\/sefader\/wp-json\/wp\/v2\/comments?post=4301"}],"version-history":[{"count":0,"href":"https:\/\/www.oaxaca.gob.mx\/sefader\/wp-json\/wp\/v2\/pages\/4301\/revisions"}],"wp:attachment":[{"href":"https:\/\/www.oaxaca.gob.mx\/sefader\/wp-json\/wp\/v2\/media?parent=4301"}],"wp:term":[{"taxonomy":"category","embeddable":true,"href":"https:\/\/www.oaxaca.gob.mx\/sefader\/wp-json\/wp\/v2\/categories?post=4301"},{"taxonomy":"post_tag","embeddable":true,"href":"https:\/\/www.oaxaca.gob.mx\/sefader\/wp-json\/wp\/v2\/tags?post=4301"}],"curies":[{"name":"wp","href":"https:\/\/api.w.org\/{rel}","templated":true}]}}