{"id":4299,"date":"2019-07-03T22:01:20","date_gmt":"2019-07-03T20:01:20","guid":{"rendered":"https:\/\/www.oaxaca.gob.mx\/sedapa\/?page_id=4299"},"modified":"2019-07-03T22:01:20","modified_gmt":"2019-07-03T20:01:20","slug":"atencion-a-las-solicitudes-pequenos-productores-del-estado","status":"publish","type":"page","link":"https:\/\/www.oaxaca.gob.mx\/sefader\/atencion-a-las-solicitudes-pequenos-productores-del-estado\/","title":{"rendered":"Atenci\u00f3n a las Solicitudes Peque\u00f1os Productores del estado."},"content":{"rendered":"<h4>Descripci\u00f3n del objetivo del servicio<\/h4>\n<p>Promoci\u00f3n y Difusi\u00f3n de los  productos generados por los productores Oaxaque\u00f1os a los mercados nacionales e internacionales.<\/p>\n<h4>Requisitos para obtener el servicio<\/h4>\n<p>Solicitud dirigida a la Subsecretar\u00eda de Agronegocios y Organizaci\u00f3n.<\/p>\n<h4>Documentos requeridos, en su caso<\/h4>\n<p>Documentaci\u00f3n legal de su productos(permisos, certificaciones).<\/p>\n<h4>Hiperv\u00ednculo a los formatos respectivo(s) publicado(s) en medio oficial<\/h4>\n<p>&#8211;<\/p>\n<h4>Tiempo de respuesta<\/h4>\n<p>15 d\u00edas H\u00e1biles<\/p>\n<h4>\u00c1rea en la que se proporciona el servicio y los datos de contacto Tabla_375406<\/h4>\n<p>2372259<\/p>\n<h4>Costo, en su caso especificar que es gratuito<\/h4>\n<p>Gratuito\t\t<\/p>\n","protected":false},"excerpt":{"rendered":"<p>Descripci\u00f3n del objetivo del servicio Promoci\u00f3n y Difusi\u00f3n de los productos generados por los productores Oaxaque\u00f1os a los mercados nacionales e internacionales. Requisitos para obtener el servicio Solicitud dirigida a la Subsecretar\u00eda de Agronegocios y Organizaci\u00f3n. Documentos requeridos, en su caso Documentaci\u00f3n legal de su productos(permisos, certificaciones). Hiperv\u00ednculo a los formatos respectivo(s) publicado(s) en medio [&hellip;]<\/p>\n","protected":false},"author":1,"featured_media":0,"parent":0,"menu_order":0,"comment_status":"closed","ping_status":"closed","template":"","meta":{"episode_type":"","audio_file":"","podmotor_file_id":"","podmotor_episode_id":"","cover_image":"","cover_image_id":"","duration":"","filesize":"","filesize_raw":"","date_recorded":"","explicit":"","block":"","footnotes":""},"categories":[],"tags":[],"class_list":["post-4299","page","type-page","status-publish","hentry"],"acf":[],"publishpress_future_action":{"enabled":false,"date":"2026-04-25 21:50:50","action":"change-status","newStatus":"draft","terms":[],"taxonomy":"category","extraData":[]},"publishpress_future_workflow_manual_trigger":{"enabledWorkflows":[]},"_links":{"self":[{"href":"https:\/\/www.oaxaca.gob.mx\/sefader\/wp-json\/wp\/v2\/pages\/4299","targetHints":{"allow":["GET"]}}],"collection":[{"href":"https:\/\/www.oaxaca.gob.mx\/sefader\/wp-json\/wp\/v2\/pages"}],"about":[{"href":"https:\/\/www.oaxaca.gob.mx\/sefader\/wp-json\/wp\/v2\/types\/page"}],"author":[{"embeddable":true,"href":"https:\/\/www.oaxaca.gob.mx\/sefader\/wp-json\/wp\/v2\/users\/1"}],"replies":[{"embeddable":true,"href":"https:\/\/www.oaxaca.gob.mx\/sefader\/wp-json\/wp\/v2\/comments?post=4299"}],"version-history":[{"count":0,"href":"https:\/\/www.oaxaca.gob.mx\/sefader\/wp-json\/wp\/v2\/pages\/4299\/revisions"}],"wp:attachment":[{"href":"https:\/\/www.oaxaca.gob.mx\/sefader\/wp-json\/wp\/v2\/media?parent=4299"}],"wp:term":[{"taxonomy":"category","embeddable":true,"href":"https:\/\/www.oaxaca.gob.mx\/sefader\/wp-json\/wp\/v2\/categories?post=4299"},{"taxonomy":"post_tag","embeddable":true,"href":"https:\/\/www.oaxaca.gob.mx\/sefader\/wp-json\/wp\/v2\/tags?post=4299"}],"curies":[{"name":"wp","href":"https:\/\/api.w.org\/{rel}","templated":true}]}}