{"id":4297,"date":"2019-07-03T21:59:12","date_gmt":"2019-07-03T19:59:12","guid":{"rendered":"https:\/\/www.oaxaca.gob.mx\/sedapa\/?page_id=4297"},"modified":"2019-07-03T21:59:12","modified_gmt":"2019-07-03T19:59:12","slug":"labores-de-restauracion-de-ecosistemas","status":"publish","type":"page","link":"https:\/\/www.oaxaca.gob.mx\/sefader\/labores-de-restauracion-de-ecosistemas\/","title":{"rendered":"Labores de restauraci\u00f3n de ecosistemas"},"content":{"rendered":"<h4>Descripci\u00f3n del objetivo del servicio<\/h4>\n<p>Brindar material vegetativo de ornato, frutales y forestales a la sociedad oaxaque\u00f1a.<\/p>\n<h4>Requisitos para obtener el servicio<\/h4>\n<p>Solicitud de planta.<\/p>\n<h4>Documentos requeridos, en su caso<\/h4>\n<p>Ninguno<\/p>\n<h4>Hiperv\u00ednculo a los formatos respectivo(s) publicado(s) en medio oficial<\/h4>\n<p>&#8211;<\/p>\n<h4>Tiempo de respuesta<\/h4>\n<p>De 15 a 20 d\u00edas<\/p>\n<h4>\u00c1rea en la que se proporciona el servicio y los datos de contacto Tabla_375406<\/h4>\n<p>3759461<\/p>\n<h4>Costo, en su caso especificar que es gratuito<\/h4>\n<p>Gratuito\t\t<\/p>\n","protected":false},"excerpt":{"rendered":"<p>Descripci\u00f3n del objetivo del servicio Brindar material vegetativo de ornato, frutales y forestales a la sociedad oaxaque\u00f1a. Requisitos para obtener el servicio Solicitud de planta. Documentos requeridos, en su caso Ninguno Hiperv\u00ednculo a los formatos respectivo(s) publicado(s) en medio oficial &#8211; Tiempo de respuesta De 15 a 20 d\u00edas \u00c1rea en la que se proporciona [&hellip;]<\/p>\n","protected":false},"author":1,"featured_media":0,"parent":0,"menu_order":0,"comment_status":"closed","ping_status":"closed","template":"","meta":{"episode_type":"","audio_file":"","podmotor_file_id":"","podmotor_episode_id":"","cover_image":"","cover_image_id":"","duration":"","filesize":"","filesize_raw":"","date_recorded":"","explicit":"","block":"","footnotes":""},"categories":[],"tags":[],"class_list":["post-4297","page","type-page","status-publish","hentry"],"acf":[],"publishpress_future_action":{"enabled":false,"date":"2026-04-25 21:49:04","action":"change-status","newStatus":"draft","terms":[],"taxonomy":"category","extraData":[]},"publishpress_future_workflow_manual_trigger":{"enabledWorkflows":[]},"_links":{"self":[{"href":"https:\/\/www.oaxaca.gob.mx\/sefader\/wp-json\/wp\/v2\/pages\/4297","targetHints":{"allow":["GET"]}}],"collection":[{"href":"https:\/\/www.oaxaca.gob.mx\/sefader\/wp-json\/wp\/v2\/pages"}],"about":[{"href":"https:\/\/www.oaxaca.gob.mx\/sefader\/wp-json\/wp\/v2\/types\/page"}],"author":[{"embeddable":true,"href":"https:\/\/www.oaxaca.gob.mx\/sefader\/wp-json\/wp\/v2\/users\/1"}],"replies":[{"embeddable":true,"href":"https:\/\/www.oaxaca.gob.mx\/sefader\/wp-json\/wp\/v2\/comments?post=4297"}],"version-history":[{"count":0,"href":"https:\/\/www.oaxaca.gob.mx\/sefader\/wp-json\/wp\/v2\/pages\/4297\/revisions"}],"wp:attachment":[{"href":"https:\/\/www.oaxaca.gob.mx\/sefader\/wp-json\/wp\/v2\/media?parent=4297"}],"wp:term":[{"taxonomy":"category","embeddable":true,"href":"https:\/\/www.oaxaca.gob.mx\/sefader\/wp-json\/wp\/v2\/categories?post=4297"},{"taxonomy":"post_tag","embeddable":true,"href":"https:\/\/www.oaxaca.gob.mx\/sefader\/wp-json\/wp\/v2\/tags?post=4297"}],"curies":[{"name":"wp","href":"https:\/\/api.w.org\/{rel}","templated":true}]}}