{"id":4293,"date":"2019-07-03T21:56:07","date_gmt":"2019-07-03T19:56:07","guid":{"rendered":"https:\/\/www.oaxaca.gob.mx\/sedapa\/?page_id=4293"},"modified":"2019-07-03T21:56:07","modified_gmt":"2019-07-03T19:56:07","slug":"recepcion-de-proyectos-productivos-o-estrategicos-del-programa-en-concurrencia-con-las-entidades-federativas-de-la-sader-para-su-dictaminacion","status":"publish","type":"page","link":"https:\/\/www.oaxaca.gob.mx\/sefader\/recepcion-de-proyectos-productivos-o-estrategicos-del-programa-en-concurrencia-con-las-entidades-federativas-de-la-sader-para-su-dictaminacion\/","title":{"rendered":"Recepci\u00f3n de proyectos productivos o estrat\u00e9gicos del Programa en Concurrencia con las Entidades Federativas de la SADER, para su dictaminaci\u00f3n"},"content":{"rendered":"<h4>Descripci\u00f3n del objetivo del servicio<\/h4>\n<p>Apoyos con recursos econ\u00f3micos para la adquisici\u00f3n de activos productivos.<\/p>\n<h4>Requisitos para obtener el servicio<\/h4>\n<p>Los publicados en las Reglas de Operaci\u00f3n para el Ejercicio Fiscal 2019 de la SADER.<\/p>\n<h4>Documentos requeridos, en su caso<\/h4>\n<p>Acta de Nacimiento, CURP, RFC, Comprobante de domicilio vigente, Identificaci\u00f3n Oficial Vigente, N\u00famero de cuenta CLABE interbancaria, \u00daltimo estado de cuenta del banco, Copia de proyecto, Acta Constitutiva, seg\u00fan sea el caso.  Al autorizar el est\u00edmulo deber\u00e1 presentar opini\u00f3n Positiva del SAT Art. 32-D, del C\u00f3digo Fiscal de la Federaci\u00f3n, cubrir sus obligaciones en materia de Seguridad Social del IMSS, Anexo I Convenio Espec\u00edfico de Adhesi\u00f3n y su Anexo y Anexo II Finiquito del Convenio Espec\u00edfico de Adhesi\u00f3n. Cumplir con la documentaci\u00f3n conforme a los requisitos espec\u00edficos del componente seleccionado.<\/p>\n<h4>Hiperv\u00ednculo a los formatos respectivo(s) publicado(s) en medio oficial<\/h4>\n<p>\/sedapa\/wp-content\/uploads\/sites\/35\/2018\/02\/scan.pdf<\/p>\n<h4>Tiempo de respuesta<\/h4>\n<p>Sujeto a los acuerdos que emite el FAPCO.<\/p>\n<h4>\u00c1rea en la que se proporciona el servicio y los datos de contacto Tabla_375406<\/h4>\n<p>4800842<\/p>\n<h4>Costo, en su caso especificar que es gratuito<\/h4>\n<p>0\t\t<\/p>\n","protected":false},"excerpt":{"rendered":"<p>Descripci\u00f3n del objetivo del servicio Apoyos con recursos econ\u00f3micos para la adquisici\u00f3n de activos productivos. Requisitos para obtener el servicio Los publicados en las Reglas de Operaci\u00f3n para el Ejercicio Fiscal 2019 de la SADER. Documentos requeridos, en su caso Acta de Nacimiento, CURP, RFC, Comprobante de domicilio vigente, Identificaci\u00f3n Oficial Vigente, N\u00famero de cuenta [&hellip;]<\/p>\n","protected":false},"author":1,"featured_media":0,"parent":0,"menu_order":0,"comment_status":"closed","ping_status":"closed","template":"","meta":{"episode_type":"","audio_file":"","podmotor_file_id":"","podmotor_episode_id":"","cover_image":"","cover_image_id":"","duration":"","filesize":"","filesize_raw":"","date_recorded":"","explicit":"","block":"","footnotes":""},"categories":[],"tags":[],"class_list":["post-4293","page","type-page","status-publish","hentry"],"acf":[],"publishpress_future_action":{"enabled":false,"date":"2026-04-25 21:49:06","action":"change-status","newStatus":"draft","terms":[],"taxonomy":"category","extraData":[]},"publishpress_future_workflow_manual_trigger":{"enabledWorkflows":[]},"_links":{"self":[{"href":"https:\/\/www.oaxaca.gob.mx\/sefader\/wp-json\/wp\/v2\/pages\/4293","targetHints":{"allow":["GET"]}}],"collection":[{"href":"https:\/\/www.oaxaca.gob.mx\/sefader\/wp-json\/wp\/v2\/pages"}],"about":[{"href":"https:\/\/www.oaxaca.gob.mx\/sefader\/wp-json\/wp\/v2\/types\/page"}],"author":[{"embeddable":true,"href":"https:\/\/www.oaxaca.gob.mx\/sefader\/wp-json\/wp\/v2\/users\/1"}],"replies":[{"embeddable":true,"href":"https:\/\/www.oaxaca.gob.mx\/sefader\/wp-json\/wp\/v2\/comments?post=4293"}],"version-history":[{"count":0,"href":"https:\/\/www.oaxaca.gob.mx\/sefader\/wp-json\/wp\/v2\/pages\/4293\/revisions"}],"wp:attachment":[{"href":"https:\/\/www.oaxaca.gob.mx\/sefader\/wp-json\/wp\/v2\/media?parent=4293"}],"wp:term":[{"taxonomy":"category","embeddable":true,"href":"https:\/\/www.oaxaca.gob.mx\/sefader\/wp-json\/wp\/v2\/categories?post=4293"},{"taxonomy":"post_tag","embeddable":true,"href":"https:\/\/www.oaxaca.gob.mx\/sefader\/wp-json\/wp\/v2\/tags?post=4293"}],"curies":[{"name":"wp","href":"https:\/\/api.w.org\/{rel}","templated":true}]}}