{"id":4289,"date":"2019-07-03T21:36:14","date_gmt":"2019-07-03T19:36:14","guid":{"rendered":"https:\/\/www.oaxaca.gob.mx\/sedapa\/?page_id=4289"},"modified":"2019-07-03T21:36:14","modified_gmt":"2019-07-03T19:36:14","slug":"integracion-de-proyectos-productivos-para-el-programa-normal-estatal-pne-para-su-dictaminacion","status":"publish","type":"page","link":"https:\/\/www.oaxaca.gob.mx\/sefader\/integracion-de-proyectos-productivos-para-el-programa-normal-estatal-pne-para-su-dictaminacion\/","title":{"rendered":"Integraci\u00f3n de proyectos productivos para el Programa Normal Estatal (PNE) para su dictaminaci\u00f3n"},"content":{"rendered":"<h4>Descripci\u00f3n del objetivo del servicio<\/h4>\n<p>Fortalecimiento a la Agricultura: Mecanizaci\u00f3n y Tecnificaci\u00f3n de los Sistemas de Producci\u00f3n; Construcci\u00f3n de Infraestructura Agr\u00edcola: Huertos Comunitarios, Presas, Bodegas; Impulso a la Producci\u00f3n: Insumos; Impulso y Fortalecimiento de los Sistemas de Transformaci\u00f3n.<\/p>\n<h4>Requisitos para obtener el servicio<\/h4>\n<p>Los publicados en las Reglas de Operaci\u00f3n vigentes.<\/p>\n<h4>Documentos requeridos, en su caso<\/h4>\n<p>Identificaci\u00f3n Oficial Vigente, CURP, Comprobante de domicilio Vigente, foto inicial georeferenciada del sitio del proyecto de cada solicitante, relaci\u00f3n de asistentes a la asamblea, acta de asamblea de integraci\u00f3n del comit\u00e9, solicitud de apoyo.<\/p>\n<h4>Hiperv\u00ednculo a los formatos respectivo(s) publicado(s) en medio oficial<\/h4>\n<p>&#8211;<\/p>\n<h4>Tiempo de respuesta<\/h4>\n<p>90 d\u00edas h\u00e1biles<\/p>\n<h4>\u00c1rea en la que se proporciona el servicio y los datos de contacto Tabla_375406<\/h4>\n<p>4800844<\/p>\n<h4>Costo, en su caso especificar que es gratuito<\/h4>\n<p>0\t\t<\/p>\n","protected":false},"excerpt":{"rendered":"<p>Descripci\u00f3n del objetivo del servicio Fortalecimiento a la Agricultura: Mecanizaci\u00f3n y Tecnificaci\u00f3n de los Sistemas de Producci\u00f3n; Construcci\u00f3n de Infraestructura Agr\u00edcola: Huertos Comunitarios, Presas, Bodegas; Impulso a la Producci\u00f3n: Insumos; Impulso y Fortalecimiento de los Sistemas de Transformaci\u00f3n. Requisitos para obtener el servicio Los publicados en las Reglas de Operaci\u00f3n vigentes. Documentos requeridos, en su [&hellip;]<\/p>\n","protected":false},"author":1,"featured_media":0,"parent":0,"menu_order":0,"comment_status":"closed","ping_status":"closed","template":"","meta":{"episode_type":"","audio_file":"","podmotor_file_id":"","podmotor_episode_id":"","cover_image":"","cover_image_id":"","duration":"","filesize":"","filesize_raw":"","date_recorded":"","explicit":"","block":"","footnotes":""},"categories":[],"tags":[],"class_list":["post-4289","page","type-page","status-publish","hentry"],"acf":[],"publishpress_future_action":{"enabled":false,"date":"2026-04-25 19:40:48","action":"change-status","newStatus":"draft","terms":[],"taxonomy":"category","extraData":[]},"publishpress_future_workflow_manual_trigger":{"enabledWorkflows":[]},"_links":{"self":[{"href":"https:\/\/www.oaxaca.gob.mx\/sefader\/wp-json\/wp\/v2\/pages\/4289","targetHints":{"allow":["GET"]}}],"collection":[{"href":"https:\/\/www.oaxaca.gob.mx\/sefader\/wp-json\/wp\/v2\/pages"}],"about":[{"href":"https:\/\/www.oaxaca.gob.mx\/sefader\/wp-json\/wp\/v2\/types\/page"}],"author":[{"embeddable":true,"href":"https:\/\/www.oaxaca.gob.mx\/sefader\/wp-json\/wp\/v2\/users\/1"}],"replies":[{"embeddable":true,"href":"https:\/\/www.oaxaca.gob.mx\/sefader\/wp-json\/wp\/v2\/comments?post=4289"}],"version-history":[{"count":0,"href":"https:\/\/www.oaxaca.gob.mx\/sefader\/wp-json\/wp\/v2\/pages\/4289\/revisions"}],"wp:attachment":[{"href":"https:\/\/www.oaxaca.gob.mx\/sefader\/wp-json\/wp\/v2\/media?parent=4289"}],"wp:term":[{"taxonomy":"category","embeddable":true,"href":"https:\/\/www.oaxaca.gob.mx\/sefader\/wp-json\/wp\/v2\/categories?post=4289"},{"taxonomy":"post_tag","embeddable":true,"href":"https:\/\/www.oaxaca.gob.mx\/sefader\/wp-json\/wp\/v2\/tags?post=4289"}],"curies":[{"name":"wp","href":"https:\/\/api.w.org\/{rel}","templated":true}]}}