{"id":4277,"date":"2019-07-03T21:26:46","date_gmt":"2019-07-03T19:26:46","guid":{"rendered":"https:\/\/www.oaxaca.gob.mx\/sedapa\/?page_id=4277"},"modified":"2019-07-03T21:26:46","modified_gmt":"2019-07-03T19:26:46","slug":"atencion-a-las-solicitudes-del-programa-de-pequenos-productores-en-su-componente-de-extensionismo","status":"publish","type":"page","link":"https:\/\/www.oaxaca.gob.mx\/sefader\/atencion-a-las-solicitudes-del-programa-de-pequenos-productores-en-su-componente-de-extensionismo\/","title":{"rendered":"Atenci\u00f3n a las Solicitudes del Programa de Peque\u00f1os Productores en su componente de \u00abExtensionismo\u00bb"},"content":{"rendered":"<h4>Descripci\u00f3n del objetivo del servicio<\/h4>\n<p>Apoyar a Peque\u00f1os Productores con Servicios de Extensi\u00f3n, Innovaci\u00f3n y Capacitaci\u00f3n para incrementar la Producci\u00f3n de Alimentos y fortalecer el Desarrollo Comunitario en las Zonas Rurales.<\/p>\n<h4>Requisitos para obtener el servicio<\/h4>\n<p>En base a la Convocatoria y los Lineamientos establecidos en las Reglas de Operaci\u00f3n 2018.<\/p>\n<h4>Documentos requeridos, en su caso<\/h4>\n<p>En base a la Convocatoria y los Lineamientos establecidos en las Reglas de Operaci\u00f3n 2018.<\/p>\n<h4>Hiperv\u00ednculo a los formatos respectivo(s) publicado(s) en medio oficial<\/h4>\n<p>&#8211;<\/p>\n<h4>Tiempo de respuesta<\/h4>\n<p>90 d\u00edas h\u00e1biles<\/p>\n<h4>\u00c1rea en la que se proporciona el servicio y los datos de contacto Tabla_375406<\/h4>\n<p>4802388<\/p>\n<h4>Costo, en su caso especificar que es gratuito<\/h4>\n<p>Gratuito\t\t<\/p>\n","protected":false},"excerpt":{"rendered":"<p>Descripci\u00f3n del objetivo del servicio Apoyar a Peque\u00f1os Productores con Servicios de Extensi\u00f3n, Innovaci\u00f3n y Capacitaci\u00f3n para incrementar la Producci\u00f3n de Alimentos y fortalecer el Desarrollo Comunitario en las Zonas Rurales. Requisitos para obtener el servicio En base a la Convocatoria y los Lineamientos establecidos en las Reglas de Operaci\u00f3n 2018. Documentos requeridos, en su [&hellip;]<\/p>\n","protected":false},"author":1,"featured_media":0,"parent":0,"menu_order":0,"comment_status":"closed","ping_status":"closed","template":"","meta":{"episode_type":"","audio_file":"","podmotor_file_id":"","podmotor_episode_id":"","cover_image":"","cover_image_id":"","duration":"","filesize":"","filesize_raw":"","date_recorded":"","explicit":"","block":"","footnotes":""},"categories":[],"tags":[],"class_list":["post-4277","page","type-page","status-publish","hentry"],"acf":[],"publishpress_future_action":{"enabled":false,"date":"2026-04-25 23:52:17","action":"change-status","newStatus":"draft","terms":[],"taxonomy":"category","extraData":[]},"publishpress_future_workflow_manual_trigger":{"enabledWorkflows":[]},"_links":{"self":[{"href":"https:\/\/www.oaxaca.gob.mx\/sefader\/wp-json\/wp\/v2\/pages\/4277","targetHints":{"allow":["GET"]}}],"collection":[{"href":"https:\/\/www.oaxaca.gob.mx\/sefader\/wp-json\/wp\/v2\/pages"}],"about":[{"href":"https:\/\/www.oaxaca.gob.mx\/sefader\/wp-json\/wp\/v2\/types\/page"}],"author":[{"embeddable":true,"href":"https:\/\/www.oaxaca.gob.mx\/sefader\/wp-json\/wp\/v2\/users\/1"}],"replies":[{"embeddable":true,"href":"https:\/\/www.oaxaca.gob.mx\/sefader\/wp-json\/wp\/v2\/comments?post=4277"}],"version-history":[{"count":0,"href":"https:\/\/www.oaxaca.gob.mx\/sefader\/wp-json\/wp\/v2\/pages\/4277\/revisions"}],"wp:attachment":[{"href":"https:\/\/www.oaxaca.gob.mx\/sefader\/wp-json\/wp\/v2\/media?parent=4277"}],"wp:term":[{"taxonomy":"category","embeddable":true,"href":"https:\/\/www.oaxaca.gob.mx\/sefader\/wp-json\/wp\/v2\/categories?post=4277"},{"taxonomy":"post_tag","embeddable":true,"href":"https:\/\/www.oaxaca.gob.mx\/sefader\/wp-json\/wp\/v2\/tags?post=4277"}],"curies":[{"name":"wp","href":"https:\/\/api.w.org\/{rel}","templated":true}]}}