{"id":4275,"date":"2019-07-03T21:19:03","date_gmt":"2019-07-03T19:19:03","guid":{"rendered":"https:\/\/www.oaxaca.gob.mx\/sedapa\/?page_id=4275"},"modified":"2019-07-03T21:19:03","modified_gmt":"2019-07-03T19:19:03","slug":"atencion-a-organizaciones","status":"publish","type":"page","link":"https:\/\/www.oaxaca.gob.mx\/sefader\/atencion-a-organizaciones\/","title":{"rendered":"Atenci\u00f3n a Organizaciones"},"content":{"rendered":"<h4>Descripci\u00f3n del objetivo del servicio<\/h4>\n<p>Atender a los integrantes o l\u00edderes de las organizaciones sociales y productivas, as\u00ed como asistir a reuniones convocadas por la Secretar\u00eda General de Gobierno y Coplade para atender las peticiones y plantear las \u00e1reas de nuestra Secretar\u00eda que pudiera darle soluci\u00f3n a sus demandas.<\/p>\n<h4>Requisitos para obtener el servicio<\/h4>\n<p>Solicitud en la que mencionen su demanda o su petici\u00f3n en su caso.<\/p>\n<h4>Documentos requeridos, en su caso<\/h4>\n<p>Cumplir con las reglas de operaci\u00f3n del componente o los que soliciten las \u00e1reas correspondientes para la gesti\u00f3n de un proyecto.<\/p>\n<h4>Hiperv\u00ednculo a los formatos respectivo(s) publicado(s) en medio oficial<\/h4>\n<p>&#8211;<\/p>\n<h4>Tiempo de respuesta<\/h4>\n<p>Variable ya que se canalizar\u00e1n las demandas al \u00e1rea respectiva<\/p>\n<h4>\u00c1rea en la que se proporciona el servicio y los datos de contacto Tabla_375406<\/h4>\n<p>4802395<\/p>\n<h4>Costo, en su caso especificar que es gratuito<\/h4>\n<p>Gratuito\t\t<\/p>\n","protected":false},"excerpt":{"rendered":"<p>Descripci\u00f3n del objetivo del servicio Atender a los integrantes o l\u00edderes de las organizaciones sociales y productivas, as\u00ed como asistir a reuniones convocadas por la Secretar\u00eda General de Gobierno y Coplade para atender las peticiones y plantear las \u00e1reas de nuestra Secretar\u00eda que pudiera darle soluci\u00f3n a sus demandas. Requisitos para obtener el servicio Solicitud [&hellip;]<\/p>\n","protected":false},"author":1,"featured_media":0,"parent":0,"menu_order":0,"comment_status":"closed","ping_status":"closed","template":"","meta":{"episode_type":"","audio_file":"","podmotor_file_id":"","podmotor_episode_id":"","cover_image":"","cover_image_id":"","duration":"","filesize":"","filesize_raw":"","date_recorded":"","explicit":"","block":"","footnotes":""},"categories":[],"tags":[],"class_list":["post-4275","page","type-page","status-publish","hentry"],"acf":[],"publishpress_future_action":{"enabled":false,"date":"2026-04-25 21:53:09","action":"change-status","newStatus":"draft","terms":[],"taxonomy":"category","extraData":[]},"publishpress_future_workflow_manual_trigger":{"enabledWorkflows":[]},"_links":{"self":[{"href":"https:\/\/www.oaxaca.gob.mx\/sefader\/wp-json\/wp\/v2\/pages\/4275","targetHints":{"allow":["GET"]}}],"collection":[{"href":"https:\/\/www.oaxaca.gob.mx\/sefader\/wp-json\/wp\/v2\/pages"}],"about":[{"href":"https:\/\/www.oaxaca.gob.mx\/sefader\/wp-json\/wp\/v2\/types\/page"}],"author":[{"embeddable":true,"href":"https:\/\/www.oaxaca.gob.mx\/sefader\/wp-json\/wp\/v2\/users\/1"}],"replies":[{"embeddable":true,"href":"https:\/\/www.oaxaca.gob.mx\/sefader\/wp-json\/wp\/v2\/comments?post=4275"}],"version-history":[{"count":0,"href":"https:\/\/www.oaxaca.gob.mx\/sefader\/wp-json\/wp\/v2\/pages\/4275\/revisions"}],"wp:attachment":[{"href":"https:\/\/www.oaxaca.gob.mx\/sefader\/wp-json\/wp\/v2\/media?parent=4275"}],"wp:term":[{"taxonomy":"category","embeddable":true,"href":"https:\/\/www.oaxaca.gob.mx\/sefader\/wp-json\/wp\/v2\/categories?post=4275"},{"taxonomy":"post_tag","embeddable":true,"href":"https:\/\/www.oaxaca.gob.mx\/sefader\/wp-json\/wp\/v2\/tags?post=4275"}],"curies":[{"name":"wp","href":"https:\/\/api.w.org\/{rel}","templated":true}]}}