{"id":4273,"date":"2019-07-03T21:14:51","date_gmt":"2019-07-03T19:14:51","guid":{"rendered":"https:\/\/www.oaxaca.gob.mx\/sedapa\/?page_id=4273"},"modified":"2019-07-03T21:14:51","modified_gmt":"2019-07-03T19:14:51","slug":"solicitudes-de-acceso-a-la-informacion-publica-y-solicitudes-para-acceder-a-derechos-a-r-c-o","status":"publish","type":"page","link":"https:\/\/www.oaxaca.gob.mx\/sefader\/solicitudes-de-acceso-a-la-informacion-publica-y-solicitudes-para-acceder-a-derechos-a-r-c-o\/","title":{"rendered":"Solicitudes de acceso a la informaci\u00f3n p\u00fablica y solicitudes para acceder a derechos A.R.C.O."},"content":{"rendered":"<h4>Descripci\u00f3n del objetivo del servicio<\/h4>\n<p>ACCEDER A LA INFORMACI\u00d3N PUBLICA GUBERNAMENTAL<\/p>\n<h4>Requisitos para obtener el servicio<\/h4>\n<p>NINGUNO <\/p>\n<h4>Documentos requeridos, en su caso<\/h4>\n<p>NINGUNO<\/p>\n<h4>Hiperv\u00ednculo a los formatos respectivo(s) publicado(s) en medio oficial<\/h4>\n<p>https:\/\/www.plataformadetransparencia.org.mx\/web\/guest\/sac<\/p>\n<h4>Tiempo de respuesta<\/h4>\n<p>15 D\u00cdAS H\u00c1BILES<\/p>\n<h4>\u00c1rea en la que se proporciona el servicio y los datos de contacto Tabla_375406<\/h4>\n<p>4803996<\/p>\n<h4>Costo, en su caso especificar que es gratuito<\/h4>\n<p>Gratuito\t\t<\/p>\n","protected":false},"excerpt":{"rendered":"<p>Descripci\u00f3n del objetivo del servicio ACCEDER A LA INFORMACI\u00d3N PUBLICA GUBERNAMENTAL Requisitos para obtener el servicio NINGUNO Documentos requeridos, en su caso NINGUNO Hiperv\u00ednculo a los formatos respectivo(s) publicado(s) en medio oficial https:\/\/www.plataformadetransparencia.org.mx\/web\/guest\/sac Tiempo de respuesta 15 D\u00cdAS H\u00c1BILES \u00c1rea en la que se proporciona el servicio y los datos de contacto Tabla_375406 4803996 Costo, [&hellip;]<\/p>\n","protected":false},"author":1,"featured_media":0,"parent":0,"menu_order":0,"comment_status":"closed","ping_status":"closed","template":"","meta":{"episode_type":"","audio_file":"","podmotor_file_id":"","podmotor_episode_id":"","cover_image":"","cover_image_id":"","duration":"","filesize":"","filesize_raw":"","date_recorded":"","explicit":"","block":"","footnotes":""},"categories":[],"tags":[],"class_list":["post-4273","page","type-page","status-publish","hentry"],"acf":[],"publishpress_future_action":{"enabled":false,"date":"2026-04-25 23:52:17","action":"change-status","newStatus":"draft","terms":[],"taxonomy":"category","extraData":[]},"publishpress_future_workflow_manual_trigger":{"enabledWorkflows":[]},"_links":{"self":[{"href":"https:\/\/www.oaxaca.gob.mx\/sefader\/wp-json\/wp\/v2\/pages\/4273","targetHints":{"allow":["GET"]}}],"collection":[{"href":"https:\/\/www.oaxaca.gob.mx\/sefader\/wp-json\/wp\/v2\/pages"}],"about":[{"href":"https:\/\/www.oaxaca.gob.mx\/sefader\/wp-json\/wp\/v2\/types\/page"}],"author":[{"embeddable":true,"href":"https:\/\/www.oaxaca.gob.mx\/sefader\/wp-json\/wp\/v2\/users\/1"}],"replies":[{"embeddable":true,"href":"https:\/\/www.oaxaca.gob.mx\/sefader\/wp-json\/wp\/v2\/comments?post=4273"}],"version-history":[{"count":0,"href":"https:\/\/www.oaxaca.gob.mx\/sefader\/wp-json\/wp\/v2\/pages\/4273\/revisions"}],"wp:attachment":[{"href":"https:\/\/www.oaxaca.gob.mx\/sefader\/wp-json\/wp\/v2\/media?parent=4273"}],"wp:term":[{"taxonomy":"category","embeddable":true,"href":"https:\/\/www.oaxaca.gob.mx\/sefader\/wp-json\/wp\/v2\/categories?post=4273"},{"taxonomy":"post_tag","embeddable":true,"href":"https:\/\/www.oaxaca.gob.mx\/sefader\/wp-json\/wp\/v2\/tags?post=4273"}],"curies":[{"name":"wp","href":"https:\/\/api.w.org\/{rel}","templated":true}]}}