{"id":4266,"date":"2019-07-03T21:05:47","date_gmt":"2019-07-03T19:05:47","guid":{"rendered":"https:\/\/www.oaxaca.gob.mx\/sedapa\/?page_id=4266"},"modified":"2019-07-03T21:05:47","modified_gmt":"2019-07-03T19:05:47","slug":"donacion-de-crias-de-alevines-a-productores-y-acuacultores","status":"publish","type":"page","link":"https:\/\/www.oaxaca.gob.mx\/sefader\/donacion-de-crias-de-alevines-a-productores-y-acuacultores\/","title":{"rendered":"Donaci\u00f3n de cr\u00edas de alevines a productores y acuacultores."},"content":{"rendered":"<h4>Descripci\u00f3n del objetivo del servicio<\/h4>\n<p>PRODUCIR MOJARRAS PARA CONSUMO<\/p>\n<h4>Requisitos para obtener el servicio<\/h4>\n<p>SER PRODUCTOR Y CONTAR CON ESTANQUES<\/p>\n<h4>Documentos requeridos, en su caso<\/h4>\n<p>PRESENTAR OFICIO DE SOLICITUD<\/p>\n<h4>Hiperv\u00ednculo a los formatos respectivo(s) publicado(s) en medio oficial<\/h4>\n<p>&#8211;<\/p>\n<h4>Tiempo de respuesta<\/h4>\n<p>30 DIAS<\/p>\n<h4>\u00c1rea en la que se proporciona el servicio y los datos de contacto Tabla_375406<\/h4>\n<p>5078095<\/p>\n<h4>Costo, en su caso especificar que es gratuito<\/h4>\n<p>0\t\t<\/p>\n","protected":false},"excerpt":{"rendered":"<p>Descripci\u00f3n del objetivo del servicio PRODUCIR MOJARRAS PARA CONSUMO Requisitos para obtener el servicio SER PRODUCTOR Y CONTAR CON ESTANQUES Documentos requeridos, en su caso PRESENTAR OFICIO DE SOLICITUD Hiperv\u00ednculo a los formatos respectivo(s) publicado(s) en medio oficial &#8211; Tiempo de respuesta 30 DIAS \u00c1rea en la que se proporciona el servicio y los datos [&hellip;]<\/p>\n","protected":false},"author":1,"featured_media":0,"parent":0,"menu_order":0,"comment_status":"closed","ping_status":"closed","template":"","meta":{"episode_type":"","audio_file":"","podmotor_file_id":"","podmotor_episode_id":"","cover_image":"","cover_image_id":"","duration":"","filesize":"","filesize_raw":"","date_recorded":"","explicit":"","block":"","footnotes":""},"categories":[],"tags":[],"class_list":["post-4266","page","type-page","status-publish","hentry"],"acf":[],"publishpress_future_action":{"enabled":false,"date":"2026-04-25 21:53:09","action":"change-status","newStatus":"draft","terms":[],"taxonomy":"category","extraData":[]},"publishpress_future_workflow_manual_trigger":{"enabledWorkflows":[]},"_links":{"self":[{"href":"https:\/\/www.oaxaca.gob.mx\/sefader\/wp-json\/wp\/v2\/pages\/4266","targetHints":{"allow":["GET"]}}],"collection":[{"href":"https:\/\/www.oaxaca.gob.mx\/sefader\/wp-json\/wp\/v2\/pages"}],"about":[{"href":"https:\/\/www.oaxaca.gob.mx\/sefader\/wp-json\/wp\/v2\/types\/page"}],"author":[{"embeddable":true,"href":"https:\/\/www.oaxaca.gob.mx\/sefader\/wp-json\/wp\/v2\/users\/1"}],"replies":[{"embeddable":true,"href":"https:\/\/www.oaxaca.gob.mx\/sefader\/wp-json\/wp\/v2\/comments?post=4266"}],"version-history":[{"count":0,"href":"https:\/\/www.oaxaca.gob.mx\/sefader\/wp-json\/wp\/v2\/pages\/4266\/revisions"}],"wp:attachment":[{"href":"https:\/\/www.oaxaca.gob.mx\/sefader\/wp-json\/wp\/v2\/media?parent=4266"}],"wp:term":[{"taxonomy":"category","embeddable":true,"href":"https:\/\/www.oaxaca.gob.mx\/sefader\/wp-json\/wp\/v2\/categories?post=4266"},{"taxonomy":"post_tag","embeddable":true,"href":"https:\/\/www.oaxaca.gob.mx\/sefader\/wp-json\/wp\/v2\/tags?post=4266"}],"curies":[{"name":"wp","href":"https:\/\/api.w.org\/{rel}","templated":true}]}}