{"id":4045,"date":"2019-05-16T19:06:48","date_gmt":"2019-05-16T17:06:48","guid":{"rendered":"https:\/\/www.oaxaca.gob.mx\/sedapa\/?page_id=4045"},"modified":"2021-02-08T12:22:12","modified_gmt":"2021-02-08T18:22:12","slug":"noticias","status":"publish","type":"page","link":"https:\/\/www.oaxaca.gob.mx\/sefader\/noticias\/","title":{"rendered":"Noticias"},"content":{"rendered":"<h2><strong><a href=\"https:\/\/www.oaxaca.gob.mx\/sedapa\/wp-content\/uploads\/sites\/35\/2021\/02\/Boleti\u0301n-Sedapa-Mango.pdf\" target=\"_blank\" rel=\"noopener noreferrer\">Logra Sedapa pr\u00f3rroga para productores de mango en programa de exportaci\u00f3n<\/a><\/strong><\/h2>\n<p>&nbsp;<\/p>\n<p>&nbsp;<\/p>\n<h2><strong><a href=\"https:\/\/www.oaxaca.gob.mx\/sedapa\/noche-de-rabanos-2020\/\" target=\"_blank\" rel=\"noopener noreferrer\">COMUNICADO SEDAPA 2020\u00a0<\/a><\/strong><\/h2>\n<p><strong>Salvaguarda Sedapa salud de poblaci\u00f3n, suspende actividades relativas a la \u201cNoche de R\u00e1banos\u201d<\/strong><\/p>\n<h2 class=\"entry-title mt25\"><strong><a href=\"https:\/\/www.oaxaca.gob.mx\/sedapa\/firman-convenio-de-colaboracion-sedapa-y-universidades-de-oaxaca\/\" target=\"_blank\" rel=\"noopener noreferrer\">Firman convenio de colaboraci\u00f3n Sedapa y Universidades de Oaxaca<\/a><\/strong><\/h2>\n<p style=\"text-align: left\"><strong>Se brindar\u00e1 asesor\u00eda, capacitaci\u00f3n y transferencia tecnol\u00f3gica a productores, y se impulsar\u00e1n proyectos estrat\u00e9gicos en \u00e1reas acad\u00e9mica, comercial y productiva<\/strong><\/p>\n[posts posts_per_page=\u00bb10&#8243; tax_term=\u00bb7&#8243; order=\u00bbdesc\u00bb][divider top=\u00bbyes\u00bb text=\u00bbIr arriba\u00bb style=\u00bbdefault\u00bb divider_color=\u00bb#999999&#8243; link_color=\u00bb#999999&#8243; size=\u00bb3&#8243; margin=\u00bb15&#8243;]\n<p>&nbsp;<\/p>\n","protected":false},"excerpt":{"rendered":"<p>Logra Sedapa pr\u00f3rroga para productores de mango en programa de exportaci\u00f3n &nbsp; &nbsp; COMUNICADO SEDAPA 2020\u00a0 Salvaguarda Sedapa salud de poblaci\u00f3n, suspende actividades relativas a la \u201cNoche de R\u00e1banos\u201d Firman convenio de colaboraci\u00f3n Sedapa y Universidades de Oaxaca Se brindar\u00e1 asesor\u00eda, capacitaci\u00f3n y transferencia tecnol\u00f3gica a productores, y se impulsar\u00e1n proyectos estrat\u00e9gicos en \u00e1reas acad\u00e9mica, [&hellip;]<\/p>\n","protected":false},"author":1,"featured_media":0,"parent":0,"menu_order":0,"comment_status":"closed","ping_status":"closed","template":"","meta":{"episode_type":"","audio_file":"","podmotor_file_id":"","podmotor_episode_id":"","cover_image":"","cover_image_id":"","duration":"","filesize":"","filesize_raw":"","date_recorded":"","explicit":"","block":"","footnotes":""},"categories":[],"tags":[],"class_list":["post-4045","page","type-page","status-publish","hentry"],"acf":[],"publishpress_future_action":{"enabled":false,"date":"2026-05-16 12:09:14","action":"change-status","newStatus":"draft","terms":[],"taxonomy":"category","extraData":[]},"publishpress_future_workflow_manual_trigger":{"enabledWorkflows":[]},"_links":{"self":[{"href":"https:\/\/www.oaxaca.gob.mx\/sefader\/wp-json\/wp\/v2\/pages\/4045","targetHints":{"allow":["GET"]}}],"collection":[{"href":"https:\/\/www.oaxaca.gob.mx\/sefader\/wp-json\/wp\/v2\/pages"}],"about":[{"href":"https:\/\/www.oaxaca.gob.mx\/sefader\/wp-json\/wp\/v2\/types\/page"}],"author":[{"embeddable":true,"href":"https:\/\/www.oaxaca.gob.mx\/sefader\/wp-json\/wp\/v2\/users\/1"}],"replies":[{"embeddable":true,"href":"https:\/\/www.oaxaca.gob.mx\/sefader\/wp-json\/wp\/v2\/comments?post=4045"}],"version-history":[{"count":12,"href":"https:\/\/www.oaxaca.gob.mx\/sefader\/wp-json\/wp\/v2\/pages\/4045\/revisions"}],"predecessor-version":[{"id":6726,"href":"https:\/\/www.oaxaca.gob.mx\/sefader\/wp-json\/wp\/v2\/pages\/4045\/revisions\/6726"}],"wp:attachment":[{"href":"https:\/\/www.oaxaca.gob.mx\/sefader\/wp-json\/wp\/v2\/media?parent=4045"}],"wp:term":[{"taxonomy":"category","embeddable":true,"href":"https:\/\/www.oaxaca.gob.mx\/sefader\/wp-json\/wp\/v2\/categories?post=4045"},{"taxonomy":"post_tag","embeddable":true,"href":"https:\/\/www.oaxaca.gob.mx\/sefader\/wp-json\/wp\/v2\/tags?post=4045"}],"curies":[{"name":"wp","href":"https:\/\/api.w.org\/{rel}","templated":true}]}}