{"id":4023,"date":"2019-05-16T18:49:20","date_gmt":"2019-05-16T16:49:20","guid":{"rendered":"https:\/\/www.oaxaca.gob.mx\/sedapa\/?page_id=4023"},"modified":"2019-05-16T18:49:20","modified_gmt":"2019-05-16T16:49:20","slug":"funciones","status":"publish","type":"page","link":"https:\/\/www.oaxaca.gob.mx\/sefader\/funciones\/","title":{"rendered":"Funciones"},"content":{"rendered":"<p>\t\t\t\tART\u00cdCULO 44. A la Secretar\u00eda de Desarrollo Agropecuario, Pesca y Acuacultura le corresponde el despacho de los siguientes asuntos: (Reforma seg\u00fan Decreto No. 1244 PPOE Extra de 22-04-15)<br \/>\n[list icon=\u00bbicon:check-square\u00bb icon_color=\u00bb#333333&#8243; indent=\u00bb0&#8243; class=\u00bb\u00bb]\n<ul>\n<li>Planear, regular, fomentar y promover el desarrollo agr\u00edcola, ganadero, pesquero y acu\u00edcola del Estado, con la participaci\u00f3n de organizaciones productivas y sociales propiciando el ordenamiento territorial bajo el enfoque de cuencas hidrol\u00f3gicas, as\u00ed como criterios de regionalizaci\u00f3n y atenci\u00f3n diferenciada de los productores para una mejor focalizaci\u00f3n de las pol\u00edticas del sector; (Reforma seg\u00fan Decreto No. 1244 PPOE Extra de 22-04-15)<\/li>\n<li>Coordinar y ejecutar convenios de desarrollo agr\u00edcola, ganadero, pesquero y acu\u00edcola que celebre el Gobierno del Estado con diversas instancias del Gobierno Federal, otras entidades federativas, gobiernos municipales y organizaciones sociales; (Reforma seg\u00fan Decreto No. 1244 PPOE Extra de 22-04-15)<\/li>\n<li>Promover y organizar a los productores agr\u00edcolas, ganaderos, pesqueros y acu\u00edcolas a trav\u00e9s de las figuras asociativas previstas en la Ley de Desarrollo Rural Sustentable del Estado de Oaxaca y otras leyes relativas a la materia, privilegiando la formaci\u00f3n de cooperativas de producci\u00f3n y consumo, cuyo prop\u00f3sito sea potencializar la producci\u00f3n, el consumo y el mercado; (Reforma seg\u00fan Decreto No. 1244 PPOE Extra de 22-04-15)<\/li>\n<li>Promover la generaci\u00f3n de empleos productivos de car\u00e1cter permanente y temporales en el \u00e1mbito de su competencia;<\/li>\n<li>Promover con las instancias competentes la elaboraci\u00f3n y actualizaci\u00f3n del plan estatal de investigaci\u00f3n y transferencia de tecnolog\u00eda, determinando y aplicando los m\u00e9todos y procedimientos t\u00e9cnicos que permitan incrementar la productividad sustentable de las actividades agr\u00edcolas, ganaderas, acu\u00edcolas y pesqueras del Estado; (Reforma seg\u00fan Decreto No. 1244 PPOE Extra de 22-04-15)<\/li>\n<li>Coordinar (sic) organizar y supervisar el ejercicio y funcionamiento de la Comisi\u00f3n Estatal Forestal; (Reforma seg\u00fan Decreto No. 1244 PPOE Extra de 22-04-15)<\/li>\n<li>Coadyuvar en la investigaci\u00f3n agr\u00edcola, ganadera, pesquera y acu\u00edcola, apoyando la creaci\u00f3n y operaci\u00f3n de laboratorios de patolog\u00eda, centros de desarrollo gen\u00e9tico, campos experimentales, lotes demostrativos y semilleros; (Reforma seg\u00fan Decreto No. 1244 PPOE Extra de 22-04-15)<\/li>\n<li>Promover y organizar congresos, seminarios y otros eventos similares que propicien el incremento e intercambio de conocimientos t\u00e9cnicos de los productores agr\u00edcolas, ganaderos, pesqueros y acu\u00edcolas del Estado; (Reforma seg\u00fan Decreto No. 1244 PPOE Extra de 22-04-15)<\/li>\n<li>Controlar el movimiento interno del ganado, llevando estad\u00edsticas de la producci\u00f3n, as\u00ed como, dictar las pol\u00edticas de inspecci\u00f3n ganadera, en el \u00e1mbito de su competencia; (Reforma seg\u00fan Decreto No. 1244 PPOE Extra de 22-04-15)<\/li>\n<li>Elaborar y ejecutar los programas de organizaci\u00f3n, capacitaci\u00f3n y asistencia t\u00e9cnica a los productores del medio rural en el Estado, cuidando que sus contenidos garanticen la igualdad de oportunidades para ambos sexos;<\/li>\n<li>Proponer la ejecuci\u00f3n de aquellas obras de infraestructura que se requieran para el desarrollo agr\u00edcola, ganadero y pesquero; (Reforma seg\u00fan Decreto No. 1244 PPOE Extra de 22-04-15)<\/li>\n<li>Asesorar a las diversas comunidades, organizaciones y sociedad civil, respecto de los insumos, maquinaria y equipo procurando el m\u00e1ximo abatimiento de los costos;<\/li>\n<li>Promover y apoyar a los productores en la obtenci\u00f3n y distribuci\u00f3n oportuna de insumos para prevenir y combatir plagas y enfermedades; LEY ORGANICA DEL PODER EJECUTIVO DEL ESTADO DE OAXACA Ultima Reforma 20-12 -2017<\/li>\n<li>Fomentar, organizar y asesorar a las comunidades para el establecimiento de agroindustrias;<\/li>\n<li>Coordinar sus actividades con las Dependencias y Entidades, as\u00ed como con el sector social y privado que participen en la ejecuci\u00f3n de programas agroindustriales, a fin de determinar las normas y criterios t\u00e9cnicos a seguir;<\/li>\n<li>Vigilar que los programas que se realicen en materia agr\u00edcola, ganadera, pesquera y acu\u00edcola, se apeguen a los programas y normas ecol\u00f3gicas previamente establecidas; (Reforma seg\u00fan Decreto No. 1244 PPOE Extra de 22-04-15)<\/li>\n<li>Fomentar la producci\u00f3n, consumo y comercializaci\u00f3n pesquera y acu\u00edcola en las comunidades del Estado, realizando las tareas de infraestructura, capacitaci\u00f3n y enlace que para ello se requiera en el \u00e1mbito de su competencia;<\/li>\n<li>Promover la instalaci\u00f3n de empresas de producci\u00f3n pesquera y acu\u00edcola, con la participaci\u00f3n de organizaciones de pescadores, proporcion\u00e1ndoles el apoyo t\u00e9cnico necesario;<\/li>\n<li>Promover y orientar el cr\u00e9dito de instituciones estatales, federales e internacionales, p\u00fablicas y privadas, para el financiamiento de las acciones de su competencia;<\/li>\n<li>Buscar y apoyar el posicionamiento de los productos agropecuarios, pesqueros y acu\u00edcolas en los mercados local, nacional e internacional en el \u00e1mbito de su competencia; (Reforma seg\u00fan Decreto No. 1244 PPOE Extra de 22-04-15)<\/li>\n<li>En el \u00e1mbito de su competencia impulsar, coordinar, ejecutar y supervisar la correcta operaci\u00f3n de las estrategias de desarrollo rural y seguridad alimentaria coadyuvando al desarrollo sustentable de la entidad;<\/li>\n<li>Coadyuvar con el Gobierno Federal en la aplicaci\u00f3n de leyes, normas y campa\u00f1as en materia de salud animal, de sanidad agr\u00edcola e inocuidad agroalimentaria;<\/li>\n<li>Derogada (Derogada seg\u00fan Decreto N\u00b0 564 PPOE Cuarta Secci\u00f3n de 28-01-2017)<\/li>\n<li>.XXIV. Promover la protecci\u00f3n, restauraci\u00f3n y conservaci\u00f3n de los ecosistemas en la planeaci\u00f3n y desarrollo de los proyectos estrat\u00e9gicos; y<\/li>\n<li>Las dem\u00e1s que en el \u00e1mbito de su competencia le confiera directamente el Gobernador del Estado, su Reglamento Interno y dem\u00e1s disposiciones normativas aplicables. (Reforma seg\u00fan Decreto No. 1073 PPOE Segunda Secci\u00f3n de 10-03-12)<\/li>\n<\/ul>\n[\/list]\n<div class=\"text-center\">[lightbox type=\u00bbimage\u00bb src=\u00bb\/sedapa\/wp-content\/uploads\/sites\/35\/2019\/03\/funciones-sedapa.jpg\u00bb]<img loading=\"lazy\" decoding=\"async\" class=\"aligncenter wp-image-3194\" src=\"\/sedapa\/wp-content\/uploads\/sites\/35\/2019\/03\/funciones-sedapa.jpg\" alt=\"funciones sedapa\" width=\"800\" height=\"600\" srcset=\"https:\/\/www.oaxaca.gob.mx\/sefader\/wp-content\/uploads\/sites\/35\/2019\/03\/funciones-sedapa.jpg 1024w, https:\/\/www.oaxaca.gob.mx\/sefader\/wp-content\/uploads\/sites\/35\/2019\/03\/funciones-sedapa-300x225.jpg 300w, https:\/\/www.oaxaca.gob.mx\/sefader\/wp-content\/uploads\/sites\/35\/2019\/03\/funciones-sedapa-768x576.jpg 768w\" sizes=\"auto, (max-width: 800px) 100vw, 800px\" \/>[\/lightbox]<\/div>\n","protected":false},"excerpt":{"rendered":"<p>ART\u00cdCULO 44. A la Secretar\u00eda de Desarrollo Agropecuario, Pesca y Acuacultura le corresponde el despacho de los siguientes asuntos: (Reforma seg\u00fan Decreto No. 1244 PPOE Extra de 22-04-15) [list icon=\u00bbicon:check-square\u00bb icon_color=\u00bb#333333&#8243; indent=\u00bb0&#8243; class=\u00bb\u00bb] Planear, regular, fomentar y promover el desarrollo agr\u00edcola, ganadero, pesquero y acu\u00edcola del Estado, con la participaci\u00f3n de organizaciones productivas y sociales [&hellip;]<\/p>\n","protected":false},"author":1,"featured_media":0,"parent":0,"menu_order":0,"comment_status":"closed","ping_status":"closed","template":"","meta":{"episode_type":"","audio_file":"","podmotor_file_id":"","podmotor_episode_id":"","cover_image":"","cover_image_id":"","duration":"","filesize":"","filesize_raw":"","date_recorded":"","explicit":"","block":"","footnotes":""},"categories":[],"tags":[],"class_list":["post-4023","page","type-page","status-publish","hentry"],"acf":[],"publishpress_future_action":{"enabled":false,"date":"2026-05-16 12:10:32","action":"change-status","newStatus":"draft","terms":[],"taxonomy":"category","extraData":[]},"publishpress_future_workflow_manual_trigger":{"enabledWorkflows":[]},"_links":{"self":[{"href":"https:\/\/www.oaxaca.gob.mx\/sefader\/wp-json\/wp\/v2\/pages\/4023","targetHints":{"allow":["GET"]}}],"collection":[{"href":"https:\/\/www.oaxaca.gob.mx\/sefader\/wp-json\/wp\/v2\/pages"}],"about":[{"href":"https:\/\/www.oaxaca.gob.mx\/sefader\/wp-json\/wp\/v2\/types\/page"}],"author":[{"embeddable":true,"href":"https:\/\/www.oaxaca.gob.mx\/sefader\/wp-json\/wp\/v2\/users\/1"}],"replies":[{"embeddable":true,"href":"https:\/\/www.oaxaca.gob.mx\/sefader\/wp-json\/wp\/v2\/comments?post=4023"}],"version-history":[{"count":0,"href":"https:\/\/www.oaxaca.gob.mx\/sefader\/wp-json\/wp\/v2\/pages\/4023\/revisions"}],"wp:attachment":[{"href":"https:\/\/www.oaxaca.gob.mx\/sefader\/wp-json\/wp\/v2\/media?parent=4023"}],"wp:term":[{"taxonomy":"category","embeddable":true,"href":"https:\/\/www.oaxaca.gob.mx\/sefader\/wp-json\/wp\/v2\/categories?post=4023"},{"taxonomy":"post_tag","embeddable":true,"href":"https:\/\/www.oaxaca.gob.mx\/sefader\/wp-json\/wp\/v2\/tags?post=4023"}],"curies":[{"name":"wp","href":"https:\/\/api.w.org\/{rel}","templated":true}]}}