{"id":2774,"date":"2018-11-29T14:15:57","date_gmt":"2018-11-29T19:15:57","guid":{"rendered":"https:\/\/www.oaxaca.gob.mx\/sedapa\/?page_id=2774"},"modified":"2026-02-13T15:54:45","modified_gmt":"2026-02-13T21:54:45","slug":"cocoi","status":"publish","type":"page","link":"https:\/\/www.oaxaca.gob.mx\/sefader\/cocoi\/","title":{"rendered":"COCOI"},"content":{"rendered":"<div class=\"text-center\">\n<div class=\"su-heading su-heading-style-default su-heading-align-center\" id=\"\" style=\"font-size:20px;margin-bottom:20px\"><div class=\"su-heading-inner\"><strong>COMIT\u00c9 DE CONTROL INTERNO<\/strong> <\/div><\/div>\n<p><img loading=\"lazy\" decoding=\"async\" class=\"aligncenter\" src=\"https:\/\/www.oaxaca.gob.mx\/sefader\/wp-content\/uploads\/sites\/35\/2026\/02\/cocoi-imagn-oficial.jpg.jpeg\" alt=\"\" width=\"1114\" height=\"836\" \/><\/p>\n<div class=\"su-divider su-divider-style-default\" style=\"margin:15px 0;border-width:3px;border-color:#999999\"><a href=\"#\" style=\"color:#999999\"> <\/a><\/div>\n<div class=\"su-accordion su-u-trim\"><\/div> <div class=\"su-spoiler su-spoiler-style-default su-spoiler-icon-plus su-spoiler-closed\" data-scroll-offset=\"0\" data-anchor-in-url=\"no\"><div class=\"su-spoiler-title\" tabindex=\"0\" role=\"button\"><span class=\"su-spoiler-icon\"><\/span>MARCO JUR\u00cdDICO<\/div><div class=\"su-spoiler-content su-u-clearfix su-u-trim\"><div class=\"su-list\" style=\"margin-left:0px\"><div class=\"su-box su-box-style-default\" id=\"\" style=\"border-color:#000000;border-radius:3px;max-width:none\"><div class=\"su-box-title\" style=\"background-color:#333333;color:#FFFFFF;border-top-left-radius:1px;border-top-right-radius:1px\">Documentos<\/div><div class=\"su-box-content su-u-clearfix su-u-trim\" style=\"border-bottom-left-radius:1px;border-bottom-right-radius:1px\">\n<ul>\n<li><i class=\"sui sui-check\" style=\"color:#333\"><\/i> <a href=\"https:\/\/www.oaxaca.gob.mx\/sefader\/wp-content\/uploads\/sites\/35\/2024\/04\/MANUAL-COCOI-EXT-HONES3-2023-07-06-1.pdf\" target=\"_blank\" rel=\"noopener\">Acuerdo por el que se expiden las Disposiciones en Materia de Control Interno y el Manual Administrativo de Aplicaci\u00f3n General en Materia de Control Interno<\/a><\/li>\n<\/ul>\n<\/div><\/div><\/div><\/div><\/div><div class=\"su-spoiler su-spoiler-style-default su-spoiler-icon-plus su-spoiler-closed\" data-scroll-offset=\"0\" data-anchor-in-url=\"no\"><div class=\"su-spoiler-title\" tabindex=\"0\" role=\"button\"><span class=\"su-spoiler-icon\"><\/span>DOCUMENTACI\u00d3N<\/div><div class=\"su-spoiler-content su-u-clearfix su-u-trim\">\n<div class=\"su-box su-box-style-default\" id=\"\" style=\"border-color:#000000;border-radius:3px;max-width:none\"><div class=\"su-box-title\" style=\"background-color:#333333;color:#FFFFFF;border-top-left-radius:1px;border-top-right-radius:1px\">2025<\/div><div class=\"su-box-content su-u-clearfix su-u-trim\" style=\"border-bottom-left-radius:1px;border-bottom-right-radius:1px\"><div class=\"su-list\" style=\"margin-left:0px\">\n<ul>\n<li><i class=\"sui sui-file-o\" style=\"color:#333\"><\/i> Programa de Trabajo de Control Interno (PTCI)<\/li>\n<li><i class=\"sui sui-file-o\" style=\"color:#333\"><\/i> Actas de sesiones ordinarias\n<ul>\n<li><i class=\"sui sui-file-o\" style=\"color:#333\"><\/i> <a href=\"https:\/\/www.oaxaca.gob.mx\/sefader\/wp-content\/uploads\/sites\/35\/2025\/05\/ACTA-1ORD-COCOI-2025.pdf\" target=\"_blank\" rel=\"noopener\">ACTA 1<\/a><\/li>\n<li><i class=\"sui sui-file-o\" style=\"color:#333\"><\/i> <a href=\"https:\/\/www.oaxaca.gob.mx\/sefader\/wp-content\/uploads\/sites\/35\/2025\/07\/ACTA2DAORD290525.pdf\" target=\"_blank\" rel=\"noopener\">ACTA 2<\/a><\/li>\n<li><i class=\"sui sui-file-o\" style=\"color:#333\"><\/i> <a href=\"https:\/\/www.oaxaca.gob.mx\/sefader\/wp-content\/uploads\/sites\/35\/2025\/10\/ACTA3RAORD190825.pdf\" target=\"_blank\" rel=\"noopener\">ACTA 3<\/a><\/li>\n<li><i class=\"sui sui-file-o\" style=\"color:#333\"><\/i> <a href=\"https:\/\/www.oaxaca.gob.mx\/sefader\/wp-content\/uploads\/sites\/35\/2026\/01\/4TASESIONCOCOI_260128_113421.pdf\" target=\"_blank\" rel=\"noopener\">ACTA 4<\/a><\/li>\n<\/ul>\n<\/li>\n<li><i class=\"sui sui-file-o\" style=\"color:#333\"><\/i> Actas de sesiones extraordinarias\n<ul>\n<li><i class=\"sui sui-file-o\" style=\"color:#333\"><\/i> ACTA 1<\/li>\n<\/ul>\n<\/li>\n<li><i class=\"sui sui-file-o\" style=\"color:#333\"><\/i> <a href=\"https:\/\/www.oaxaca.gob.mx\/sefader\/wp-content\/uploads\/sites\/35\/2024\/11\/ACUSE-DE-RESULTADOS-DE-AUTOEVALUACION-SICOCOI-2024.pdf\" target=\"_blank\" rel=\"noopener\">Evaluaci\u00f3n del Sistema de Control Interno<\/a><\/li>\n<\/ul>\n<\/div><\/div><\/div>\n<div class=\"su-box su-box-style-default\" id=\"\" style=\"border-color:#000000;border-radius:3px;max-width:none\"><div class=\"su-box-title\" style=\"background-color:#333333;color:#FFFFFF;border-top-left-radius:1px;border-top-right-radius:1px\">2023<\/div><div class=\"su-box-content su-u-clearfix su-u-trim\" style=\"border-bottom-left-radius:1px;border-bottom-right-radius:1px\"><div class=\"su-list\" style=\"margin-left:0px\">\n<div class=\"su-box su-box-style-default\" id=\"\" style=\"border-color:#000000;border-radius:3px;max-width:none\"><div class=\"su-box-title\" style=\"background-color:#333333;color:#FFFFFF;border-top-left-radius:1px;border-top-right-radius:1px\">2024<\/div><div class=\"su-box-content su-u-clearfix su-u-trim\" style=\"border-bottom-left-radius:1px;border-bottom-right-radius:1px\"><\/div><\/div><div class=\"su-list\" style=\"margin-left:0px\"><\/div>\n<ul>\n<li><i class=\"sui sui-file-o\" style=\"color:#333\"><\/i> <a href=\"https:\/\/www.oaxaca.gob.mx\/sefader\/wp-content\/uploads\/sites\/35\/2024\/04\/PROGRAMA-DE-TRABAJO-DE-CONTROL-INTERNO-PTCI-SEFADER-2024.pdf\" target=\"_blank\" rel=\"noopener\">Programa de Trabajo de Control Interno (PTCI)<\/a><\/li>\n<li><i class=\"sui sui-file-o\" style=\"color:#333\"><\/i> Actas de sesiones ordinarias\n<ul>\n<li><i class=\"sui sui-file-o\" style=\"color:#333\"><\/i> <a href=\"https:\/\/www.oaxaca.gob.mx\/sefader\/wp-content\/uploads\/sites\/35\/2024\/04\/ACTA-1-SESION-ORDINARIA-COCOI-2024-FIRMADA.pdf\" target=\"_blank\" rel=\"noopener\">ACTA 1<\/a><\/li>\n<li><i class=\"sui sui-file-o\" style=\"color:#333\"><\/i> <a href=\"https:\/\/www.oaxaca.gob.mx\/sefader\/wp-content\/uploads\/sites\/35\/2024\/07\/ACTA-DE-LA-2da-SESION-ORDINARIA-COCOI.pdf\" target=\"_blank\" rel=\"noopener\">ACTA 2<\/a><\/li>\n<li><i class=\"sui sui-file-o\" style=\"color:#333\"><\/i> <a href=\"https:\/\/www.oaxaca.gob.mx\/sefader\/wp-content\/uploads\/sites\/35\/2024\/11\/ACTA-DE-LA-TERCERA-SESION-ORDINARIA-COCOI-2024.pdf\" target=\"_blank\" rel=\"noopener\">ACTA 3<\/a><\/li>\n<li><i class=\"sui sui-file-o\" style=\"color:#333\"><\/i> <a href=\"https:\/\/www.oaxaca.gob.mx\/sefader\/wp-content\/uploads\/sites\/35\/2025\/02\/ACTA-4ORD-COCOI-2024.pdf\" target=\"_blank\" rel=\"noopener\">ACTA 4<\/a><\/li>\n<\/ul>\n<\/li>\n<li><i class=\"sui sui-file-o\" style=\"color:#333\"><\/i> Actas de sesiones extraordinarias\n<ul>\n<li><i class=\"sui sui-file-o\" style=\"color:#333\"><\/i> ACTA 1<\/li>\n<\/ul>\n<\/li>\n<li><i class=\"sui sui-file-o\" style=\"color:#333\"><\/i> <a href=\"https:\/\/www.oaxaca.gob.mx\/sefader\/wp-content\/uploads\/sites\/35\/2024\/11\/ACUSE-DE-RESULTADOS-DE-AUTOEVALUACION-SICOCOI-2024.pdf\" target=\"_blank\" rel=\"noopener\">Evaluaci\u00f3n del Sistema de Control Interno<\/a><\/li>\n<\/ul>\n<\/div><\/div><\/div>\n<div class=\"su-box su-box-style-default\" id=\"\" style=\"border-color:#000000;border-radius:3px;max-width:none\"><div class=\"su-box-title\" style=\"background-color:#333333;color:#FFFFFF;border-top-left-radius:1px;border-top-right-radius:1px\">2023<\/div><div class=\"su-box-content su-u-clearfix su-u-trim\" style=\"border-bottom-left-radius:1px;border-bottom-right-radius:1px\"><div class=\"su-list\" style=\"margin-left:0px\">\n<ul>\n<li><i class=\"sui sui-file-o\" style=\"color:#333\"><\/i> <a href=\"https:\/\/www.oaxaca.gob.mx\/sefader\/wp-content\/uploads\/sites\/35\/2023\/05\/PROGRAMA-DE-TRABAJO-DE-CONTROL-INTERNO-PTCI-2023-SEFADER.pdf\" target=\"_blank\" rel=\"noopener\">Programa de Trabajo de Control Interno (PTCI)<\/a><\/li>\n<li><i class=\"sui sui-file-o\" style=\"color:#333\"><\/i> Actas de sesiones ordinarias\n<ul>\n<li><i class=\"sui sui-file-o\" style=\"color:#333\"><\/i> <a href=\"https:\/\/www.oaxaca.gob.mx\/sefader\/wp-content\/uploads\/sites\/35\/2023\/05\/ACTA-1-ORDINARIA.pdf\" target=\"_blank\" rel=\"noopener\">ACTA 1<\/a><\/li>\n<li><i class=\"sui sui-file-o\" style=\"color:#333\"><\/i> <a href=\"https:\/\/www.oaxaca.gob.mx\/sefader\/wp-content\/uploads\/sites\/35\/2023\/07\/2023-ACTA-DE-LA-2-SESION-ORDINARIA-COCOI-29-junio-2023.pdf\" target=\"_blank\" rel=\"noopener\">ACTA 2<\/a><\/li>\n<li><i class=\"sui sui-file-o\" style=\"color:#333\"><\/i> <a href=\"https:\/\/www.oaxaca.gob.mx\/sefader\/wp-content\/uploads\/sites\/35\/2023\/11\/ACTA-3-ORD-COCOI-SEFADER-2023.pdf\" target=\"_blank\" rel=\"noopener\">ACTA 3<\/a><\/li>\n<li><i class=\"sui sui-file-o\" style=\"color:#333\"><\/i> <a href=\"https:\/\/www.oaxaca.gob.mx\/sefader\/wp-content\/uploads\/sites\/35\/2024\/03\/ACTA-4-SESION-ORDINARIA-COCOI-2023.pdf\" target=\"_blank\" rel=\"noopener\">ACTA 4<\/a><\/li>\n<\/ul>\n<\/li>\n<li><i class=\"sui sui-file-o\" style=\"color:#333\"><\/i> Actas de sesiones extraordinarias\n<ul>\n<li><i class=\"sui sui-file-o\" style=\"color:#333\"><\/i> <a href=\"https:\/\/www.oaxaca.gob.mx\/sefader\/wp-content\/uploads\/sites\/35\/2023\/05\/ACTA-1-EXTRAORD.pdf\" target=\"_blank\" rel=\"noopener\">ACTA 1<\/a><\/li>\n<\/ul>\n<\/li>\n<li><i class=\"sui sui-file-o\" style=\"color:#333\"><\/i> <a href=\"https:\/\/www.oaxaca.gob.mx\/sefader\/wp-content\/uploads\/sites\/35\/2023\/11\/ACUSE-2023-SEFADER.pdf\" target=\"_blank\" rel=\"noopener\">Evaluaci\u00f3n del Sistema de Control Interno<\/a><\/li>\n<\/ul>\n<\/div><\/div><\/div>\n<div class=\"su-box su-box-style-default\" id=\"\" style=\"border-color:#000000;border-radius:3px;max-width:none\"><div class=\"su-box-title\" style=\"background-color:#333333;color:#FFFFFF;border-top-left-radius:1px;border-top-right-radius:1px\">2022<\/div><div class=\"su-box-content su-u-clearfix su-u-trim\" style=\"border-bottom-left-radius:1px;border-bottom-right-radius:1px\"><div class=\"su-list\" style=\"margin-left:0px\">\n<ul>\n<li><i class=\"sui sui-file-o\" style=\"color:#333\"><\/i> <a href=\"https:\/\/www.oaxaca.gob.mx\/sedapa\/wp-content\/uploads\/sites\/35\/2022\/06\/PTCI2022-SEDAPA.pdf\" target=\"_blank\" rel=\"noopener\">Programa de Trabajo de Control Interno (PTCI)<\/a><\/li>\n<li><i class=\"sui sui-file-o\" style=\"color:#333\"><\/i> <a href=\"https:\/\/www.oaxaca.gob.mx\/sedapa\/wp-content\/uploads\/sites\/35\/2022\/06\/ACTA-DE-INSTALACION.pdf\" target=\"_blank\" rel=\"noopener\">Acta de instalaci\u00f3n<\/a><\/li>\n<li><i class=\"sui sui-file-o\" style=\"color:#333\"><\/i> Actas de sesiones ordinarias\n<ul>\n<li><i class=\"sui sui-file-o\" style=\"color:#333\"><\/i> <a href=\"https:\/\/www.oaxaca.gob.mx\/sedapa\/wp-content\/uploads\/sites\/35\/2022\/06\/ACTA-1-SESION-ORDINARIA-2022-COCOI.pdf\" target=\"_blank\" rel=\"noopener\">ACTA 1<\/a><\/li>\n<li><i class=\"sui sui-file-o\" style=\"color:#333\"><\/i> <a href=\"https:\/\/www.oaxaca.gob.mx\/sedapa\/wp-content\/uploads\/sites\/35\/2022\/09\/ACTA-2-SESION-ORDINARIA-2022-COCOI-FIRMADA.pdf\" target=\"_blank\" rel=\"noopener\">ACTA 2<\/a><\/li>\n<li><i class=\"sui sui-file-o\" style=\"color:#333\"><\/i> <a href=\"https:\/\/www.oaxaca.gob.mx\/sedapa\/wp-content\/uploads\/sites\/35\/2022\/10\/ACTA-3-SESION-COCOI-1.pdf\" target=\"_blank\" rel=\"noopener\">ACTA 3<\/a><\/li>\n<\/ul>\n<\/li>\n<li><i class=\"sui sui-file-o\" style=\"color:#333\"><\/i> <a href=\"https:\/\/www.oaxaca.gob.mx\/sefader\/wp-content\/uploads\/sites\/35\/2023\/02\/SICOCOI-ACUSE-2022-SEDAPA-13-SEP-2022.pdf\">Evaluaci\u00f3n del Sistema de Control Interno<\/a><\/li>\n<\/ul>\n<\/div><\/div><\/div>\n<div class=\"su-box su-box-style-default\" id=\"\" style=\"border-color:#000000;border-radius:3px;max-width:none\"><div class=\"su-box-title\" style=\"background-color:#333333;color:#FFFFFF;border-top-left-radius:1px;border-top-right-radius:1px\">2021<\/div><div class=\"su-box-content su-u-clearfix su-u-trim\" style=\"border-bottom-left-radius:1px;border-bottom-right-radius:1px\"><div class=\"su-list\" style=\"margin-left:0px\">\n<ul>\n<li><i class=\"sui sui-file-o\" style=\"color:#333\"><\/i> <a href=\"https:\/\/www.oaxaca.gob.mx\/sedapa\/wp-content\/uploads\/sites\/35\/2022\/06\/PTCI2021-SEDAPA-1.pdf\" target=\"_blank\" rel=\"noopener\">Programa de Trabajo de Control Interno (PTCI)<\/a><\/li>\n<li><i class=\"sui sui-file-o\" style=\"color:#333\"><\/i> <a href=\"https:\/\/www.oaxaca.gob.mx\/sedapa\/wp-content\/uploads\/sites\/35\/2022\/06\/ACTA-DE-INSTALACION.pdf\" target=\"_blank\" rel=\"noopener\">Acta de instalaci\u00f3n<\/a><\/li>\n<li><i class=\"sui sui-file-o\" style=\"color:#333\"><\/i> Actas de sesiones ordinarias\n<ul>\n<li><i class=\"sui sui-file-o\" style=\"color:#333\"><\/i> <a href=\"https:\/\/www.oaxaca.gob.mx\/sedapa\/wp-content\/uploads\/sites\/35\/2022\/06\/ACTA-1-SESION-ORDINARIA-2021-COCOI-1.pdf\" target=\"_blank\" rel=\"noopener\">ACTA 1<\/a><\/li>\n<li><i class=\"sui sui-file-o\" style=\"color:#333\"><\/i> <a href=\"https:\/\/www.oaxaca.gob.mx\/sedapa\/wp-content\/uploads\/sites\/35\/2022\/06\/ACTA-2-SESION-ORDINARIA-2021-COCOI-1.pdf\" target=\"_blank\" rel=\"noopener\">ACTA 2<\/a><\/li>\n<li><i class=\"sui sui-file-o\" style=\"color:#333\"><\/i> <a href=\"https:\/\/www.oaxaca.gob.mx\/sedapa\/wp-content\/uploads\/sites\/35\/2022\/06\/ACTA-3-SESION-ORDINARIA-2021-COCOI-1.pdf\" target=\"_blank\" rel=\"noopener\">ACTA 3<\/a><\/li>\n<li><i class=\"sui sui-file-o\" style=\"color:#333\"><\/i> <a href=\"https:\/\/www.oaxaca.gob.mx\/sedapa\/wp-content\/uploads\/sites\/35\/2022\/06\/ACTA-4-SESION-ORDINARIA-2021-COCOI-1.pdf\" target=\"_blank\" rel=\"noopener\">ACTA 4<\/a><\/li>\n<\/ul>\n<\/li>\n<li><i class=\"sui sui-file-o\" style=\"color:#333\"><\/i> <a href=\"https:\/\/www.oaxaca.gob.mx\/sedapa\/wp-content\/uploads\/sites\/35\/2022\/06\/ACUSE-2021-SEDAPA-modificado-medio-sicocoi-1-1.pdf\" target=\"_blank\" rel=\"noopener\">Evaluaci\u00f3n del Sistema de Control Interno<\/a><\/li>\n<\/ul>\n<\/div><\/div><\/div>\n<\/div><\/div>\n<div class=\"su-spoiler su-spoiler-style-default su-spoiler-icon-plus su-spoiler-closed\" data-scroll-offset=\"0\" data-anchor-in-url=\"no\"><div class=\"su-spoiler-title\" tabindex=\"0\" role=\"button\"><span class=\"su-spoiler-icon\"><\/span>ADMINISTRACI\u00d3N DE RIESGOS <\/div><div class=\"su-spoiler-content su-u-clearfix su-u-trim\">\n<div class=\"su-box su-box-style-default\" id=\"\" style=\"border-color:#000000;border-radius:3px;max-width:none\"><div class=\"su-box-title\" style=\"background-color:#333333;color:#FFFFFF;border-top-left-radius:1px;border-top-right-radius:1px\">2022 <\/div><div class=\"su-box-content su-u-clearfix su-u-trim\" style=\"border-bottom-left-radius:1px;border-bottom-right-radius:1px\">\n<div class=\"su-list\" style=\"margin-left:0px\">\n<ul>\n<li><i class=\"sui sui-check\" style=\"color:#333\"><\/i> <a href=\"https:\/\/www.oaxaca.gob.mx\/sedapa\/wp-content\/uploads\/sites\/35\/2022\/06\/Acta-de-ADMON-de-Riesgos-SEDAPA.pdf\" target=\"_blank\" rel=\"noopener\">Acta de Integraci\u00f3n del Grupo de Administraci\u00f3n de Riesgos, de la Secretar\u00eda de Desarrollo Agropecuario, Pesca y Acuacultura (SEDAPA) 2022<\/a><\/li>\n<li><i class=\"sui sui-check\" style=\"color:#333\"><\/i> <a href=\"https:\/\/www.oaxaca.gob.mx\/sedapa\/wp-content\/uploads\/sites\/35\/2022\/06\/Lineamientos-de-ADMON-de-Riesgos-SEDAPA.pdf\" target=\"_blank\" rel=\"noopener\">Lineamientos de Operaci\u00f3n Del Grupo De Administraci\u00f3n de Riesgos de la Secretar\u00eda de Desarrollo Agropecuario, Pesca y Acuacultura 2022<\/a><\/li>\n<\/ul>\n<\/div>\n<\/div>\n<div class=\"su-box su-box-style-default\" id=\"\" style=\"border-color:#000000;border-radius:3px;max-width:none\"><div class=\"su-box-title\" style=\"background-color:#333333;color:#FFFFFF;border-top-left-radius:1px;border-top-right-radius:1px\">2023<\/div><div class=\"su-box-content su-u-clearfix su-u-trim\" style=\"border-bottom-left-radius:1px;border-bottom-right-radius:1px\"><\/div><\/div>\n<div class=\"su-list\" style=\"margin-left:0px\">\n<ul>\n<li><i class=\"sui sui-check\" style=\"color:#333\"><\/i> <a href=\"https:\/\/www.oaxaca.gob.mx\/sefader\/wp-content\/uploads\/sites\/35\/2023\/11\/ACUSE-2023-SEFADER.pdf\" target=\"_blank\" rel=\"noopener\">Pimera Minuta de Trabajo Grupo de Riesgos SEFADER 2023\u00a0<\/a><\/li>\n<li><i class=\"sui sui-check\" style=\"color:#333\"><\/i> <a href=\"https:\/\/www.oaxaca.gob.mx\/sefader\/wp-content\/uploads\/sites\/35\/2023\/11\/2RA-MINUTA-DE-TRABAJO-GRUPO-DE-RIESGOS-SEFADER-2023.pdf\" target=\"_blank\" rel=\"noopener\">Segunda Minuta de Trabajo Grupo de Siesgos SEFADER 2023\u00a0<\/a><\/li>\n<li><i class=\"sui sui-check\" style=\"color:#333\"><\/i> <a href=\"https:\/\/www.oaxaca.gob.mx\/sefader\/wp-content\/uploads\/sites\/35\/2023\/11\/LINEAMIENTOS-GRUPO-DE-RIESGOS-SEFADER-2023.pdf\" target=\"_blank\" rel=\"noopener\">Lineamientos de Operaci\u00f3n del Grupo de Administraci\u00f3n de Riesgos SEFADER 2023<\/a><\/li>\n<\/ul>\n<\/div>\n<div class=\"su-box su-box-style-default\" id=\"\" style=\"border-color:#000000;border-radius:3px;max-width:none\"><div class=\"su-box-title\" style=\"background-color:#333333;color:#FFFFFF;border-top-left-radius:1px;border-top-right-radius:1px\">2024<\/div><div class=\"su-box-content su-u-clearfix su-u-trim\" style=\"border-bottom-left-radius:1px;border-bottom-right-radius:1px\"><\/div><\/div>\n<div class=\"su-list\" style=\"margin-left:0px\">\n<ul>\n<li><i class=\"sui sui-check\" style=\"color:#333\"><\/i> <a href=\"https:\/\/www.oaxaca.gob.mx\/sefader\/wp-content\/uploads\/sites\/35\/2024\/07\/ACTUALIZACION-DE-LINEAMIENTOS.pdf\" target=\"_blank\" rel=\"noopener\">Lineamientos de Operaci\u00f3n del Grupo de Administraci\u00f3n de Riesgos SEFADER 2024<\/a><\/li>\n<\/ul>\n<\/div>\n<\/div><\/div>\n<div class=\"su-box su-box-style-default\" id=\"\" style=\"border-color:#000000;border-radius:3px;max-width:none\"><div class=\"su-box-title\" style=\"background-color:#333333;color:#FFFFFF;border-top-left-radius:1px;border-top-right-radius:1px\">2025<\/div><div class=\"su-box-content su-u-clearfix su-u-trim\" style=\"border-bottom-left-radius:1px;border-bottom-right-radius:1px\">\n<div class=\"su-list\" style=\"margin-left:0px\">\n<ul>\n<li><i class=\"sui sui-check\" style=\"color:#333\"><\/i> <a href=\"https:\/\/www.oaxaca.gob.mx\/sefader\/wp-content\/uploads\/sites\/35\/2025\/12\/lineamientos-1.pdf\" target=\"_blank\" rel=\"noopener\">Lineamientos de Operaci\u00f3n delGrupo de Administraci\u00f3n de Riesgos SEFADER 2025<\/a><\/li>\n<\/ul>\n<ul>\n<li><i class=\"sui sui-check\" style=\"color:#333\"><\/i> <a href=\"https:\/\/www.oaxaca.gob.mx\/sefader\/wp-content\/uploads\/sites\/35\/2025\/12\/acuse-medios-1.pdf\" target=\"_blank\" rel=\"noopener\">Acuse de Medios SEFADER 2025<\/a><\/li>\n<\/ul>\n<\/div>\n<\/div><\/div>\n<\/div><\/div>\n","protected":false},"excerpt":{"rendered":"","protected":false},"author":1,"featured_media":0,"parent":0,"menu_order":0,"comment_status":"closed","ping_status":"closed","template":"","meta":{"episode_type":"","audio_file":"","podmotor_file_id":"","podmotor_episode_id":"","cover_image":"","cover_image_id":"","duration":"","filesize":"","filesize_raw":"","date_recorded":"","explicit":"","block":"","footnotes":""},"categories":[],"tags":[],"class_list":["post-2774","page","type-page","status-publish","hentry"],"acf":[],"publishpress_future_action":{"enabled":false,"date":"2026-05-16 10:50:28","action":"change-status","newStatus":"draft","terms":[],"taxonomy":"category","extraData":[]},"publishpress_future_workflow_manual_trigger":{"enabledWorkflows":[]},"_links":{"self":[{"href":"https:\/\/www.oaxaca.gob.mx\/sefader\/wp-json\/wp\/v2\/pages\/2774","targetHints":{"allow":["GET"]}}],"collection":[{"href":"https:\/\/www.oaxaca.gob.mx\/sefader\/wp-json\/wp\/v2\/pages"}],"about":[{"href":"https:\/\/www.oaxaca.gob.mx\/sefader\/wp-json\/wp\/v2\/types\/page"}],"author":[{"embeddable":true,"href":"https:\/\/www.oaxaca.gob.mx\/sefader\/wp-json\/wp\/v2\/users\/1"}],"replies":[{"embeddable":true,"href":"https:\/\/www.oaxaca.gob.mx\/sefader\/wp-json\/wp\/v2\/comments?post=2774"}],"version-history":[{"count":2,"href":"https:\/\/www.oaxaca.gob.mx\/sefader\/wp-json\/wp\/v2\/pages\/2774\/revisions"}],"predecessor-version":[{"id":9959,"href":"https:\/\/www.oaxaca.gob.mx\/sefader\/wp-json\/wp\/v2\/pages\/2774\/revisions\/9959"}],"wp:attachment":[{"href":"https:\/\/www.oaxaca.gob.mx\/sefader\/wp-json\/wp\/v2\/media?parent=2774"}],"wp:term":[{"taxonomy":"category","embeddable":true,"href":"https:\/\/www.oaxaca.gob.mx\/sefader\/wp-json\/wp\/v2\/categories?post=2774"},{"taxonomy":"post_tag","embeddable":true,"href":"https:\/\/www.oaxaca.gob.mx\/sefader\/wp-json\/wp\/v2\/tags?post=2774"}],"curies":[{"name":"wp","href":"https:\/\/api.w.org\/{rel}","templated":true}]}}