{"id":2285,"date":"2018-07-04T12:07:25","date_gmt":"2018-07-04T17:07:25","guid":{"rendered":"https:\/\/www.oaxaca.gob.mx\/sedapa\/?page_id=2285"},"modified":"2018-07-04T12:07:25","modified_gmt":"2018-07-04T17:07:25","slug":"documentos-2016","status":"publish","type":"page","link":"https:\/\/www.oaxaca.gob.mx\/sefader\/documentos-2016\/","title":{"rendered":"Documentos 2016"},"content":{"rendered":"<p>\t\t\t\t&nbsp;<\/p>\n<ul>\n<li>\n<h4><a href=\"\/sedapa\/wp-content\/uploads\/sites\/35\/2018\/03\/FOLIOS AUTORIZADOS 2017.xlsx\">AVANCE DE GESTI\u00d3N 2016 SEDAPA<\/a><\/h4>\n<\/li>\n<li>\n<h4><a href=\"\/sedapa\/matriz-de-indicadores-para-resultados-mir-2016\/\">Matriz de Indicadores para Resultados (MIR) 2016<\/a><\/h4>\n<\/li>\n<li>\n<h4><a href=\"http:\/\/www.infopublica.oaxaca.gob.mx\/#\/principal\/peticionUrlJson?ids=42&amp;accion=showFraccion&amp;fraccion=FraccionVIII&amp;dependencia=80\">Objetivo Indicador y Metas de la Unidad Ejecutora para Resultados (POA-03)<\/a><\/h4>\n<\/li>\n<li>\n<h4><a href=\"\/sedapa\/wp-content\/uploads\/sites\/35\/2016\/05\/Convocatoria-para-la-selecci\u00f3n-de-Agencias-de-Desarrollo-Rural-para-la-regi\u00f3n-PESA-Chimalapas.pdf\">Convocatoria para la selecci\u00f3n de Agencias de Desarrollo Rural<\/a><\/h4>\n<\/li>\n<li>\n<h4><a href=\"\/sedapa\/wp-content\/uploads\/sites\/35\/2016\/03\/EXTENSIONISTAS.pdf\">Convocatoria para la selecci\u00f3n de extensionistas<\/a><\/h4>\n<\/li>\n<li>\n<h4><a href=\"\/sedapa\/wp-content\/uploads\/sites\/35\/2016\/03\/COORD-DISTRITALES.pdf\">Convocatoria para la selecci\u00f3n de coordinadores distritales<\/a><\/h4>\n<\/li>\n<li>\n<h4><a href=\"\/sedapa\/wp-content\/uploads\/sites\/35\/2016\/03\/Convocatoria.2016.motoresV2.pdf\">Convocatoria para modernizaci\u00f3n de embarcaciones menores<\/a><\/h4>\n<\/li>\n<li>\n<h4><a href=\"\/sedapa\/wp-content\/uploads\/sites\/35\/2016\/02\/convocatoria-2016.pdf\">Convocatoria Alianza para el Campo 2016<\/a><\/h4>\n<\/li>\n<li>\n<h4><a href=\"\/sedapa\/formatos-de-la-convocatoria-concurrencia-2016\/\">Formatos de la Convocatoria Concurrencia 2016<\/a><\/h4>\n<\/li>\n<li>\n<h4><a href=\"\/sedapa\/wp-content\/uploads\/sites\/35\/2016\/02\/agrobaja.jpg\">Consulta las bases de la convocatoria Agrobaja 2016<\/a><\/h4>\n<\/li>\n<li>\n<h4><a href=\"\/sedapa\/fracciones\/\" target=\"_blank\" rel=\"noopener noreferrer\">Relaci\u00f3n de Productores beneficiarios del Componente de Atenci\u00f3n a Siniestros Agropecuarios de los Ejercicios Fiscales 2015 y 2016 .\u00a0(Fracci\u00f3n XXVII)<\/a><\/h4>\n<\/li>\n<\/ul>\n","protected":false},"excerpt":{"rendered":"<p>&nbsp; AVANCE DE GESTI\u00d3N 2016 SEDAPA Matriz de Indicadores para Resultados (MIR) 2016 Objetivo Indicador y Metas de la Unidad Ejecutora para Resultados (POA-03) Convocatoria para la selecci\u00f3n de Agencias de Desarrollo Rural Convocatoria para la selecci\u00f3n de extensionistas Convocatoria para la selecci\u00f3n de coordinadores distritales Convocatoria para modernizaci\u00f3n de embarcaciones menores Convocatoria Alianza para [&hellip;]<\/p>\n","protected":false},"author":1,"featured_media":0,"parent":0,"menu_order":0,"comment_status":"closed","ping_status":"closed","template":"","meta":{"episode_type":"","audio_file":"","podmotor_file_id":"","podmotor_episode_id":"","cover_image":"","cover_image_id":"","duration":"","filesize":"","filesize_raw":"","date_recorded":"","explicit":"","block":"","footnotes":""},"categories":[],"tags":[],"class_list":["post-2285","page","type-page","status-publish","hentry"],"acf":[],"publishpress_future_action":{"enabled":false,"date":"2026-04-25 21:32:23","action":"change-status","newStatus":"draft","terms":[],"taxonomy":"category","extraData":[]},"publishpress_future_workflow_manual_trigger":{"enabledWorkflows":[]},"_links":{"self":[{"href":"https:\/\/www.oaxaca.gob.mx\/sefader\/wp-json\/wp\/v2\/pages\/2285","targetHints":{"allow":["GET"]}}],"collection":[{"href":"https:\/\/www.oaxaca.gob.mx\/sefader\/wp-json\/wp\/v2\/pages"}],"about":[{"href":"https:\/\/www.oaxaca.gob.mx\/sefader\/wp-json\/wp\/v2\/types\/page"}],"author":[{"embeddable":true,"href":"https:\/\/www.oaxaca.gob.mx\/sefader\/wp-json\/wp\/v2\/users\/1"}],"replies":[{"embeddable":true,"href":"https:\/\/www.oaxaca.gob.mx\/sefader\/wp-json\/wp\/v2\/comments?post=2285"}],"version-history":[{"count":0,"href":"https:\/\/www.oaxaca.gob.mx\/sefader\/wp-json\/wp\/v2\/pages\/2285\/revisions"}],"wp:attachment":[{"href":"https:\/\/www.oaxaca.gob.mx\/sefader\/wp-json\/wp\/v2\/media?parent=2285"}],"wp:term":[{"taxonomy":"category","embeddable":true,"href":"https:\/\/www.oaxaca.gob.mx\/sefader\/wp-json\/wp\/v2\/categories?post=2285"},{"taxonomy":"post_tag","embeddable":true,"href":"https:\/\/www.oaxaca.gob.mx\/sefader\/wp-json\/wp\/v2\/tags?post=2285"}],"curies":[{"name":"wp","href":"https:\/\/api.w.org\/{rel}","templated":true}]}}