{"id":1865,"date":"2017-05-05T11:36:10","date_gmt":"2017-05-05T16:36:10","guid":{"rendered":"https:\/\/www.oaxaca.gob.mx\/sedapa\/?page_id=1865"},"modified":"2017-05-05T11:36:10","modified_gmt":"2017-05-05T16:36:10","slug":"fraccion-xxiii-montos-destinados-a-comunicacion-social-y-publicidad","status":"publish","type":"page","link":"https:\/\/www.oaxaca.gob.mx\/sefader\/fraccion-xxiii-montos-destinados-a-comunicacion-social-y-publicidad\/","title":{"rendered":"Fracci\u00f3n XXIII &#8211; Montos Destinados a Comunicaci\u00f3n Social y Publicidad"},"content":{"rendered":"<p>\t\t\t\t<a href=\"\/sedapa\/wp-content\/uploads\/sites\/35\/2017\/05\/XXIIIa.xls\">Programa anual de comunicaci\u00f3n social<\/a><\/p>\n<p><a href=\"\/sedapa\/wp-content\/uploads\/sites\/35\/2017\/05\/XXIIIb.xls\">Erogaci\u00f3n de recursos por contrataci\u00f3n de servicios de impresi\u00f3n, difusi\u00f3n y publicidad<\/a><\/p>\n<p><a href=\"\/sedapa\/wp-content\/uploads\/sites\/35\/2017\/05\/XXIIIc.xls\">Utilizaci\u00f3n de los Tiempos Oficiales: tiempo de Estado y tiempo fiscal<\/a>\t\t<\/p>\n","protected":false},"excerpt":{"rendered":"<p>Programa anual de comunicaci\u00f3n social Erogaci\u00f3n de recursos por contrataci\u00f3n de servicios de impresi\u00f3n, difusi\u00f3n y publicidad Utilizaci\u00f3n de los Tiempos Oficiales: tiempo de Estado y tiempo fiscal<\/p>\n","protected":false},"author":1,"featured_media":0,"parent":0,"menu_order":0,"comment_status":"closed","ping_status":"closed","template":"","meta":{"episode_type":"","audio_file":"","podmotor_file_id":"","podmotor_episode_id":"","cover_image":"","cover_image_id":"","duration":"","filesize":"","filesize_raw":"","date_recorded":"","explicit":"","block":"","footnotes":""},"categories":[],"tags":[],"class_list":["post-1865","page","type-page","status-publish","hentry"],"acf":[],"publishpress_future_action":{"enabled":false,"date":"2026-04-25 21:50:05","action":"change-status","newStatus":"draft","terms":[],"taxonomy":"category","extraData":[]},"publishpress_future_workflow_manual_trigger":{"enabledWorkflows":[]},"_links":{"self":[{"href":"https:\/\/www.oaxaca.gob.mx\/sefader\/wp-json\/wp\/v2\/pages\/1865","targetHints":{"allow":["GET"]}}],"collection":[{"href":"https:\/\/www.oaxaca.gob.mx\/sefader\/wp-json\/wp\/v2\/pages"}],"about":[{"href":"https:\/\/www.oaxaca.gob.mx\/sefader\/wp-json\/wp\/v2\/types\/page"}],"author":[{"embeddable":true,"href":"https:\/\/www.oaxaca.gob.mx\/sefader\/wp-json\/wp\/v2\/users\/1"}],"replies":[{"embeddable":true,"href":"https:\/\/www.oaxaca.gob.mx\/sefader\/wp-json\/wp\/v2\/comments?post=1865"}],"version-history":[{"count":0,"href":"https:\/\/www.oaxaca.gob.mx\/sefader\/wp-json\/wp\/v2\/pages\/1865\/revisions"}],"wp:attachment":[{"href":"https:\/\/www.oaxaca.gob.mx\/sefader\/wp-json\/wp\/v2\/media?parent=1865"}],"wp:term":[{"taxonomy":"category","embeddable":true,"href":"https:\/\/www.oaxaca.gob.mx\/sefader\/wp-json\/wp\/v2\/categories?post=1865"},{"taxonomy":"post_tag","embeddable":true,"href":"https:\/\/www.oaxaca.gob.mx\/sefader\/wp-json\/wp\/v2\/tags?post=1865"}],"curies":[{"name":"wp","href":"https:\/\/api.w.org\/{rel}","templated":true}]}}