{"id":1847,"date":"2017-05-05T10:36:59","date_gmt":"2017-05-05T15:36:59","guid":{"rendered":"https:\/\/www.oaxaca.gob.mx\/sedapa\/?page_id=1847"},"modified":"2017-05-05T10:36:59","modified_gmt":"2017-05-05T15:36:59","slug":"fraccion-xx-tramites-requisitos-y-formatos-que-ofrecen","status":"publish","type":"page","link":"https:\/\/www.oaxaca.gob.mx\/sefader\/fraccion-xx-tramites-requisitos-y-formatos-que-ofrecen\/","title":{"rendered":"Fracci\u00f3n XX &#8211; Tr\u00e1mites, Requisitos y Formatos que Ofrecen"},"content":{"rendered":"<p>\t\t\t\tDIRECCI\u00d3N JUR\u00cdDICA \/ UNIDAD DE TRANSPARENCIA<\/p>\n<p><a href=\"\/sedapa\/wp-content\/uploads\/sites\/35\/2017\/05\/FORMATO-PDF-FRACC-XX.pdf\">Formato de solicitud de acceso a la informaci\u00f3n p\u00fablica<\/a><\/p>\n<p><a href=\"http:\/\/www.plataformadetransparencia.org.mx\" target=\"_blank\" rel=\"noopener noreferrer\">Solicitud de informaci\u00f3n en l\u00ednea<\/a><\/p>\n<p><a href=\"\/sedapa\/wp-content\/uploads\/sites\/35\/2017\/05\/XX-en-li\u0301nea.xls\">Tramites que se realizan en l\u00ednea<\/a><\/p>\n<p><a href=\"\/sedapa\/wp-content\/uploads\/sites\/35\/2017\/05\/XX-presencial.xls\">Tramites presenciales<\/a><\/p>\n<p>SALUD ANIMAL \/ DIRECCI\u00d3N DE FOMENTO PECUARIO<\/p>\n<p><a href=\"\/sedapa\/wp-content\/uploads\/sites\/35\/2017\/05\/Requisitos-Patente-de-Fierro.pdf\">Requisitos para el tr\u00e1mite de patente, cambios de propietario y refrendo<\/a><\/p>\n<p><a href=\"\/sedapa\/wp-content\/uploads\/sites\/35\/2017\/05\/Requisitos-SIPEOAX.pdf\">Requisitos para obtener el registroSIPEOAX<\/a><\/p>\n<p><a href=\"\/sedapa\/wp-content\/uploads\/sites\/35\/2017\/05\/Formato-de-Inscripcion-SIPEOAX.pdf\">Formato de Inscripci\u00f3n SIPEOAX<\/a><\/p>\n<p><a href=\"\/sedapa\/wp-content\/uploads\/sites\/35\/2017\/05\/Carta-compromiso-SIPEOAX.pdf\">Carta compromiso SIPEOAX<\/a><\/p>\n<p>UNIDAD DE CONSERVACION DE VIVEROS<\/p>\n<p><a href=\"\/sedapa\/wp-content\/uploads\/sites\/35\/2017\/05\/XX-TRAMITES.xls\">Tramites que se ralizan<\/a>\t\t<\/p>\n","protected":false},"excerpt":{"rendered":"<p>DIRECCI\u00d3N JUR\u00cdDICA \/ UNIDAD DE TRANSPARENCIA Formato de solicitud de acceso a la informaci\u00f3n p\u00fablica Solicitud de informaci\u00f3n en l\u00ednea Tramites que se realizan en l\u00ednea Tramites presenciales SALUD ANIMAL \/ DIRECCI\u00d3N DE FOMENTO PECUARIO Requisitos para el tr\u00e1mite de patente, cambios de propietario y refrendo Requisitos para obtener el registroSIPEOAX Formato de Inscripci\u00f3n SIPEOAX [&hellip;]<\/p>\n","protected":false},"author":1,"featured_media":0,"parent":0,"menu_order":0,"comment_status":"closed","ping_status":"closed","template":"","meta":{"episode_type":"","audio_file":"","podmotor_file_id":"","podmotor_episode_id":"","cover_image":"","cover_image_id":"","duration":"","filesize":"","filesize_raw":"","date_recorded":"","explicit":"","block":"","footnotes":""},"categories":[],"tags":[],"class_list":["post-1847","page","type-page","status-publish","hentry"],"acf":[],"publishpress_future_action":{"enabled":false,"date":"2026-04-25 23:53:03","action":"change-status","newStatus":"draft","terms":[],"taxonomy":"category","extraData":[]},"publishpress_future_workflow_manual_trigger":{"enabledWorkflows":[]},"_links":{"self":[{"href":"https:\/\/www.oaxaca.gob.mx\/sefader\/wp-json\/wp\/v2\/pages\/1847","targetHints":{"allow":["GET"]}}],"collection":[{"href":"https:\/\/www.oaxaca.gob.mx\/sefader\/wp-json\/wp\/v2\/pages"}],"about":[{"href":"https:\/\/www.oaxaca.gob.mx\/sefader\/wp-json\/wp\/v2\/types\/page"}],"author":[{"embeddable":true,"href":"https:\/\/www.oaxaca.gob.mx\/sefader\/wp-json\/wp\/v2\/users\/1"}],"replies":[{"embeddable":true,"href":"https:\/\/www.oaxaca.gob.mx\/sefader\/wp-json\/wp\/v2\/comments?post=1847"}],"version-history":[{"count":0,"href":"https:\/\/www.oaxaca.gob.mx\/sefader\/wp-json\/wp\/v2\/pages\/1847\/revisions"}],"wp:attachment":[{"href":"https:\/\/www.oaxaca.gob.mx\/sefader\/wp-json\/wp\/v2\/media?parent=1847"}],"wp:term":[{"taxonomy":"category","embeddable":true,"href":"https:\/\/www.oaxaca.gob.mx\/sefader\/wp-json\/wp\/v2\/categories?post=1847"},{"taxonomy":"post_tag","embeddable":true,"href":"https:\/\/www.oaxaca.gob.mx\/sefader\/wp-json\/wp\/v2\/tags?post=1847"}],"curies":[{"name":"wp","href":"https:\/\/api.w.org\/{rel}","templated":true}]}}