{"id":1833,"date":"2017-05-05T09:55:52","date_gmt":"2017-05-05T14:55:52","guid":{"rendered":"https:\/\/www.oaxaca.gob.mx\/sedapa\/?page_id=1833"},"modified":"2017-05-05T09:55:52","modified_gmt":"2017-05-05T14:55:52","slug":"fraccion-xiii-domicilio-y-direccion-electronica-de-la-unidad-de-transparencia","status":"publish","type":"page","link":"https:\/\/www.oaxaca.gob.mx\/sefader\/fraccion-xiii-domicilio-y-direccion-electronica-de-la-unidad-de-transparencia\/","title":{"rendered":"Fracci\u00f3n XIII &#8211; Domicilio y Direcci\u00f3n Electr\u00f3nica de la Unidad de Transparencia"},"content":{"rendered":"<p>\t\t\t\t<a href=\"\/sedapa\/wp-content\/uploads\/sites\/35\/2017\/05\/XIII-UT.xls\">Domicilio y Direcci\u00f3n Electr\u00f3nica de la Unidad de Transparencia<\/a>\t\t<\/p>\n","protected":false},"excerpt":{"rendered":"<p>Domicilio y Direcci\u00f3n Electr\u00f3nica de la Unidad de Transparencia<\/p>\n","protected":false},"author":1,"featured_media":0,"parent":0,"menu_order":0,"comment_status":"closed","ping_status":"closed","template":"","meta":{"episode_type":"","audio_file":"","podmotor_file_id":"","podmotor_episode_id":"","cover_image":"","cover_image_id":"","duration":"","filesize":"","filesize_raw":"","date_recorded":"","explicit":"","block":"","footnotes":""},"categories":[],"tags":[],"class_list":["post-1833","page","type-page","status-publish","hentry"],"acf":[],"publishpress_future_action":{"enabled":false,"date":"2026-04-25 23:52:37","action":"change-status","newStatus":"draft","terms":[],"taxonomy":"category","extraData":[]},"publishpress_future_workflow_manual_trigger":{"enabledWorkflows":[]},"_links":{"self":[{"href":"https:\/\/www.oaxaca.gob.mx\/sefader\/wp-json\/wp\/v2\/pages\/1833","targetHints":{"allow":["GET"]}}],"collection":[{"href":"https:\/\/www.oaxaca.gob.mx\/sefader\/wp-json\/wp\/v2\/pages"}],"about":[{"href":"https:\/\/www.oaxaca.gob.mx\/sefader\/wp-json\/wp\/v2\/types\/page"}],"author":[{"embeddable":true,"href":"https:\/\/www.oaxaca.gob.mx\/sefader\/wp-json\/wp\/v2\/users\/1"}],"replies":[{"embeddable":true,"href":"https:\/\/www.oaxaca.gob.mx\/sefader\/wp-json\/wp\/v2\/comments?post=1833"}],"version-history":[{"count":0,"href":"https:\/\/www.oaxaca.gob.mx\/sefader\/wp-json\/wp\/v2\/pages\/1833\/revisions"}],"wp:attachment":[{"href":"https:\/\/www.oaxaca.gob.mx\/sefader\/wp-json\/wp\/v2\/media?parent=1833"}],"wp:term":[{"taxonomy":"category","embeddable":true,"href":"https:\/\/www.oaxaca.gob.mx\/sefader\/wp-json\/wp\/v2\/categories?post=1833"},{"taxonomy":"post_tag","embeddable":true,"href":"https:\/\/www.oaxaca.gob.mx\/sefader\/wp-json\/wp\/v2\/tags?post=1833"}],"curies":[{"name":"wp","href":"https:\/\/api.w.org\/{rel}","templated":true}]}}