{"id":1822,"date":"2017-05-05T09:48:14","date_gmt":"2017-05-05T14:48:14","guid":{"rendered":"https:\/\/www.oaxaca.gob.mx\/sedapa\/?page_id=1822"},"modified":"2017-05-05T09:48:14","modified_gmt":"2017-05-05T14:48:14","slug":"fraccion-ix-gastos-de-representacion-y-viaticos","status":"publish","type":"page","link":"https:\/\/www.oaxaca.gob.mx\/sefader\/fraccion-ix-gastos-de-representacion-y-viaticos\/","title":{"rendered":"Fracci\u00f3n IX &#8211; Gastos de Representaci\u00f3n y Vi\u00e1ticos"},"content":{"rendered":"<p>\t\t\t\t<a href=\"\/sedapa\/wp-content\/uploads\/sites\/35\/2017\/05\/IXb.xls\">Gastos de Representaci\u00f3n<\/a><\/p>\n<p><a href=\"\/sedapa\/wp-content\/uploads\/sites\/35\/2017\/05\/IXa.xls\">Gastos por Concepto de Viaticos<\/a>\t\t<\/p>\n","protected":false},"excerpt":{"rendered":"<p>Gastos de Representaci\u00f3n Gastos por Concepto de Viaticos<\/p>\n","protected":false},"author":1,"featured_media":0,"parent":0,"menu_order":0,"comment_status":"closed","ping_status":"closed","template":"","meta":{"episode_type":"","audio_file":"","podmotor_file_id":"","podmotor_episode_id":"","cover_image":"","cover_image_id":"","duration":"","filesize":"","filesize_raw":"","date_recorded":"","explicit":"","block":"","footnotes":""},"categories":[],"tags":[],"class_list":["post-1822","page","type-page","status-publish","hentry"],"acf":[],"publishpress_future_action":{"enabled":false,"date":"2026-04-25 21:50:03","action":"change-status","newStatus":"draft","terms":[],"taxonomy":"category","extraData":[]},"publishpress_future_workflow_manual_trigger":{"enabledWorkflows":[]},"_links":{"self":[{"href":"https:\/\/www.oaxaca.gob.mx\/sefader\/wp-json\/wp\/v2\/pages\/1822","targetHints":{"allow":["GET"]}}],"collection":[{"href":"https:\/\/www.oaxaca.gob.mx\/sefader\/wp-json\/wp\/v2\/pages"}],"about":[{"href":"https:\/\/www.oaxaca.gob.mx\/sefader\/wp-json\/wp\/v2\/types\/page"}],"author":[{"embeddable":true,"href":"https:\/\/www.oaxaca.gob.mx\/sefader\/wp-json\/wp\/v2\/users\/1"}],"replies":[{"embeddable":true,"href":"https:\/\/www.oaxaca.gob.mx\/sefader\/wp-json\/wp\/v2\/comments?post=1822"}],"version-history":[{"count":0,"href":"https:\/\/www.oaxaca.gob.mx\/sefader\/wp-json\/wp\/v2\/pages\/1822\/revisions"}],"wp:attachment":[{"href":"https:\/\/www.oaxaca.gob.mx\/sefader\/wp-json\/wp\/v2\/media?parent=1822"}],"wp:term":[{"taxonomy":"category","embeddable":true,"href":"https:\/\/www.oaxaca.gob.mx\/sefader\/wp-json\/wp\/v2\/categories?post=1822"},{"taxonomy":"post_tag","embeddable":true,"href":"https:\/\/www.oaxaca.gob.mx\/sefader\/wp-json\/wp\/v2\/tags?post=1822"}],"curies":[{"name":"wp","href":"https:\/\/api.w.org\/{rel}","templated":true}]}}