{"id":7727,"date":"2019-05-27T15:06:50","date_gmt":"2019-05-27T20:06:50","guid":{"rendered":"https:\/\/www.oaxaca.gob.mx\/se\/?page_id=7727"},"modified":"2023-04-12T14:47:37","modified_gmt":"2023-04-12T20:47:37","slug":"titular-de-la-dependencia","status":"publish","type":"page","link":"https:\/\/www.oaxaca.gob.mx\/sedeco\/titular-de-la-dependencia\/","title":{"rendered":"Titular de la Dependencia"},"content":{"rendered":"<h2><img loading=\"lazy\" decoding=\"async\" class=\"alignnone wp-image-14972 size-medium\" src=\"https:\/\/www.oaxaca.gob.mx\/sedeco\/wp-content\/uploads\/sites\/60\/2023\/04\/318114110_610637341064676_2205784793925712452_n-300x300.jpg\" alt=\"\" width=\"300\" height=\"300\" srcset=\"https:\/\/www.oaxaca.gob.mx\/sedeco\/wp-content\/uploads\/sites\/60\/2023\/04\/318114110_610637341064676_2205784793925712452_n-300x300.jpg 300w, https:\/\/www.oaxaca.gob.mx\/sedeco\/wp-content\/uploads\/sites\/60\/2023\/04\/318114110_610637341064676_2205784793925712452_n-1024x1024.jpg 1024w, https:\/\/www.oaxaca.gob.mx\/sedeco\/wp-content\/uploads\/sites\/60\/2023\/04\/318114110_610637341064676_2205784793925712452_n-150x150.jpg 150w, https:\/\/www.oaxaca.gob.mx\/sedeco\/wp-content\/uploads\/sites\/60\/2023\/04\/318114110_610637341064676_2205784793925712452_n-768x768.jpg 768w, https:\/\/www.oaxaca.gob.mx\/sedeco\/wp-content\/uploads\/sites\/60\/2023\/04\/318114110_610637341064676_2205784793925712452_n-1536x1536.jpg 1536w, https:\/\/www.oaxaca.gob.mx\/sedeco\/wp-content\/uploads\/sites\/60\/2023\/04\/318114110_610637341064676_2205784793925712452_n.jpg 2048w\" sizes=\"auto, (max-width: 300px) 100vw, 300px\" \/><\/h2>\n<h2><strong>Ra\u00fal Ruiz Robles<\/strong><\/h2>\n<p><i class=\"fas fa-phone\"><\/i> Tel: 501 5000 Ext: 12252 y 12254<\/p>\n<p><i class=\"fas fa-envelope\"><\/i> Correo institucional: <a href=\"mailto:raul.ruiz@oaxaca.gob.mx\"><span class=\"selectable-text copyable-text\">raul.ruiz@oaxaca.gob.mx<\/span><\/a><\/p>\n<p>Direcci\u00f3n: Edificio 5, Porfirio D\u00edaz Nivel 1. Carr. Oaxaca \u2013 Istmo km.11.5, Tlalixtac de Cabrera, Oaxaca. C.P. 68290.<\/p>\n","protected":false},"excerpt":{"rendered":"<p>Ra\u00fal Ruiz Robles Tel: 501 5000 Ext: 12252 y 12254 Correo institucional: raul.ruiz@oaxaca.gob.mx Direcci\u00f3n: Edificio 5, Porfirio D\u00edaz Nivel 1. Carr. Oaxaca \u2013 Istmo km.11.5, Tlalixtac de Cabrera, Oaxaca. C.P. 68290.<\/p>\n","protected":false},"author":1,"featured_media":0,"parent":0,"menu_order":0,"comment_status":"closed","ping_status":"closed","template":"","meta":{"episode_type":"","audio_file":"","podmotor_file_id":"","podmotor_episode_id":"","cover_image":"","cover_image_id":"","duration":"","filesize":"","filesize_raw":"","date_recorded":"","explicit":"","block":"","itunes_episode_number":"","itunes_title":"","itunes_season_number":"","itunes_episode_type":"","footnotes":""},"categories":[],"tags":[],"class_list":["post-7727","page","type-page","status-publish","hentry"],"acf":[],"publishpress_future_action":{"enabled":false,"date":"2026-04-27 15:38:12","action":"change-status","newStatus":"draft","terms":[],"taxonomy":"category","extraData":[]},"publishpress_future_workflow_manual_trigger":{"enabledWorkflows":[]},"_links":{"self":[{"href":"https:\/\/www.oaxaca.gob.mx\/sedeco\/wp-json\/wp\/v2\/pages\/7727","targetHints":{"allow":["GET"]}}],"collection":[{"href":"https:\/\/www.oaxaca.gob.mx\/sedeco\/wp-json\/wp\/v2\/pages"}],"about":[{"href":"https:\/\/www.oaxaca.gob.mx\/sedeco\/wp-json\/wp\/v2\/types\/page"}],"author":[{"embeddable":true,"href":"https:\/\/www.oaxaca.gob.mx\/sedeco\/wp-json\/wp\/v2\/users\/1"}],"replies":[{"embeddable":true,"href":"https:\/\/www.oaxaca.gob.mx\/sedeco\/wp-json\/wp\/v2\/comments?post=7727"}],"version-history":[{"count":5,"href":"https:\/\/www.oaxaca.gob.mx\/sedeco\/wp-json\/wp\/v2\/pages\/7727\/revisions"}],"predecessor-version":[{"id":14975,"href":"https:\/\/www.oaxaca.gob.mx\/sedeco\/wp-json\/wp\/v2\/pages\/7727\/revisions\/14975"}],"wp:attachment":[{"href":"https:\/\/www.oaxaca.gob.mx\/sedeco\/wp-json\/wp\/v2\/media?parent=7727"}],"wp:term":[{"taxonomy":"category","embeddable":true,"href":"https:\/\/www.oaxaca.gob.mx\/sedeco\/wp-json\/wp\/v2\/categories?post=7727"},{"taxonomy":"post_tag","embeddable":true,"href":"https:\/\/www.oaxaca.gob.mx\/sedeco\/wp-json\/wp\/v2\/tags?post=7727"}],"curies":[{"name":"wp","href":"https:\/\/api.w.org\/{rel}","templated":true}]}}