{"id":5678,"date":"2018-07-31T14:00:46","date_gmt":"2018-07-31T19:00:46","guid":{"rendered":"https:\/\/www.oaxaca.gob.mx\/se\/?page_id=5678"},"modified":"2018-07-31T14:00:46","modified_gmt":"2018-07-31T19:00:46","slug":"elementor-5678","status":"publish","type":"page","link":"https:\/\/www.oaxaca.gob.mx\/sedeco\/elementor-5678\/","title":{"rendered":"Boletines"},"content":{"rendered":"<ul>\n<li>\n<h3><a href=\"http:\/\/www.oaxaca.gob.mx\/se\/boletin05\/\" title=\"Secretar\u00eda de Econom\u00eda y Nafin impulsan formaci\u00f3n empresarial\">Secretar\u00eda de Econom\u00eda y Nafin impulsan formaci\u00f3n empresarial<\/a><\/h3>\n<p>                                        <a href=\"http:\/\/www.oaxaca.gob.mx\/se\/boletin05\/\" title=\"Secretar\u00eda de Econom\u00eda y Nafin impulsan formaci\u00f3n empresarial\"><br \/>\n                                            <img loading=\"lazy\" decoding=\"async\" width=\"300\" height=\"200\" src=\"\/se\/wp-content\/uploads\/sites\/60\/2018\/02\/Secretaria-de-Economia-y-Nafin-imp-ulsan-formaci\u00f3n-empresarial-3-300x200.jpg\" alt=\"\" \/>                                        <\/a><br \/>\n                                                    <a href=\"http:\/\/www.oaxaca.gob.mx\/se\/boletin05\/\" title=\"Secretar\u00eda de Econom\u00eda y Nafin impulsan formaci\u00f3n empresarial\">Leer m\u00e1s&#8230;<\/a>\n                                <\/li>\n<li>\n<h3><a href=\"http:\/\/www.oaxaca.gob.mx\/se\/boletin04\/\" title=\"Asiste Secretario de Econom\u00eda a la Instalaci\u00f3n de la Comisi\u00f3n de Miner\u00eda de la Conago\">Asiste Secretario de Econom\u00eda a la Instalaci\u00f3n de la Comisi\u00f3n de Miner\u00eda de la Conago<\/a><\/h3>\n<p>                                        <a href=\"http:\/\/www.oaxaca.gob.mx\/se\/boletin04\/\" title=\"Asiste Secretario de Econom\u00eda a la Instalaci\u00f3n de la Comisi\u00f3n de Miner\u00eda de la Conago\"><br \/>\n                                            <img loading=\"lazy\" decoding=\"async\" width=\"300\" height=\"169\" src=\"\/se\/wp-content\/uploads\/sites\/60\/2018\/02\/Conago-Miner\u00eda-300x169.jpg\" alt=\"\" \/>                                        <\/a><br \/>\n                                                    <a href=\"http:\/\/www.oaxaca.gob.mx\/se\/boletin04\/\" title=\"Asiste Secretario de Econom\u00eda a la Instalaci\u00f3n de la Comisi\u00f3n de Miner\u00eda de la Conago\">Leer m\u00e1s&#8230;<\/a>\n                                <\/li>\n<li>\n<h3><a href=\"http:\/\/www.oaxaca.gob.mx\/se\/boletin03\/\" title=\"Fortalecen competitividad de emprendedores oaxaque\u00f1os\">Fortalecen competitividad de emprendedores oaxaque\u00f1os<\/a><\/h3>\n<p>                                        <a href=\"http:\/\/www.oaxaca.gob.mx\/se\/boletin03\/\" title=\"Fortalecen competitividad de emprendedores oaxaque\u00f1os\"><br \/>\n                                            <img loading=\"lazy\" decoding=\"async\" width=\"300\" height=\"200\" src=\"\/se\/wp-content\/uploads\/sites\/60\/2018\/02\/Entrega-de-Actas-de-Ocupaci\u00f3n-2-300x200.jpg\" alt=\"\" \/>                                        <\/a><br \/>\n                                                    <a href=\"http:\/\/www.oaxaca.gob.mx\/se\/boletin03\/\" title=\"Fortalecen competitividad de emprendedores oaxaque\u00f1os\">Leer m\u00e1s&#8230;<\/a>\n                                <\/li>\n<\/ul>\n<p>\t\t\t\t\t\t\t<a href=\"\" target=\"_blank\" rel=\"noopener noreferrer\"><br \/>\n\t\t\t\t\tTwitter<br \/>\n\t\t\t\t<\/a>\t\t<\/p>\n","protected":false},"excerpt":{"rendered":"<p>Secretar\u00eda de Econom\u00eda y Nafin impulsan formaci\u00f3n empresarial Leer m\u00e1s&#8230; Asiste Secretario de Econom\u00eda a la Instalaci\u00f3n de la Comisi\u00f3n de Miner\u00eda de la Conago Leer m\u00e1s&#8230; Fortalecen competitividad de emprendedores oaxaque\u00f1os Leer m\u00e1s&#8230; Twitter<\/p>\n","protected":false},"author":1,"featured_media":0,"parent":0,"menu_order":0,"comment_status":"closed","ping_status":"closed","template":"elementor_header_footer","meta":{"episode_type":"","audio_file":"","podmotor_file_id":"","podmotor_episode_id":"","cover_image":"","cover_image_id":"","duration":"","filesize":"","filesize_raw":"","date_recorded":"","explicit":"","block":"","itunes_episode_number":"","itunes_title":"","itunes_season_number":"","itunes_episode_type":"","footnotes":""},"categories":[],"tags":[],"class_list":["post-5678","page","type-page","status-publish","hentry"],"acf":[],"publishpress_future_action":{"enabled":false,"date":"2026-04-16 13:14:46","action":"change-status","newStatus":"draft","terms":[],"taxonomy":"category","extraData":[]},"publishpress_future_workflow_manual_trigger":{"enabledWorkflows":[]},"_links":{"self":[{"href":"https:\/\/www.oaxaca.gob.mx\/sedeco\/wp-json\/wp\/v2\/pages\/5678","targetHints":{"allow":["GET"]}}],"collection":[{"href":"https:\/\/www.oaxaca.gob.mx\/sedeco\/wp-json\/wp\/v2\/pages"}],"about":[{"href":"https:\/\/www.oaxaca.gob.mx\/sedeco\/wp-json\/wp\/v2\/types\/page"}],"author":[{"embeddable":true,"href":"https:\/\/www.oaxaca.gob.mx\/sedeco\/wp-json\/wp\/v2\/users\/1"}],"replies":[{"embeddable":true,"href":"https:\/\/www.oaxaca.gob.mx\/sedeco\/wp-json\/wp\/v2\/comments?post=5678"}],"version-history":[{"count":0,"href":"https:\/\/www.oaxaca.gob.mx\/sedeco\/wp-json\/wp\/v2\/pages\/5678\/revisions"}],"wp:attachment":[{"href":"https:\/\/www.oaxaca.gob.mx\/sedeco\/wp-json\/wp\/v2\/media?parent=5678"}],"wp:term":[{"taxonomy":"category","embeddable":true,"href":"https:\/\/www.oaxaca.gob.mx\/sedeco\/wp-json\/wp\/v2\/categories?post=5678"},{"taxonomy":"post_tag","embeddable":true,"href":"https:\/\/www.oaxaca.gob.mx\/sedeco\/wp-json\/wp\/v2\/tags?post=5678"}],"curies":[{"name":"wp","href":"https:\/\/api.w.org\/{rel}","templated":true}]}}