{"id":3382,"date":"2018-01-17T22:17:28","date_gmt":"2018-01-18T04:17:28","guid":{"rendered":"https:\/\/www.oaxaca.gob.mx\/se\/?page_id=3382"},"modified":"2018-01-17T22:17:28","modified_gmt":"2018-01-18T04:17:28","slug":"mensaje-del-secretario","status":"publish","type":"page","link":"https:\/\/www.oaxaca.gob.mx\/sedeco\/mensaje-del-secretario\/","title":{"rendered":"Mensaje del Secretario"},"content":{"rendered":"<p>\t\t\t\t<img loading=\"lazy\" decoding=\"async\" class=\"wp-image-3909 aligncenter\" src=\"\/se\/wp-content\/uploads\/sites\/60\/2018\/01\/DSC07195-2-300x169.jpg\" alt=\"\" width=\"509\" height=\"287\" srcset=\"https:\/\/www.oaxaca.gob.mx\/sedeco\/wp-content\/uploads\/sites\/60\/2018\/01\/DSC07195-2-300x169.jpg 300w, https:\/\/www.oaxaca.gob.mx\/sedeco\/wp-content\/uploads\/sites\/60\/2018\/01\/DSC07195-2-768x432.jpg 768w, https:\/\/www.oaxaca.gob.mx\/sedeco\/wp-content\/uploads\/sites\/60\/2018\/01\/DSC07195-2-1024x575.jpg 1024w\" sizes=\"auto, (max-width: 509px) 100vw, 509px\" \/><\/p>\n<p>&nbsp;<\/p>\n<p>Las pol\u00edticas econ\u00f3micas de la actual administraci\u00f3n son el resultado del trabajo coordinado de las unidades estado que integran el sector econ\u00f3mico, las cuales tienen el firme objetivo de consolidar un Oaxaca Productivo e Innovador.<\/p>\n<p>Oaxaca cuenta con una gran extensi\u00f3n territorial, con abundantes y variados recursos naturales, la posici\u00f3n geogr\u00e1fica del estado es una ventaja comparativa \u00fanica para la consolidaci\u00f3n y ejecuci\u00f3n de acuerdos comerciales, as\u00ed como con una fuerza laboral joven y din\u00e1mica.<\/p>\n<p>De acuerdo a su distribuci\u00f3n geogr\u00e1fica y pol\u00edtica, el Estado se compone de ocho regiones, que a su vez se dividen en 30 distritos que contienen a los 570 municipios que integran a Oaxaca.<\/p>\n<p>El Estado se encuentra frente a un gran reto, en t\u00e9rminos generales, presenta los peores resultados en los indicadores econ\u00f3micos y sociales. El comportamiento de la mayor\u00eda de sus municipios es similar en cuanto al bajo desarrollo social y econ\u00f3mico, con algunas excepciones, de acuerdo al \u00faltimo censo econ\u00f3mico, en diez municipios se concentraba cerca del 90.8% de la producci\u00f3n bruta total, en el mismo sentido y de acuerdo al Sistema de Cuentas Nacionales de M\u00e9xico (SCNM), en el periodo de 2003 a 2016, el crecimiento promedio anual de la econom\u00eda local, en t\u00e9rminos reales con base 2013 fue de 1.85%, ambos datos muestran la falta de dinamismo en la econom\u00eda local, la poca competencia econ\u00f3mica que se ha desarrollado en los \u00faltimos a\u00f1os y la falta de integraci\u00f3n productiva y comercial de las diferentes localidades que integran al Estado, estos fen\u00f3menos generan la presencia de m\u00e1s problemas econ\u00f3micos como la informalidad laboral, la cual de acuerdo con el Instituto Nacional de Estad\u00edstica y Geograf\u00eda (INEGI), para el segundo trimestre de 2017, el 81.5% de la Poblaci\u00f3n Econ\u00f3micamente Activa (PEA) laboraba desde el sector informal lo que impacta directamente en el ingreso de los agentes econ\u00f3micos y genera una econom\u00eda d\u00e9bil con poca capacidad de atraer y retener inversiones, estos datos muestran la falta de resultados de las pol\u00edticas econ\u00f3micas aplicadas en otras administraciones.<\/p>\n<p>El sector econ\u00f3mico alineado a la Vis\u00f3n de Gobierno del Maestro Alejandro Murat Hinojosa ejecutar\u00e1 pol\u00edticas econ\u00f3micas que tendr\u00e1n como prop\u00f3sito el Desarrollo Econ\u00f3mico contribuyendo as\u00ed en el mejoramiento de la calidad de vida de las y los oaxaque\u00f1os, esto se pretende alcanzar mediante la generaci\u00f3n y entrega de diversos bienes y servicios institucionales a los agentes econ\u00f3micos, de la misma manera es fundamental el trabajo que se realiza con las dem\u00e1s unidades de estado que componen los tres \u00f3rdenes de Gobierno, la academia y el sector privado en la instrumentaci\u00f3n de una estrategia que promueva acciones innovadoras para todos los sectores econ\u00f3micos, principalmente aquellos que se han identificado con el mayor potencial de desarrollo en la entidad.<\/p>\n<p><strong>El reto es grande pero la disponibilidad pol\u00edtica y social permitir\u00e1 que efectivamente todos como oaxaque\u00f1os seamos parte de este cambio.<\/strong>\t\t<\/p>\n","protected":false},"excerpt":{"rendered":"<p>&nbsp; Las pol\u00edticas econ\u00f3micas de la actual administraci\u00f3n son el resultado del trabajo coordinado de las unidades estado que integran el sector econ\u00f3mico, las cuales tienen el firme objetivo de consolidar un Oaxaca Productivo e Innovador. Oaxaca cuenta con una gran extensi\u00f3n territorial, con abundantes y variados recursos naturales, la posici\u00f3n geogr\u00e1fica del estado es [&hellip;]<\/p>\n","protected":false},"author":1,"featured_media":0,"parent":0,"menu_order":0,"comment_status":"closed","ping_status":"closed","template":"template-full-width.php","meta":{"episode_type":"","audio_file":"","podmotor_file_id":"","podmotor_episode_id":"","cover_image":"","cover_image_id":"","duration":"","filesize":"","filesize_raw":"","date_recorded":"","explicit":"","block":"","itunes_episode_number":"","itunes_title":"","itunes_season_number":"","itunes_episode_type":"","footnotes":""},"categories":[],"tags":[],"class_list":["post-3382","page","type-page","status-publish","hentry"],"acf":[],"publishpress_future_action":{"enabled":false,"date":"2026-04-16 13:12:18","action":"change-status","newStatus":"draft","terms":[],"taxonomy":"category","extraData":[]},"publishpress_future_workflow_manual_trigger":{"enabledWorkflows":[]},"_links":{"self":[{"href":"https:\/\/www.oaxaca.gob.mx\/sedeco\/wp-json\/wp\/v2\/pages\/3382","targetHints":{"allow":["GET"]}}],"collection":[{"href":"https:\/\/www.oaxaca.gob.mx\/sedeco\/wp-json\/wp\/v2\/pages"}],"about":[{"href":"https:\/\/www.oaxaca.gob.mx\/sedeco\/wp-json\/wp\/v2\/types\/page"}],"author":[{"embeddable":true,"href":"https:\/\/www.oaxaca.gob.mx\/sedeco\/wp-json\/wp\/v2\/users\/1"}],"replies":[{"embeddable":true,"href":"https:\/\/www.oaxaca.gob.mx\/sedeco\/wp-json\/wp\/v2\/comments?post=3382"}],"version-history":[{"count":0,"href":"https:\/\/www.oaxaca.gob.mx\/sedeco\/wp-json\/wp\/v2\/pages\/3382\/revisions"}],"wp:attachment":[{"href":"https:\/\/www.oaxaca.gob.mx\/sedeco\/wp-json\/wp\/v2\/media?parent=3382"}],"wp:term":[{"taxonomy":"category","embeddable":true,"href":"https:\/\/www.oaxaca.gob.mx\/sedeco\/wp-json\/wp\/v2\/categories?post=3382"},{"taxonomy":"post_tag","embeddable":true,"href":"https:\/\/www.oaxaca.gob.mx\/sedeco\/wp-json\/wp\/v2\/tags?post=3382"}],"curies":[{"name":"wp","href":"https:\/\/api.w.org\/{rel}","templated":true}]}}