{"id":21920,"date":"2025-03-20T14:02:50","date_gmt":"2025-03-20T20:02:50","guid":{"rendered":"https:\/\/www.oaxaca.gob.mx\/sedeco\/?page_id=21920"},"modified":"2025-05-07T12:44:47","modified_gmt":"2025-05-07T18:44:47","slug":"mejora-regulatoria","status":"publish","type":"page","link":"https:\/\/www.oaxaca.gob.mx\/sedeco\/mejora-regulatoria\/","title":{"rendered":"Mejora Regulatoria"},"content":{"rendered":"<div class=\"su-image-carousel  su-image-carousel-has-spacing su-image-carousel-adaptive su-image-carousel-slides-style-default su-image-carousel-controls-style-light su-image-carousel-align-center\" style=\"max-width:100%\" data-flickity-options='{\"groupCells\":true,\"cellSelector\":\".su-image-carousel-item\",\"adaptiveHeight\":true,\"cellAlign\":\"left\",\"prevNextButtons\":true,\"pageDots\":true,\"autoPlay\":5000,\"imagesLoaded\":true,\"contain\":false,\"selectedAttraction\":0.007,\"friction\":0.25}' id=\"su_image_carousel_69e08cbd07388\"><div class=\"su-image-carousel-item\"><div class=\"su-image-carousel-item-content\"><img loading=\"lazy\" decoding=\"async\" width=\"2000\" height=\"600\" src=\"https:\/\/www.oaxaca.gob.mx\/sedeco\/wp-content\/uploads\/sites\/60\/2025\/05\/BANNER-01.jpg\" class=\"\" alt=\"\" srcset=\"https:\/\/www.oaxaca.gob.mx\/sedeco\/wp-content\/uploads\/sites\/60\/2025\/05\/BANNER-01.jpg 2000w, https:\/\/www.oaxaca.gob.mx\/sedeco\/wp-content\/uploads\/sites\/60\/2025\/05\/BANNER-01-300x90.jpg 300w, https:\/\/www.oaxaca.gob.mx\/sedeco\/wp-content\/uploads\/sites\/60\/2025\/05\/BANNER-01-1024x307.jpg 1024w, https:\/\/www.oaxaca.gob.mx\/sedeco\/wp-content\/uploads\/sites\/60\/2025\/05\/BANNER-01-768x230.jpg 768w, https:\/\/www.oaxaca.gob.mx\/sedeco\/wp-content\/uploads\/sites\/60\/2025\/05\/BANNER-01-1536x461.jpg 1536w\" sizes=\"auto, (max-width: 2000px) 100vw, 2000px\" \/><\/div><\/div><div class=\"su-image-carousel-item\"><div class=\"su-image-carousel-item-content\"><img loading=\"lazy\" decoding=\"async\" width=\"2000\" height=\"600\" src=\"https:\/\/www.oaxaca.gob.mx\/sedeco\/wp-content\/uploads\/sites\/60\/2025\/05\/BANNER-02.jpg\" class=\"\" alt=\"\" srcset=\"https:\/\/www.oaxaca.gob.mx\/sedeco\/wp-content\/uploads\/sites\/60\/2025\/05\/BANNER-02.jpg 2000w, https:\/\/www.oaxaca.gob.mx\/sedeco\/wp-content\/uploads\/sites\/60\/2025\/05\/BANNER-02-300x90.jpg 300w, https:\/\/www.oaxaca.gob.mx\/sedeco\/wp-content\/uploads\/sites\/60\/2025\/05\/BANNER-02-1024x307.jpg 1024w, https:\/\/www.oaxaca.gob.mx\/sedeco\/wp-content\/uploads\/sites\/60\/2025\/05\/BANNER-02-768x230.jpg 768w, https:\/\/www.oaxaca.gob.mx\/sedeco\/wp-content\/uploads\/sites\/60\/2025\/05\/BANNER-02-1536x461.jpg 1536w\" sizes=\"auto, (max-width: 2000px) 100vw, 2000px\" \/><\/div><\/div><\/div><script id=\"su_image_carousel_69e08cbd07388_script\">if(window.SUImageCarousel){setTimeout(function() {window.SUImageCarousel.initGallery(document.getElementById(\"su_image_carousel_69e08cbd07388\"))}, 0);}var su_image_carousel_69e08cbd07388_script=document.getElementById(\"su_image_carousel_69e08cbd07388_script\");if(su_image_carousel_69e08cbd07388_script){su_image_carousel_69e08cbd07388_script.parentNode.removeChild(su_image_carousel_69e08cbd07388_script);}<\/script>\n<p>&nbsp;<\/p>\n<h4 style=\"font-family: montserrat, sans-serif;text-align: center\">El principal objetivo de la mejora regulatoria es facilitar a la poblaci\u00f3n el acceso a tr\u00e1mites, servicios y programas de cada instituci\u00f3n, ya sea estatal, municipal o de organismos aut\u00f3nomos, de tal manera que pueda contar con informaci\u00f3n actualizada, de forma pr\u00e1ctica, c\u00f3moda e inmediata.<\/h4>\n<p>&nbsp;<\/p>\n<div class=\"row\" style=\"text-align: center\">\n<div class=\"col-md-3\"><span class=\"su-lightbox\" data-mfp-src=\"https:\/\/www.oaxaca.gob.mx\/sedeco\/wp-content\/uploads\/sites\/60\/2025\/05\/1-CATALOGO-ESTATAL-DE-TRAMITES-Y-SERVICIOS.pdf\" data-mfp-type=\"iframe\" data-mobile=\"yes\"><img loading=\"lazy\" decoding=\"async\" class=\"alignleft wp-image-22789 size-full\" src=\"https:\/\/www.oaxaca.gob.mx\/sedeco\/wp-content\/uploads\/sites\/60\/2025\/05\/FICHA_01.jpg\" alt=\"\" width=\"320\" height=\"400\" srcset=\"https:\/\/www.oaxaca.gob.mx\/sedeco\/wp-content\/uploads\/sites\/60\/2025\/05\/FICHA_01.jpg 320w, https:\/\/www.oaxaca.gob.mx\/sedeco\/wp-content\/uploads\/sites\/60\/2025\/05\/FICHA_01-240x300.jpg 240w\" sizes=\"auto, (max-width: 320px) 100vw, 320px\" \/><\/span><\/div>\n<div class=\"col-md-3\"><span class=\"su-lightbox\" data-mfp-src=\"https:\/\/www.oaxaca.gob.mx\/sedeco\/wp-content\/uploads\/sites\/60\/2025\/05\/2-PROGRAMAS-DE-MEJORA-REGULATORIA-copia.pdf\" data-mfp-type=\"iframe\" data-mobile=\"yes\"><img loading=\"lazy\" decoding=\"async\" class=\"alignleft wp-image-22790 size-full\" src=\"https:\/\/www.oaxaca.gob.mx\/sedeco\/wp-content\/uploads\/sites\/60\/2025\/05\/FICHA-02.jpg\" alt=\"\" width=\"320\" height=\"400\" srcset=\"https:\/\/www.oaxaca.gob.mx\/sedeco\/wp-content\/uploads\/sites\/60\/2025\/05\/FICHA-02.jpg 320w, https:\/\/www.oaxaca.gob.mx\/sedeco\/wp-content\/uploads\/sites\/60\/2025\/05\/FICHA-02-240x300.jpg 240w\" sizes=\"auto, (max-width: 320px) 100vw, 320px\" \/><\/span><\/div>\n<div class=\"col-md-3\"><span class=\"su-lightbox\" data-mfp-src=\"https:\/\/www.oaxaca.gob.mx\/sedeco\/wp-content\/uploads\/sites\/60\/2025\/05\/3-INDICADOR-DE-AVANCE-DE-SIMPLIFICACION-ADMINISTRATIVA.pdf\" data-mfp-type=\"iframe\" data-mobile=\"yes\"><img loading=\"lazy\" decoding=\"async\" class=\"alignleft wp-image-22791 size-full\" src=\"https:\/\/www.oaxaca.gob.mx\/sedeco\/wp-content\/uploads\/sites\/60\/2025\/05\/FICHA-03.jpg\" alt=\"\" width=\"320\" height=\"400\" srcset=\"https:\/\/www.oaxaca.gob.mx\/sedeco\/wp-content\/uploads\/sites\/60\/2025\/05\/FICHA-03.jpg 320w, https:\/\/www.oaxaca.gob.mx\/sedeco\/wp-content\/uploads\/sites\/60\/2025\/05\/FICHA-03-240x300.jpg 240w\" sizes=\"auto, (max-width: 320px) 100vw, 320px\" \/><\/span><\/div>\n<div class=\"col-md-3\"><span class=\"su-lightbox\" data-mfp-src=\"https:\/\/www.oaxaca.gob.mx\/sedeco\/wp-content\/uploads\/sites\/60\/2025\/05\/4-CONSEJO-ESTATAL-DE-MEJORA-REGULATORIA-DEL-ESTADO-DE-OAXACA.pdf\" data-mfp-type=\"iframe\" data-mobile=\"yes\"><img loading=\"lazy\" decoding=\"async\" class=\"alignleft wp-image-22793 size-full\" src=\"https:\/\/www.oaxaca.gob.mx\/sedeco\/wp-content\/uploads\/sites\/60\/2025\/05\/FICHA-04.jpg\" alt=\"\" width=\"320\" height=\"400\" srcset=\"https:\/\/www.oaxaca.gob.mx\/sedeco\/wp-content\/uploads\/sites\/60\/2025\/05\/FICHA-04.jpg 320w, https:\/\/www.oaxaca.gob.mx\/sedeco\/wp-content\/uploads\/sites\/60\/2025\/05\/FICHA-04-240x300.jpg 240w\" sizes=\"auto, (max-width: 320px) 100vw, 320px\" \/><\/span><\/div>\n<\/div>\n<p>&nbsp;<\/p>\n<div class=\"row\" style=\"text-align: center\">\n<div class=\"col-md-4\"><span class=\"su-lightbox\" data-mfp-src=\"https:\/\/www.oaxaca.gob.mx\/sedeco\/wp-content\/uploads\/sites\/60\/2025\/05\/5-CONSEJO-CONSULTIVO-DE-CERTIFICACION-DE-FIRMA-ELECTRONICA-AVANZADA-DEL-ESTADO-DE-OAXACA-copia.pdf\" data-mfp-type=\"iframe\" data-mobile=\"yes\"><img loading=\"lazy\" decoding=\"async\" class=\"alignleft wp-image-22792 size-full\" src=\"https:\/\/www.oaxaca.gob.mx\/sedeco\/wp-content\/uploads\/sites\/60\/2025\/05\/FICHA-05.jpg\" alt=\"\" width=\"320\" height=\"400\" srcset=\"https:\/\/www.oaxaca.gob.mx\/sedeco\/wp-content\/uploads\/sites\/60\/2025\/05\/FICHA-05.jpg 320w, https:\/\/www.oaxaca.gob.mx\/sedeco\/wp-content\/uploads\/sites\/60\/2025\/05\/FICHA-05-240x300.jpg 240w\" sizes=\"auto, (max-width: 320px) 100vw, 320px\" \/><\/span><\/div>\n<div class=\"col-md-4\"><span class=\"su-lightbox\" data-mfp-src=\"https:\/\/www.oaxaca.gob.mx\/sedeco\/wp-content\/uploads\/sites\/60\/2025\/05\/6-INDICADOR-DE-AVANCE-DE-SIMPLIFICACION-ADMINISTRATIVA-MUNICIPAL-copia.pdf\" data-mfp-type=\"iframe\" data-mobile=\"yes\"><img loading=\"lazy\" decoding=\"async\" class=\"alignleft wp-image-22795 size-full\" src=\"https:\/\/www.oaxaca.gob.mx\/sedeco\/wp-content\/uploads\/sites\/60\/2025\/05\/FICHA-06.jpg\" alt=\"\" width=\"320\" height=\"400\" srcset=\"https:\/\/www.oaxaca.gob.mx\/sedeco\/wp-content\/uploads\/sites\/60\/2025\/05\/FICHA-06.jpg 320w, https:\/\/www.oaxaca.gob.mx\/sedeco\/wp-content\/uploads\/sites\/60\/2025\/05\/FICHA-06-240x300.jpg 240w\" sizes=\"auto, (max-width: 320px) 100vw, 320px\" \/><\/span><\/div>\n<div class=\"col-md-4\"><span class=\"su-lightbox\" data-mfp-src=\"https:\/\/www.oaxaca.gob.mx\/sedeco\/wp-content\/uploads\/sites\/60\/2025\/05\/7-FORMATOS.pdf\" data-mfp-type=\"iframe\" data-mobile=\"yes\"><img loading=\"lazy\" decoding=\"async\" class=\"alignleft wp-image-22794 size-full\" src=\"https:\/\/www.oaxaca.gob.mx\/sedeco\/wp-content\/uploads\/sites\/60\/2025\/05\/FICHA-07.jpg\" alt=\"\" width=\"320\" height=\"400\" srcset=\"https:\/\/www.oaxaca.gob.mx\/sedeco\/wp-content\/uploads\/sites\/60\/2025\/05\/FICHA-07.jpg 320w, https:\/\/www.oaxaca.gob.mx\/sedeco\/wp-content\/uploads\/sites\/60\/2025\/05\/FICHA-07-240x300.jpg 240w\" sizes=\"auto, (max-width: 320px) 100vw, 320px\" \/><\/span><\/div>\n<\/div>\n<p>&nbsp;<\/p>\n<div><\/div>\n<div class=\"su-image-carousel  su-image-carousel-has-spacing su-image-carousel-adaptive su-image-carousel-slides-style-default su-image-carousel-controls-style-light su-image-carousel-align-center\" style=\"max-width:100%\" data-flickity-options='{\"groupCells\":true,\"cellSelector\":\".su-image-carousel-item\",\"adaptiveHeight\":true,\"cellAlign\":\"left\",\"prevNextButtons\":true,\"pageDots\":true,\"autoPlay\":5000,\"imagesLoaded\":true,\"contain\":false,\"selectedAttraction\":0.007,\"friction\":0.25}' id=\"su_image_carousel_69e08cbd079df\"><div class=\"su-image-carousel-item\"><div class=\"su-image-carousel-item-content\"><img loading=\"lazy\" decoding=\"async\" width=\"2000\" height=\"600\" src=\"https:\/\/www.oaxaca.gob.mx\/sedeco\/wp-content\/uploads\/sites\/60\/2025\/05\/BANNER-03.jpg\" class=\"\" alt=\"\" srcset=\"https:\/\/www.oaxaca.gob.mx\/sedeco\/wp-content\/uploads\/sites\/60\/2025\/05\/BANNER-03.jpg 2000w, https:\/\/www.oaxaca.gob.mx\/sedeco\/wp-content\/uploads\/sites\/60\/2025\/05\/BANNER-03-300x90.jpg 300w, https:\/\/www.oaxaca.gob.mx\/sedeco\/wp-content\/uploads\/sites\/60\/2025\/05\/BANNER-03-1024x307.jpg 1024w, https:\/\/www.oaxaca.gob.mx\/sedeco\/wp-content\/uploads\/sites\/60\/2025\/05\/BANNER-03-768x230.jpg 768w, https:\/\/www.oaxaca.gob.mx\/sedeco\/wp-content\/uploads\/sites\/60\/2025\/05\/BANNER-03-1536x461.jpg 1536w\" sizes=\"auto, (max-width: 2000px) 100vw, 2000px\" \/><\/div><\/div><\/div><script id=\"su_image_carousel_69e08cbd079df_script\">if(window.SUImageCarousel){setTimeout(function() {window.SUImageCarousel.initGallery(document.getElementById(\"su_image_carousel_69e08cbd079df\"))}, 0);}var su_image_carousel_69e08cbd079df_script=document.getElementById(\"su_image_carousel_69e08cbd079df_script\");if(su_image_carousel_69e08cbd079df_script){su_image_carousel_69e08cbd079df_script.parentNode.removeChild(su_image_carousel_69e08cbd079df_script);}<\/script>\n<div class=\"su-youtube su-u-responsive-media-yes\"><iframe loading=\"lazy\" width=\"1000\" height=\"600\" src=\"https:\/\/www.youtube.com\/embed\/6OAZMfQbUa8?autoplay=1\" frameborder=\"0\" allowfullscreen allow=\"autoplay; encrypted-media; picture-in-picture\" title=\"\"><\/iframe><\/div>\n","protected":false},"excerpt":{"rendered":"<p>&nbsp; El principal objetivo de la mejora regulatoria es facilitar a la poblaci\u00f3n el acceso a tr\u00e1mites, servicios y programas de cada instituci\u00f3n, ya sea estatal, municipal o de organismos aut\u00f3nomos, de tal manera que pueda contar con informaci\u00f3n actualizada, de forma pr\u00e1ctica, c\u00f3moda e inmediata. &nbsp; &nbsp; &nbsp;<\/p>\n","protected":false},"author":66,"featured_media":22828,"parent":0,"menu_order":0,"comment_status":"closed","ping_status":"closed","template":"","meta":{"episode_type":"","audio_file":"","podmotor_file_id":"","podmotor_episode_id":"","cover_image":"","cover_image_id":"","duration":"","filesize":"","filesize_raw":"","date_recorded":"","explicit":"","block":"","itunes_episode_number":"","itunes_title":"","itunes_season_number":"","itunes_episode_type":"","footnotes":""},"categories":[40],"tags":[],"class_list":["post-21920","page","type-page","status-publish","has-post-thumbnail","hentry","category-enlaces-de-interes"],"acf":[],"publishpress_future_action":{"enabled":false,"date":"2026-04-16 13:16:13","action":"change-status","newStatus":"draft","terms":[],"taxonomy":"category","extraData":[]},"publishpress_future_workflow_manual_trigger":{"enabledWorkflows":[]},"_links":{"self":[{"href":"https:\/\/www.oaxaca.gob.mx\/sedeco\/wp-json\/wp\/v2\/pages\/21920","targetHints":{"allow":["GET"]}}],"collection":[{"href":"https:\/\/www.oaxaca.gob.mx\/sedeco\/wp-json\/wp\/v2\/pages"}],"about":[{"href":"https:\/\/www.oaxaca.gob.mx\/sedeco\/wp-json\/wp\/v2\/types\/page"}],"author":[{"embeddable":true,"href":"https:\/\/www.oaxaca.gob.mx\/sedeco\/wp-json\/wp\/v2\/users\/66"}],"replies":[{"embeddable":true,"href":"https:\/\/www.oaxaca.gob.mx\/sedeco\/wp-json\/wp\/v2\/comments?post=21920"}],"version-history":[{"count":3,"href":"https:\/\/www.oaxaca.gob.mx\/sedeco\/wp-json\/wp\/v2\/pages\/21920\/revisions"}],"predecessor-version":[{"id":22830,"href":"https:\/\/www.oaxaca.gob.mx\/sedeco\/wp-json\/wp\/v2\/pages\/21920\/revisions\/22830"}],"wp:featuredmedia":[{"embeddable":true,"href":"https:\/\/www.oaxaca.gob.mx\/sedeco\/wp-json\/wp\/v2\/media\/22828"}],"wp:attachment":[{"href":"https:\/\/www.oaxaca.gob.mx\/sedeco\/wp-json\/wp\/v2\/media?parent=21920"}],"wp:term":[{"taxonomy":"category","embeddable":true,"href":"https:\/\/www.oaxaca.gob.mx\/sedeco\/wp-json\/wp\/v2\/categories?post=21920"},{"taxonomy":"post_tag","embeddable":true,"href":"https:\/\/www.oaxaca.gob.mx\/sedeco\/wp-json\/wp\/v2\/tags?post=21920"}],"curies":[{"name":"wp","href":"https:\/\/api.w.org\/{rel}","templated":true}]}}