{"id":15002,"date":"2023-04-14T12:29:19","date_gmt":"2023-04-14T18:29:19","guid":{"rendered":"https:\/\/www.oaxaca.gob.mx\/sedeco\/?page_id=15002"},"modified":"2023-05-31T13:06:24","modified_gmt":"2023-05-31T19:06:24","slug":"mi-empresa-nuestro-orgullo","status":"publish","type":"page","link":"https:\/\/www.oaxaca.gob.mx\/sedeco\/mi-empresa-nuestro-orgullo\/","title":{"rendered":"Mi empresa nuestro orgullo"},"content":{"rendered":"<blockquote>\n<h2><img loading=\"lazy\" decoding=\"async\" class=\"aligncenter wp-image-15064 size-large\" src=\"https:\/\/www.oaxaca.gob.mx\/sedeco\/wp-content\/uploads\/sites\/60\/2023\/04\/BANNER-WEB-SEDECO-09-1-1024x347.png\" alt=\"\" width=\"1024\" height=\"347\" srcset=\"https:\/\/www.oaxaca.gob.mx\/sedeco\/wp-content\/uploads\/sites\/60\/2023\/04\/BANNER-WEB-SEDECO-09-1-1024x347.png 1024w, https:\/\/www.oaxaca.gob.mx\/sedeco\/wp-content\/uploads\/sites\/60\/2023\/04\/BANNER-WEB-SEDECO-09-1-300x102.png 300w, https:\/\/www.oaxaca.gob.mx\/sedeco\/wp-content\/uploads\/sites\/60\/2023\/04\/BANNER-WEB-SEDECO-09-1-768x260.png 768w, https:\/\/www.oaxaca.gob.mx\/sedeco\/wp-content\/uploads\/sites\/60\/2023\/04\/BANNER-WEB-SEDECO-09-1-1536x521.png 1536w, https:\/\/www.oaxaca.gob.mx\/sedeco\/wp-content\/uploads\/sites\/60\/2023\/04\/BANNER-WEB-SEDECO-09-1-2048x694.png 2048w\" sizes=\"auto, (max-width: 1024px) 100vw, 1024px\" \/><\/h2>\n<div class=\"su-spacer\" style=\"height:50px\"><\/div>\n<h2 style=\"text-align: center\"><strong><em>Estrategia para fomentar, vincular, reconocer y trabajar en conjunto con las empresas posicionadas en el estado y que cuenten con uno o m\u00e1s productos o servicios comercializados en el mercado actualmente y son parte fundamental de la econom\u00eda local.<\/em><\/strong><\/h2>\n<\/blockquote>\n<h3><\/h3>\n<p>&nbsp;<\/p>\n<h3><b>Acciones<\/b><\/h3>\n<p><span style=\"font-weight: 400\">&#8211; Establecer una red de proveedur\u00eda local entre Unidades Econ\u00f3micas, apoyando a diferentes eslabones que intervienen en cada uno de sus procesos.<\/span><\/p>\n<p><span style=\"font-weight: 400\">&#8211; Proponer capacitaciones para propiciar mejora continua en sus \u00e1reas de oportunidad.<\/span><\/p>\n<p><span style=\"font-weight: 400\">&#8211; Acercamiento y vinculaci\u00f3n con otras Dependencias del Gobierno del Estado.<\/span><\/p>\n<p><span style=\"font-weight: 400\">&#8211; Conocer diferentes sectores de desarrollo en los cuales intervienen diversos actores para brindar mejoras para mejorar el ecosistema en el que se desenvuelven, desde la producci\u00f3n hasta los canales de comercializaci\u00f3n.<\/span><\/p>\n<p><span style=\"font-weight: 400\">&#8211; Reconocer la trayectoria de los fundadores, socios y personajes claves de las Mipymes para que se conviertan en tutores\/mentores de las Unidades Econ\u00f3micas principiantes.\u00a0<\/span><\/p>\n<p><span style=\"font-weight: 400\">&#8211; Promover las Unidades Econ\u00f3micas desde la p\u00e1gina y redes de la Secretar\u00eda de Desarrollo Econ\u00f3mico para fomentar el consumo local.<\/span><\/p>\n<p><span style=\"font-weight: 400\">&#8211; Fortalecer la presencia de la Secretar\u00eda de Desarrollo Econ\u00f3mico ante las MIPYMES como aliados estrat\u00e9gicos.<\/span><\/p>\n<p><span style=\"font-weight: 400\">&#8211; Cobertura estatal.<\/span><\/p>\n<p>&nbsp;<\/p>\n<h3><b>Requisitos<\/b><\/h3>\n<p><span style=\"font-weight: 400\">&#8211; Unidades Econ\u00f3micas de 2 hasta 50 integrantes.<\/span><\/p>\n<p><span style=\"font-weight: 400\">&#8211; Ser una MiPyMe Oaxaque\u00f1a que produzca o cuente con servicios que impacten en la econom\u00eda local.<\/span><\/p>\n<p><span style=\"font-weight: 400\">&#8211; Utilizar productos locales en su proceso de elaboraci\u00f3n o comercializaci\u00f3n.<\/span><\/p>\n<p><span style=\"font-weight: 400\">&#8211; Tener en operaci\u00f3n un m\u00ednimo de 6 meses.<\/span><\/p>\n<p>&nbsp;<\/p>\n<h5><span style=\"font-weight: 400\">Solicitar directamente la visita, a trav\u00e9s de las redes sociales, por correo electr\u00f3nico: <\/span><a href=\"mailto:iris.maldonado@oaxaca.gob.mx\"><span style=\"font-weight: 400\">iris.maldonado@oaxaca.gob.mx<\/span><\/a><span style=\"font-weight: 400\">, o bien en Ciudad Administrativa \u201cBenem\u00e9rito de las Am\u00e9ricas\u201d, Carretera Internacional Oaxaca &#8211; Istmo Km. 11.5\u00a0 Edificio 6, nivel 1, C. P. 68270, Tlalixtac de Cabrera, Oaxaca. Tel. 951 501 5000 Ext. 12252.<\/span><\/h5>\n","protected":false},"excerpt":{"rendered":"<p>Estrategia para fomentar, vincular, reconocer y trabajar en conjunto con las empresas posicionadas en el estado y que cuenten con uno o m\u00e1s productos o servicios comercializados en el mercado actualmente y son parte fundamental de la econom\u00eda local. &nbsp; Acciones &#8211; Establecer una red de proveedur\u00eda local entre Unidades Econ\u00f3micas, apoyando a diferentes eslabones [&hellip;]<\/p>\n","protected":false},"author":66,"featured_media":15064,"parent":0,"menu_order":0,"comment_status":"closed","ping_status":"closed","template":"","meta":{"episode_type":"","audio_file":"","podmotor_file_id":"","podmotor_episode_id":"","cover_image":"","cover_image_id":"","duration":"","filesize":"","filesize_raw":"","date_recorded":"","explicit":"","block":"","itunes_episode_number":"","itunes_title":"","itunes_season_number":"","itunes_episode_type":"","footnotes":""},"categories":[27],"tags":[],"class_list":["post-15002","page","type-page","status-publish","has-post-thumbnail","hentry","category-banner-2"],"acf":[],"publishpress_future_action":{"enabled":false,"date":"2026-04-16 13:16:59","action":"change-status","newStatus":"draft","terms":[],"taxonomy":"category","extraData":[]},"publishpress_future_workflow_manual_trigger":{"enabledWorkflows":[]},"_links":{"self":[{"href":"https:\/\/www.oaxaca.gob.mx\/sedeco\/wp-json\/wp\/v2\/pages\/15002","targetHints":{"allow":["GET"]}}],"collection":[{"href":"https:\/\/www.oaxaca.gob.mx\/sedeco\/wp-json\/wp\/v2\/pages"}],"about":[{"href":"https:\/\/www.oaxaca.gob.mx\/sedeco\/wp-json\/wp\/v2\/types\/page"}],"author":[{"embeddable":true,"href":"https:\/\/www.oaxaca.gob.mx\/sedeco\/wp-json\/wp\/v2\/users\/66"}],"replies":[{"embeddable":true,"href":"https:\/\/www.oaxaca.gob.mx\/sedeco\/wp-json\/wp\/v2\/comments?post=15002"}],"version-history":[{"count":4,"href":"https:\/\/www.oaxaca.gob.mx\/sedeco\/wp-json\/wp\/v2\/pages\/15002\/revisions"}],"predecessor-version":[{"id":15065,"href":"https:\/\/www.oaxaca.gob.mx\/sedeco\/wp-json\/wp\/v2\/pages\/15002\/revisions\/15065"}],"wp:featuredmedia":[{"embeddable":true,"href":"https:\/\/www.oaxaca.gob.mx\/sedeco\/wp-json\/wp\/v2\/media\/15064"}],"wp:attachment":[{"href":"https:\/\/www.oaxaca.gob.mx\/sedeco\/wp-json\/wp\/v2\/media?parent=15002"}],"wp:term":[{"taxonomy":"category","embeddable":true,"href":"https:\/\/www.oaxaca.gob.mx\/sedeco\/wp-json\/wp\/v2\/categories?post=15002"},{"taxonomy":"post_tag","embeddable":true,"href":"https:\/\/www.oaxaca.gob.mx\/sedeco\/wp-json\/wp\/v2\/tags?post=15002"}],"curies":[{"name":"wp","href":"https:\/\/api.w.org\/{rel}","templated":true}]}}