{"id":93,"date":"2019-10-07T23:02:34","date_gmt":"2019-10-07T21:02:34","guid":{"rendered":"https:\/\/www.oaxaca.gob.mx\/jefatura\/?page_id=93"},"modified":"2022-06-20T15:39:35","modified_gmt":"2022-06-20T20:39:35","slug":"comites","status":"publish","type":"page","link":"https:\/\/www.oaxaca.gob.mx\/sed\/comites\/","title":{"rendered":"Comit\u00e9 de Control Interno"},"content":{"rendered":"<p>Derivado del Decreto publicado con fecha <b>13 de Julio de 2021<\/b> en el Extra del Peri\u00f3dico Oficial del Gobierno del Estado de Oaxaca; por el que se crea la <b>Direcci\u00f3n General de la Instancia T\u00e9cnica de Evaluaci\u00f3n<\/b> como \u00d3rgano Desconcentrado de la <b>Coordinaci\u00f3n General del Comit\u00e9 Estatal de Planeaci\u00f3n para el Desarrollo de Oaxaca (CG-COPLADE)<\/b>. La informaci\u00f3n correspondiente al <b> Comit\u00e9 de Control Interno<\/b>, puede consultarse en el siguiente enlace del sitio de la CG-COPLADE.<\/p>\n<p><a href=\"https:\/\/www.oaxaca.gob.mx\/coplade\/2019\/09\/22\/3215\/\" target=\"_blank\" rel=\"noopener\">Comit\u00e9 de Control Interno CG-COPLADE<\/a><\/p>\n","protected":false},"excerpt":{"rendered":"<p>Derivado del Decreto publicado con fecha 13 de Julio de 2021 en el Extra del Peri\u00f3dico Oficial del Gobierno del Estado de Oaxaca; por el que se crea la Direcci\u00f3n General de la Instancia T\u00e9cnica de Evaluaci\u00f3n como \u00d3rgano Desconcentrado de la Coordinaci\u00f3n General del Comit\u00e9 Estatal de Planeaci\u00f3n para el Desarrollo de Oaxaca (CG-COPLADE). [&hellip;]<\/p>\n","protected":false},"author":1,"featured_media":0,"parent":0,"menu_order":0,"comment_status":"closed","ping_status":"closed","template":"","meta":{"episode_type":"","audio_file":"","podmotor_file_id":"","podmotor_episode_id":"","cover_image":"","cover_image_id":"","duration":"","filesize":"","filesize_raw":"","date_recorded":"","explicit":"","block":"","itunes_episode_number":"","itunes_title":"","itunes_season_number":"","itunes_episode_type":"","footnotes":""},"categories":[],"tags":[],"class_list":["post-93","page","type-page","status-publish","hentry"],"acf":[],"publishpress_future_action":{"enabled":false,"date":"2026-05-10 02:49:57","action":"change-status","newStatus":"draft","terms":[],"taxonomy":"category","extraData":[]},"publishpress_future_workflow_manual_trigger":{"enabledWorkflows":[]},"_links":{"self":[{"href":"https:\/\/www.oaxaca.gob.mx\/sed\/wp-json\/wp\/v2\/pages\/93","targetHints":{"allow":["GET"]}}],"collection":[{"href":"https:\/\/www.oaxaca.gob.mx\/sed\/wp-json\/wp\/v2\/pages"}],"about":[{"href":"https:\/\/www.oaxaca.gob.mx\/sed\/wp-json\/wp\/v2\/types\/page"}],"author":[{"embeddable":true,"href":"https:\/\/www.oaxaca.gob.mx\/sed\/wp-json\/wp\/v2\/users\/1"}],"replies":[{"embeddable":true,"href":"https:\/\/www.oaxaca.gob.mx\/sed\/wp-json\/wp\/v2\/comments?post=93"}],"version-history":[{"count":20,"href":"https:\/\/www.oaxaca.gob.mx\/sed\/wp-json\/wp\/v2\/pages\/93\/revisions"}],"predecessor-version":[{"id":1855,"href":"https:\/\/www.oaxaca.gob.mx\/sed\/wp-json\/wp\/v2\/pages\/93\/revisions\/1855"}],"wp:attachment":[{"href":"https:\/\/www.oaxaca.gob.mx\/sed\/wp-json\/wp\/v2\/media?parent=93"}],"wp:term":[{"taxonomy":"category","embeddable":true,"href":"https:\/\/www.oaxaca.gob.mx\/sed\/wp-json\/wp\/v2\/categories?post=93"},{"taxonomy":"post_tag","embeddable":true,"href":"https:\/\/www.oaxaca.gob.mx\/sed\/wp-json\/wp\/v2\/tags?post=93"}],"curies":[{"name":"wp","href":"https:\/\/api.w.org\/{rel}","templated":true}]}}