{"id":6431,"date":"2023-09-01T12:34:58","date_gmt":"2023-09-01T18:34:58","guid":{"rendered":"https:\/\/www.oaxaca.gob.mx\/gabinete\/?page_id=6431"},"modified":"2023-09-26T17:10:55","modified_gmt":"2023-09-26T23:10:55","slug":"funciones-2","status":"publish","type":"page","link":"https:\/\/www.oaxaca.gob.mx\/sed\/funciones-2\/","title":{"rendered":"Funciones"},"content":{"rendered":"<ul>\n<li>&#8211; Supervisar, coordinar y evaluar las Pol\u00edticas P\u00fablicas, Programas y acciones de las Secretar\u00edas de Despacho y dem\u00e1s Entidades y \u00f3rganos Auxiliares de la Administraci\u00f3n Publica Estatal.<\/li>\n<\/ul>\n<p>&nbsp;<\/p>\n<ul>\n<li>&#8211; Normar y establecer el Sistema de Evaluaci\u00f3n del Desempe\u00f1o para la Evaluaci\u00f3n del Plan Estatal de Desarrollo, los planes y programas que de \u00e9l se deriven, en coordinaci\u00f3n con las Dependencias y Entidades de la Administraci\u00f3n P\u00fablica Estatal.<\/li>\n<\/ul>\n<p>&nbsp;<\/p>\n<ul>\n<li>&#8211; Establecer los lineamientos generales e integrar el Informe Anual sobre la situaci\u00f3n que guarda la Administraci\u00f3n P\u00fablica Estatal.<\/li>\n<\/ul>\n<p>&nbsp;<\/p>\n<ul>\n<li>&#8211; Realizar el seguimiento a los aspectos susceptibles de mejora, derivados de las evaluaciones de desempe\u00f1o de las Dependencias y Entidades.<\/li>\n<\/ul>\n<p>&nbsp;<\/p>\n<ul>\n<li>&#8211; Fomentar la creaci\u00f3n de capacidades para el seguimiento y evaluaci\u00f3n del desempe\u00f1o y los resultados, mediante la asesor\u00eda t\u00e9cnica permanente a las Dependencias y Entidades en la formulaci\u00f3n de instrumentos de su medici\u00f3n.<\/li>\n<\/ul>\n<p>&nbsp;<\/p>\n<ul>\n<li>&#8211; Administrar el Sistema de Atenci\u00f3n Ciudadana y turnar las solicitudes a las dependencias y entidades de la Administraci\u00f3n Publica Estatal.<\/li>\n<\/ul>\n","protected":false},"excerpt":{"rendered":"<p>&#8211; Supervisar, coordinar y evaluar las Pol\u00edticas P\u00fablicas, Programas y acciones de las Secretar\u00edas de Despacho y dem\u00e1s Entidades y \u00f3rganos Auxiliares de la Administraci\u00f3n Publica Estatal. &nbsp; &#8211; Normar y establecer el Sistema de Evaluaci\u00f3n del Desempe\u00f1o para la Evaluaci\u00f3n del Plan Estatal de Desarrollo, los planes y programas que de \u00e9l se deriven, [&hellip;]<\/p>\n","protected":false},"author":91,"featured_media":0,"parent":0,"menu_order":0,"comment_status":"closed","ping_status":"closed","template":"","meta":{"episode_type":"","audio_file":"","podmotor_file_id":"","podmotor_episode_id":"","cover_image":"","cover_image_id":"","duration":"","filesize":"","filesize_raw":"","date_recorded":"","explicit":"","block":"","itunes_episode_number":"","itunes_title":"","itunes_season_number":"","itunes_episode_type":"","footnotes":""},"categories":[],"tags":[],"class_list":["post-6431","page","type-page","status-publish","hentry"],"acf":[],"publishpress_future_action":{"enabled":false,"date":"2026-05-10 02:50:19","action":"change-status","newStatus":"draft","terms":[],"taxonomy":"category","extraData":[]},"publishpress_future_workflow_manual_trigger":{"enabledWorkflows":[]},"_links":{"self":[{"href":"https:\/\/www.oaxaca.gob.mx\/sed\/wp-json\/wp\/v2\/pages\/6431","targetHints":{"allow":["GET"]}}],"collection":[{"href":"https:\/\/www.oaxaca.gob.mx\/sed\/wp-json\/wp\/v2\/pages"}],"about":[{"href":"https:\/\/www.oaxaca.gob.mx\/sed\/wp-json\/wp\/v2\/types\/page"}],"author":[{"embeddable":true,"href":"https:\/\/www.oaxaca.gob.mx\/sed\/wp-json\/wp\/v2\/users\/91"}],"replies":[{"embeddable":true,"href":"https:\/\/www.oaxaca.gob.mx\/sed\/wp-json\/wp\/v2\/comments?post=6431"}],"version-history":[{"count":3,"href":"https:\/\/www.oaxaca.gob.mx\/sed\/wp-json\/wp\/v2\/pages\/6431\/revisions"}],"predecessor-version":[{"id":6508,"href":"https:\/\/www.oaxaca.gob.mx\/sed\/wp-json\/wp\/v2\/pages\/6431\/revisions\/6508"}],"wp:attachment":[{"href":"https:\/\/www.oaxaca.gob.mx\/sed\/wp-json\/wp\/v2\/media?parent=6431"}],"wp:term":[{"taxonomy":"category","embeddable":true,"href":"https:\/\/www.oaxaca.gob.mx\/sed\/wp-json\/wp\/v2\/categories?post=6431"},{"taxonomy":"post_tag","embeddable":true,"href":"https:\/\/www.oaxaca.gob.mx\/sed\/wp-json\/wp\/v2\/tags?post=6431"}],"curies":[{"name":"wp","href":"https:\/\/api.w.org\/{rel}","templated":true}]}}