{"id":52,"date":"2019-10-07T18:23:54","date_gmt":"2019-10-07T16:23:54","guid":{"rendered":"https:\/\/www.oaxaca.gob.mx\/jefatura\/?page_id=52"},"modified":"2019-10-07T18:23:54","modified_gmt":"2019-10-07T16:23:54","slug":"marco-juridico","status":"publish","type":"page","link":"https:\/\/www.oaxaca.gob.mx\/sed\/marco-juridico\/","title":{"rendered":"Marco Jur\u00eddico"},"content":{"rendered":"<nav style=\"margin-bottom: 30px\">\n<div id=\"nav-tab_mj\" class=\"nav nav-tabs\" role=\"tablist\">\n    <a id=\"nav_tab_est\" class=\"nav-item nav-link active\" role=\"tab\" href=\"#nav_est\" data-toggle=\"tab\">Estatal<\/a><br \/>\n    <a id=\"nav_tab_fed\" class=\"nav-item nav-link\" role=\"tab\" href=\"#nav_fed\" data-toggle=\"tab\">Federal<\/a>\n  <\/div>\n<\/nav>\n<div id=\"nav-tabContent_mj\" class=\"tab-content\">\n<div id=\"nav_est\" class=\"tab-pane fade show active\" role=\"tabpanel\" aria-labelledby=\"nav_tab_est\">\n<h4>Estatal<\/h4>\n\n<table id=\"tablepress-1\" class=\"tablepress tablepress-id-1\">\n<thead>\n<tr class=\"row-1\">\n\t<th class=\"column-1\">No.<\/th><th class=\"column-2\">Documento<\/th><th class=\"column-3\">Descarga<\/th>\n<\/tr>\n<\/thead>\n<tbody class=\"row-striping row-hover\">\n<tr class=\"row-2\">\n\t<td class=\"column-1\">1<\/td><td class=\"column-2\">Constituci\u00f3n Pol\u00edtica del Estado Libre y Soberano de Oaxaca.<\/td><td class=\"column-3\">                 <a href=\"https:\/\/www.oaxaca.gob.mx\/dgite\/wp-content\/uploads\/sites\/77\/2022\/11\/CPELSO.pdf\" target=\"_blank\" rel=\"noopener noreferrer\"><br \/>\n                    <i class=\"fa fa-download\"><br \/>\n                <\/i><\/a><br \/>\n            <\/td>\n<\/tr>\n<tr class=\"row-3\">\n\t<td class=\"column-1\">2<\/td><td class=\"column-2\">Ley de Transparencia y Acceso a la Informaci\u00f3n P\u00fablica para el Estado de Oaxaca.<\/td><td class=\"column-3\">               <a href=\"https:\/\/www.oaxaca.gob.mx\/dgite\/wp-content\/uploads\/sites\/77\/2022\/11\/LTAIPEO.pdf\" target=\"_blank\" rel=\"noopener noreferrer\"><br \/>\n                    <i class=\"fa fa-download\"><br \/>\n                <\/i><\/a><\/td>\n<\/tr>\n<tr class=\"row-4\">\n\t<td class=\"column-1\">3<\/td><td class=\"column-2\">Ley Estatal de Planeaci\u00f3n.<\/td><td class=\"column-3\">                <a href=\"https:\/\/www.oaxaca.gob.mx\/dgite\/wp-content\/uploads\/sites\/77\/2022\/11\/LEY_ESTATAL_DE_PLANEACION.pdf\" target=\"_blank\" rel=\"noopener noreferrer\"><br \/>\n                    <i class=\"fa fa-download\"><br \/>\n                <\/i><\/a><br \/>\n            <\/td>\n<\/tr>\n<tr class=\"row-5\">\n\t<td class=\"column-1\">4<\/td><td class=\"column-2\">Ley Org\u00e1nica del Poder Ejecutivo del Estado.<\/td><td class=\"column-3\">                <a href=\"https:\/\/www.oaxaca.gob.mx\/dgite\/wp-content\/uploads\/sites\/77\/2022\/11\/LEY_ORGANICA_PEEO.pdf\" target=\"_blank\" rel=\"noopener noreferrer\"><br \/>\n                    <i class=\"fa fa-download\"><br \/>\n                <\/i><\/a><br \/>\n<br \/>\n            <\/td>\n<\/tr>\n<tr class=\"row-6\">\n\t<td class=\"column-1\">5<\/td><td class=\"column-2\">Ley Estatal de Presupuesto y Responsabilidad Hacendaria.<\/td><td class=\"column-3\">                <a href=\"https:\/\/www.oaxaca.gob.mx\/dgite\/wp-content\/uploads\/sites\/77\/2022\/11\/LEPyRH.pdf\" target=\"_blank\" rel=\"noopener noreferrer\"><br \/>\n                    <i class=\"fa fa-download\"><br \/>\n                <\/i><\/a><br \/>\n            <\/td>\n<\/tr>\n<tr class=\"row-7\">\n\t<td class=\"column-1\">6<\/td><td class=\"column-2\">Ley de Desarrollo Social para el Estado de Oaxaca.<\/td><td class=\"column-3\">                <a href=\"https:\/\/www.oaxaca.gob.mx\/dgite\/wp-content\/uploads\/sites\/77\/2022\/11\/LDSEO.pdf\" target=\"_blank\" rel=\"noopener noreferrer\"><br \/>\n                    <i class=\"fa fa-download\"><br \/>\n                <\/i><\/a><br \/>\n            <\/td>\n<\/tr>\n<tr class=\"row-8\">\n\t<td class=\"column-1\">7<\/td><td class=\"column-2\">Ley de Coordinaci\u00f3n Fiscal para el Estado de Oaxaca<\/td><td class=\"column-3\"><a href=\"https:\/\/www.oaxaca.gob.mx\/dgite\/wp-content\/uploads\/sites\/77\/2022\/11\/LCFO.pdf\" target=\"_blank\" rel=\"noopener noreferrer\"><br \/>\n                    <i class=\"fa fa-download\"><br \/>\n                <\/i><\/a><\/td>\n<\/tr>\n<tr class=\"row-9\">\n\t<td class=\"column-1\">8<\/td><td class=\"column-2\">Decreto de Creaci\u00f3n de la Instancia T\u00e9cnica de Evaluaci\u00f3n <\/td><td class=\"column-3\">         <a href=\"\/wp-content\/uploads\/sites\/77\/2021\/12\/DC_DG-ITE_2021-07-13.pdf\" target=\"_blank\" rel=\"noopener noreferrer\"><br \/>\n                    <i class=\"fa fa-download\"><br \/>\n                <\/i><\/a><\/td>\n<\/tr>\n<tr class=\"row-10\">\n\t<td class=\"column-1\">9<\/td><td class=\"column-2\">Reglamento Interno de la DGITE<\/td><td class=\"column-3\">         <a href=\"\/wp-content\/uploads\/sites\/77\/2022\/08\/SEC31-03RA-2022-07-30.pdf\" target=\"_blank\" rel=\"noopener noreferrer\"><br \/>\n                    <i class=\"fa fa-download\"><br \/>\n                <\/i><\/a><\/td>\n<\/tr>\n<tr class=\"row-11\">\n\t<td class=\"column-1\">10<\/td><td class=\"column-2\">Plan Estatal de Desarrollo 2016 - 2022<\/td><td class=\"column-3\">                <a href=\"\/wp-content\/uploads\/sites\/77\/pdf\/normativa\/PED2016-2022.pdf\" target=\"_blank\" rel=\"noopener noreferrer\"><br \/>\n                    <i class=\"fa fa-download\"><br \/>\n                <\/i><\/a><br \/>\n            <\/td>\n<\/tr>\n<tr class=\"row-12\">\n\t<td class=\"column-1\">11<\/td><td class=\"column-2\">Lineamientos Generales para el Monitoreo y Evaluaci\u00f3n de los Programas Estatales del Poder Ejecutivo del Estado de Oaxaca<\/td><td class=\"column-3\">                <a href=\"https:\/\/www.oaxaca.gob.mx\/dgite\/wp-content\/uploads\/sites\/77\/2022\/11\/lineamientos_ME.pdf\" target=\"_blank\" rel=\"noopener noreferrer\"><br \/>\n                    <i class=\"fa fa-download\"><br \/>\n                <\/i><\/a><br \/>\n            <\/td>\n<\/tr>\n<tr class=\"row-13\">\n\t<td class=\"column-1\">12<\/td><td class=\"column-2\">Lineamientos para la conformaci\u00f3n de las Reglas de operaci\u00f3n de programas de Desarrollo Social del Estado de Oaxaca<\/td><td class=\"column-3\">                <a href=\"https:\/\/www.oaxaca.gob.mx\/dgite\/wp-content\/uploads\/sites\/77\/2022\/11\/Lineamientos-conformacion-ROP.pdf\" target=\"_blank\" rel=\"noopener noreferrer\"><br \/>\n                    <i class=\"fa fa-download\"><br \/>\n                <\/i><\/a><br \/>\n            <\/td>\n<\/tr>\n<tr class=\"row-14\">\n\t<td class=\"column-1\">13<\/td><td class=\"column-2\">Lineamientos para Integrar, Operar y Actualizar el Padr\u00f3n \u00danico de Beneficiarios de los Programas Sociales del Estado de Oaxaca<\/td><td class=\"column-3\">                <a href=\"https:\/\/www.oaxaca.gob.mx\/dgite\/wp-content\/uploads\/sites\/77\/2022\/11\/LGIAPUBEA.pdf\" target=\"_blank\" rel=\"noopener noreferrer\"><br \/>\n                    <i class=\"fa fa-download\"><br \/>\n                <\/i><\/a><br \/>\n            <\/td>\n<\/tr>\n<tr class=\"row-15\">\n\t<td class=\"column-1\">14<\/td><td class=\"column-2\">Lineamientos para Dictaminar y Dar Seguimiento a los Programas Derivados del Plan Estatal de Desarrollo 2016 - 2022<\/td><td class=\"column-3\">                <a href=\"\/wp-content\/uploads\/sites\/77\/pdf\/normativa\/LDSPDPED 2016-2022 PPOE 19-10-2017.pdf\" target=\"_blank\" rel=\"noopener noreferrer\"><br \/>\n                    <i class=\"fa fa-download\"><br \/>\n                <\/i><\/a><br \/>\n            <\/td>\n<\/tr>\n<tr class=\"row-16\">\n\t<td class=\"column-1\">15<\/td><td class=\"column-2\">Lineamientos del Mecanismo de Atenci\u00f3n a los Aspectos Susceptibles de Mejora<\/td><td class=\"column-3\"><a href=\"https:\/\/www.oaxaca.gob.mx\/dgite\/wp-content\/uploads\/sites\/77\/2022\/11\/lineamientos_MAASM.pdf\" target=\"_blank\" rel=\"noopener noreferrer\"><br \/>\n                    <i class=\"fa fa-download\"><br \/>\n                <\/i><\/a><\/td>\n<\/tr>\n<tr class=\"row-17\">\n\t<td class=\"column-1\">16<\/td><td class=\"column-2\">Minuta de Trabajo. Conformaci\u00f3n del Grupo de Trabajo del SED<\/td><td class=\"column-3\"><a href=\"https:\/\/www.oaxaca.gob.mx\/dgite\/wp-content\/uploads\/sites\/77\/2022\/11\/Minuta_acuerdos_SED2018.pdf\" target=\"_blank\" rel=\"noopener noreferrer\"><br \/>\n                    <i class=\"fa fa-download\"><br \/>\n                <\/i><\/a><\/td>\n<\/tr>\n<\/tbody>\n<\/table>\n<!-- #tablepress-1 from cache --><\/div>\n<div id=\"nav_fed\" class=\"tab-pane fade\" role=\"tabpanel\" aria-labelledby=\"nav_tab_fed\">\n<h4>Federal<\/h4>\n\n<table id=\"tablepress-2\" class=\"tablepress tablepress-id-2\">\n<thead>\n<tr class=\"row-1\">\n\t<th class=\"column-1\">No.<\/th><th class=\"column-2\">Programa<\/th><th class=\"column-3\">Descarga<\/th>\n<\/tr>\n<\/thead>\n<tbody class=\"row-striping row-hover\">\n<tr class=\"row-2\">\n\t<td class=\"column-1\">1<\/td><td class=\"column-2\">Constituci\u00f3n Pol\u00edtica de los Estados Unidos Mexicanos.<\/td><td class=\"column-3\">                <a href=\"https:\/\/www.oaxaca.gob.mx\/dgite\/wp-content\/uploads\/sites\/77\/2022\/11\/CPEUM.pdf\" target=\"_blank\" rel=\"noopener\"><br \/>\n                    <i class=\"fa fa-download\"><br \/>\n                <\/i><\/a><br \/>\n            <\/td>\n<\/tr>\n<tr class=\"row-3\">\n\t<td class=\"column-1\">2<\/td><td class=\"column-2\">Ley Federal de Presupuesto y Responsabilidad Hacendaria.<\/td><td class=\"column-3\">                <a href=\"\/wp-content\/uploads\/sites\/77\/pdf\/marco_legal\/Federal\/Legislacion_Federal\/LFPRH.pdf\" target=\"_blank\" rel=\"noopener\"><br \/>\n                    <i class=\"fa fa-download\"><br \/>\n                <\/i><\/a><br \/>\n            <\/td>\n<\/tr>\n<tr class=\"row-4\">\n\t<td class=\"column-1\">3<\/td><td class=\"column-2\">Ley General de Desarrollo Social.<\/td><td class=\"column-3\">              <a href=\"https:\/\/www.oaxaca.gob.mx\/dgite\/wp-content\/uploads\/sites\/77\/2022\/11\/LGDS.pdf\" target=\"_blank\" rel=\"noopener\"><br \/>\n                    <i class=\"fa fa-download\"><br \/>\n                <\/i><\/a><\/td>\n<\/tr>\n<tr class=\"row-5\">\n\t<td class=\"column-1\">4<\/td><td class=\"column-2\">Ley de Coordinaci\u00f3n Fiscal.<\/td><td class=\"column-3\">                <a href=\"https:\/\/www.oaxaca.gob.mx\/dgite\/wp-content\/uploads\/sites\/77\/2022\/11\/LCF.pdf\" target=\"_blank\" rel=\"noopener\"><br \/>\n                    <i class=\"fa fa-download\"><br \/>\n                <\/i><\/a><br \/>\n            <\/td>\n<\/tr>\n<tr class=\"row-6\">\n\t<td class=\"column-1\">5<\/td><td class=\"column-2\">Ley General de Contabilidad Gubernamental.<\/td><td class=\"column-3\">                <a href=\"https:\/\/www.oaxaca.gob.mx\/dgite\/wp-content\/uploads\/sites\/77\/2022\/11\/LGCG.pdf\" target=\"_blank\" rel=\"noopener\"><br \/>\n                    <i class=\"fa fa-download\"><br \/>\n                <\/i><\/a><br \/>\n            <\/td>\n<\/tr>\n<tr class=\"row-7\">\n\t<td class=\"column-1\">6<\/td><td class=\"column-2\">Ley General de Transparencia y Acceso a la Informaci\u00f3n P\u00fablica<\/td><td class=\"column-3\"><a href=\"https:\/\/www.oaxaca.gob.mx\/dgite\/wp-content\/uploads\/sites\/77\/2022\/11\/LGTAIP.pdf\" target=\"_blank\" rel=\"noopener\"><br \/>\n                    <i class=\"fa fa-download\"><br \/>\n                <\/i><\/a><\/td>\n<\/tr>\n<\/tbody>\n<\/table>\n<!-- #tablepress-2 from cache --><\/div>\n<\/div>\n","protected":false},"excerpt":{"rendered":"<p>Estatal Federal Estatal Federal<\/p>\n","protected":false},"author":1,"featured_media":0,"parent":0,"menu_order":0,"comment_status":"closed","ping_status":"closed","template":"","meta":{"episode_type":"","audio_file":"","podmotor_file_id":"","podmotor_episode_id":"","cover_image":"","cover_image_id":"","duration":"","filesize":"","filesize_raw":"","date_recorded":"","explicit":"","block":"","itunes_episode_number":"","itunes_title":"","itunes_season_number":"","itunes_episode_type":"","footnotes":""},"categories":[],"tags":[],"class_list":["post-52","page","type-page","status-publish","hentry"],"acf":[],"publishpress_future_action":{"enabled":false,"date":"2026-05-10 07:14:35","action":"change-status","newStatus":"draft","terms":[],"taxonomy":"category","extraData":[]},"publishpress_future_workflow_manual_trigger":{"enabledWorkflows":[]},"_links":{"self":[{"href":"https:\/\/www.oaxaca.gob.mx\/sed\/wp-json\/wp\/v2\/pages\/52","targetHints":{"allow":["GET"]}}],"collection":[{"href":"https:\/\/www.oaxaca.gob.mx\/sed\/wp-json\/wp\/v2\/pages"}],"about":[{"href":"https:\/\/www.oaxaca.gob.mx\/sed\/wp-json\/wp\/v2\/types\/page"}],"author":[{"embeddable":true,"href":"https:\/\/www.oaxaca.gob.mx\/sed\/wp-json\/wp\/v2\/users\/1"}],"replies":[{"embeddable":true,"href":"https:\/\/www.oaxaca.gob.mx\/sed\/wp-json\/wp\/v2\/comments?post=52"}],"version-history":[{"count":1,"href":"https:\/\/www.oaxaca.gob.mx\/sed\/wp-json\/wp\/v2\/pages\/52\/revisions"}],"predecessor-version":[{"id":1016,"href":"https:\/\/www.oaxaca.gob.mx\/sed\/wp-json\/wp\/v2\/pages\/52\/revisions\/1016"}],"wp:attachment":[{"href":"https:\/\/www.oaxaca.gob.mx\/sed\/wp-json\/wp\/v2\/media?parent=52"}],"wp:term":[{"taxonomy":"category","embeddable":true,"href":"https:\/\/www.oaxaca.gob.mx\/sed\/wp-json\/wp\/v2\/categories?post=52"},{"taxonomy":"post_tag","embeddable":true,"href":"https:\/\/www.oaxaca.gob.mx\/sed\/wp-json\/wp\/v2\/tags?post=52"}],"curies":[{"name":"wp","href":"https:\/\/api.w.org\/{rel}","templated":true}]}}